{"id":15,"date":"2021-04-27T22:23:57","date_gmt":"2021-04-28T01:23:57","guid":{"rendered":"https:\/\/pos.uel.br\/profletras\/?page_id=15"},"modified":"2025-07-17T14:07:16","modified_gmt":"2025-07-17T17:07:16","slug":"regimentos-resolucoes-e-normas","status":"publish","type":"page","link":"https:\/\/pos.uel.br\/profletras\/regimentos-resolucoes-e-normas\/","title":{"rendered":"Resolu\u00e7\u00e3o 002\/2025- Trabalho de Conclus\u00e3o"},"content":{"rendered":"\n<div data-wp-interactive=\"core\/file\" class=\"wp-block-file\"><object data-wp-bind--hidden=\"!state.hasPdfPreview\" hidden class=\"wp-block-file__embed\" data=\"https:\/\/pos.uel.br\/profletras\/wp-content\/uploads\/2025\/07\/Resolucao-002.2025-Trabalho-de-conclusao-1.pdf\" type=\"application\/pdf\" style=\"width:100%;height:600px\" aria-label=\"Incorporado de Resolu\u00e7\u00e3o 002.2025 - Trabalho de conclus\u00e3o (1).\"><\/object><a id=\"wp-block-file--media-b89767be-5f49-44a3-b3af-363f370e97ce\" href=\"https:\/\/pos.uel.br\/profletras\/wp-content\/uploads\/2025\/07\/Resolucao-002.2025-Trabalho-de-conclusao-1.pdf\">Resolu\u00e7\u00e3o 002.2025 &#8211; Trabalho de conclus\u00e3o (1)<\/a><a href=\"https:\/\/pos.uel.br\/profletras\/wp-content\/uploads\/2025\/07\/Resolucao-002.2025-Trabalho-de-conclusao-1.pdf\" class=\"wp-block-file__button wp-element-button\" download aria-describedby=\"wp-block-file--media-b89767be-5f49-44a3-b3af-363f370e97ce\">Baixar<\/a><\/div>\n","protected":false},"excerpt":{"rendered":"","protected":false},"author":7,"featured_media":0,"parent":0,"menu_order":0,"comment_status":"closed","ping_status":"closed","template":"","meta":{"_acf_changed":false,"_themeisle_gutenberg_block_has_review":false,"footnotes":""},"class_list":["post-15","page","type-page","status-publish","hentry"],"acf":[],"_links":{"self":[{"href":"https:\/\/pos.uel.br\/profletras\/wp-json\/wp\/v2\/pages\/15","targetHints":{"allow":["GET"]}}],"collection":[{"href":"https:\/\/pos.uel.br\/profletras\/wp-json\/wp\/v2\/pages"}],"about":[{"href":"https:\/\/pos.uel.br\/profletras\/wp-json\/wp\/v2\/types\/page"}],"author":[{"embeddable":true,"href":"https:\/\/pos.uel.br\/profletras\/wp-json\/wp\/v2\/users\/7"}],"replies":[{"embeddable":true,"href":"https:\/\/pos.uel.br\/profletras\/wp-json\/wp\/v2\/comments?post=15"}],"version-history":[{"count":4,"href":"https:\/\/pos.uel.br\/profletras\/wp-json\/wp\/v2\/pages\/15\/revisions"}],"predecessor-version":[{"id":346,"href":"https:\/\/pos.uel.br\/profletras\/wp-json\/wp\/v2\/pages\/15\/revisions\/346"}],"wp:attachment":[{"href":"https:\/\/pos.uel.br\/profletras\/wp-json\/wp\/v2\/media?parent=15"}],"curies":[{"name":"wp","href":"https:\/\/api.w.org\/{rel}","templated":true}]}}