{"id":14,"date":"2021-04-27T22:23:57","date_gmt":"2021-04-28T01:23:57","guid":{"rendered":"https:\/\/pos.uel.br\/profletras\/?page_id=14"},"modified":"2021-06-30T12:21:43","modified_gmt":"2021-06-30T15:21:43","slug":"corpo-docente","status":"publish","type":"page","link":"https:\/\/pos.uel.br\/profletras\/corpo-docente\/","title":{"rendered":"Corpo docente"},"content":{"rendered":"\n<p><strong><span class=\"has-inline-color has-secondary-accent-color\">ANDR\u00c9IA DA CUNHA MALHEIROS SANTANA <\/span><\/strong><\/p>\n\n\n\n<figure class=\"wp-block-image size-large is-resized\"><a href=\" http:\/\/lattes.cnpq.br\/4835407468291098\"><img loading=\"lazy\" decoding=\"async\" src=\"https:\/\/pos.uel.br\/profletras\/wp-content\/uploads\/2021\/06\/lattes.png\" alt=\"\" class=\"wp-image-155\" width=\"90\" height=\"51\"\/><\/a><\/figure>\n\n\n\n<p>Possui gradua\u00e7\u00e3o em Letras pela Universidade Estadual Paulista J\u00falio de Mesquita Filho (1998), Mestrado (2003) e Doutorado (2010) em Educa\u00e7\u00e3o Escolar, tamb\u00e9m pela UNESP. No mestrado desenvolveu uma pesquisa sobre a import\u00e2ncia dos est\u00e1gios na forma\u00e7\u00e3o dos licenciados do curso de Letras e, no doutorado, pesquisou sobre as necessidades de forma\u00e7\u00e3o continuada dos gestores e professores de portugu\u00eas e ingl\u00eas da rede p\u00fablica. Al\u00e9m disso, cursou Pedagogia (2009) e participa dos grupos de estudos e pesquisas GEPFEC (Grupo de Estudos e Propostas sobre a Forma\u00e7\u00e3o do Professor Contempor\u00e2neo- UNESP) e FELIP (Forma\u00e7\u00e3o e Ensino em L\u00edngua Portuguesa- UEL). Em 2013, concluiu o P\u00f3s-Doc, na UFSCar, desenvolvendo uma pesquisa sobre a rela\u00e7\u00e3o entre as avalia\u00e7\u00f5es externas, as pol\u00edticas p\u00fablicas, a forma\u00e7\u00e3o continuada dos professores e a melhoria da qualidade na escola p\u00fablica. Atualmente, \u00e9 professora adjunta na Universidade Estadual de Londrina (UEL), onde atua diretamente na forma\u00e7\u00e3o de professores de l\u00edngua portuguesa.<\/p>\n\n\n\n<p><\/p>\n\n\n\n<p><strong><span class=\"has-inline-color has-secondary-accent-color\">ADILSON DOS SANTOS<\/span><\/strong><\/p>\n\n\n\n<figure class=\"wp-block-image size-large is-resized\"><a href=\" http:\/\/lattes.cnpq.br\/4749164793037145\"><img loading=\"lazy\" decoding=\"async\" src=\"https:\/\/pos.uel.br\/profletras\/wp-content\/uploads\/2021\/06\/lattes.png\" alt=\"\" class=\"wp-image-155\" width=\"90\" height=\"51\"\/><\/a><\/figure>\n\n\n\n<p>Adilson dos Santos possui gradua\u00e7\u00e3o em Letras Anglo Portuguesas (1999), especializa\u00e7\u00e3o em Literatura Brasileira (2002), mestrado em Letras (2004) e doutorado em Letras (2009) pela Universidade Estadual de Londrina. Atualmente, \u00e9 professor Adjunto D &#8211; N\u00edvel AD-D desta institui\u00e7\u00e3o e coordenador do projeto de pesquisa &#8220;O fant\u00e1stico na cont\u00edstica do s\u00e9culo XX&#8221;.<\/p>\n\n\n\n<p><\/p>\n\n\n\n<p><strong><span class=\"has-inline-color has-secondary-accent-color\">CL\u00c1UDIA LOPES NASCIMENTO SAITO<\/span><\/strong><\/p>\n\n\n\n<figure class=\"wp-block-image size-large is-resized\"><a href=\"http:\/\/lattes.cnpq.br\/0715615212618247\"><img loading=\"lazy\" decoding=\"async\" src=\"https:\/\/pos.uel.br\/profletras\/wp-content\/uploads\/2021\/06\/lattes.png\" alt=\"\" class=\"wp-image-155\" width=\"90\" height=\"51\"\/><\/a><\/figure>\n\n\n\n<p>Graduada em Letras Vern\u00e1culas (1989\/UEL), com Especializa\u00e7\u00e3o em L\u00edngua Portuguesa (1998\/UEL), mestrado em Estudos da Linguagem (2000\/UEL\/ bolsa CAPES) e doutorado em Filologia e Lingu\u00edstica Portuguesa (2007\/UNESP\/bolsa CAPES). Durante uma d\u00e9cada, foi professora na Educa\u00e7\u00e3o B\u00e1sica, do Estado do Paran\u00e1. Desde 2000, passou a se dedicar ao ensino superior, em que atuou em institui\u00e7\u00f5es como a UEL (2000-2001), UNOPAR (2000-2003), FACCAR (2000- 2003), UNICENTRO (2008- 2011) e UNING\u00c1 (2011-2012). Desde 2012, \u00e9 professora adjunta do curso de Letras\/Vern\u00e1culas e Cl\u00e1ssicas da Universidade Estadual de Londrina UEL na \u00e1rea de Metodologia de Ensino. De 2004 a 2010, fez parte Centro de Forma\u00e7\u00e3o Continuada, Desenvolvimento de Tecnologias e Presta\u00e7\u00e3o de Servi\u00e7os para as Redes P\u00fablicas de Ensino (CEFORTEC) em parceria (UEPG\/UFPR\/UEL\/UNIOESTE\/PR)- para forma\u00e7\u00e3o continuada dos professores em exerc\u00edcio, onde atual como professora conteudista e formadora de Ensino na modalidade em EAD. Tem cap\u00edtulos publicados nos materiais do curso de Normal Superior ? modalidade EaD (UEM\/PR). Ministra cursos no Programa de Desenvolvimento Educacional (PDE\/SEED\/PR), assim como orienta professores da Educa\u00e7\u00e3o B\u00e1sica. \u00c9 pesquisadora do Projeto de Pesquisa\/CNPQ &#8220;Atividade de Linguagem e Trabalho Educacional? (ALTED\/ UEL). Segunda l\u00edder do Grupo de Pesquisa ?G\u00eaneros Textuais e Media\u00e7\u00f5es?(GEMFOR\/CNPQ) junto \u00e0 Prof\u00aa Dr\u00aa Elvira Lopes Nascimento (UEL). Tem experi\u00eancia na \u00e1rea de Lingu\u00edstica e L\u00edngua Portuguesa, com \u00eanfase em Lingu\u00edstica Aplicada, atuando principalmente nos seguintes temas: forma\u00e7\u00e3o inicial e continuada de professores, ensino de l\u00edngua portuguesa, letramentos multissemi\u00f3ticos, ferramentas tecnol\u00f3gicas na educa\u00e7\u00e3o, g\u00eaneros discursivos e transposi\u00e7\u00e3o did\u00e1tica. Desenvolve pesquisas com base na fundamenta\u00e7\u00e3o te\u00f3rico-metodol\u00f3gica do Interacionismo Sociodiscursivo (ISD) e na Semi\u00f3tica de linha francesa.<\/p>\n\n\n\n<p><\/p>\n\n\n\n<p><strong><span class=\"has-inline-color has-secondary-accent-color\">DIRCEL APARECIDA KAILER <\/span><\/strong><\/p>\n\n\n\n<figure class=\"wp-block-image size-large is-resized\"><a href=\"http:\/\/lattes.cnpq.br\/4397872436640744\"><img loading=\"lazy\" decoding=\"async\" src=\"https:\/\/pos.uel.br\/profletras\/wp-content\/uploads\/2021\/06\/lattes.png\" alt=\"\" class=\"wp-image-155\" width=\"90\" height=\"51\"\/><\/a><\/figure>\n\n\n\n<p>Possui gradua\u00e7\u00e3o em Letras Portugu\u00eas e Ingl\u00eas pela Universidade Estadual do Centro-Oeste (1996), mestrado em Estudos da Linguagem pela Universidade Estadual de Londrina (2004) e doutorado em L\u00edng\u00fc\u00edstica e L\u00edngua Portuguesa pela Faculdade de Ci\u00eancias e Letras da UNESP- Campus de Araraquara (2008). Atualmente \u00e9 professor adjunto a da Universidade Estadual de Londrina. Tem experi\u00eancia na \u00e1rea de Lingu\u00edstica, com \u00eanfase em Socioling\u00fc\u00edstica e Dialetologia, atuando principalmente nos seguintes temas: estudos fon\u00e9ticos, estudos variacionistas, al\u00e7amento de vogais, atlas lingu\u00edstico.<\/p>\n\n\n\n<p><\/p>\n\n\n\n<p><strong><span class=\"has-inline-color has-secondary-accent-color\">FL\u00c1VIO LU\u00cdS FREIRE RODRIGUES<\/span><\/strong><\/p>\n\n\n\n<figure class=\"wp-block-image size-large is-resized\"><a href=\"http:\/\/lattes.cnpq.br\/4244803889727668\"><img loading=\"lazy\" decoding=\"async\" src=\"https:\/\/pos.uel.br\/profletras\/wp-content\/uploads\/2021\/06\/lattes.png\" alt=\"\" class=\"wp-image-155\" width=\"90\" height=\"51\"\/><\/a><\/figure>\n\n\n\n<p>\u00c9 mestre em Letras (2000) e doutor em Estudos da Linguagem (2010), pela Universidade Estadual de Londrina. Atualmente \u00e9 professor adjunto da Universidade Estadual de Londrina. Ministra aulas na especializa\u00e7\u00e3o em L\u00edngua Portuguesa na UEL. Tamb\u00e9m ministrou aula de p\u00f3s-gradua\u00e7\u00e3o na Universidade Norte do Paran\u00e1 &#8211; UNOPAR, no Centro Universit\u00e1rio Filad\u00e9lfia e na Faculdade de Jandaia do Sul &#8211; FAFIJAN. Tem experi\u00eancia na \u00e1rea de Letras e Comunica\u00e7\u00e3o Social, com \u00eanfase em Estudos Lingu\u00edsticos, Leitura e Produ\u00e7\u00e3o de textos.<\/p>\n\n\n\n<p><strong><span class=\"has-inline-color has-secondary-accent-color\">MARIA JOS\u00c9 GUERRA DE FIGUEIREDO GARCIA<\/span><\/strong><\/p>\n\n\n\n<figure class=\"wp-block-image size-large is-resized\"><a href=\" http:\/\/lattes.cnpq.br\/0191633197192824\"><img loading=\"lazy\" decoding=\"async\" src=\"https:\/\/pos.uel.br\/profletras\/wp-content\/uploads\/2021\/06\/lattes.png\" alt=\"\" class=\"wp-image-155\" width=\"90\" height=\"51\"\/><\/a><\/figure>\n\n\n\n<p>Possui gradua\u00e7\u00e3o em Letras pela Universidade de S\u00e3o Paulo, mestrado em Ling\u00fc\u00edstica (1995) e doutorado em Semi\u00f3tica e Ling\u00fc\u00edstica Geral (2000), ambos pela Universidade de S\u00e3o Paulo; e p\u00f3s-doutorado em Ci\u00eancias da Comunica\u00e7\u00e3o pela Escola de Comunica\u00e7\u00f5es e Artes &#8211; USP. Tem experi\u00eancia em cursos de Letras e de Comunica\u00e7\u00e3o Social, atuando principalmente nas seguintes \u00e1reas: semi\u00f3tica, lingu\u00edstica, l\u00edngua portuguesa, sociolingu\u00edstica, an\u00e1lise do discurso e comunica\u00e7\u00e3o. Atualmente \u00e9 professora da Universidade Estadual de Londrina, trabalha na \u00e1rea de pesquisa em modelos lingu\u00edstico, bilinguismo e povos ind\u00edgenas.<\/p>\n\n\n\n<p><strong><span class=\"has-inline-color has-secondary-accent-color\">SHEILA OLIVEIRA LIMA<\/span><\/strong><\/p>\n\n\n\n<figure class=\"wp-block-image size-large is-resized\"><a href=\" http:\/\/lattes.cnpq.br\/7552098448712248\"><img loading=\"lazy\" decoding=\"async\" src=\"https:\/\/pos.uel.br\/profletras\/wp-content\/uploads\/2021\/06\/lattes.png\" alt=\"\" class=\"wp-image-155\" width=\"90\" height=\"51\"\/><\/a><\/figure>\n\n\n\n<p>\u00c9 professora no Departamento de Letras Vern\u00e1culas e Cl\u00e1ssicas do CCH da Universidade Estadual de Londrina. Graduada e licenciada em Letras (1994), mestre em Teoria Liter\u00e1ria e Literatura Comparada (2001) e doutora em Linguagem e Educa\u00e7\u00e3o pela Universidade de S\u00e3o Paulo (2006). Possui experi\u00eancia na \u00e1rea de Educa\u00e7\u00e3o, com \u00eanfase em Linguagem, atuando principalmente nos seguintes temas: leitura, alfabetiza\u00e7\u00e3o, letramento, oralidade, literatura.<\/p>\n\n\n\n<p><strong><span class=\"has-inline-color has-secondary-accent-color\">SONIA PASCOLATI<\/span><\/strong><\/p>\n\n\n\n<figure class=\"wp-block-image size-large is-resized\"><a href=\"http:\/\/lattes.cnpq.br\/8576885635916940\"><img loading=\"lazy\" decoding=\"async\" src=\"https:\/\/pos.uel.br\/profletras\/wp-content\/uploads\/2021\/06\/lattes.png\" alt=\"\" class=\"wp-image-155\" width=\"90\" height=\"51\"\/><\/a><\/figure>\n\n\n\n<p>Possui gradua\u00e7\u00e3o em Letras (1994), gradua\u00e7\u00e3o em Pedagogia (1997), mestrado em Letras &#8211; Estudos Liter\u00e1rios (1999) e doutorado em Estudos Liter\u00e1rios (2005), todos pela Universidade Estadual Paulista J\u00falio de Mesquita Filho, Campus de Araraquara. Realizou est\u00e1gio p\u00f3s-doutoral durante 2012 na Universit\u00e9 Paris-Sorbonne (Paris IV) sob supervis\u00e3o de Denis Gu\u00e9noun com projeto de pesquisa sobre Jean Anouilh. Atualmente \u00e9 Professor Adjunto da Universidade Estadual de Londrina. Tem experi\u00eancia na \u00e1rea de Letras, atuando principalmente nos seguintes temas: teoria do drama; estudos de dramaturgia nacional e estrangeira; literatura brasileira; estudos comparados, em particular as rela\u00e7\u00f5es entre literatura dram\u00e1tica e outras linguagens como teatro e cinema; literatura infantil e juvenil; literatura e ensino.<\/p>\n\n\n\n<p><\/p>\n\n\n\n<p><strong><span class=\"has-inline-color has-secondary-accent-color\">WAGNER FERREIRA LIMA<\/span><\/strong><\/p>\n\n\n\n<figure class=\"wp-block-image size-large is-resized\"><a href=\"http:\/\/lattes.cnpq.br\/9516941111257831\"><img loading=\"lazy\" decoding=\"async\" src=\"https:\/\/pos.uel.br\/profletras\/wp-content\/uploads\/2021\/06\/lattes.png\" alt=\"\" class=\"wp-image-155\" width=\"90\" height=\"51\"\/><\/a><\/figure>\n\n\n\n<p>Possui gradua\u00e7\u00e3o em Letras pela Universidade Estadual Paulista J\u00falio de Mesquita Filho(1995), mestrado em Letras pela Universidade Estadual Paulista J\u00falio de Mesquita Filho(1999) e doutorado em Letras pela Universidade Estadual Paulista J\u00falio de Mesquita Filho(2005). Tem experi\u00eancia na \u00e1rea de Letras, atuando principalmente nos seguintes temas:preposi\u00e7\u00f5es regidas, paradigmas verbais, regras de emprego preposicional.\u00a0<\/p>\n","protected":false},"excerpt":{"rendered":"<p>ANDR\u00c9IA DA CUNHA MALHEIROS SANTANA Possui gradua\u00e7\u00e3o em Letras pela Universidade Estadual Paulista J\u00falio de Mesquita Filho (1998), Mestrado (2003) e Doutorado (2010) em Educa\u00e7\u00e3o Escolar, tamb\u00e9m pela UNESP. No mestrado desenvolveu uma pesquisa sobre a import\u00e2ncia dos est\u00e1gios na forma\u00e7\u00e3o dos licenciados do curso de Letras e, no doutorado, pesquisou sobre as necessidades de [&hellip;]<\/p>\n","protected":false},"author":7,"featured_media":0,"parent":0,"menu_order":0,"comment_status":"closed","ping_status":"closed","template":"","meta":{"_acf_changed":false,"_themeisle_gutenberg_block_has_review":false,"footnotes":""},"class_list":["post-14","page","type-page","status-publish","hentry"],"acf":[],"_links":{"self":[{"href":"https:\/\/pos.uel.br\/profletras\/wp-json\/wp\/v2\/pages\/14","targetHints":{"allow":["GET"]}}],"collection":[{"href":"https:\/\/pos.uel.br\/profletras\/wp-json\/wp\/v2\/pages"}],"about":[{"href":"https:\/\/pos.uel.br\/profletras\/wp-json\/wp\/v2\/types\/page"}],"author":[{"embeddable":true,"href":"https:\/\/pos.uel.br\/profletras\/wp-json\/wp\/v2\/users\/7"}],"replies":[{"embeddable":true,"href":"https:\/\/pos.uel.br\/profletras\/wp-json\/wp\/v2\/comments?post=14"}],"version-history":[{"count":14,"href":"https:\/\/pos.uel.br\/profletras\/wp-json\/wp\/v2\/pages\/14\/revisions"}],"predecessor-version":[{"id":178,"href":"https:\/\/pos.uel.br\/profletras\/wp-json\/wp\/v2\/pages\/14\/revisions\/178"}],"wp:attachment":[{"href":"https:\/\/pos.uel.br\/profletras\/wp-json\/wp\/v2\/media?parent=14"}],"curies":[{"name":"wp","href":"https:\/\/api.w.org\/{rel}","templated":true}]}}