{"id":13,"date":"2021-04-27T22:23:57","date_gmt":"2021-04-28T01:23:57","guid":{"rendered":"https:\/\/pos.uel.br\/profletras\/?page_id=13"},"modified":"2021-06-09T17:20:11","modified_gmt":"2021-06-09T20:20:11","slug":"estrutura-curricular","status":"publish","type":"page","link":"https:\/\/pos.uel.br\/profletras\/estrutura-curricular\/","title":{"rendered":"Estrutura curricular"},"content":{"rendered":"\n<p>A atual estrutura curricular \u00e9 definida pela RESOLU\u00c7\u00c3O No 002\/2020 \u2013 CONSELHO GESTOR, de 02 de junho de 2020.<\/p>\n\n\n\n<figure class=\"wp-block-image size-large\"><img loading=\"lazy\" decoding=\"async\" width=\"644\" height=\"513\" src=\"https:\/\/pos.uel.br\/profletras\/wp-content\/uploads\/2021\/06\/image.png\" alt=\"\" class=\"wp-image-83\" srcset=\"https:\/\/pos.uel.br\/profletras\/wp-content\/uploads\/2021\/06\/image.png 644w, https:\/\/pos.uel.br\/profletras\/wp-content\/uploads\/2021\/06\/image-300x239.png 300w\" sizes=\"auto, (max-width: 644px) 100vw, 644px\" \/><\/figure>\n","protected":false},"excerpt":{"rendered":"<p>A atual estrutura curricular \u00e9 definida pela RESOLU\u00c7\u00c3O No 002\/2020 \u2013 CONSELHO GESTOR, de 02 de junho de 2020.<\/p>\n","protected":false},"author":7,"featured_media":0,"parent":0,"menu_order":0,"comment_status":"closed","ping_status":"closed","template":"","meta":{"_acf_changed":false,"_themeisle_gutenberg_block_has_review":false,"footnotes":""},"class_list":["post-13","page","type-page","status-publish","hentry"],"acf":[],"_links":{"self":[{"href":"https:\/\/pos.uel.br\/profletras\/wp-json\/wp\/v2\/pages\/13","targetHints":{"allow":["GET"]}}],"collection":[{"href":"https:\/\/pos.uel.br\/profletras\/wp-json\/wp\/v2\/pages"}],"about":[{"href":"https:\/\/pos.uel.br\/profletras\/wp-json\/wp\/v2\/types\/page"}],"author":[{"embeddable":true,"href":"https:\/\/pos.uel.br\/profletras\/wp-json\/wp\/v2\/users\/7"}],"replies":[{"embeddable":true,"href":"https:\/\/pos.uel.br\/profletras\/wp-json\/wp\/v2\/comments?post=13"}],"version-history":[{"count":3,"href":"https:\/\/pos.uel.br\/profletras\/wp-json\/wp\/v2\/pages\/13\/revisions"}],"predecessor-version":[{"id":226,"href":"https:\/\/pos.uel.br\/profletras\/wp-json\/wp\/v2\/pages\/13\/revisions\/226"}],"wp:attachment":[{"href":"https:\/\/pos.uel.br\/profletras\/wp-json\/wp\/v2\/media?parent=13"}],"curies":[{"name":"wp","href":"https:\/\/api.w.org\/{rel}","templated":true}]}}