{"id":11,"date":"2021-04-27T22:23:57","date_gmt":"2021-04-28T01:23:57","guid":{"rendered":"https:\/\/pos.uel.br\/profletras\/?page_id=11"},"modified":"2025-07-24T09:34:43","modified_gmt":"2025-07-24T12:34:43","slug":"contatos","status":"publish","type":"page","link":"https:\/\/pos.uel.br\/profletras\/contatos\/","title":{"rendered":"Contatos"},"content":{"rendered":"\n<p><\/p>\n\n\n\n<p><strong>Coordena\u00e7\u00e3o Profletras\/UEL <\/strong><\/p>\n\n\n\n<p>Profa. Dra. Dircel Aparecida Kailer<\/p>\n\n\n\n<div class=\"wp-block-group\"><div class=\"wp-block-group__inner-container is-layout-flow wp-block-group-is-layout-flow\">\n<p>E-mail:&nbsp;dikailer@uel.br<\/p>\n\n\n\n<p><strong>Vice-coordena\u00e7\u00e3o<\/strong><\/p>\n\n\n\n<p>Profa. Dra. Sheila Oliveira Lima &nbsp;<\/p>\n\n\n\n<p>E-mail:&nbsp;sheilalima@uel.br<\/p>\n\n\n\n<p>Prof. Dra Sonia Pascolati<\/p>\n\n\n\n<p>E-mail: pascolati@uel.br<\/p>\n<\/div><\/div>\n\n\n\n<p><strong>Secretaria CLCH\/UEL de P\u00f3s-gradua\u00e7\u00e3o<\/strong><\/p>\n\n\n\n<p><strong>E-mail:&nbsp;<\/strong>secposcch@uel.br<\/p>\n\n\n\n<p><strong>Fone: <\/strong>(43) 3371-4624<\/p>\n\n\n\n<p>Universidade Estadual de Londrina<br>Secretaria de P\u00f3s &#8211; Gradua\u00e7\u00e3o &#8211;&nbsp;<strong>SPG<\/strong><br>Campus Universit\u00e1rio &#8211; Caixa Postal: 10.011<br>CEP: 86057-970 &#8211; Londrina &#8211; PR<\/p>\n\n\n\n<p><\/p>\n\n\n\n<p><strong>Coordena\u00e7\u00e3o Nacional do Programa <\/strong><\/p>\n\n\n\n<p>Profa. Dra. Maria da Penha Casado Alves<\/p>\n\n\n\n<p>Prof. Dr =Gerson Rodrigues da Silva<\/p>\n\n\n\n<div class=\"wp-block-group\"><div class=\"wp-block-group__inner-container is-layout-flow wp-block-group-is-layout-flow\">\n<p>E-mail:&nbsp;cgprofletras@gmail.com<\/p>\n<\/div><\/div>\n\n\n\n<p><strong>Secretaria Nacional PROFLETRAS<\/strong><\/p>\n\n\n\n<p>E-mail:<strong>&nbsp;<\/strong>mprofletras@gmail.com<\/p>\n\n\n\n<p>Fone:<a href=\"tel:(84) 3342-2282\">(84) 3342-2282<\/a><a href=\"tel:(84) 3342-2282\"><\/a><\/p>\n\n\n\n<p><a href=\"tel:(84) 3342-2282\"><br><\/a><\/p>\n\n\n\n<p><\/p>\n","protected":false},"excerpt":{"rendered":"<p>Coordena\u00e7\u00e3o Profletras\/UEL Profa. Dra. Dircel Aparecida Kailer E-mail:&nbsp;dikailer@uel.br Vice-coordena\u00e7\u00e3o Profa. Dra. Sheila Oliveira Lima &nbsp; E-mail:&nbsp;sheilalima@uel.br Prof. Dra Sonia Pascolati E-mail: pascolati@uel.br Secretaria CLCH\/UEL de P\u00f3s-gradua\u00e7\u00e3o E-mail:&nbsp;secposcch@uel.br Fone: (43) 3371-4624 Universidade Estadual de LondrinaSecretaria de P\u00f3s &#8211; Gradua\u00e7\u00e3o &#8211;&nbsp;SPGCampus Universit\u00e1rio &#8211; Caixa Postal: 10.011CEP: 86057-970 &#8211; Londrina &#8211; PR Coordena\u00e7\u00e3o Nacional do Programa Profa. Dra. [&hellip;]<\/p>\n","protected":false},"author":7,"featured_media":0,"parent":0,"menu_order":0,"comment_status":"closed","ping_status":"closed","template":"","meta":{"_acf_changed":false,"_themeisle_gutenberg_block_has_review":false,"footnotes":""},"class_list":["post-11","page","type-page","status-publish","hentry"],"acf":[],"_links":{"self":[{"href":"https:\/\/pos.uel.br\/profletras\/wp-json\/wp\/v2\/pages\/11","targetHints":{"allow":["GET"]}}],"collection":[{"href":"https:\/\/pos.uel.br\/profletras\/wp-json\/wp\/v2\/pages"}],"about":[{"href":"https:\/\/pos.uel.br\/profletras\/wp-json\/wp\/v2\/types\/page"}],"author":[{"embeddable":true,"href":"https:\/\/pos.uel.br\/profletras\/wp-json\/wp\/v2\/users\/7"}],"replies":[{"embeddable":true,"href":"https:\/\/pos.uel.br\/profletras\/wp-json\/wp\/v2\/comments?post=11"}],"version-history":[{"count":10,"href":"https:\/\/pos.uel.br\/profletras\/wp-json\/wp\/v2\/pages\/11\/revisions"}],"predecessor-version":[{"id":373,"href":"https:\/\/pos.uel.br\/profletras\/wp-json\/wp\/v2\/pages\/11\/revisions\/373"}],"wp:attachment":[{"href":"https:\/\/pos.uel.br\/profletras\/wp-json\/wp\/v2\/media?parent=11"}],"curies":[{"name":"wp","href":"https:\/\/api.w.org\/{rel}","templated":true}]}}