{"id":103,"date":"2021-06-21T08:15:16","date_gmt":"2021-06-21T11:15:16","guid":{"rendered":"https:\/\/pos.uel.br\/profletras\/?page_id=103"},"modified":"2025-04-22T21:20:29","modified_gmt":"2025-04-23T00:20:29","slug":"turma-07-2021","status":"publish","type":"page","link":"https:\/\/pos.uel.br\/profletras\/turma-07-2021\/","title":{"rendered":"Turma 07- 2021"},"content":{"rendered":"\n<p>P\u00e1gina em constru\u00e7\u00e3o!!! <\/p>\n\n\n\n<figure class=\"wp-block-table\"><table class=\"has-fixed-layout\"><tbody><tr><td><strong>Egresso<\/strong><br>ADRIANA MAINARDES CAVALHEIRO<\/td><td><strong>Orientador<\/strong><br>Cl\u00e1udia Lopes Nascimento Saito<\/td><td><strong>Disserta\u00e7\u00e3o\/Produto<\/strong><br><\/td><\/tr><tr><td>ALESSANDRA CRISTINA FERNANDES<\/td><td>Andreia da Cunha Malheiros Santana<\/td><td><a href=\"https:\/\/pos.uel.br\/profletras\/wp-content\/uploads\/2025\/04\/DISSERTACAO-CADERNO-PEDAGOGICO.pdf\">Os g\u00eaneros quadrin\u00edsticos e os direitos humanos: entre imagens e palavras o combate \u00e0 discrimina\u00e7\u00e3o<\/a><\/td><\/tr><tr><td>RAQUEL APARECIDA C. SOUZA<\/td><td>Sheila Oliveira Lima<\/td><td><\/td><\/tr><tr><td>RONNIE ROBERTO CAMPOS<\/td><td>Sonia Pascolati<\/td><td><\/td><\/tr><tr><td>SANDRA AP MACHADO FURIHATA<\/td><td>Fl\u00e1vio Luis Freire Rodrigues<\/td><td><\/td><\/tr><tr><td>SIMONE BORDONAL<\/td><td>Sonia Pascolati<\/td><td><\/td><\/tr><tr><td>SORAYA ROSA<\/td><td>Sheila Oliveira Lima<\/td><td><\/td><\/tr><tr><td>TALITA GOMES C.&nbsp; LOUREN\u00c7O<\/td><td>Dircel Aparecida Kailer<\/td><td><\/td><\/tr><tr><td>VALDIR ROQUE DE LIMA<\/td><td>Fl\u00e1vio Luis Freire Rodrigues<\/td><td><\/td><\/tr><\/tbody><\/table><\/figure>\n\n\n\n<p><\/p>\n","protected":false},"excerpt":{"rendered":"<p>P\u00e1gina em constru\u00e7\u00e3o!!! EgressoADRIANA MAINARDES CAVALHEIRO OrientadorCl\u00e1udia Lopes Nascimento Saito Disserta\u00e7\u00e3o\/Produto ALESSANDRA CRISTINA FERNANDES Andreia da Cunha Malheiros Santana Os g\u00eaneros quadrin\u00edsticos e os direitos humanos: entre imagens e palavras o combate \u00e0 discrimina\u00e7\u00e3o RAQUEL APARECIDA C. SOUZA Sheila Oliveira Lima RONNIE ROBERTO CAMPOS Sonia Pascolati SANDRA AP MACHADO FURIHATA Fl\u00e1vio Luis Freire Rodrigues SIMONE [&hellip;]<\/p>\n","protected":false},"author":9,"featured_media":0,"parent":0,"menu_order":0,"comment_status":"closed","ping_status":"closed","template":"","meta":{"_acf_changed":false,"_themeisle_gutenberg_block_has_review":false,"footnotes":""},"class_list":["post-103","page","type-page","status-publish","hentry"],"acf":[],"_links":{"self":[{"href":"https:\/\/pos.uel.br\/profletras\/wp-json\/wp\/v2\/pages\/103","targetHints":{"allow":["GET"]}}],"collection":[{"href":"https:\/\/pos.uel.br\/profletras\/wp-json\/wp\/v2\/pages"}],"about":[{"href":"https:\/\/pos.uel.br\/profletras\/wp-json\/wp\/v2\/types\/page"}],"author":[{"embeddable":true,"href":"https:\/\/pos.uel.br\/profletras\/wp-json\/wp\/v2\/users\/9"}],"replies":[{"embeddable":true,"href":"https:\/\/pos.uel.br\/profletras\/wp-json\/wp\/v2\/comments?post=103"}],"version-history":[{"count":3,"href":"https:\/\/pos.uel.br\/profletras\/wp-json\/wp\/v2\/pages\/103\/revisions"}],"predecessor-version":[{"id":304,"href":"https:\/\/pos.uel.br\/profletras\/wp-json\/wp\/v2\/pages\/103\/revisions\/304"}],"wp:attachment":[{"href":"https:\/\/pos.uel.br\/profletras\/wp-json\/wp\/v2\/media?parent=103"}],"curies":[{"name":"wp","href":"https:\/\/api.w.org\/{rel}","templated":true}]}}