{"id":10,"date":"2021-04-27T22:23:57","date_gmt":"2021-04-28T01:23:57","guid":{"rendered":"https:\/\/pos.uel.br\/profletras\/?page_id=10"},"modified":"2021-06-09T16:51:15","modified_gmt":"2021-06-09T19:51:15","slug":"linhas-de-pesquisa","status":"publish","type":"page","link":"https:\/\/pos.uel.br\/profletras\/linhas-de-pesquisa\/","title":{"rendered":"Linhas de pesquisa"},"content":{"rendered":"\n<p>Linha 1: Estudos da Linguagem e Pr\u00e1ticas Sociais<br>Estudos da l\u00edngua, do texto, do discurso, dos letramentos e suas implica\u00e7\u00f5es para a forma\u00e7\u00e3o na<br>educa\u00e7\u00e3o b\u00e1sica. Usos da linguagem em contextos distintos de intera\u00e7\u00e3o social. Abordagens te\u00f3ricas<br>sobre a linguagem na pr\u00e1tica pedag\u00f3gica. Investiga\u00e7\u00f5es sobre o campo aplicado do ensino de l\u00edngua<br>materna.<\/p>\n\n\n\n<p>Linha 2: Estudos Liter\u00e1rios<br>Discuss\u00f5es epistemol\u00f3gicas em torno do ensino da literatura, voltadas \u00e0 forma\u00e7\u00e3o do professor do<br>Ensino B\u00e1sico. Forma\u00e7\u00e3o do leitor liter\u00e1rio. Abordagem, na escola, da variedade da produ\u00e7\u00e3o liter\u00e1ria,<br>incluindo desde os textos cl\u00e1ssicos nacionais e mundiais \u00e0s express\u00f5es de matriz africana e ind\u00edgena<br>brasileira. Media\u00e7\u00e3o do professor para a experi\u00eancia est\u00e9tica do ler e do escrever o texto liter\u00e1rio.<\/p>\n","protected":false},"excerpt":{"rendered":"<p>Linha 1: Estudos da Linguagem e Pr\u00e1ticas SociaisEstudos da l\u00edngua, do texto, do discurso, dos letramentos e suas implica\u00e7\u00f5es para a forma\u00e7\u00e3o naeduca\u00e7\u00e3o b\u00e1sica. Usos da linguagem em contextos distintos de intera\u00e7\u00e3o social. Abordagens te\u00f3ricassobre a linguagem na pr\u00e1tica pedag\u00f3gica. Investiga\u00e7\u00f5es sobre o campo aplicado do ensino de l\u00ednguamaterna. Linha 2: Estudos Liter\u00e1riosDiscuss\u00f5es epistemol\u00f3gicas em [&hellip;]<\/p>\n","protected":false},"author":7,"featured_media":0,"parent":0,"menu_order":0,"comment_status":"closed","ping_status":"closed","template":"","meta":{"_acf_changed":false,"_themeisle_gutenberg_block_has_review":false,"footnotes":""},"class_list":["post-10","page","type-page","status-publish","hentry"],"acf":[],"_links":{"self":[{"href":"https:\/\/pos.uel.br\/profletras\/wp-json\/wp\/v2\/pages\/10","targetHints":{"allow":["GET"]}}],"collection":[{"href":"https:\/\/pos.uel.br\/profletras\/wp-json\/wp\/v2\/pages"}],"about":[{"href":"https:\/\/pos.uel.br\/profletras\/wp-json\/wp\/v2\/types\/page"}],"author":[{"embeddable":true,"href":"https:\/\/pos.uel.br\/profletras\/wp-json\/wp\/v2\/users\/7"}],"replies":[{"embeddable":true,"href":"https:\/\/pos.uel.br\/profletras\/wp-json\/wp\/v2\/comments?post=10"}],"version-history":[{"count":2,"href":"https:\/\/pos.uel.br\/profletras\/wp-json\/wp\/v2\/pages\/10\/revisions"}],"predecessor-version":[{"id":75,"href":"https:\/\/pos.uel.br\/profletras\/wp-json\/wp\/v2\/pages\/10\/revisions\/75"}],"wp:attachment":[{"href":"https:\/\/pos.uel.br\/profletras\/wp-json\/wp\/v2\/media?parent=10"}],"curies":[{"name":"wp","href":"https:\/\/api.w.org\/{rel}","templated":true}]}}