{"id":460,"date":"2021-07-28T13:37:07","date_gmt":"2021-07-28T16:37:07","guid":{"rendered":"https:\/\/pos.uel.br\/ppgsoc\/?page_id=460"},"modified":"2021-09-30T12:48:47","modified_gmt":"2021-09-30T15:48:47","slug":"estudante-estrangeiro","status":"publish","type":"page","link":"https:\/\/pos.uel.br\/ppgsoc\/estudante-estrangeiro\/","title":{"rendered":"Estudante estrangeiro"},"content":{"rendered":"\n<div class=\"wp-block-cover alignfull has-background-dim\"><img decoding=\"async\" class=\"wp-block-cover__image-background wp-image-681\" alt=\"\" src=\"https:\/\/pos.uel.br\/ppgsoc\/wp-content\/uploads\/2021\/07\/pexels-fauxels-3183174-scaled.jpg\" style=\"object-position:52% 46%\" data-object-fit=\"cover\" data-object-position=\"52% 46%\"\/><div class=\"wp-block-cover__inner-container is-layout-flow wp-block-cover-is-layout-flow\">\n<p class=\"has-text-align-center has-large-font-size\"><strong>Estudante estrangeiro <\/strong><\/p>\n<\/div><\/div>\n\n\n\n<div style=\"height:50px\" aria-hidden=\"true\" class=\"wp-block-spacer\"><\/div>\n\n\n\n<div class=\"wp-block-uel-card\">\n<div class=\"wp-block-media-text alignwide has-media-on-the-right is-stacked-on-mobile\"><figure class=\"wp-block-media-text__media\"><img decoding=\"async\" src=\"https:\/\/pos.uel.br\/ppgsoc\/wp-content\/uploads\/2021\/08\/pexels-stanley-morales-1454360.jpg\" alt=\"\" class=\"wp-image-793 size-full\"\/><\/figure><div class=\"wp-block-media-text__content\">\n<p><span class=\"has-inline-color has-secondary-text-color\">O PPGSOC\/UEL participa do<\/span> <a rel=\"noreferrer noopener\" href=\"https:\/\/www.gcub.org.br\/programas\/programa-bolsas-brasil-paec-oea-gcub\/\" target=\"_blank\">Programa de Alian\u00e7as para a Educa\u00e7\u00e3o e Capacita\u00e7\u00e3o<\/a> <span class=\"has-inline-color has-secondary-text-color\">da Organiza\u00e7\u00e3o de Estados Americanos e do Grupo Coimbra de Universidades Brasileiras (GCUB (PAEC-OEA\/GCUB). Este programa busca contribuir para a internacionaliza\u00e7\u00e3o da forma\u00e7\u00e3o p\u00f3s-graduada de estudantes com nacionalidade e\/ou resid\u00eancia nos Estados membros da Organiza\u00e7\u00e3o dos Estados Americanos (OEA) &#8211; com exce\u00e7\u00e3o do Brasil. Por meio deste programa, o PPGSOC\/UEL vem recebendo anualmente estudantes estrangeiros dos Estados membros da Organiza\u00e7\u00e3o dos Estados Americanos (OEA). O ingresso por essa via ocorre mediante as regras definidas pelo PAEC-OEA\/GCUB, dispon\u00edveis no site oficial do programa.<\/span><\/p>\n<\/div><\/div>\n<\/div>\n","protected":false},"excerpt":{"rendered":"","protected":false},"author":9,"featured_media":0,"parent":0,"menu_order":0,"comment_status":"closed","ping_status":"closed","template":"page-templates\/template-without-title.php","meta":{"_acf_changed":false,"footnotes":""},"class_list":["post-460","page","type-page","status-publish","hentry"],"acf":[],"_links":{"self":[{"href":"https:\/\/pos.uel.br\/ppgsoc\/wp-json\/wp\/v2\/pages\/460","targetHints":{"allow":["GET"]}}],"collection":[{"href":"https:\/\/pos.uel.br\/ppgsoc\/wp-json\/wp\/v2\/pages"}],"about":[{"href":"https:\/\/pos.uel.br\/ppgsoc\/wp-json\/wp\/v2\/types\/page"}],"author":[{"embeddable":true,"href":"https:\/\/pos.uel.br\/ppgsoc\/wp-json\/wp\/v2\/users\/9"}],"replies":[{"embeddable":true,"href":"https:\/\/pos.uel.br\/ppgsoc\/wp-json\/wp\/v2\/comments?post=460"}],"version-history":[{"count":9,"href":"https:\/\/pos.uel.br\/ppgsoc\/wp-json\/wp\/v2\/pages\/460\/revisions"}],"predecessor-version":[{"id":2011,"href":"https:\/\/pos.uel.br\/ppgsoc\/wp-json\/wp\/v2\/pages\/460\/revisions\/2011"}],"wp:attachment":[{"href":"https:\/\/pos.uel.br\/ppgsoc\/wp-json\/wp\/v2\/media?parent=460"}],"curies":[{"name":"wp","href":"https:\/\/api.w.org\/{rel}","templated":true}]}}