{"id":3454,"date":"2024-08-29T18:12:46","date_gmt":"2024-08-29T21:12:46","guid":{"rendered":"https:\/\/pos.uel.br\/ppgsoc\/?page_id=3454"},"modified":"2024-08-29T19:43:10","modified_gmt":"2024-08-29T22:43:10","slug":"lineas-de-investigacion","status":"publish","type":"page","link":"https:\/\/pos.uel.br\/ppgsoc\/es\/lineas-de-investigacion\/","title":{"rendered":"L\u00edneas de Investigaci\u00f3n"},"content":{"rendered":"\n<div class=\"wp-block-cover aligncenter is-light\"><span aria-hidden=\"true\" class=\"wp-block-cover__background has-background-dim\"><\/span><img decoding=\"async\" class=\"wp-block-cover__image-background wp-image-651\" alt=\"\" src=\"https:\/\/pos.uel.br\/ppgsoc\/wp-content\/uploads\/2021\/07\/pexels-cottonbro-4861373-scaled.jpg\" style=\"object-position:53% 84%\" data-object-fit=\"cover\" data-object-position=\"53% 84%\" \/><div class=\"wp-block-cover__inner-container is-layout-flow wp-block-cover-is-layout-flow\">\n<p class=\"has-text-align-center has-large-font-size\"><strong><strong>L\u00edneas de Investigaci\u00f3n<\/strong><\/strong><\/p>\n<\/div><\/div>\n\n\n\n<div style=\"height:50px\" aria-hidden=\"true\" class=\"wp-block-spacer\"><\/div>\n\n\n\n<p>En el contexto de los Programas de Posgrado Stricto Sensu en Brasil, la L\u00ednea de Investigaci\u00f3n es el vector de organizaci\u00f3n y orientaci\u00f3n de las actividades acad\u00e9micas y cient\u00edficas.<\/p>\n\n\n\n<p>Cada L\u00ednea de Investigaci\u00f3n tiene un eje tem\u00e1tico estructurado que orienta y agrupa las investigaciones desarrolladas. Su prop\u00f3sito es promover la producci\u00f3n sistem\u00e1tica y continua de conocimiento cient\u00edfico, fomentando la especializaci\u00f3n y la profundidad en los estudios de una determinada \u00e1rea.<\/p>\n\n\n\n<p>Las L\u00edneas de Investigaci\u00f3n se establecen de acuerdo con los intereses cient\u00edficos del cuerpo docente. As\u00ed, cada L\u00ednea de Investigaci\u00f3n tiene una identidad propia, marcada por los Proyectos de Investigaci\u00f3n y Grupos de Investigaci\u00f3n liderados por los\/as docentes que las conforman.<\/p>\n\n\n\n<p>Para que un nuevo Proyecto de Investigaci\u00f3n sea aceptado en el PPGSOC, por ejemplo, es necesario definir qu\u00e9 se pretende investigar en \u00e1reas o temas espec\u00edficos de la L\u00ednea 1 \u2013 Estado, Gobernanza y Democracia, o de la L\u00ednea 2 \u2013 Desigualdades, Ciudadan\u00eda y Cultura.<\/p>\n\n\n\n<p>Cada L\u00ednea de Investigaci\u00f3n contribuye a la identidad y el enfoque del PPGSOC, permitiendo una articulaci\u00f3n coherente entre los Proyectos de Investigaci\u00f3n, la producci\u00f3n estudiantil y las actividades acad\u00e9micas que, en general, deben estar alineadas con las investigaciones de los\/as orientadores\/as.<\/p>\n\n\n\n<p>Adem\u00e1s, cuanto m\u00e1s se preserve la identidad de la L\u00ednea de Investigaci\u00f3n, mayor ser\u00e1 la facilidad para establecer la colaboraci\u00f3n entre investigadores\/as, promoviendo la formaci\u00f3n de grupos de investigaci\u00f3n y redes de cooperaci\u00f3n cient\u00edfica.<\/p>\n\n\n\n<p>En resumen, las L\u00edneas de Investigaci\u00f3n proporcionan un enfoque bien definido para las investigaciones cient\u00edficas, promoviendo la excelencia acad\u00e9mica y la relevancia social de las investigaciones desarrolladas.<\/p>\n\n\n\n<p>El Programa de Posgrado en Sociolog\u00eda est\u00e1 organizado en dos l\u00edneas.<\/p>\n\n\n\n<p><\/p>\n\n\n\n<div style=\"height:10px\" aria-hidden=\"true\" class=\"wp-block-spacer\"><\/div>\n\n\n\n<div style=\"height:10px\" aria-hidden=\"true\" class=\"wp-block-spacer\"><\/div>\n\n\n\n<div class=\"wp-block-uel-card\">\n<div class=\"wp-block-columns alignwide is-layout-flex wp-container-core-columns-is-layout-9d6595d7 wp-block-columns-is-layout-flex\">\n<div class=\"wp-block-column is-layout-flow wp-block-column-is-layout-flow\" style=\"flex-basis:50%\"><div class=\"wp-block-image is-style-default\">\n<figure class=\"aligncenter size-large\"><img loading=\"lazy\" decoding=\"async\" width=\"949\" height=\"1024\" src=\"https:\/\/pos.uel.br\/ppgsoc\/wp-content\/uploads\/2021\/08\/Linha-Estado-Governanca-e-Democracia-1_-1-949x1024.jpg\" alt=\"\" class=\"wp-image-1626\" srcset=\"https:\/\/pos.uel.br\/ppgsoc\/wp-content\/uploads\/2021\/08\/Linha-Estado-Governanca-e-Democracia-1_-1-949x1024.jpg 949w, https:\/\/pos.uel.br\/ppgsoc\/wp-content\/uploads\/2021\/08\/Linha-Estado-Governanca-e-Democracia-1_-1-278x300.jpg 278w, https:\/\/pos.uel.br\/ppgsoc\/wp-content\/uploads\/2021\/08\/Linha-Estado-Governanca-e-Democracia-1_-1-768x829.jpg 768w, https:\/\/pos.uel.br\/ppgsoc\/wp-content\/uploads\/2021\/08\/Linha-Estado-Governanca-e-Democracia-1_-1-1423x1536.jpg 1423w, https:\/\/pos.uel.br\/ppgsoc\/wp-content\/uploads\/2021\/08\/Linha-Estado-Governanca-e-Democracia-1_-1-1897x2048.jpg 1897w\" sizes=\"auto, (max-width: 949px) 100vw, 949px\" \/><\/figure>\n<\/div><\/div>\n\n\n\n<div class=\"wp-block-column is-layout-flow wp-block-column-is-layout-flow\" style=\"flex-basis:50%\">\n<h4 class=\"wp-block-heading\"><a href=\"https:\/\/pos.uel.br\/ppgsoc\/grupos-de-pesquisa-2\/\" data-type=\"URL\" data-id=\"https:\/\/pos.uel.br\/ppgsoc\/grupos-de-pesquisa-2\/\" target=\"_blank\" rel=\"noreferrer noopener\"><span class=\"has-inline-color has-primary-accent-color\"> <strong>1 &#8211; Estado, Gobernanza y Democracia<\/strong><\/span><\/a><\/h4>\n\n\n\n<p class=\"has-secondary-text-color has-text-color\">La investigaci\u00f3n en este tema estudia los procesos de gobernanza en \u00e1reas como educaci\u00f3n, salud, seguridad, vivienda, regulaci\u00f3n laboral, y generaci\u00f3n de empleo e ingresos, con un enfoque en las desigualdades de poder y de recursos pol\u00edticos que conducen o impiden la realizaci\u00f3n de derechos y la construcci\u00f3n de la democracia en las sociedades contempor\u00e1neas. Comprende estudios que analizan la participaci\u00f3n de m\u00faltiples actores &#8211; estatales y no estatales, nacionales y transnacionales, formales e informales &#8211; que pueden exigir, decidir, implementar y controlar pol\u00edticas p\u00fablicas en contextos complejos marcados por preferencias heterog\u00e9neas, conflictos, dispersi\u00f3n del poder e interdependencia. Las relaciones de poder est\u00e1n en el centro de la investigaci\u00f3n, que se interesa principalmente en comprender los procesos de gobernanza y la redefinici\u00f3n de los roles del Estado a partir de condiciones socio-hist\u00f3ricas, sociopol\u00edticas, socioecon\u00f3micas y socioculturales.<\/p>\n<\/div>\n<\/div>\n<\/div>\n\n\n\n<div class=\"wp-block-uel-card\">\n<div class=\"wp-block-columns alignwide is-layout-flex wp-container-core-columns-is-layout-9d6595d7 wp-block-columns-is-layout-flex\">\n<div class=\"wp-block-column is-layout-flow wp-block-column-is-layout-flow\" style=\"flex-basis:50%\">\n<h4 class=\"wp-block-heading\"><a href=\"https:\/\/pos.uel.br\/ppgsoc\/grupos-de-pesquisa-2\/\" data-type=\"URL\" data-id=\"https:\/\/pos.uel.br\/ppgsoc\/grupos-de-pesquisa-2\/\" target=\"_blank\" rel=\"noreferrer noopener\"><span class=\"has-inline-color has-primary-accent-color\">2: Desigualdad, Ciudadan\u00eda y Cultura<\/span><\/a><\/h4>\n\n\n\n<p class=\"has-secondary-text-color has-text-color\">Este tema de investigaci\u00f3n promueve estudios sobre las din\u00e1micas y procesos de producci\u00f3n y reproducci\u00f3n de las desigualdades sociales en sus m\u00faltiples dimensiones, asociadas con la persistencia de asimetr\u00edas, resistencias y cambios sociales; sobre las din\u00e1micas y procesos de identidad, religi\u00f3n y formaci\u00f3n de grupos intelectuales, con \u00e9nfasis en categor\u00edas como clase, raza, etnicidad, g\u00e9nero, generaci\u00f3n, religi\u00f3n, entre otras; y tambi\u00e9n sobre las din\u00e1micas sociopol\u00edticas de la agencia individual y colectiva, que involucran tanto a actores y movimientos sociales como feminismos, movimientos negros y LGBT, entre otros, as\u00ed como pol\u00edticas centradas en &#8220;minor\u00edas sociales&#8221; en vista de la construcci\u00f3n de la ciudadan\u00eda y la democracia. Empleando diferentes teor\u00edas, directrices, enfoques metodol\u00f3gicos y perspectivas transversales de los fen\u00f3menos sociales, culturales y pol\u00edticos, la investigaci\u00f3n en este tema aborda los debates sobre formas de desigualdades, asimetr\u00edas y discriminaciones en la sociedad moderna. Los temas abarcan relaciones y conflictos \u00e9tnicos, raciales, culturales, de g\u00e9nero y generacionales; territorios y segregaciones raciales; poblaciones tradicionales y migraciones; y, finalmente, movimientos art\u00edsticos e intelectuales.<\/p>\n<\/div>\n\n\n\n<div class=\"wp-block-column is-layout-flow wp-block-column-is-layout-flow\" style=\"flex-basis:50%\"><div class=\"wp-block-image is-style-default\">\n<figure class=\"aligncenter size-large\"><img loading=\"lazy\" decoding=\"async\" width=\"945\" height=\"1024\" src=\"https:\/\/pos.uel.br\/ppgsoc\/wp-content\/uploads\/2021\/08\/Linha-Desigualdades-Cidadania-e-Cultura_-1-945x1024.jpg\" alt=\"\" class=\"wp-image-1627\" srcset=\"https:\/\/pos.uel.br\/ppgsoc\/wp-content\/uploads\/2021\/08\/Linha-Desigualdades-Cidadania-e-Cultura_-1-945x1024.jpg 945w, https:\/\/pos.uel.br\/ppgsoc\/wp-content\/uploads\/2021\/08\/Linha-Desigualdades-Cidadania-e-Cultura_-1-277x300.jpg 277w, https:\/\/pos.uel.br\/ppgsoc\/wp-content\/uploads\/2021\/08\/Linha-Desigualdades-Cidadania-e-Cultura_-1-768x832.jpg 768w, https:\/\/pos.uel.br\/ppgsoc\/wp-content\/uploads\/2021\/08\/Linha-Desigualdades-Cidadania-e-Cultura_-1-1418x1536.jpg 1418w, https:\/\/pos.uel.br\/ppgsoc\/wp-content\/uploads\/2021\/08\/Linha-Desigualdades-Cidadania-e-Cultura_-1-1890x2048.jpg 1890w\" sizes=\"auto, (max-width: 945px) 100vw, 945px\" \/><\/figure>\n<\/div><\/div>\n<\/div>\n<\/div>\n","protected":false},"excerpt":{"rendered":"<p>En el contexto de los Programas de Posgrado Stricto Sensu en Brasil, la L\u00ednea de Investigaci\u00f3n es el vector de organizaci\u00f3n y orientaci\u00f3n de las actividades acad\u00e9micas y cient\u00edficas. Cada L\u00ednea de Investigaci\u00f3n tiene un eje tem\u00e1tico estructurado que orienta y agrupa las investigaciones desarrolladas. Su prop\u00f3sito es promover la producci\u00f3n sistem\u00e1tica y continua de [&hellip;]<\/p>\n","protected":false},"author":8,"featured_media":0,"parent":0,"menu_order":0,"comment_status":"closed","ping_status":"closed","template":"page-templates\/template-without-title.php","meta":{"_acf_changed":false,"footnotes":""},"class_list":["post-3454","page","type-page","status-publish","hentry"],"acf":[],"_links":{"self":[{"href":"https:\/\/pos.uel.br\/ppgsoc\/wp-json\/wp\/v2\/pages\/3454","targetHints":{"allow":["GET"]}}],"collection":[{"href":"https:\/\/pos.uel.br\/ppgsoc\/wp-json\/wp\/v2\/pages"}],"about":[{"href":"https:\/\/pos.uel.br\/ppgsoc\/wp-json\/wp\/v2\/types\/page"}],"author":[{"embeddable":true,"href":"https:\/\/pos.uel.br\/ppgsoc\/wp-json\/wp\/v2\/users\/8"}],"replies":[{"embeddable":true,"href":"https:\/\/pos.uel.br\/ppgsoc\/wp-json\/wp\/v2\/comments?post=3454"}],"version-history":[{"count":2,"href":"https:\/\/pos.uel.br\/ppgsoc\/wp-json\/wp\/v2\/pages\/3454\/revisions"}],"predecessor-version":[{"id":3457,"href":"https:\/\/pos.uel.br\/ppgsoc\/wp-json\/wp\/v2\/pages\/3454\/revisions\/3457"}],"wp:attachment":[{"href":"https:\/\/pos.uel.br\/ppgsoc\/wp-json\/wp\/v2\/media?parent=3454"}],"curies":[{"name":"wp","href":"https:\/\/api.w.org\/{rel}","templated":true}]}}