{"id":227,"date":"2021-07-20T17:13:38","date_gmt":"2021-07-20T20:13:38","guid":{"rendered":"https:\/\/pos.uel.br\/ppgsoc\/?page_id=227"},"modified":"2021-10-04T17:54:47","modified_gmt":"2021-10-04T20:54:47","slug":"pos-doutorado-2","status":"publish","type":"page","link":"https:\/\/pos.uel.br\/ppgsoc\/pos-doutorado-2\/","title":{"rendered":"P\u00f3s-doutorado"},"content":{"rendered":"\n<div class=\"wp-block-cover alignfull has-background-dim\"><img decoding=\"async\" class=\"wp-block-cover__image-background wp-image-695\" alt=\"\" src=\"https:\/\/pos.uel.br\/ppgsoc\/wp-content\/uploads\/2021\/07\/pexels-vlada-karpovich-4939666-scaled.jpg\" style=\"object-position:50% 48%\" data-object-fit=\"cover\" data-object-position=\"50% 48%\"\/><div class=\"wp-block-cover__inner-container is-layout-flow wp-block-cover-is-layout-flow\">\n<p class=\"has-text-align-center has-large-font-size\"><strong>P\u00f3s-doutorado <\/strong><\/p>\n<\/div><\/div>\n\n\n\n<div style=\"height:50px\" aria-hidden=\"true\" class=\"wp-block-spacer\"><\/div>\n\n\n\n<div class=\"wp-block-uel-card\">\n<div class=\"wp-block-media-text alignwide is-stacked-on-mobile\"><figure class=\"wp-block-media-text__media\"><img decoding=\"async\" src=\"https:\/\/pos.uel.br\/ppgsoc\/wp-content\/uploads\/2021\/08\/pexels-cottonbro-6344231.jpg\" alt=\"\" class=\"wp-image-796 size-full\"\/><\/figure><div class=\"wp-block-media-text__content\">\n<p class=\"has-secondary-text-color has-text-color\"><span class=\"has-inline-color has-secondary-text-color\">O PPGSOC\/UEL recebe em fluxo cont\u00ednuo pesquisadores\/as interessados\/as em desenvolver Est\u00e1gio P\u00f3s-doutoral pelo per\u00edodo m\u00ednimo de 6 (seis) meses e m\u00e1ximo de 24 (vinte e quatro) meses. Podem se candidatar indiv\u00edduos portadores do t\u00edtulo de Doutor\/a n\u00e3o integrantes do Quadro de Pessoal da UEL. O ingresso ocorre mediante pedido formal apresentado \u00e0 Comiss\u00e3o Coordenadora, contendo toda a documenta\u00e7\u00e3o exigida na<\/span> <a rel=\"noreferrer noopener\" href=\"http:\/\/www.uel.br\/proppg\/portalnovo\/pages\/arquivos\/Resolu%C3%A7%C3%A3o%20CEPE%20n%C2%BA%20053-2019%20-%20P%C3%B3s-doutoral.pdf\" target=\"_blank\"><span class=\"has-inline-color has-primary-accent-color\">Resolu\u00e7\u00e3o CEPE 053\/2019<\/span><\/a>, que regula o funcionamento do Est\u00e1gio P\u00f3s Doutoral na UEL. Para mais informa\u00e7\u00f5es, consulte <a rel=\"noreferrer noopener\" href=\"http:\/\/www.uel.br\/proppg\/portalnovo\/pages\/pos-doutorado.php\" target=\"_blank\"><span class=\"has-inline-color has-primary-accent-color\">aqui<\/span><\/a>.<\/p>\n<\/div><\/div>\n<\/div>\n\n\n\n<p><\/p>\n","protected":false},"excerpt":{"rendered":"","protected":false},"author":9,"featured_media":0,"parent":0,"menu_order":0,"comment_status":"closed","ping_status":"closed","template":"page-templates\/template-without-title.php","meta":{"_acf_changed":false,"footnotes":""},"class_list":["post-227","page","type-page","status-publish","hentry"],"acf":[],"_links":{"self":[{"href":"https:\/\/pos.uel.br\/ppgsoc\/wp-json\/wp\/v2\/pages\/227","targetHints":{"allow":["GET"]}}],"collection":[{"href":"https:\/\/pos.uel.br\/ppgsoc\/wp-json\/wp\/v2\/pages"}],"about":[{"href":"https:\/\/pos.uel.br\/ppgsoc\/wp-json\/wp\/v2\/types\/page"}],"author":[{"embeddable":true,"href":"https:\/\/pos.uel.br\/ppgsoc\/wp-json\/wp\/v2\/users\/9"}],"replies":[{"embeddable":true,"href":"https:\/\/pos.uel.br\/ppgsoc\/wp-json\/wp\/v2\/comments?post=227"}],"version-history":[{"count":11,"href":"https:\/\/pos.uel.br\/ppgsoc\/wp-json\/wp\/v2\/pages\/227\/revisions"}],"predecessor-version":[{"id":2017,"href":"https:\/\/pos.uel.br\/ppgsoc\/wp-json\/wp\/v2\/pages\/227\/revisions\/2017"}],"wp:attachment":[{"href":"https:\/\/pos.uel.br\/ppgsoc\/wp-json\/wp\/v2\/media?parent=227"}],"curies":[{"name":"wp","href":"https:\/\/api.w.org\/{rel}","templated":true}]}}