{"id":224,"date":"2021-07-20T17:13:38","date_gmt":"2021-07-20T20:13:38","guid":{"rendered":"https:\/\/pos.uel.br\/ppgsoc\/?page_id=224"},"modified":"2024-08-30T15:57:14","modified_gmt":"2024-08-30T18:57:14","slug":"estudante-regular-2","status":"publish","type":"page","link":"https:\/\/pos.uel.br\/ppgsoc\/estudante-regular-2\/","title":{"rendered":"Estudante regular"},"content":{"rendered":"\n<div class=\"wp-block-cover alignfull is-light\"><span aria-hidden=\"true\" class=\"wp-block-cover__background has-background-dim\"><\/span><img decoding=\"async\" class=\"wp-block-cover__image-background wp-image-679\" alt=\"\" src=\"https:\/\/pos.uel.br\/ppgsoc\/wp-content\/uploads\/2021\/07\/pexels-jens-mahnke-1090941-scaled.jpg\" style=\"object-position:73% 75%\" data-object-fit=\"cover\" data-object-position=\"73% 75%\" \/><div class=\"wp-block-cover__inner-container is-layout-flow wp-block-cover-is-layout-flow\">\n<p class=\"has-text-align-center has-large-font-size\"><font color=\"white\"><strong>Estudante regular <\/strong><\/font><\/p>\n<\/div><\/div>\n\n\n\n<div style=\"height:50px\" aria-hidden=\"true\" class=\"wp-block-spacer\"><\/div>\n\n\n\n<div class=\"wp-block-uel-card\">\n<div class=\"wp-block-media-text alignwide is-stacked-on-mobile\"><figure class=\"wp-block-media-text__media\"><img decoding=\"async\" src=\"https:\/\/pos.uel.br\/ppgsoc\/wp-content\/uploads\/2021\/08\/pexels-cottonbro-6334874.jpg\" alt=\"\" class=\"wp-image-790 size-full\" \/><\/figure><div class=\"wp-block-media-text__content\">\n<p class=\"has-secondary-text-color has-text-color\">O PPGSOC\/UEL oferece os cursos de Mestrado e Doutorado. O ingresso no programa como estudante regular ocorre anualmente atrav\u00e9s de Exames de Sele\u00e7\u00e3o definidos em editais espec\u00edficos. Podem participar da sele\u00e7\u00e3o candidatos\/as graduados\/as (curso de Mestrado) ou mestres (curso de Doutorado) em qualquer \u00e1rea. Ap\u00f3s homologadas as inscri\u00e7\u00f5es, as sele\u00e7\u00f5es incluem as etapas de:<\/p>\n\n\n\n<p>(1) Avalia\u00e7\u00e3o e an\u00e1lise de Projeto de Disserta\u00e7\u00e3o (Mestrado) ou Tese (Doutorado) [eliminat\u00f3ria] de acordo com os crit\u00e9rios estabelecidos no edital vigente;<\/p>\n\n\n\n<p>(2) Defesa presencial ou remota de Projeto de Disserta\u00e7\u00e3o ou Tese por meio banca de argui\u00e7\u00e3o; comprova\u00e7\u00e3o de exame de Profici\u00eancia em L\u00edngua Inglesa [eliminat\u00f3ria]. A apresenta\u00e7\u00e3o desta documenta\u00e7\u00e3o no ato da inscri\u00e7\u00e3o \u00e9 facultativa. Entretanto, os\/a candidatos(as) precisam estar cientes de que, na eventualidade de se tornarem alunos(as) regulares do PPGSOC\/UEL, somente poder\u00e3o concorrer a bolsas de estudo e concluir o curso de mestrado ou doutorado se a profici\u00eancia<br>for comprovada.;<\/p>\n\n\n\n<p>(3) An\u00e1lise da adequa\u00e7\u00e3o do Projeto de Pesquisa ao Projeto e\/ou Grupo de Pesquisa dos\/as orientadores\/as indicados\/as [eliminat\u00f3ria]. Os\/As candidatos\/as devem fazer indica\u00e7\u00e3o de tr\u00eas <a href=\"https:\/\/pos.uel.br\/ppgsoc\/docentes\/\" data-type=\"page\" data-id=\"118\">docentes<\/a>, em ordem de prefer\u00eancia, vinculados\/as \u00e0 mesma<a href=\"https:\/\/pos.uel.br\/ppgsoc\/linhas-de-pesquisa\/\" data-type=\"page\" data-id=\"185\"> Linha de Pesquisa<\/a>.; e<\/p>\n\n\n\n<p class=\"has-secondary-text-color has-text-color\">(4) Avalia\u00e7\u00e3o do Curr\u00edculo Lattes [classificat\u00f3ria]. <\/p>\n\n\n\n<p class=\"has-secondary-text-color has-text-color\">Para mais detalhes, leiam com aten\u00e7\u00e3o os editais dos Exames de Sele\u00e7\u00e3o que podem ser acessados na <a href=\"https:\/\/pos.uel.br\/ppgsoc\/\" data-type=\"URL\" data-id=\"https:\/\/pos.uel.br\/ppgsoc\/\" target=\"_blank\" rel=\"noreferrer noopener\"><span class=\"has-inline-color has-primary-accent-color\">p\u00e1gina inicial<\/span><\/a>.<\/p>\n\n\n\n<p class=\"has-secondary-text-color has-text-color\">O programa segue a Pol\u00edtica de A\u00e7\u00f5es Afirmativas da UEL e reserva 30% de suas vagas de estudantes regulares para pessoas autodeclaradas negras (pretas e pardas). Oferece tamb\u00e9m 5% de vagas suplementares para pessoas autodeclaradas ind\u00edgenas e 5% de vagas suplementares para pessoas autodeclaradas com defici\u00eancia.<\/p>\n<\/div><\/div>\n<\/div>\n","protected":false},"excerpt":{"rendered":"","protected":false},"author":9,"featured_media":0,"parent":0,"menu_order":0,"comment_status":"closed","ping_status":"closed","template":"page-templates\/template-without-title.php","meta":{"_acf_changed":false,"footnotes":""},"class_list":["post-224","page","type-page","status-publish","hentry"],"acf":[],"_links":{"self":[{"href":"https:\/\/pos.uel.br\/ppgsoc\/wp-json\/wp\/v2\/pages\/224","targetHints":{"allow":["GET"]}}],"collection":[{"href":"https:\/\/pos.uel.br\/ppgsoc\/wp-json\/wp\/v2\/pages"}],"about":[{"href":"https:\/\/pos.uel.br\/ppgsoc\/wp-json\/wp\/v2\/types\/page"}],"author":[{"embeddable":true,"href":"https:\/\/pos.uel.br\/ppgsoc\/wp-json\/wp\/v2\/users\/9"}],"replies":[{"embeddable":true,"href":"https:\/\/pos.uel.br\/ppgsoc\/wp-json\/wp\/v2\/comments?post=224"}],"version-history":[{"count":13,"href":"https:\/\/pos.uel.br\/ppgsoc\/wp-json\/wp\/v2\/pages\/224\/revisions"}],"predecessor-version":[{"id":3487,"href":"https:\/\/pos.uel.br\/ppgsoc\/wp-json\/wp\/v2\/pages\/224\/revisions\/3487"}],"wp:attachment":[{"href":"https:\/\/pos.uel.br\/ppgsoc\/wp-json\/wp\/v2\/media?parent=224"}],"curies":[{"name":"wp","href":"https:\/\/api.w.org\/{rel}","templated":true}]}}