{"id":216,"date":"2021-07-20T17:11:17","date_gmt":"2021-07-20T20:11:17","guid":{"rendered":"https:\/\/pos.uel.br\/ppgsoc\/?page_id=216"},"modified":"2021-08-09T22:11:26","modified_gmt":"2021-08-10T01:11:26","slug":"egressos-2","status":"publish","type":"page","link":"https:\/\/pos.uel.br\/ppgsoc\/egressos-2\/","title":{"rendered":"Egressos"},"content":{"rendered":"\n<div class=\"wp-block-cover alignfull has-background-dim\"><img decoding=\"async\" class=\"wp-block-cover__image-background wp-image-636\" alt=\"\" src=\"https:\/\/pos.uel.br\/ppgsoc\/wp-content\/uploads\/2021\/07\/pexels-mikhail-nilov-8847134-scaled.jpg\" style=\"object-position:50% 41%\" data-object-fit=\"cover\" data-object-position=\"50% 41%\"\/><div class=\"wp-block-cover__inner-container is-layout-flow wp-block-cover-is-layout-flow\">\n<p class=\"has-text-align-center has-large-font-size\"><strong>Egressos <\/strong><\/p>\n<\/div><\/div>\n\n\n\n<div style=\"height:50px\" aria-hidden=\"true\" class=\"wp-block-spacer\"><\/div>\n\n\n\n<h4 class=\"has-primary-accent-color has-text-color wp-block-heading\">Mestrado<\/h4>\n\n\n\n<div style=\"height:10px\" aria-hidden=\"true\" class=\"wp-block-spacer\"><\/div>\n\n\n\n<div class=\"wp-block-uel-card\">\n<div class=\"wp-block-columns is-layout-flex wp-container-core-columns-is-layout-9d6595d7 wp-block-columns-is-layout-flex\">\n<div class=\"wp-block-column is-layout-flow wp-block-column-is-layout-flow\">\n<div class=\"wp-block-uel-card\">\n<h5 class=\"wp-block-heading\"><span class=\"has-inline-color has-primary-accent-color\">2020<\/span><\/h5>\n\n\n\n<ul class=\"has-secondary-text-color has-text-color wp-block-list\"><li><span class=\"has-inline-color has-secondary-text-color\">Aline Priscila Eva Gomes<\/span><\/li><li><span class=\"has-inline-color has-secondary-text-color\">Carlos Alexandre Guimar\u00e3es<\/span><\/li><li><span class=\"has-inline-color has-secondary-text-color\">Carolina Cunha Manhezzo<\/span><\/li><li><span class=\"has-inline-color has-secondary-text-color\">Franciele Sussai Luz Cavassani<\/span><\/li><li><span class=\"has-inline-color has-secondary-text-color\">Jos\u00e9 Cristiano Bento dos Santos<\/span><\/li><li><span class=\"has-inline-color has-secondary-text-color\">Kelen Clemente Silva<\/span><\/li><li><span class=\"has-inline-color has-secondary-text-color\">Lucinha Lodo Concei\u00e7\u00e3o [Na Biblioteca o nome \u00e9 \u201cL\u00facia\u201d]<\/span><\/li><li><span class=\"has-inline-color has-secondary-text-color\">Maria Fernanda Bleck Pereira<\/span><\/li><li><span class=\"has-inline-color has-secondary-text-color\">Natalia Pires Oliveira<\/span><\/li><li><span class=\"has-inline-color has-secondary-text-color\">Tamara Vieira<\/span><\/li><li><span class=\"has-inline-color has-secondary-text-color\">Walter Helmuth Diesel<\/span><\/li><\/ul>\n\n\n\n<p class=\"has-text-color\" style=\"color:#ffffff\">.<\/p>\n\n\n\n<p class=\"has-text-color\" style=\"color:#ffffff\">.<\/p>\n\n\n\n<p class=\"has-text-color\" style=\"color:#ffffff\">.<\/p>\n\n\n\n<div style=\"height:10px\" aria-hidden=\"true\" class=\"wp-block-spacer\"><\/div>\n\n\n\n<p><\/p>\n<\/div>\n<\/div>\n\n\n\n<div class=\"wp-block-column is-layout-flow wp-block-column-is-layout-flow\">\n<div class=\"wp-block-uel-card\">\n<h5 class=\"wp-block-heading\"><span class=\"has-inline-color has-primary-accent-color\">2019<\/span><\/h5>\n\n\n\n<div class=\"wp-block-columns is-layout-flex wp-container-core-columns-is-layout-9d6595d7 wp-block-columns-is-layout-flex\">\n<div class=\"wp-block-column is-layout-flow wp-block-column-is-layout-flow\">\n<ul class=\"has-secondary-text-color has-text-color wp-block-list\"><li>Agnes F\u00e9lix Gon\u00e7alves<\/li><li>Baruana Calado dos Santos<\/li><li>Cathy Mary do Nascimento Quintas<\/li><li>Clayton Denis Alino da Silva<\/li><li>David Pohl<\/li><li>Fabr\u00edcio Silva Lima<\/li><li>Fernando Giorgetti de Souza<\/li><li>Helena Carvalho Molina<\/li><li>Jo\u00e3o Fernando de Lima Parra<\/li><\/ul>\n<\/div>\n\n\n\n<div class=\"wp-block-column is-layout-flow wp-block-column-is-layout-flow\">\n<ul class=\"has-secondary-text-color has-text-color wp-block-list\"><li>La\u00eds Regina Kruczeveski<\/li><li>Lenir Candida de Assis<\/li><li>Leonardo Matias Fernandes de Sousa<\/li><li>Luana Kelsen Ferreira Costa<\/li><li>Maria Fernanda Vallejo Aristiz\u00e1bal<\/li><li>Mariana Pires de Souza<\/li><li>Pedro Henrique da Costa Carvalho<\/li><li>Vanessa Rezende de Santa Rosa Domingues<\/li><\/ul>\n<\/div>\n<\/div>\n\n\n\n<p><\/p>\n<\/div>\n<\/div>\n<\/div>\n<\/div>\n\n\n\n<div class=\"wp-block-uel-card\">\n<div class=\"wp-block-columns is-layout-flex wp-container-core-columns-is-layout-9d6595d7 wp-block-columns-is-layout-flex\">\n<div class=\"wp-block-column is-layout-flow wp-block-column-is-layout-flow\">\n<div class=\"wp-block-uel-card\">\n<h5 class=\"wp-block-heading\"><span class=\"has-inline-color has-primary-accent-color\">2018<\/span><\/h5>\n\n\n\n<ul class=\"has-secondary-text-color has-text-color wp-block-list\"><li>Ana Cl\u00e1udia Rodrigues de Oliveira<\/li><li>Ana Paula Lopes Bogas Perez<\/li><li>Anderson Alexandre Ferreira<\/li><li>Caio Cardoso de Moraes<\/li><li>Daiane Aparecida Alves Gomes<\/li><li>Diego Batista Rodrigues de Oliveira<\/li><li>Eduardo Baroni Borghi<\/li><li>Franceline Priscila Gusm\u00e3o<\/li><li>Kaique Matheus Cardoso<\/li><li>Lina Penati Ferreira<\/li><li>Lucas Silveira Andrade Martins<\/li><li>Luiz Fernando Pereira<\/li><li>M\u00e1rcio Roberto Vieira Ramos<\/li><li>Marcos Maia da Silva<\/li><li>Maryana Marcondes<\/li><li>Pedro Vinicius N. M. F. Rossi<\/li><li>Ra\u00edssa Regina Brugiato Rodrigues<\/li><li>Samuel Moreira Pavan<\/li><li>Thiago Jos\u00e9 da Rocha<\/li><\/ul>\n\n\n\n<p class=\"has-text-color\" style=\"color:#ffffff\">.<\/p>\n<\/div>\n<\/div>\n\n\n\n<div class=\"wp-block-column is-layout-flow wp-block-column-is-layout-flow\">\n<div class=\"wp-block-uel-card\">\n<h5 class=\"wp-block-heading\"><span class=\"has-inline-color has-primary-accent-color\">2017<\/span><\/h5>\n\n\n\n<ul class=\"has-secondary-text-color has-text-color wp-block-list\"><li>Aline Oliveira Gomes da Silva<\/li><li>Andr\u00e9ia Cristina da Cruz<\/li><li>Claudio Francisco Galdino<\/li><li>Diogo Pablos Florian<\/li><li>Helaine Christina Oliveira de Souza<\/li><li>Lucas Garcia<\/li><li>Tainan Rotter Begara Gomes<\/li><li>Thayara Rocha Silva<\/li><\/ul>\n\n\n\n<p><\/p>\n\n\n\n<p class=\"has-text-color\" style=\"color:#ffffff\">.<\/p>\n\n\n\n<p class=\"has-text-color\" style=\"color:#ffffff\">.<\/p>\n\n\n\n<p class=\"has-text-color\" style=\"color:#ffffff\">.<\/p>\n\n\n\n<p class=\"has-text-color\" style=\"color:#ffffff\">.<\/p>\n\n\n\n<p class=\"has-text-color\" style=\"color:#ffffff\">.<\/p>\n\n\n\n<p class=\"has-text-color\" style=\"color:#ffffff\">.<\/p>\n\n\n\n<p class=\"has-text-color\" style=\"color:#ffffff\">.<\/p>\n\n\n\n<p class=\"has-text-color\" style=\"color:#ffffff\">.<\/p>\n\n\n\n<p class=\"has-text-color\" style=\"color:#ffffff\">.<\/p>\n\n\n\n<p class=\"has-text-color\" style=\"color:#ffffff\">.<\/p>\n\n\n\n<div style=\"height:10px\" aria-hidden=\"true\" class=\"wp-block-spacer\"><\/div>\n\n\n\n<p><\/p>\n<\/div>\n<\/div>\n\n\n\n<div class=\"wp-block-column is-layout-flow wp-block-column-is-layout-flow\">\n<div class=\"wp-block-uel-card\">\n<h5 class=\"wp-block-heading\"><span class=\"has-inline-color has-primary-accent-color\">2016<\/span><\/h5>\n\n\n\n<ul class=\"has-secondary-text-color has-text-color wp-block-list\"><li>Cristiano Pinheiro Corr\u00eaa<\/li><li>Diego Greinert de Oliveira<\/li><li>Fernando Henrique Cardoso<\/li><li>Franciele Rodrigues<\/li><li>Isis Caroline Nagami<\/li><li>Jos\u00e9 Wilson Assis Neves J\u00fanior<\/li><li>Luiz Augusto Silva Ventura do Nascimento<\/li><li>Maria Graziele Bernardi<\/li><li>Marieni Luiza Brame<\/li><li>Meire Ellen Moreno<\/li><li>M\u00f4nica Dias Ribeiro<\/li><li>Rodrigo Camargo da Cruz<\/li><li>Samira do Prado Silva Meira<\/li><li>Simone Maria Boeira<\/li><li>Taynara Freitas Batista de Souza<\/li><li>Thayza de Oliveira<\/li><li>Vanderlei Frari<\/li><\/ul>\n\n\n\n<p class=\"has-text-color\" style=\"color:#ffffff\">.<\/p>\n\n\n\n<p class=\"has-text-color\" style=\"color:#ffffff\">.<\/p>\n\n\n\n<p class=\"has-text-color\" style=\"color:#ffffff\">.<\/p>\n\n\n\n<p class=\"has-text-color\" style=\"color:#ffffff\">.<\/p>\n\n\n\n<p><\/p>\n<\/div>\n<\/div>\n<\/div>\n<\/div>\n\n\n\n<div class=\"wp-block-columns is-layout-flex wp-container-core-columns-is-layout-9d6595d7 wp-block-columns-is-layout-flex\">\n<div class=\"wp-block-column is-layout-flow wp-block-column-is-layout-flow\"><\/div>\n\n\n\n<div class=\"wp-block-column is-layout-flow wp-block-column-is-layout-flow\"><\/div>\n<\/div>\n\n\n\n<div class=\"wp-block-columns is-layout-flex wp-container-core-columns-is-layout-9d6595d7 wp-block-columns-is-layout-flex\">\n<div class=\"wp-block-column is-layout-flow wp-block-column-is-layout-flow\"><\/div>\n\n\n\n<div class=\"wp-block-column is-layout-flow wp-block-column-is-layout-flow\"><\/div>\n\n\n\n<div class=\"wp-block-column is-layout-flow wp-block-column-is-layout-flow\"><\/div>\n<\/div>\n","protected":false},"excerpt":{"rendered":"<p>Mestrado<\/p>\n","protected":false},"author":9,"featured_media":0,"parent":0,"menu_order":0,"comment_status":"closed","ping_status":"closed","template":"page-templates\/template-without-title.php","meta":{"_acf_changed":false,"footnotes":""},"class_list":["post-216","page","type-page","status-publish","hentry"],"acf":[],"_links":{"self":[{"href":"https:\/\/pos.uel.br\/ppgsoc\/wp-json\/wp\/v2\/pages\/216","targetHints":{"allow":["GET"]}}],"collection":[{"href":"https:\/\/pos.uel.br\/ppgsoc\/wp-json\/wp\/v2\/pages"}],"about":[{"href":"https:\/\/pos.uel.br\/ppgsoc\/wp-json\/wp\/v2\/types\/page"}],"author":[{"embeddable":true,"href":"https:\/\/pos.uel.br\/ppgsoc\/wp-json\/wp\/v2\/users\/9"}],"replies":[{"embeddable":true,"href":"https:\/\/pos.uel.br\/ppgsoc\/wp-json\/wp\/v2\/comments?post=216"}],"version-history":[{"count":58,"href":"https:\/\/pos.uel.br\/ppgsoc\/wp-json\/wp\/v2\/pages\/216\/revisions"}],"predecessor-version":[{"id":1968,"href":"https:\/\/pos.uel.br\/ppgsoc\/wp-json\/wp\/v2\/pages\/216\/revisions\/1968"}],"wp:attachment":[{"href":"https:\/\/pos.uel.br\/ppgsoc\/wp-json\/wp\/v2\/media?parent=216"}],"curies":[{"name":"wp","href":"https:\/\/api.w.org\/{rel}","templated":true}]}}