{"id":2,"date":"2021-03-21T23:36:11","date_gmt":"2021-03-22T02:36:11","guid":{"rendered":"https:\/\/pos.uel.br\/ppgsoc\/?page_id=2"},"modified":"2026-03-06T14:35:17","modified_gmt":"2026-03-06T17:35:17","slug":"doutorado-2","status":"publish","type":"page","link":"https:\/\/pos.uel.br\/ppgsoc\/doutorado-2\/","title":{"rendered":"Doutorado"},"content":{"rendered":"\n<div class=\"wp-block-cover alignfull\"><img loading=\"lazy\" decoding=\"async\" width=\"1289\" height=\"861\" class=\"wp-block-cover__image-background wp-image-668\" alt=\"\" src=\"https:\/\/pos.uel.br\/ppgsoc\/wp-content\/uploads\/2021\/07\/pexels-element-digital-1370295-1-scaled-e1628559692527.jpg\" style=\"object-position:46% 48%\" data-object-fit=\"cover\" data-object-position=\"46% 48%\" \/><span aria-hidden=\"true\" class=\"wp-block-cover__background has-background-dim\"><\/span><div class=\"wp-block-cover__inner-container is-layout-flow wp-block-cover-is-layout-flow\">\n<p class=\"has-text-align-center has-large-font-size\"><strong>Doutorado <\/strong><\/p>\n<\/div><\/div>\n\n\n\n<div style=\"height:50px\" aria-hidden=\"true\" class=\"wp-block-spacer\"><\/div>\n\n\n\n<div class=\"wp-block-uel-card\">\n<h5 class=\"wp-block-heading\" id=\"estrutura-curricular\">Estrutura Curricular<\/h5>\n\n\n\n<p class=\"has-secondary-text-color has-text-color\">O estudante de Doutorado ter\u00e1 que integralizar 198 (cento e noventa e oito) cr\u00e9ditos, correspondentes a 2.970 (duas mil, novecentas e setenta) horas, assim distribu\u00eddas:<\/p>\n\n\n\n<ul class=\"wp-block-list\">\n<li>12 (doze) cr\u00e9ditos em disciplinas obrigat\u00f3rias;<\/li>\n\n\n\n<li>16 (dezesseis) cr\u00e9ditos em disciplinas eletivas;<\/li>\n\n\n\n<li>168 (cento e sessenta e oito) cr\u00e9ditos em Tese.<\/li>\n<\/ul>\n\n\n\n<p class=\"has-secondary-text-color has-text-color\">Dos 28 (vinte e oito) cr\u00e9ditos a serem cumpridos em disciplinas do Doutorado, poder\u00e3o ser convalidados cr\u00e9ditos provenientes do Doutorado e Mestrado em Ci\u00eancias Sociais, Sociologia ou de outros programas de p\u00f3s-gradua\u00e7\u00e3o Stricto Sensu com validade nacional, at\u00e9 o limite m\u00e1ximo de 12 (doze) cr\u00e9ditos, desde que aprovados pela Comiss\u00e3o Coordenadora do PPGSOC.<\/p>\n\n\n\n<p class=\"has-secondary-text-color has-text-color\">A rela\u00e7\u00e3o completa de disciplinas obrigat\u00f3rias e eletivas pode ser consultada <span class=\"has-inline-color has-primary-accent-color\"><a href=\"https:\/\/pos.uel.br\/ppgsoc\/wp-content\/uploads\/2021\/08\/Estrutura-curricular_Delib58-19.pdf\" data-type=\"URL\" target=\"_blank\" rel=\"noreferrer noopener\">aqui<\/a><\/span>.<\/p>\n<\/div>\n\n\n\n<div class=\"wp-block-uel-card\">\n<h5 class=\"wp-block-heading\" id=\"disciplinas-ofertadas\">Disciplinas Ofertadas <\/h5>\n\n\n\n<ul class=\"wp-block-list\">\n<li><a href=\"https:\/\/pos.uel.br\/ppgsoc\/wp-content\/uploads\/2021\/08\/Grade_disciplinas_PPGSOC_2021_1-1.pdf\" data-type=\"URL\" data-id=\"https:\/\/pos.uel.br\/ppgsoc\/wp-content\/uploads\/2021\/08\/Grade_disciplinas_PPGSOC_2021_1-1.pdf\" target=\"_blank\" rel=\"noreferrer noopener\">1\u00b0. Sem. 2021<\/a><\/li>\n\n\n\n<li><a href=\"https:\/\/pos.uel.br\/ppgsoc\/wp-content\/uploads\/2021\/08\/Quadro-de-Disciplinas-do-Programa-de-Pos-graduacao-em-Sociologia_2021_2.pdf\" data-type=\"URL\" target=\"_blank\" rel=\"noreferrer noopener\">2\u00b0. Sem. 2021<\/a><\/li>\n\n\n\n<li><a rel=\"noreferrer noopener\" href=\"https:\/\/pos.uel.br\/ppgsoc\/wp-content\/uploads\/2022\/01\/Quadro_horarios_disciplinas_2022_1.pdf\" target=\"_blank\">1\u00b0. Sem. 2022<\/a><\/li>\n\n\n\n<li><a rel=\"noreferrer noopener\" href=\"https:\/\/pos.uel.br\/ppgsoc\/wp-content\/uploads\/2022\/06\/Quadro_horarios_disciplinas_2022_2.pdf\" target=\"_blank\">2\u00b0. Sem. 2022<\/a><\/li>\n\n\n\n<li><a href=\"https:\/\/pos.uel.br\/ppgsoc\/wp-content\/uploads\/2023\/03\/Quadro_horarios_disciplinas_2023_1.pdf\" data-type=\"URL\" target=\"_blank\" rel=\"noreferrer noopener\">1\u00b0. Sem. 2023<\/a><\/li>\n\n\n\n<li><a href=\"https:\/\/drive.google.com\/file\/d\/1UqWaVy_VYOA4Vf1PZ4CdTByQDpj74E5i\/view?usp=sharing\" target=\"_blank\" rel=\"noreferrer noopener\">2\u00b0. Sem. 2023<\/a><\/li>\n\n\n\n<li><a href=\"https:\/\/drive.google.com\/file\/d\/1MphJLi1FJhyC0cT0ptVRcS4JtyiVAob-\/view?usp=sharing\">1\u00b0. Sem. 2024<\/a><\/li>\n\n\n\n<li><a href=\"https:\/\/drive.google.com\/file\/d\/1MOYGtFjv5draXd9IhUigY1TDACO1lSG7\/view?usp=sharing\">2\u00b0 Sem. 2024<\/a><\/li>\n\n\n\n<li><a href=\"https:\/\/drive.google.com\/file\/d\/1mYq50W7vkugkHYIh1QfBoC9Hbi1dQV7G\/view?usp=sharing\">1\u00b0. Sem. 2025<\/a><\/li>\n\n\n\n<li><a href=\"https:\/\/drive.google.com\/file\/d\/1cJvdQm7Oco0O6OI_A0Ag7hjVP7TLku4T\/view?usp=sharing\">2\u00b0. Sem. 2025<\/a><\/li>\n\n\n\n<li><a href=\"https:\/\/drive.google.com\/file\/d\/1t3LZJZle2KQ-8wI6LRbMhbgIQrUd1Y50\/view?usp=sharing\" data-type=\"link\" data-id=\"https:\/\/drive.google.com\/file\/d\/1t3LZJZle2KQ-8wI6LRbMhbgIQrUd1Y50\/view?usp=sharing\">1\u00ba. Sem. 2026<\/a><\/li>\n<\/ul>\n<\/div>\n\n\n\n<div class=\"wp-block-columns is-layout-flex wp-container-core-columns-is-layout-9d6595d7 wp-block-columns-is-layout-flex\">\n<div class=\"wp-block-column is-layout-flow wp-block-column-is-layout-flow\" style=\"flex-basis:100%\">\n<div class=\"wp-block-uel-card\">\n<h5 class=\"wp-block-heading\" id=\"percurso-de-formacao\">Percurso de Forma\u00e7\u00e3o <\/h5>\n\n\n\n<p class=\"has-secondary-text-color has-text-color\">O Percurso de Forma\u00e7\u00e3o sugerido pelo PPGSOC\/UEL baseia-se na experi\u00eancia ideal de forma\u00e7\u00e3o, considerando os benef\u00edcios para estudantes e programa.<\/p>\n\n\n\n<figure class=\"wp-block-image alignfull size-large\"><a href=\"https:\/\/pos.uel.br\/ppgsoc\/wp-content\/uploads\/2021\/08\/percurso-doutorado.png\" target=\"_blank\" rel=\"noopener\"><img loading=\"lazy\" decoding=\"async\" width=\"1024\" height=\"426\" src=\"https:\/\/pos.uel.br\/ppgsoc\/wp-content\/uploads\/2021\/08\/percurso-doutorado-1024x426.png\" alt=\"\" class=\"wp-image-1702\" srcset=\"https:\/\/pos.uel.br\/ppgsoc\/wp-content\/uploads\/2021\/08\/percurso-doutorado-1024x426.png 1024w, https:\/\/pos.uel.br\/ppgsoc\/wp-content\/uploads\/2021\/08\/percurso-doutorado-300x125.png 300w, https:\/\/pos.uel.br\/ppgsoc\/wp-content\/uploads\/2021\/08\/percurso-doutorado-768x320.png 768w, https:\/\/pos.uel.br\/ppgsoc\/wp-content\/uploads\/2021\/08\/percurso-doutorado-1536x639.png 1536w, https:\/\/pos.uel.br\/ppgsoc\/wp-content\/uploads\/2021\/08\/percurso-doutorado-2048x852.png 2048w\" sizes=\"auto, (max-width: 1024px) 100vw, 1024px\" \/><\/a><\/figure>\n\n\n\n<p class=\"has-secondary-text-color has-text-color\" style=\"font-size:10px\">* Alternativamente, pode-se cursar duas eletivas de 2 cr\u00e9ditos, a depender das condi\u00e7\u00f5es de oferta<\/p>\n\n\n\n<p class=\"has-secondary-text-color has-text-color\" style=\"font-size:10px\">** O exama de qualifica\u00e7\u00e3o deve ser realizado depois de comprovada a profici\u00eanica em l\u00edngua estrangeira e a integraliza\u00e7\u00e3o dos cr\u00e9ditos em disciplina (exceto Tese), em no m\u00e1ximo 30 meses ap\u00f3s o ingresso no programa.<\/p>\n\n\n\n<p class=\"has-secondary-text-color has-text-color\" style=\"font-size:10px\">*** A defesa da tese dever\u00e1 ser realizada at\u00e9 48 meses ap\u00f3s o ingresso no programa. Este prazo poder\u00e1 ser prorrogado atrav\u00e9s de 02 (dois) pedidos distintos de at\u00e9 06 (seis) meses cada um, respeitando o Regimento do PPGSOC, por solicita\u00e7\u00e3o justificada pelo\/a estudante, ouvido o\/a Orientador\/a e a Coordena\u00e7\u00e3o do Programa. O segundo pedido \u00e9 analisado pelo Colegiado Acad\u00e9mico.<\/p>\n<\/div>\n<\/div>\n<\/div>\n\n\n\n<div style=\"height:25px\" aria-hidden=\"true\" class=\"wp-block-spacer\"><\/div>\n\n\n\n<p><\/p>\n","protected":false},"excerpt":{"rendered":"","protected":false},"author":1,"featured_media":0,"parent":0,"menu_order":0,"comment_status":"closed","ping_status":"closed","template":"page-templates\/template-without-title.php","meta":{"_acf_changed":false,"footnotes":""},"class_list":["post-2","page","type-page","status-publish","hentry"],"acf":[],"_links":{"self":[{"href":"https:\/\/pos.uel.br\/ppgsoc\/wp-json\/wp\/v2\/pages\/2","targetHints":{"allow":["GET"]}}],"collection":[{"href":"https:\/\/pos.uel.br\/ppgsoc\/wp-json\/wp\/v2\/pages"}],"about":[{"href":"https:\/\/pos.uel.br\/ppgsoc\/wp-json\/wp\/v2\/types\/page"}],"author":[{"embeddable":true,"href":"https:\/\/pos.uel.br\/ppgsoc\/wp-json\/wp\/v2\/users\/1"}],"replies":[{"embeddable":true,"href":"https:\/\/pos.uel.br\/ppgsoc\/wp-json\/wp\/v2\/comments?post=2"}],"version-history":[{"count":43,"href":"https:\/\/pos.uel.br\/ppgsoc\/wp-json\/wp\/v2\/pages\/2\/revisions"}],"predecessor-version":[{"id":3993,"href":"https:\/\/pos.uel.br\/ppgsoc\/wp-json\/wp\/v2\/pages\/2\/revisions\/3993"}],"wp:attachment":[{"href":"https:\/\/pos.uel.br\/ppgsoc\/wp-json\/wp\/v2\/media?parent=2"}],"curies":[{"name":"wp","href":"https:\/\/api.w.org\/{rel}","templated":true}]}}