{"id":1923,"date":"2021-10-04T14:52:02","date_gmt":"2021-10-04T17:52:02","guid":{"rendered":"https:\/\/pos.uel.br\/ppgsoc\/?page_id=1923"},"modified":"2021-10-04T14:52:03","modified_gmt":"2021-10-04T17:52:03","slug":"becas","status":"publish","type":"page","link":"https:\/\/pos.uel.br\/ppgsoc\/es\/becas\/","title":{"rendered":"Becas"},"content":{"rendered":"\n<div style=\"height:56px\" aria-hidden=\"true\" class=\"wp-block-spacer\"><\/div>\n\n\n\n<div class=\"wp-block-cover has-background-dim\"><img decoding=\"async\" class=\"wp-block-cover__image-background wp-image-1551\" alt=\"\" src=\"https:\/\/pos.uel.br\/ppgsoc\/wp-content\/uploads\/2021\/08\/pexels-ron-lach-8085938-scaled.jpg\" data-object-fit=\"cover\"\/><div class=\"wp-block-cover__inner-container is-layout-flow wp-block-cover-is-layout-flow\">\n<p class=\"has-text-align-center has-large-font-size\"><strong>Becas<\/strong><\/p>\n<\/div><\/div>\n\n\n\n<div style=\"height:31px\" aria-hidden=\"true\" class=\"wp-block-spacer\"><\/div>\n\n\n\n<p><span class=\"has-inline-color has-secondary-text-color\">El PPGSOC\/UEL cuenta con 10 becas de M\u00e1ster y 6 de Doctorado del <a rel=\"noreferrer noopener\" href=\"https:\/\/www.gov.br\/capes\/pt-br\/acesso-a-informacao\/acoes-e-programas\/bolsas\/bolsas-no-pais\/programa-de-demanda-social-ds\" target=\"_blank\">Programa de Demanda Social<\/a> (DS) de la CAPES. Estas becas son gestionadas por el Comit\u00e9 de Becas de acuerdo con los criterios definidos por la <a href=\"http:\/\/cad.capes.gov.br\/ato-administrativo-detalhar?idAtoAdmElastic=741#anchor\" target=\"_blank\" rel=\"noreferrer noopener\">Ordenanza n\u00ba 076\/2010<\/a> y otras normas que rigen el funcionamiento del Programa de Demanda Social. La beca de maestr\u00eda suele estar reservada a los estudiantes extranjeros que ingresan al PPGSOC\/UEL a trav\u00e9s del <a href=\"https:\/\/www.gcub.org.br\/programas\/programa-bolsas-brasil-paec-oea-gcub\/\" target=\"_blank\" rel=\"noreferrer noopener\">Programa de Becas Brasil PAEC OEA-GCUB<\/a>. Las dem\u00e1s becas se distribuyen\/renuevan de acuerdo con los requisitos definidos en las Convocatorias espec\u00edficas que se lanzan cada 12 meses, normalmente al inicio de los semestres acad\u00e9micos de admisi\u00f3n de las nuevas promociones de los programas de M\u00e1ster y Doctorado<\/span><\/p>\n","protected":false},"excerpt":{"rendered":"<p>El PPGSOC\/UEL cuenta con 10 becas de M\u00e1ster y 6 de Doctorado del Programa de Demanda Social (DS) de la CAPES. Estas becas son gestionadas por el Comit\u00e9 de Becas de acuerdo con los criterios definidos por la Ordenanza n\u00ba 076\/2010 y otras normas que rigen el funcionamiento del Programa de Demanda Social. La beca [&hellip;]<\/p>\n","protected":false},"author":8,"featured_media":0,"parent":0,"menu_order":0,"comment_status":"closed","ping_status":"closed","template":"page-templates\/template-without-title.php","meta":{"_acf_changed":false,"footnotes":""},"class_list":["post-1923","page","type-page","status-publish","hentry"],"acf":[],"_links":{"self":[{"href":"https:\/\/pos.uel.br\/ppgsoc\/wp-json\/wp\/v2\/pages\/1923","targetHints":{"allow":["GET"]}}],"collection":[{"href":"https:\/\/pos.uel.br\/ppgsoc\/wp-json\/wp\/v2\/pages"}],"about":[{"href":"https:\/\/pos.uel.br\/ppgsoc\/wp-json\/wp\/v2\/types\/page"}],"author":[{"embeddable":true,"href":"https:\/\/pos.uel.br\/ppgsoc\/wp-json\/wp\/v2\/users\/8"}],"replies":[{"embeddable":true,"href":"https:\/\/pos.uel.br\/ppgsoc\/wp-json\/wp\/v2\/comments?post=1923"}],"version-history":[{"count":1,"href":"https:\/\/pos.uel.br\/ppgsoc\/wp-json\/wp\/v2\/pages\/1923\/revisions"}],"predecessor-version":[{"id":1925,"href":"https:\/\/pos.uel.br\/ppgsoc\/wp-json\/wp\/v2\/pages\/1923\/revisions\/1925"}],"wp:attachment":[{"href":"https:\/\/pos.uel.br\/ppgsoc\/wp-json\/wp\/v2\/media?parent=1923"}],"curies":[{"name":"wp","href":"https:\/\/api.w.org\/{rel}","templated":true}]}}