{"id":1920,"date":"2021-10-04T14:45:16","date_gmt":"2021-10-04T17:45:16","guid":{"rendered":"https:\/\/pos.uel.br\/ppgsoc\/?page_id=1920"},"modified":"2021-10-04T18:33:59","modified_gmt":"2021-10-04T21:33:59","slug":"quien-somos","status":"publish","type":"page","link":"https:\/\/pos.uel.br\/ppgsoc\/es\/quien-somos\/","title":{"rendered":"Qui\u00e9n Somos"},"content":{"rendered":"\n<div style=\"height:62px\" aria-hidden=\"true\" class=\"wp-block-spacer\"><\/div>\n\n\n\n<div class=\"wp-block-cover aligncenter has-background-dim\"><img loading=\"lazy\" decoding=\"async\" width=\"1024\" height=\"712\" class=\"wp-block-cover__image-background wp-image-564\" alt=\"\" src=\"https:\/\/pos.uel.br\/ppgsoc\/wp-content\/uploads\/2021\/07\/pexels-pixabay-355952-1024x712.jpg\" style=\"object-position:49% 29%\" data-object-fit=\"cover\" data-object-position=\"49% 29%\"\/><div class=\"wp-block-cover__inner-container is-layout-flow wp-block-cover-is-layout-flow\">\n<p class=\"has-text-align-center has-large-font-size\"><strong>Qui\u00e9n Somos<\/strong><\/p>\n<\/div><\/div>\n\n\n\n<div style=\"height:56px\" aria-hidden=\"true\" class=\"wp-block-spacer\"><\/div>\n\n\n\n<div class=\"wp-block-uel-card\">\n<h5 class=\"has-primary-accent-color has-text-color wp-block-heading\">Qui\u00e9n Somos<\/h5>\n\n\n\n<p class=\"has-secondary-text-color has-text-color\">Con m\u00e1s de 20 a\u00f1os de existencia, el Programa de Posgrado en Sociolog\u00eda de la Universidade Estadual de Londrina (PGSOC\/UEL) es un programa <em>stricto-sensu<\/em> consolidado que ofrece programas de maestr\u00eda y doctorado en Sociolog\u00eda. Ambos cursos obtuvieron el Concepto 4 en la Evaluaci\u00f3n Cuatrienal 2017-2020 de la Coordinaci\u00f3n para el Perfeccionamiento del Personal de Nivel Superior (CAPES). El PPGSOC\/UEL ocupa un espacio importante en el Sistema Nacional de Posgrado, siendo el \u00fanico en Paran\u00e1 que ofrece el curso de Doctorado en Sociolog\u00eda fuera de la capital, Curitiba. Promueve estudios avanzados y actividades de investigaci\u00f3n en los diversos temas de la Sociolog\u00eda, articulados en dos L\u00edneas de Investigaci\u00f3n tituladas &#8220;Estado, Gobernanza y Democracia&#8221; y &#8220;Desigualdades, Ciudadan\u00eda y Cultura&#8221;.&nbsp;&nbsp;<\/p>\n<\/div>\n\n\n\n<div class=\"wp-block-uel-card\">\n<h5 class=\"has-primary-accent-color has-text-color wp-block-heading\">Objetivos<\/h5>\n\n\n\n<ul type=\"a\" class=\"has-secondary-text-color has-text-color wp-block-list\"><li>Promover la formaci\u00f3n te\u00f3rica, metodol\u00f3gica y pr\u00e1ctica de soci\u00f3logos capaces de actuar en la docencia, la investigaci\u00f3n, la consultor\u00eda y la elaboraci\u00f3n de pol\u00edticas p\u00fablicas y proyectos en organizaciones gubernamentales, no gubernamentales o privadas;<\/li><li>Producir y difundir conocimientos sociol\u00f3gicos de alto impacto cient\u00edfico y social, contribuyendo a la comprensi\u00f3n de la sociedad brasile\u00f1a y a la resoluci\u00f3n de problemas a nivel local, regional y nacional;<\/li><\/ul>\n<\/div>\n\n\n\n<div class=\"wp-block-uel-card\">\n<h5 class=\"is-style-highlighted-heading has-primary-accent-color has-text-color wp-block-heading\"><span class=\"has-inline-color has-primary-accent-color\">Misi\u00f3n<\/span><\/h5>\n\n\n\n<p class=\"has-secondary-text-color has-text-color\"><span class=\"has-inline-color has-secondary-text-color\">El PPGSOC\/UEL tiene como misi\u00f3n producir conocimiento de alto impacto social y cient\u00edfico en el \u00e1rea de la Sociolog\u00eda, as\u00ed como formar profesionales con maestr\u00eda y doctores para actuar en las actividades de docencia, investigaci\u00f3n, consultor\u00eda y desarrollo de pol\u00edticas p\u00fablicas y proyectos de acuerdo con los requerimientos del Sistema Nacional de Posgrado.<\/span>&nbsp;&nbsp;<\/p>\n<\/div>\n","protected":false},"excerpt":{"rendered":"","protected":false},"author":8,"featured_media":0,"parent":0,"menu_order":0,"comment_status":"closed","ping_status":"closed","template":"page-templates\/template-without-title.php","meta":{"_acf_changed":false,"footnotes":""},"class_list":["post-1920","page","type-page","status-publish","hentry"],"acf":[],"_links":{"self":[{"href":"https:\/\/pos.uel.br\/ppgsoc\/wp-json\/wp\/v2\/pages\/1920","targetHints":{"allow":["GET"]}}],"collection":[{"href":"https:\/\/pos.uel.br\/ppgsoc\/wp-json\/wp\/v2\/pages"}],"about":[{"href":"https:\/\/pos.uel.br\/ppgsoc\/wp-json\/wp\/v2\/types\/page"}],"author":[{"embeddable":true,"href":"https:\/\/pos.uel.br\/ppgsoc\/wp-json\/wp\/v2\/users\/8"}],"replies":[{"embeddable":true,"href":"https:\/\/pos.uel.br\/ppgsoc\/wp-json\/wp\/v2\/comments?post=1920"}],"version-history":[{"count":4,"href":"https:\/\/pos.uel.br\/ppgsoc\/wp-json\/wp\/v2\/pages\/1920\/revisions"}],"predecessor-version":[{"id":2036,"href":"https:\/\/pos.uel.br\/ppgsoc\/wp-json\/wp\/v2\/pages\/1920\/revisions\/2036"}],"wp:attachment":[{"href":"https:\/\/pos.uel.br\/ppgsoc\/wp-json\/wp\/v2\/media?parent=1920"}],"curies":[{"name":"wp","href":"https:\/\/api.w.org\/{rel}","templated":true}]}}