{"id":192,"date":"2021-07-20T15:55:30","date_gmt":"2021-07-20T18:55:30","guid":{"rendered":"https:\/\/pos.uel.br\/ppgsoc\/?page_id=192"},"modified":"2021-09-14T16:51:40","modified_gmt":"2021-09-14T19:51:40","slug":"responsa-dos-as-estudantes","status":"publish","type":"page","link":"https:\/\/pos.uel.br\/ppgsoc\/responsa-dos-as-estudantes\/","title":{"rendered":"Reponsabilidades dos estudantes"},"content":{"rendered":"\n<div class=\"wp-block-cover alignfull has-background-dim\"><img decoding=\"async\" class=\"wp-block-cover__image-background wp-image-649\" alt=\"\" src=\"https:\/\/pos.uel.br\/ppgsoc\/wp-content\/uploads\/2021\/07\/pexels-romka-2034373-scaled.jpg\" style=\"object-position:49% 42%\" data-object-fit=\"cover\" data-object-position=\"49% 42%\"\/><div class=\"wp-block-cover__inner-container is-layout-flow wp-block-cover-is-layout-flow\">\n<p class=\"has-text-align-center has-large-font-size\"><strong>Responsabilidades dos\/as estudantes <\/strong><\/p>\n<\/div><\/div>\n\n\n\n<div style=\"height:50px\" aria-hidden=\"true\" class=\"wp-block-spacer\"><\/div>\n\n\n\n<div class=\"wp-block-uel-card\">\n<div class=\"wp-block-media-text alignfull has-media-on-the-right is-stacked-on-mobile is-vertically-aligned-center\" style=\"grid-template-columns:auto 45%\"><figure class=\"wp-block-media-text__media\"><img loading=\"lazy\" decoding=\"async\" width=\"2560\" height=\"1707\" src=\"https:\/\/pos.uel.br\/ppgsoc\/wp-content\/uploads\/2021\/09\/pexels-vlada-karpovich-4050315-1-scaled.jpg\" alt=\"\" class=\"wp-image-1833 size-full\" srcset=\"https:\/\/pos.uel.br\/ppgsoc\/wp-content\/uploads\/2021\/09\/pexels-vlada-karpovich-4050315-1-scaled.jpg 2560w, https:\/\/pos.uel.br\/ppgsoc\/wp-content\/uploads\/2021\/09\/pexels-vlada-karpovich-4050315-1-300x200.jpg 300w, https:\/\/pos.uel.br\/ppgsoc\/wp-content\/uploads\/2021\/09\/pexels-vlada-karpovich-4050315-1-1024x683.jpg 1024w, https:\/\/pos.uel.br\/ppgsoc\/wp-content\/uploads\/2021\/09\/pexels-vlada-karpovich-4050315-1-768x512.jpg 768w\" sizes=\"auto, (max-width: 2560px) 100vw, 2560px\" \/><\/figure><div class=\"wp-block-media-text__content\">\n<p>  A matr\u00edcula no PPGSOC\/UEL pressup\u00f5e a aceita\u00e7\u00e3o das suas normas. Portanto, nenhum\/a estudante pode alegar impossibilidade de cumprir as exig\u00eancias estabelecidas nessas normas, que est\u00e3o dispon\u00edveis na p\u00e1gina <a rel=\"noreferrer noopener\" href=\"https:\/\/pos.uel.br\/ppgsoc\/normas\/\" data-type=\"URL\" data-id=\"https:\/\/pos.uel.br\/ppgsoc\/normas\/\" target=\"_blank\"><span class=\"has-inline-color has-primary-accent-color\">Normas<\/span><\/a>.    <\/p>\n\n\n\n<p>Ao ingressar no programa, os\/as estudantes tamb\u00e9m devem atentar \u00e0s suas responsabilidades <a rel=\"noreferrer noopener\" href=\"https:\/\/pos.uel.br\/ppgsoc\/wp-content\/uploads\/2021\/08\/Responsabilidades_documento-1.pdf\" data-type=\"URL\" data-id=\"https:\/\/pos.uel.br\/ppgsoc\/wp-content\/uploads\/2021\/08\/Responsabilidades_documento-1.pdf\" target=\"_blank\"><span class=\"has-inline-color has-primary-accent-color\">(ver aqui).<\/span><\/a> <\/p>\n<\/div><\/div>\n<\/div>\n\n\n\n<p><\/p>\n","protected":false},"excerpt":{"rendered":"","protected":false},"author":9,"featured_media":0,"parent":0,"menu_order":0,"comment_status":"closed","ping_status":"closed","template":"page-templates\/template-without-title.php","meta":{"_acf_changed":false,"footnotes":""},"class_list":["post-192","page","type-page","status-publish","hentry"],"acf":[],"_links":{"self":[{"href":"https:\/\/pos.uel.br\/ppgsoc\/wp-json\/wp\/v2\/pages\/192","targetHints":{"allow":["GET"]}}],"collection":[{"href":"https:\/\/pos.uel.br\/ppgsoc\/wp-json\/wp\/v2\/pages"}],"about":[{"href":"https:\/\/pos.uel.br\/ppgsoc\/wp-json\/wp\/v2\/types\/page"}],"author":[{"embeddable":true,"href":"https:\/\/pos.uel.br\/ppgsoc\/wp-json\/wp\/v2\/users\/9"}],"replies":[{"embeddable":true,"href":"https:\/\/pos.uel.br\/ppgsoc\/wp-json\/wp\/v2\/comments?post=192"}],"version-history":[{"count":22,"href":"https:\/\/pos.uel.br\/ppgsoc\/wp-json\/wp\/v2\/pages\/192\/revisions"}],"predecessor-version":[{"id":1837,"href":"https:\/\/pos.uel.br\/ppgsoc\/wp-json\/wp\/v2\/pages\/192\/revisions\/1837"}],"wp:attachment":[{"href":"https:\/\/pos.uel.br\/ppgsoc\/wp-json\/wp\/v2\/media?parent=192"}],"curies":[{"name":"wp","href":"https:\/\/api.w.org\/{rel}","templated":true}]}}