{"id":153,"date":"2021-07-20T14:45:27","date_gmt":"2021-07-20T17:45:27","guid":{"rendered":"https:\/\/pos.uel.br\/ppgsoc\/?page_id=153"},"modified":"2021-08-09T22:08:53","modified_gmt":"2021-08-10T01:08:53","slug":"grupos-de-pesquisa-2","status":"publish","type":"page","link":"https:\/\/pos.uel.br\/ppgsoc\/grupos-de-pesquisa-2\/","title":{"rendered":"Grupos de pesquisa"},"content":{"rendered":"\n<div class=\"wp-block-cover alignfull has-background-dim\"><img decoding=\"async\" class=\"wp-block-cover__image-background wp-image-686\" alt=\"\" src=\"https:\/\/pos.uel.br\/ppgsoc\/wp-content\/uploads\/2021\/07\/pexels-anna-shvets-5324970-scaled.jpg\" style=\"object-position:50% 34%\" data-object-fit=\"cover\" data-object-position=\"50% 34%\"\/><div class=\"wp-block-cover__inner-container is-layout-flow wp-block-cover-is-layout-flow\">\n<p class=\"has-text-align-center has-large-font-size\"><strong>Grupos de pesquisa <\/strong><\/p>\n<\/div><\/div>\n\n\n\n<div style=\"height:50px\" aria-hidden=\"true\" class=\"wp-block-spacer\"><\/div>\n\n\n\n<div class=\"wp-block-columns is-layout-flex wp-container-core-columns-is-layout-9d6595d7 wp-block-columns-is-layout-flex\">\n<div class=\"wp-block-column is-layout-flow wp-block-column-is-layout-flow\">\n<div class=\"wp-block-uel-card\">\n<h4 class=\"wp-block-heading\">Linha 1 &#8211; Estado, Governan\u00e7a e Democracia<\/h4>\n\n\n\n<ul class=\"has-secondary-text-color has-text-color wp-block-list\"><li><a rel=\"noreferrer noopener\" href=\"http:\/\/dgp.cnpq.br\/dgp\/espelhogrupo\/9033990908253299\" data-type=\"URL\" data-id=\"http:\/\/dgp.cnpq.br\/dgp\/espelhogrupo\/9033990908253299\" target=\"_blank\">Desenvolvimento social e desenvolvimento humano.<\/a><\/li><li><a rel=\"noreferrer noopener\" href=\"http:\/\/dgp.cnpq.br\/dgp\/espelhogrupo\/5574154277884285\" data-type=\"URL\" data-id=\"http:\/\/dgp.cnpq.br\/dgp\/espelhogrupo\/5574154277884285\" target=\"_blank\">Estado e democracia.<\/a><\/li><li><a rel=\"noreferrer noopener\" href=\"http:\/\/dgp.cnpq.br\/dgp\/espelhogrupo\/3851295186036005\" data-type=\"URL\" data-id=\"http:\/\/dgp.cnpq.br\/dgp\/espelhogrupo\/3851295186036005\" target=\"_blank\">GENTT &#8211; Grupo de Estudos sobre Novas Tecnologias e Trabalho.<\/a><\/li><li><a rel=\"noreferrer noopener\" href=\"http:\/\/dgp.cnpq.br\/dgp\/espelhogrupo\/2183170671585864\" data-type=\"URL\" data-id=\"http:\/\/dgp.cnpq.br\/dgp\/espelhogrupo\/2183170671585864\" target=\"_blank\">Grupo de Pesquisa Estudos em Teoria Pol\u00edtica (GETePol).<\/a><\/li><li><a rel=\"noreferrer noopener\" href=\"http:\/\/dgp.cnpq.br\/dgp\/espelhogrupo\/0004931884313923\" data-type=\"URL\" data-id=\"http:\/\/dgp.cnpq.br\/dgp\/espelhogrupo\/0004931884313923\" target=\"_blank\">Grupo de Pesquisa teoria&amp;pol\u00edtica.edu<\/a>.<\/li><li><a rel=\"noreferrer noopener\" href=\"http:\/\/www.legsuel.org\" data-type=\"URL\" data-id=\"http:\/\/www.legsuel.org\" target=\"_blank\">Laborat\u00f3rio de Estudos sobre Governan\u00e7a da Seguran\u00e7a \u2013 LEGS.<\/a><\/li><li><a rel=\"noreferrer noopener\" href=\"http:\/\/dgp.cnpq.br\/dgp\/espelhogrupo\/7884061001140167\" data-type=\"URL\" data-id=\"http:\/\/dgp.cnpq.br\/dgp\/espelhogrupo\/7884061001140167\" target=\"_blank\">LENPES Laborat\u00f3rio de Ensino, Pesquisa e Extens\u00e3o de Sociologia.<\/a><\/li><li><a rel=\"noreferrer noopener\" href=\"http:\/\/dgp.cnpq.br\/dgp\/espelhogrupo\/9470495387341835\" data-type=\"URL\" data-id=\"http:\/\/dgp.cnpq.br\/dgp\/espelhogrupo\/9470495387341835\" target=\"_blank\">LEPP &#8211; Laborat\u00f3rio de Estudos de Popula\u00e7\u00e3o e Pol\u00edticas P\u00fablicas.<\/a><\/li><li><a rel=\"noreferrer noopener\" href=\"http:\/\/dgp.cnpq.br\/dgp\/espelhogrupo\/1228673057159451\" data-type=\"URL\" data-id=\"http:\/\/dgp.cnpq.br\/dgp\/espelhogrupo\/1228673057159451\" target=\"_blank\">Observat\u00f3rio de Popula\u00e7\u00f5es e Pol\u00edticas P\u00fablicas.<\/a><\/li><\/ul>\n<\/div>\n<\/div>\n\n\n\n<div class=\"wp-block-column is-layout-flow wp-block-column-is-layout-flow\">\n<div class=\"wp-block-uel-card\">\n<h4 class=\"wp-block-heading\">Linha 2 &#8211; Desigualdade, Cidadania e Cultura <\/h4>\n\n\n\n<ul class=\"has-secondary-text-color has-text-color wp-block-list\"><li><a rel=\"noreferrer noopener\" href=\"http:\/\/dgp.cnpq.br\/dgp\/espelhogrupo\/7870751681649582\" data-type=\"URL\" data-id=\"http:\/\/dgp.cnpq.br\/dgp\/espelhogrupo\/7870751681649582\" target=\"_blank\">A\u00e7\u00f5es afirmativas para o ensino superior.<\/a><\/li><li><a rel=\"noreferrer noopener\" href=\"http:\/\/dgp.cnpq.br\/dgp\/espelhogrupo\/7077278870190324\" data-type=\"URL\" data-id=\"http:\/\/dgp.cnpq.br\/dgp\/espelhogrupo\/7077278870190324\" target=\"_blank\">Educa\u00e7\u00e3o e Religi\u00e3o.<\/a><\/li><li><a rel=\"noreferrer noopener\" href=\"http:\/\/dgp.cnpq.br\/dgp\/espelhogrupo\/5847455520995721\" data-type=\"URL\" data-id=\"http:\/\/dgp.cnpq.br\/dgp\/espelhogrupo\/5847455520995721\" target=\"_blank\">Espa\u00e7o social, estruturas e pr\u00e1ticas urbanas.<\/a><\/li><li><a rel=\"noreferrer noopener\" href=\"http:\/\/dgp.cnpq.br\/dgp\/espelhogrupo\/0076508730122748\" data-type=\"URL\" data-id=\"http:\/\/dgp.cnpq.br\/dgp\/espelhogrupo\/0076508730122748\" target=\"_blank\">G\u00eanero, Corporalidades, Direitos Humanos e Pol\u00edticas P\u00fablicas.<\/a><\/li><li><a rel=\"noreferrer noopener\" href=\"http:\/\/dgp.cnpq.br\/dgp\/espelhogrupo\/3545920793676826\" data-type=\"URL\" data-id=\"http:\/\/dgp.cnpq.br\/dgp\/espelhogrupo\/3545920793676826\" target=\"_blank\">GEPAL &#8211; Grupo de Estudos de Pol\u00edtica da Am\u00e9rica Latina.<\/a><\/li><li><a rel=\"noreferrer noopener\" href=\"http:\/\/dgp.cnpq.br\/dgp\/espelhogrupo\/8928694754299754\" data-type=\"URL\" data-id=\"http:\/\/dgp.cnpq.br\/dgp\/espelhogrupo\/8928694754299754\" target=\"_blank\">Iniciativa Socioambiental.<\/a><\/li><li><a rel=\"noreferrer noopener\" href=\"http:\/\/dgp.cnpq.br\/dgp\/espelhogrupo\/6362802432804695\" data-type=\"URL\" data-id=\"http:\/\/dgp.cnpq.br\/dgp\/espelhogrupo\/6362802432804695\" target=\"_blank\">Sociabilidades e as dimens\u00f5es do simb\u00f3lico: cultura, educa\u00e7\u00e3o, sa\u00fade e religiosidades.<\/a><\/li><\/ul>\n\n\n\n<p class=\"has-text-color\" style=\"color:#ffffff\">.<\/p>\n\n\n\n<p class=\"has-text-color\" style=\"color:#ffffff\">.<\/p>\n\n\n\n<div style=\"height:14px\" aria-hidden=\"true\" class=\"wp-block-spacer\"><\/div>\n<\/div>\n<\/div>\n<\/div>\n\n\n\n<div class=\"wp-block-columns is-layout-flex wp-container-core-columns-is-layout-9d6595d7 wp-block-columns-is-layout-flex\">\n<div class=\"wp-block-column is-layout-flow wp-block-column-is-layout-flow\">\n<div style=\"height:25px\" aria-hidden=\"true\" class=\"wp-block-spacer\"><\/div>\n\n\n\n<p><\/p>\n<\/div>\n\n\n\n<div class=\"wp-block-column is-layout-flow wp-block-column-is-layout-flow\">\n<p><\/p>\n<\/div>\n<\/div>\n\n\n\n<p><\/p>\n","protected":false},"excerpt":{"rendered":"","protected":false},"author":9,"featured_media":0,"parent":0,"menu_order":0,"comment_status":"closed","ping_status":"closed","template":"page-templates\/template-without-title.php","meta":{"_acf_changed":false,"footnotes":""},"class_list":["post-153","page","type-page","status-publish","hentry"],"acf":[],"_links":{"self":[{"href":"https:\/\/pos.uel.br\/ppgsoc\/wp-json\/wp\/v2\/pages\/153","targetHints":{"allow":["GET"]}}],"collection":[{"href":"https:\/\/pos.uel.br\/ppgsoc\/wp-json\/wp\/v2\/pages"}],"about":[{"href":"https:\/\/pos.uel.br\/ppgsoc\/wp-json\/wp\/v2\/types\/page"}],"author":[{"embeddable":true,"href":"https:\/\/pos.uel.br\/ppgsoc\/wp-json\/wp\/v2\/users\/9"}],"replies":[{"embeddable":true,"href":"https:\/\/pos.uel.br\/ppgsoc\/wp-json\/wp\/v2\/comments?post=153"}],"version-history":[{"count":22,"href":"https:\/\/pos.uel.br\/ppgsoc\/wp-json\/wp\/v2\/pages\/153\/revisions"}],"predecessor-version":[{"id":1566,"href":"https:\/\/pos.uel.br\/ppgsoc\/wp-json\/wp\/v2\/pages\/153\/revisions\/1566"}],"wp:attachment":[{"href":"https:\/\/pos.uel.br\/ppgsoc\/wp-json\/wp\/v2\/media?parent=153"}],"curies":[{"name":"wp","href":"https:\/\/api.w.org\/{rel}","templated":true}]}}