{"id":12,"date":"2021-04-29T13:56:38","date_gmt":"2021-04-29T16:56:38","guid":{"rendered":"https:\/\/pos.uel.br\/ppgsoc\/?page_id=12"},"modified":"2021-08-09T20:56:36","modified_gmt":"2021-08-09T23:56:36","slug":"planejamento-e-avaliacao","status":"publish","type":"page","link":"https:\/\/pos.uel.br\/ppgsoc\/planejamento-e-avaliacao\/","title":{"rendered":"Planejamento"},"content":{"rendered":"\n<div class=\"wp-block-cover alignfull has-background-dim\"><img decoding=\"async\" class=\"wp-block-cover__image-background wp-image-580\" alt=\"\" src=\"https:\/\/pos.uel.br\/ppgsoc\/wp-content\/uploads\/2021\/07\/pexels-canva-studio-3194519-scaled.jpg\" style=\"object-position:46% 21%\" data-object-fit=\"cover\" data-object-position=\"46% 21%\"\/><div class=\"wp-block-cover__inner-container is-layout-flow wp-block-cover-is-layout-flow\">\n<p class=\"has-text-align-center has-large-font-size\"><strong>Planejamento e autoavalia\u00e7\u00e3o<\/strong><\/p>\n<\/div><\/div>\n\n\n\n<div style=\"height:50px\" aria-hidden=\"true\" class=\"wp-block-spacer\"><\/div>\n\n\n\n<div class=\"wp-block-uel-card\">\n<h4 class=\"has-primary-accent-color has-text-color wp-block-heading\"><strong><span style=\"color:#00753b\" class=\"has-inline-color\">Planejamento Estrat\u00e9gico <\/span><\/strong><\/h4>\n\n\n\n<p><span class=\"has-inline-color has-secondary-text-color\">Ao longo do segundo semestre de 2020 e in\u00edcio de 2021, o PPGSOC\/UEL realizou uma s\u00e9rie de atividades no \u00e2mbito do <em>I Semin\u00e1rio de Autoavalia\u00e7\u00e3o do PPGSOC\/UEL: diagn\u00f3stico, metas e estrat\u00e9gias<\/em> que resultaram na defini\u00e7\u00e3o do Planejamento Estrat\u00e9gico do Programa (PEP) para o quadri\u00eanio 2021-2024. O PEP pode ser acessado <\/span><span class=\"has-inline-color has-primary-accent-color\"><a href=\"https:\/\/pos.uel.br\/ppgsoc\/wp-content\/uploads\/2021\/08\/Planejamento-Estrategico_v.site_.pdf\" data-type=\"URL\" data-id=\"https:\/\/pos.uel.br\/ppgsoc\/wp-content\/uploads\/2021\/08\/Planejamento-Estrategico_v.site_.pdf\" target=\"_blank\" rel=\"noreferrer noopener\">aqui.<\/a><\/span><\/p>\n<\/div>\n\n\n\n<div class=\"wp-block-uel-card\">\n<h4 class=\"wp-block-heading\"><span class=\"has-inline-color has-primary-accent-color\">Projeto de Autoavalia\u00e7\u00e3o Institucional <\/span><\/h4>\n\n\n\n<p><span class=\"has-inline-color has-secondary-text-color\">O Projeto de Autoavalia\u00e7\u00e3o do Programa (PAP) apresenta a pol\u00edtica de autoavalia\u00e7\u00e3o aprovada pelo Colegiado Acad\u00eamico do PPGSOC\/UEL em reuni\u00e3o ampliada realizada em 07 de dezembro de 2020, por ocasi\u00e3o do encerramento do <em>I Semin\u00e1rio de Autoavalia\u00e7\u00e3o do PPGSOC\/UEL: diagn\u00f3stico, metas e estrat\u00e9gias<\/em>. O PAP pode ser acessado <\/span><a href=\"https:\/\/pos.uel.br\/ppgsoc\/wp-content\/uploads\/2021\/08\/Projeto-de-Autoavaliacao-do-ppgsoc_aprov_dez.20-e-ajust_fev.21_v.site_-1.pdf\" data-type=\"URL\" data-id=\"https:\/\/pos.uel.br\/ppgsoc\/wp-content\/uploads\/2021\/08\/Projeto-de-Autoavaliacao-do-ppgsoc_aprov_dez.20-e-ajust_fev.21_v.site_-1.pdf\" target=\"_blank\" rel=\"noreferrer noopener\"><span class=\"has-inline-color has-primary-accent-color\">aqui<\/span>.<\/a><\/p>\n<\/div>\n\n\n\n<p><\/p>\n","protected":false},"excerpt":{"rendered":"","protected":false},"author":7,"featured_media":0,"parent":0,"menu_order":0,"comment_status":"closed","ping_status":"closed","template":"page-templates\/template-without-title.php","meta":{"_acf_changed":false,"footnotes":""},"class_list":["post-12","page","type-page","status-publish","hentry"],"acf":[],"_links":{"self":[{"href":"https:\/\/pos.uel.br\/ppgsoc\/wp-json\/wp\/v2\/pages\/12","targetHints":{"allow":["GET"]}}],"collection":[{"href":"https:\/\/pos.uel.br\/ppgsoc\/wp-json\/wp\/v2\/pages"}],"about":[{"href":"https:\/\/pos.uel.br\/ppgsoc\/wp-json\/wp\/v2\/types\/page"}],"author":[{"embeddable":true,"href":"https:\/\/pos.uel.br\/ppgsoc\/wp-json\/wp\/v2\/users\/7"}],"replies":[{"embeddable":true,"href":"https:\/\/pos.uel.br\/ppgsoc\/wp-json\/wp\/v2\/comments?post=12"}],"version-history":[{"count":22,"href":"https:\/\/pos.uel.br\/ppgsoc\/wp-json\/wp\/v2\/pages\/12\/revisions"}],"predecessor-version":[{"id":1537,"href":"https:\/\/pos.uel.br\/ppgsoc\/wp-json\/wp\/v2\/pages\/12\/revisions\/1537"}],"wp:attachment":[{"href":"https:\/\/pos.uel.br\/ppgsoc\/wp-json\/wp\/v2\/media?parent=12"}],"curies":[{"name":"wp","href":"https:\/\/api.w.org\/{rel}","templated":true}]}}