{"id":114,"date":"2021-07-20T14:41:52","date_gmt":"2021-07-20T17:41:52","guid":{"rendered":"https:\/\/pos.uel.br\/ppgsoc\/?page_id=114"},"modified":"2026-03-06T14:33:14","modified_gmt":"2026-03-06T17:33:14","slug":"normas","status":"publish","type":"page","link":"https:\/\/pos.uel.br\/ppgsoc\/normas\/","title":{"rendered":"Normas e formul\u00e1rios"},"content":{"rendered":"\n<div class=\"wp-block-cover alignfull\"><img decoding=\"async\" class=\"wp-block-cover__image-background wp-image-597\" alt=\"\" src=\"https:\/\/pos.uel.br\/ppgsoc\/wp-content\/uploads\/2021\/07\/pexels-ekaterina-bolovtsova-6077600-scaled.jpg\" data-object-fit=\"cover\" \/><span aria-hidden=\"true\" class=\"wp-block-cover__background has-background-dim\"><\/span><div class=\"wp-block-cover__inner-container is-layout-flow wp-block-cover-is-layout-flow\">\n<p class=\"has-text-align-center has-large-font-size\"><strong>Normas<\/strong> <strong>e formul\u00e1rios<\/strong><\/p>\n<\/div><\/div>\n\n\n\n<div style=\"height:50px\" aria-hidden=\"true\" class=\"wp-block-spacer\"><\/div>\n\n\n\n<h2 class=\"wp-block-heading\" id=\"normas\">Normas<\/h2>\n\n\n\n<div style=\"height:20px\" aria-hidden=\"true\" class=\"wp-block-spacer\"><\/div>\n\n\n\n<div class=\"wp-block-columns is-layout-flex wp-container-core-columns-is-layout-9d6595d7 wp-block-columns-is-layout-flex\">\n<div class=\"wp-block-column is-layout-flow wp-block-column-is-layout-flow\">\n<div class=\"wp-block-uel-card\">\n<h4 class=\"wp-block-heading has-text-align-left has-primary-text-color has-text-color\" id=\"funcionamento\" style=\"line-height:1.3\">Funcionamento<\/h4>\n\n\n\n<p class=\"has-site-background-color has-text-color\"><a href=\"https:\/\/pos.uel.br\/ppgsoc\/wp-content\/uploads\/2022\/03\/Regimento-PPGSOC_Resolucao-CEPE-35-2020.pdf\" target=\"_blank\" rel=\"noreferrer noopener\">Regimento do PPGSOC\/UEL (at\u00e9 turmas 2022)<\/a><\/p>\n\n\n\n<p class=\"has-site-background-color has-text-color\"><a href=\"https:\/\/pos.uel.br\/ppgsoc\/wp-content\/uploads\/2022\/12\/Regimento-PPGSOC_Resolucao-CEPE-98-2022_turmas-a-partir-de-2023.pdf\" target=\"_blank\" rel=\"noreferrer noopener\">Regimento do PPGSOC\/UEL (turmas 2023 em diante)<\/a><\/p>\n<\/div>\n<\/div>\n\n\n\n<div class=\"wp-block-column is-layout-flow wp-block-column-is-layout-flow\">\n<div class=\"wp-block-uel-card\">\n<h4 class=\"wp-block-heading has-text-align-left\" id=\"estrutura-curricular\" style=\"line-height:1.3\"><strong>Estrutura curricular<\/strong><\/h4>\n\n\n\n<p><a href=\"https:\/\/pos.uel.br\/ppgsoc\/wp-content\/uploads\/2021\/08\/Estrutura-curricular_Delib58-19.pdf\" target=\"_blank\" rel=\"noreferrer noopener\">Estrutura (Delibera\u00e7\u00e3o N\u00b0 058\/2019)<\/a><\/p>\n\n\n\n<p class=\"has-site-background-color has-text-color\">&#8230;&#8230;..<\/p>\n<\/div>\n<\/div>\n<\/div>\n\n\n\n<div class=\"wp-block-columns is-layout-flex wp-container-core-columns-is-layout-9d6595d7 wp-block-columns-is-layout-flex\">\n<div class=\"wp-block-column is-layout-flow wp-block-column-is-layout-flow\">\n<div class=\"wp-block-uel-card\">\n<h4 class=\"wp-block-heading has-text-align-left has-primary-text-color has-text-color\" id=\"bolsas-de-estudo\" style=\"line-height:1.3\">Bolsas de estudo<\/h4>\n\n\n\n<p class=\"has-primary-accent-color has-text-color\"><a href=\"https:\/\/drive.google.com\/file\/d\/1XXsTQdsB6LX2xLiUvIOiVkDj4GLgFRUa\/view\">Normas para bolsas de Estudo (Normativa 001\/2026)<\/a><\/p>\n\n\n\n<p class=\"has-site-background-color has-text-color\">.<\/p>\n<\/div>\n<\/div>\n\n\n\n<div class=\"wp-block-column is-layout-flow wp-block-column-is-layout-flow\">\n<div class=\"wp-block-uel-card\">\n<h4 class=\"wp-block-heading is-style-default has-primary-text-color has-text-color\" id=\"proficiencia-em-lingua-inglesa\">Profici\u00eancia em L\u00edngua Inglesa<\/h4>\n\n\n\n<p><a href=\"https:\/\/pos.uel.br\/ppgsoc\/wp-content\/uploads\/2021\/09\/Normativa_001_2021_Comprovacao_Proficiencia_PPGSOC.pdf\" target=\"_blank\" rel=\"noreferrer noopener\">Normativa 001\/2021 (at\u00e9 turmas 2022)<\/a><\/p>\n\n\n\n<p><a href=\"https:\/\/pos.uel.br\/ppgsoc\/wp-content\/uploads\/2023\/02\/Normativa_001_2023_Normas-Proficiencia_turmas_2023_em_diante.pdf\" target=\"_blank\" rel=\"noreferrer noopener\">Normativa 001\/2023 (turmas 2023 em diante)<\/a><\/p>\n<\/div>\n<\/div>\n<\/div>\n\n\n\n<div class=\"wp-block-columns is-layout-flex wp-container-core-columns-is-layout-9d6595d7 wp-block-columns-is-layout-flex\">\n<div class=\"wp-block-column is-layout-flow wp-block-column-is-layout-flow\"><\/div>\n\n\n\n<div class=\"wp-block-column is-layout-flow wp-block-column-is-layout-flow\">\n<p><\/p>\n<\/div>\n<\/div>\n\n\n\n<h2 class=\"wp-block-heading\" id=\"formularios\">Formul\u00e1rios<\/h2>\n\n\n\n<div style=\"height:20px\" aria-hidden=\"true\" class=\"wp-block-spacer\"><\/div>\n\n\n\n<div class=\"wp-block-columns is-layout-flex wp-container-core-columns-is-layout-9d6595d7 wp-block-columns-is-layout-flex\">\n<div class=\"wp-block-column is-layout-flow wp-block-column-is-layout-flow\">\n<div class=\"wp-block-uel-card\">\n<h4 class=\"wp-block-heading has-primary-text-color has-text-color\" id=\"termo-de-compromisso-de-bolsista\">Termo de Compromisso de Bolsista<\/h4>\n\n\n\n<p><a href=\"https:\/\/docs.google.com\/document\/d\/1kfTZTHm-LPTS_USwNUy6tCadM0A9BiJo\/edit?usp=sharing&amp;ouid=105366657097191352425&amp;rtpof=true&amp;sd=true\">Termo a ser assinado por bolsistas CAPES\/DS<\/a><\/p>\n<\/div>\n<\/div>\n\n\n\n<div class=\"wp-block-column is-layout-flow wp-block-column-is-layout-flow\">\n<div class=\"wp-block-uel-card\">\n<h4 class=\"wp-block-heading has-primary-text-color has-text-color\" id=\"ficha-de-cadastramento-de-bolsista\">Ficha de Cadastramento de Bolsista<\/h4>\n\n\n\n<p><a href=\"https:\/\/pos.uel.br\/ppgsoc\/wp-content\/uploads\/2021\/09\/1-MCadastro-Bolsista-CAPES-DS.xls\" target=\"_blank\" rel=\"noreferrer noopener\">Ficha a ser preenchida por bolsistas CAPES\/DS<\/a><\/p>\n<\/div>\n<\/div>\n<\/div>\n\n\n\n<div class=\"wp-block-columns is-layout-flex wp-container-core-columns-is-layout-9d6595d7 wp-block-columns-is-layout-flex\">\n<div class=\"wp-block-column is-layout-flow wp-block-column-is-layout-flow\" style=\"flex-basis:100%\">\n<div class=\"wp-block-columns is-layout-flex wp-container-core-columns-is-layout-9d6595d7 wp-block-columns-is-layout-flex\">\n<div class=\"wp-block-column is-layout-flow wp-block-column-is-layout-flow\">\n<div class=\"wp-block-columns is-layout-flex wp-container-core-columns-is-layout-9d6595d7 wp-block-columns-is-layout-flex\">\n<div class=\"wp-block-column is-layout-flow wp-block-column-is-layout-flow\">\n<div class=\"wp-block-uel-card\">\n<h4 class=\"wp-block-heading has-primary-text-color has-text-color\" id=\"termo-de-entrega-da-dissertacao-tese\">Termo de entrega da disserta\u00e7\u00e3o\/tese <\/h4>\n\n\n\n<p><a href=\"https:\/\/pos.uel.br\/cienciasdasaude\/wp-content\/uploads\/2021\/05\/TermoEntregaDissertacao.pdf\" target=\"_blank\" rel=\"noreferrer noopener\">Termo de entrega da disserta\u00e7\u00e3o\/tese \u00e0 Biblioteca Central da UEL<\/a><\/p>\n\n\n\n<p><\/p>\n<\/div>\n<\/div>\n\n\n\n<div class=\"wp-block-column is-layout-flow wp-block-column-is-layout-flow\">\n<div class=\"wp-block-uel-card\">\n<h4 class=\"wp-block-heading\" id=\"termo-de-publicacao-da-dissertacao-tese\">Termo de publica\u00e7\u00e3o da disserta\u00e7\u00e3o\/tese<\/h4>\n\n\n\n<p><a href=\"https:\/\/pos.uel.br\/cienciasdasaude\/wp-content\/uploads\/2021\/05\/TermoEntregaDissertacao.pdf\" target=\"_blank\" rel=\"noreferrer noopener\">Termo de autoriza\u00e7\u00e3o para publica\u00e7\u00e3o de disserta\u00e7\u00e3o\/tese na Biblioteca Digital da UEL<\/a><\/p>\n\n\n\n<p><\/p>\n<\/div>\n\n\n\n<p><\/p>\n<\/div>\n<\/div>\n<\/div>\n<\/div>\n<\/div>\n<\/div>\n\n\n\n<p><\/p>\n","protected":false},"excerpt":{"rendered":"<p>Normas Formul\u00e1rios<\/p>\n","protected":false},"author":9,"featured_media":0,"parent":0,"menu_order":0,"comment_status":"closed","ping_status":"closed","template":"page-templates\/template-without-title.php","meta":{"_acf_changed":false,"footnotes":""},"class_list":["post-114","page","type-page","status-publish","hentry"],"acf":[],"_links":{"self":[{"href":"https:\/\/pos.uel.br\/ppgsoc\/wp-json\/wp\/v2\/pages\/114","targetHints":{"allow":["GET"]}}],"collection":[{"href":"https:\/\/pos.uel.br\/ppgsoc\/wp-json\/wp\/v2\/pages"}],"about":[{"href":"https:\/\/pos.uel.br\/ppgsoc\/wp-json\/wp\/v2\/types\/page"}],"author":[{"embeddable":true,"href":"https:\/\/pos.uel.br\/ppgsoc\/wp-json\/wp\/v2\/users\/9"}],"replies":[{"embeddable":true,"href":"https:\/\/pos.uel.br\/ppgsoc\/wp-json\/wp\/v2\/comments?post=114"}],"version-history":[{"count":87,"href":"https:\/\/pos.uel.br\/ppgsoc\/wp-json\/wp\/v2\/pages\/114\/revisions"}],"predecessor-version":[{"id":3991,"href":"https:\/\/pos.uel.br\/ppgsoc\/wp-json\/wp\/v2\/pages\/114\/revisions\/3991"}],"wp:attachment":[{"href":"https:\/\/pos.uel.br\/ppgsoc\/wp-json\/wp\/v2\/media?parent=114"}],"curies":[{"name":"wp","href":"https:\/\/api.w.org\/{rel}","templated":true}]}}