{"id":10,"date":"2021-04-29T13:56:38","date_gmt":"2021-04-29T16:56:38","guid":{"rendered":"https:\/\/pos.uel.br\/ppgsoc\/?page_id=10"},"modified":"2023-03-06T09:44:22","modified_gmt":"2023-03-06T12:44:22","slug":"sobre","status":"publish","type":"page","link":"https:\/\/pos.uel.br\/ppgsoc\/sobre\/","title":{"rendered":"Sobre"},"content":{"rendered":"\n<div class=\"wp-block-columns is-layout-flex wp-container-core-columns-is-layout-9d6595d7 wp-block-columns-is-layout-flex\">\n<div class=\"wp-block-column has-primary-accent-color has-text-color is-layout-flow wp-block-column-is-layout-flow\">\n<div style=\"height:50px\" aria-hidden=\"true\" class=\"wp-block-spacer\"><\/div>\n\n\n\n<div class=\"wp-block-cover alignfull\"><span aria-hidden=\"true\" class=\"wp-block-cover__background has-background-dim\"><\/span><img loading=\"lazy\" decoding=\"async\" width=\"1024\" height=\"712\" class=\"wp-block-cover__image-background wp-image-564\" alt=\"\" src=\"https:\/\/pos.uel.br\/ppgsoc\/wp-content\/uploads\/2021\/07\/pexels-pixabay-355952-1024x712.jpg\" style=\"object-position:49% 29%\" data-object-fit=\"cover\" data-object-position=\"49% 29%\"\/><div class=\"wp-block-cover__inner-container is-layout-flow wp-block-cover-is-layout-flow\">\n<p class=\"has-text-align-center has-large-font-size\"><strong>Sobre<\/strong><\/p>\n<\/div><\/div>\n<\/div>\n<\/div>\n\n\n\n<div class=\"wp-block-uel-card\">\n<h5 class=\"has-primary-accent-color has-text-color wp-block-heading\">Quem somos<\/h5>\n\n\n\n<p class=\"has-secondary-text-color has-text-color\">Com mais de 20 anos de exist\u00eancia, o Programa de P\u00f3s-gradua\u00e7\u00e3o em Sociologia da Universidade Estadual de Londrina (PGSOC\/UEL) \u00e9 um programa stricto-sensu consolidado que oferece os cursos de Mestrado e Doutorado em Sociologia. Ambos os cursos obtiveram o Conceito 4 na Avalia\u00e7\u00e3o Quadrienal 2017-2020 da Coordena\u00e7\u00e3o de Aperfei\u00e7oamento de Pessoal de N\u00edvel Superior (CAPES). O PPGSOC\/UEL ocupa importante espa\u00e7o no Sistema Nacional de P\u00f3s-gradua\u00e7\u00e3o, sendo o \u00fanico do Paran\u00e1 que oferece o curso de Doutorado em Sociologia fora da capital, Curitiba. Ele promove estudos avan\u00e7ados e atividades de pesquisa nas v\u00e1rias tem\u00e1ticas da Sociologia, articuladas em duas <a rel=\"noreferrer noopener\" href=\"https:\/\/pos.uel.br\/ppgsoc\/linhas-de-pesquisa\/\" data-type=\"URL\" data-id=\"https:\/\/pos.uel.br\/ppgsoc\/linhas-de-pesquisa\/\" target=\"_blank\"><span class=\"has-inline-color has-primary-accent-color\">Linhas de Pesquisa<\/span> <\/a>intituladas \u201cEstado, Governan\u00e7a e Democracia\u201d e \u201cDesigualdades, Cidadania e Cultura\u201d.&nbsp;<\/p>\n<\/div>\n\n\n\n<div class=\"wp-block-uel-card\">\n<h5 class=\"has-primary-accent-color has-text-color wp-block-heading\">Objetivos<\/h5>\n\n\n\n<ul class=\"wp-block-list\" type=\"a\">\n<li><mark style=\"background-color:rgba(0, 0, 0, 0)\" class=\"has-inline-color has-secondary-text-color\">Promover a forma\u00e7\u00e3o te\u00f3rica, metodol\u00f3gica e pr\u00e1tica de soci\u00f3logos aptos a atuar em atividades de ensino, pesquisa, consultoria e elabora\u00e7\u00e3o de pol\u00edticas p\u00fablicas e projetos em organiza\u00e7\u00f5es governamentais, n\u00e3o-governamentais ou privadas;<\/mark><\/li>\n\n\n\n<li><mark style=\"background-color:rgba(0, 0, 0, 0)\" class=\"has-inline-color has-secondary-text-color\">Produzir e disseminar conhecimento sociol\u00f3gico de alto impacto cient\u00edfico e social, contribuindo para a compreens\u00e3o da sociedade brasileira e para a resolu\u00e7\u00e3o de problemas nos n\u00edveis local, regional e nacional;<\/mark><\/li>\n<\/ul>\n<\/div>\n\n\n\n<div class=\"wp-block-uel-card\">\n<h5 class=\"is-style-highlighted-heading has-primary-accent-color has-text-color wp-block-heading\"><mark style=\"background-color:rgba(0, 0, 0, 0)\" class=\"has-inline-color has-primary-accent-color\">Miss\u00e3o<\/mark><\/h5>\n\n\n\n<p class=\"has-secondary-text-color has-text-color\"><mark style=\"background-color:rgba(0, 0, 0, 0)\" class=\"has-inline-color has-secondary-text-color\">O PPGSOC\/UEL tem como\u00a0miss\u00e3o\u00a0produzir conhecimento de alto impacto social e cient\u00edfico na \u00e1rea de Sociologia, bem como formar mestres e doutores para atuar nas atividades de ensino, pesquisa, consultoria e desenvolvimento de pol\u00edticas p\u00fablicas e projetos de acordo com as exig\u00eancias do Sistema Nacional de P\u00f3s-gradua\u00e7\u00e3o<\/mark>.\u00a0\u00a0<\/p>\n<\/div>\n\n\n\n<div class=\"wp-block-uel-card\">\n<h5 class=\"has-primary-accent-color has-text-color wp-block-heading\">Hist\u00f3ria<\/h5>\n\n\n\n<figure class=\"wp-block-image alignwide size-large is-style-default\"><img loading=\"lazy\" decoding=\"async\" width=\"1024\" height=\"427\" src=\"https:\/\/pos.uel.br\/ppgsoc\/wp-content\/uploads\/2021\/08\/linha-do-tempo-ppgsoc-oficial-1024x427.png\" alt=\"\" class=\"wp-image-1130\" srcset=\"https:\/\/pos.uel.br\/ppgsoc\/wp-content\/uploads\/2021\/08\/linha-do-tempo-ppgsoc-oficial-1024x427.png 1024w, https:\/\/pos.uel.br\/ppgsoc\/wp-content\/uploads\/2021\/08\/linha-do-tempo-ppgsoc-oficial-300x125.png 300w, https:\/\/pos.uel.br\/ppgsoc\/wp-content\/uploads\/2021\/08\/linha-do-tempo-ppgsoc-oficial-768x320.png 768w, https:\/\/pos.uel.br\/ppgsoc\/wp-content\/uploads\/2021\/08\/linha-do-tempo-ppgsoc-oficial-1536x641.png 1536w\" sizes=\"auto, (max-width: 1024px) 100vw, 1024px\" \/><\/figure>\n<\/div>\n\n\n\n<div class=\"wp-block-uel-card\">\n<h5 class=\"has-primary-accent-color has-text-color wp-block-heading\">Logomarca<\/h5>\n\n\n\n<div class=\"wp-block-columns is-layout-flex wp-container-core-columns-is-layout-9d6595d7 wp-block-columns-is-layout-flex\">\n<div class=\"wp-block-column is-layout-flow wp-block-column-is-layout-flow\">\n<p><mark style=\"background-color:rgba(0, 0, 0, 0)\" class=\"has-inline-color has-secondary-text-color\">A logomarca do PPGSOC\/UEL usa uma tipografia moderna e a letra \u201cS\u201d de \u201csociedade\u201d e \u201csociologia\u201d para facilitar o reconhecimento e a comunica\u00e7\u00e3o do programa com o seu p\u00fablico alvo. A letra \u00e9 formada por um conjunto de c\u00edrculos conectados que visam representar a pluralidade de rela\u00e7\u00f5es sociais entre indiv\u00edduos e\/ou grupos sociais, que constitui o objeto de estudo elementar da sociologia.<\/mark><\/p>\n\n\n\n<p><mark style=\"background-color:rgba(0, 0, 0, 0)\" class=\"has-inline-color has-secondary-text-color\">A logo pode ser baixada em diversos formatos clicando-se na imagem ao lado. Ela deve ser usada apenas em documentos oficiais ou em atividades explicitamente apoiadas pelo programa, respeitando-se as diretrizes do <\/mark><mark style=\"background-color:rgba(0, 0, 0, 0)\" class=\"has-inline-color has-primary-accent-color\"><a rel=\"noreferrer noopener\" href=\"https:\/\/pos.uel.br\/ppgsoc\/wp-content\/uploads\/2021\/08\/PPGSOC_Manual-ID-visual.pdf\" target=\"_blank\">Manual de Identidade Visual<\/a><\/mark><mark style=\"background-color:rgba(0, 0, 0, 0)\" class=\"has-inline-color has-secondary-text-color\">.<\/mark><\/p>\n<\/div>\n\n\n\n<div class=\"wp-block-column is-layout-flow wp-block-column-is-layout-flow\">\n<figure class=\"wp-block-image size-large\"><a href=\"https:\/\/drive.google.com\/drive\/folders\/1l8sxRTuzDuxf1-jtrcvHPdEGuHxR3ItP?usp=sharing\"><img loading=\"lazy\" decoding=\"async\" width=\"1024\" height=\"846\" src=\"https:\/\/pos.uel.br\/ppgsoc\/wp-content\/uploads\/2021\/08\/Familia_logo_site-1024x846.jpeg\" alt=\"\" class=\"wp-image-1716\" srcset=\"https:\/\/pos.uel.br\/ppgsoc\/wp-content\/uploads\/2021\/08\/Familia_logo_site-1024x846.jpeg 1024w, https:\/\/pos.uel.br\/ppgsoc\/wp-content\/uploads\/2021\/08\/Familia_logo_site-300x248.jpeg 300w, https:\/\/pos.uel.br\/ppgsoc\/wp-content\/uploads\/2021\/08\/Familia_logo_site-768x635.jpeg 768w, https:\/\/pos.uel.br\/ppgsoc\/wp-content\/uploads\/2021\/08\/Familia_logo_site.jpeg 1280w\" sizes=\"auto, (max-width: 1024px) 100vw, 1024px\" \/><\/a><\/figure>\n<\/div>\n<\/div>\n<\/div>\n\n\n\n<p><\/p>\n","protected":false},"excerpt":{"rendered":"","protected":false},"author":7,"featured_media":0,"parent":0,"menu_order":0,"comment_status":"closed","ping_status":"closed","template":"page-templates\/template-without-title.php","meta":{"_acf_changed":false,"footnotes":""},"class_list":["post-10","page","type-page","status-publish","hentry"],"acf":[],"_links":{"self":[{"href":"https:\/\/pos.uel.br\/ppgsoc\/wp-json\/wp\/v2\/pages\/10","targetHints":{"allow":["GET"]}}],"collection":[{"href":"https:\/\/pos.uel.br\/ppgsoc\/wp-json\/wp\/v2\/pages"}],"about":[{"href":"https:\/\/pos.uel.br\/ppgsoc\/wp-json\/wp\/v2\/types\/page"}],"author":[{"embeddable":true,"href":"https:\/\/pos.uel.br\/ppgsoc\/wp-json\/wp\/v2\/users\/7"}],"replies":[{"embeddable":true,"href":"https:\/\/pos.uel.br\/ppgsoc\/wp-json\/wp\/v2\/comments?post=10"}],"version-history":[{"count":76,"href":"https:\/\/pos.uel.br\/ppgsoc\/wp-json\/wp\/v2\/pages\/10\/revisions"}],"predecessor-version":[{"id":2782,"href":"https:\/\/pos.uel.br\/ppgsoc\/wp-json\/wp\/v2\/pages\/10\/revisions\/2782"}],"wp:attachment":[{"href":"https:\/\/pos.uel.br\/ppgsoc\/wp-json\/wp\/v2\/media?parent=10"}],"curies":[{"name":"wp","href":"https:\/\/api.w.org\/{rel}","templated":true}]}}