{"id":867,"date":"2025-02-09T21:50:18","date_gmt":"2025-02-10T00:50:18","guid":{"rendered":"https:\/\/pos.uel.br\/ppgel\/?page_id=867"},"modified":"2025-09-17T10:19:57","modified_gmt":"2025-09-17T13:19:57","slug":"processo-de-selecao","status":"publish","type":"page","link":"https:\/\/pos.uel.br\/ppgel\/processo-de-selecao\/","title":{"rendered":"Processo de Sele\u00e7\u00e3o- Estudantes Regulares"},"content":{"rendered":"\n<div style=\"height:68px\" aria-hidden=\"true\" class=\"wp-block-spacer\"><\/div>\n\n\n\n<p>O Processo de Sele\u00e7\u00e3o de Estudantes Regulares ocorre atrav\u00e9s de editais, eis os editais deste quadri\u00eanio:<\/p>\n\n\n\n<p><a href=\"https:\/\/pos.uel.br\/ppgel\/wp-content\/uploads\/2025\/09\/Edital-19-Retificacao.docx.pdf\">2025 Edital 19\/2025 &#8211;  Edital de Sele\u00e7\u00e3o Discente &#8211; Retifica\u00e7\u00e3o<\/a><\/p>\n\n\n\n<p><a href=\"https:\/\/pos.uel.br\/ppgel\/wp-content\/uploads\/2025\/09\/Edital_17-2025-RETIFICACAO.pdf\">2025 &#8211; Edital 17\/2025 &#8211; SELE\u00c7\u00c3O DISCENTE &#8211; Retifica\u00e7\u00e3o<\/a> <a href=\"https:\/\/pos.uel.br\/ppgel\/wp-content\/uploads\/2025\/09\/Edital_17-2025-RETIFICACAO.pdf\" data-type=\"link\" data-id=\"https:\/\/pos.uel.br\/ppgel\/wp-content\/uploads\/2025\/05\/RevisadoEdital_11_2024-normas-e-procedimentos-da-selecao_M_D.pdf\" target=\"_blank\" rel=\"noreferrer noopener\"><img loading=\"lazy\" decoding=\"async\" width=\"210\" height=\"74\" class=\"wp-image-1080\" style=\"width: 80px\" src=\"https:\/\/pos.uel.br\/ppgel\/wp-content\/uploads\/2025\/05\/BOTAO-SITE.png\" alt=\"\"><\/a><\/p>\n\n\n\n<p><a href=\"https:\/\/pos.uel.br\/ppgel\/wp-content\/uploads\/2025\/09\/Edital_15_2025-normas-e-procedimentos-da-selecao_M_D.docx-1.pdf\">2025 &#8211; Edital 15\/2025- SELE\u00c7\u00c3O DISCENTE<\/a> <a href=\"https:\/\/pos.uel.br\/ppgel\/wp-content\/uploads\/2025\/09\/Edital_15_2025-normas-e-procedimentos-da-selecao_M_D.docx-1.pdf\" data-type=\"link\" data-id=\"https:\/\/pos.uel.br\/ppgel\/wp-content\/uploads\/2025\/05\/RevisadoEdital_11_2024-normas-e-procedimentos-da-selecao_M_D.pdf\" target=\"_blank\" rel=\"noreferrer noopener\"><img loading=\"lazy\" decoding=\"async\" width=\"210\" height=\"74\" class=\"wp-image-1080\" style=\"width: 80px\" src=\"https:\/\/pos.uel.br\/ppgel\/wp-content\/uploads\/2025\/05\/BOTAO-SITE.png\" alt=\"\"><\/a><\/p>\n\n\n\n<p>2024-Edital N. 11\/2024 \u2013 SELE\u00c7\u00c3O DISCENTE  <a href=\"https:\/\/pos.uel.br\/ppgel\/wp-content\/uploads\/2025\/05\/RevisadoEdital_11_2024-normas-e-procedimentos-da-selecao_M_D.pdf\" data-type=\"link\" data-id=\"https:\/\/pos.uel.br\/ppgel\/wp-content\/uploads\/2025\/05\/RevisadoEdital_11_2024-normas-e-procedimentos-da-selecao_M_D.pdf\" target=\"_blank\" rel=\"noreferrer noopener\"><img loading=\"lazy\" decoding=\"async\" width=\"210\" height=\"74\" class=\"wp-image-1080\" style=\"width: 80px\" src=\"https:\/\/pos.uel.br\/ppgel\/wp-content\/uploads\/2025\/05\/BOTAO-SITE.png\" alt=\"\"><\/a><\/p>\n\n\n\n<p>2023- Edital N. 19\/2023 \u2013 SELE\u00c7\u00c3O DISCENTE <a href=\"https:\/\/pos.uel.br\/ppgel\/wp-content\/uploads\/2025\/05\/Edital_19_2023-normas-e-procedimentos-da-selecao_M_D.pdf\" data-type=\"link\" data-id=\"https:\/\/pos.uel.br\/ppgel\/wp-content\/uploads\/2025\/05\/Edital_19_2023-normas-e-procedimentos-da-selecao_M_D.pdf\" target=\"_blank\" rel=\"noreferrer noopener\"><img loading=\"lazy\" decoding=\"async\" width=\"210\" height=\"74\" class=\"wp-image-1080\" style=\"width: 80px\" src=\"https:\/\/pos.uel.br\/ppgel\/wp-content\/uploads\/2025\/05\/BOTAO-SITE.png\" alt=\"\"><\/a><\/p>\n\n\n\n<p>2022-&nbsp; Edital N. 18\/2022 \u2013 SELE\u00c7\u00c3O DISCENTE <a href=\"https:\/\/pos.uel.br\/ppgel\/wp-content\/uploads\/2025\/05\/Edital_18_2022-normas-e-procedimentos-da-selecao_M_D.docx.pdf\" data-type=\"link\" data-id=\"https:\/\/pos.uel.br\/ppgel\/wp-content\/uploads\/2025\/05\/Edital_18_2022-normas-e-procedimentos-da-selecao_M_D.docx.pdf\" target=\"_blank\" rel=\"noreferrer noopener\"><img loading=\"lazy\" decoding=\"async\" width=\"210\" height=\"74\" class=\"wp-image-1080\" style=\"width: 80px\" src=\"https:\/\/pos.uel.br\/ppgel\/wp-content\/uploads\/2025\/05\/BOTAO-SITE.png\" alt=\"\"><\/a><\/p>\n\n\n\n<p>2021 &#8211; Edital N. 12\/2021- SELE\u00c7\u00c3O DISCENTE  <a href=\"https:\/\/pos.uel.br\/ppgel\/wp-content\/uploads\/2025\/05\/Edital_12_2021-normas-e-procedimentos-da-selecao_M_D.pdf\" data-type=\"link\" data-id=\"https:\/\/pos.uel.br\/ppgel\/wp-content\/uploads\/2025\/05\/Edital_12_2021-normas-e-procedimentos-da-selecao_M_D.pdf\" target=\"_blank\" rel=\"noreferrer noopener\"><img loading=\"lazy\" decoding=\"async\" width=\"210\" height=\"74\" class=\"wp-image-1080\" style=\"width: 80px\" src=\"https:\/\/pos.uel.br\/ppgel\/wp-content\/uploads\/2025\/05\/BOTAO-SITE.png\" alt=\"\"><\/a><\/p>\n\n\n\n<p><\/p>\n","protected":false},"excerpt":{"rendered":"<p>O Processo de Sele\u00e7\u00e3o de Estudantes Regulares ocorre atrav\u00e9s de editais, eis os editais deste quadri\u00eanio: 2025 Edital 19\/2025 &#8211; Edital de Sele\u00e7\u00e3o Discente &#8211; Retifica\u00e7\u00e3o 2025 &#8211; Edital 17\/2025 &#8211; SELE\u00c7\u00c3O DISCENTE &#8211; Retifica\u00e7\u00e3o 2025 &#8211; Edital 15\/2025- SELE\u00c7\u00c3O DISCENTE 2024-Edital N. 11\/2024 \u2013 SELE\u00c7\u00c3O DISCENTE 2023- Edital N. 19\/2023 \u2013 SELE\u00c7\u00c3O DISCENTE 2022-&nbsp; [&hellip;]<\/p>\n","protected":false},"author":10,"featured_media":0,"parent":0,"menu_order":0,"comment_status":"closed","ping_status":"closed","template":"","meta":{"footnotes":""},"class_list":["post-867","page","type-page","status-publish","hentry"],"_links":{"self":[{"href":"https:\/\/pos.uel.br\/ppgel\/wp-json\/wp\/v2\/pages\/867","targetHints":{"allow":["GET"]}}],"collection":[{"href":"https:\/\/pos.uel.br\/ppgel\/wp-json\/wp\/v2\/pages"}],"about":[{"href":"https:\/\/pos.uel.br\/ppgel\/wp-json\/wp\/v2\/types\/page"}],"author":[{"embeddable":true,"href":"https:\/\/pos.uel.br\/ppgel\/wp-json\/wp\/v2\/users\/10"}],"replies":[{"embeddable":true,"href":"https:\/\/pos.uel.br\/ppgel\/wp-json\/wp\/v2\/comments?post=867"}],"version-history":[{"count":11,"href":"https:\/\/pos.uel.br\/ppgel\/wp-json\/wp\/v2\/pages\/867\/revisions"}],"predecessor-version":[{"id":1841,"href":"https:\/\/pos.uel.br\/ppgel\/wp-json\/wp\/v2\/pages\/867\/revisions\/1841"}],"wp:attachment":[{"href":"https:\/\/pos.uel.br\/ppgel\/wp-json\/wp\/v2\/media?parent=867"}],"curies":[{"name":"wp","href":"https:\/\/api.w.org\/{rel}","templated":true}]}}