{"id":865,"date":"2025-02-09T21:49:09","date_gmt":"2025-02-10T00:49:09","guid":{"rendered":"https:\/\/pos.uel.br\/ppgel\/?page_id=865"},"modified":"2025-07-02T16:24:27","modified_gmt":"2025-07-02T19:24:27","slug":"credenciamento-docente","status":"publish","type":"page","link":"https:\/\/pos.uel.br\/ppgel\/credenciamento-docente\/","title":{"rendered":"Credenciamento Docente"},"content":{"rendered":"\n<div style=\"height:81px\" aria-hidden=\"true\" class=\"wp-block-spacer\"><\/div>\n\n\n\n<p>O processo de credenciamento, recredenciamento e descredenciamento docente ser\u00e1 regulado por Instru\u00e7\u00e3o Normativa e\/ou Edital espec\u00edfico.<\/p>\n\n\n\n<p>Esta instru\u00e7\u00e3o normativa e\/ou edital de credenciamento, recredenciamento e descredenciamento docente ser\u00e1 atualizado de acordo com a autoavalia\u00e7\u00e3o do Programa e em conformidade com as orienta\u00e7\u00f5es da \u00e1rea de Lingu\u00edstica e Literatura, da CAPES.<\/p>\n\n\n\n<p>Em 2024, o nosso processo de recredenciamento foi regulamentado pelo EDITAL PPGEL n. 013\/2024 \u2013 Recredenciamento Docente <a href=\"https:\/\/pos.uel.br\/ppgel\/wp-content\/uploads\/2025\/05\/Edital-Recredenciamento-2024-Final.docx-2.pdf\" data-type=\"link\" data-id=\"https:\/\/pos.uel.br\/ppgel\/wp-content\/uploads\/2025\/05\/Edital-Recredenciamento-2024-Final.docx-2.pdf\" target=\"_blank\" rel=\"noreferrer noopener\"><img loading=\"lazy\" decoding=\"async\" width=\"210\" height=\"74\" class=\"wp-image-1080\" style=\"width: 80px\" src=\"https:\/\/pos.uel.br\/ppgel\/wp-content\/uploads\/2025\/05\/BOTAO-SITE.png\" alt=\"\"><\/a><\/p>\n\n\n\n<p><\/p>\n","protected":false},"excerpt":{"rendered":"<p>O processo de credenciamento, recredenciamento e descredenciamento docente ser\u00e1 regulado por Instru\u00e7\u00e3o Normativa e\/ou Edital espec\u00edfico. Esta instru\u00e7\u00e3o normativa e\/ou edital de credenciamento, recredenciamento e descredenciamento docente ser\u00e1 atualizado de acordo com a autoavalia\u00e7\u00e3o do Programa e em conformidade com as orienta\u00e7\u00f5es da \u00e1rea de Lingu\u00edstica e Literatura, da CAPES. Em 2024, o nosso processo [&hellip;]<\/p>\n","protected":false},"author":10,"featured_media":0,"parent":0,"menu_order":0,"comment_status":"closed","ping_status":"closed","template":"","meta":{"footnotes":""},"class_list":["post-865","page","type-page","status-publish","hentry"],"_links":{"self":[{"href":"https:\/\/pos.uel.br\/ppgel\/wp-json\/wp\/v2\/pages\/865","targetHints":{"allow":["GET"]}}],"collection":[{"href":"https:\/\/pos.uel.br\/ppgel\/wp-json\/wp\/v2\/pages"}],"about":[{"href":"https:\/\/pos.uel.br\/ppgel\/wp-json\/wp\/v2\/types\/page"}],"author":[{"embeddable":true,"href":"https:\/\/pos.uel.br\/ppgel\/wp-json\/wp\/v2\/users\/10"}],"replies":[{"embeddable":true,"href":"https:\/\/pos.uel.br\/ppgel\/wp-json\/wp\/v2\/comments?post=865"}],"version-history":[{"count":2,"href":"https:\/\/pos.uel.br\/ppgel\/wp-json\/wp\/v2\/pages\/865\/revisions"}],"predecessor-version":[{"id":1106,"href":"https:\/\/pos.uel.br\/ppgel\/wp-json\/wp\/v2\/pages\/865\/revisions\/1106"}],"wp:attachment":[{"href":"https:\/\/pos.uel.br\/ppgel\/wp-json\/wp\/v2\/media?parent=865"}],"curies":[{"name":"wp","href":"https:\/\/api.w.org\/{rel}","templated":true}]}}