{"id":84,"date":"2021-06-15T02:58:19","date_gmt":"2021-06-15T05:58:19","guid":{"rendered":"https:\/\/pos.uel.br\/ppgel\/pagina-inicial\/"},"modified":"2026-05-05T10:46:03","modified_gmt":"2026-05-05T13:46:03","slug":"pagina-inicial","status":"publish","type":"page","link":"https:\/\/pos.uel.br\/ppgel\/","title":{"rendered":"P\u00e1gina inicial"},"content":{"rendered":"\n<div class=\"alignnormal\"><div id=\"metaslider-id-1027\" style=\"width: 100%;\" class=\"ml-slider-3-95-0 metaslider metaslider-flex metaslider-1027 ml-slider hide-arrows-smartphone hide-arrows-tablet ms-theme-default-base has-dots-nav\" role=\"region\" aria-roledescription=\"Slideshow\" aria-label=\"New Slideshow\">\n    <div id=\"metaslider_container_1027\">\n        <div id=\"metaslider_1027\">\n            <ul class='slides'>\n                <li style=\"display: block; width: 100%;\" class=\"slide-1899 ms-image \" aria-roledescription=\"slide\" aria-label=\"slide-1899\"><a href=\"https:\/\/pos.uel.br\/ppgel\/wp-content\/uploads\/2026\/05\/Ppgel-News_Abril26.pdf\" target=\"_blank\" aria-label=\"https:\/\/pos.uel.br\/ppgel\/wp-content\/uploads\/2026\/05\/Ppgel-News_Abril26.pdf\" class=\"metaslider_image_link\"><img loading=\"lazy\" decoding=\"async\" width=\"722\" height=\"1025\" src=\"https:\/\/pos.uel.br\/ppgel\/wp-content\/uploads\/2026\/05\/PPGELNewsabril26.jpg\" class=\"slider-1027 slide-1899\" alt=\"\" rel=\"\" title=\"PPGELNewsabril26\" style=\"margin: 0 auto; width: 28.175609756098%\" srcset=\"https:\/\/pos.uel.br\/ppgel\/wp-content\/uploads\/2026\/05\/PPGELNewsabril26.jpg 722w, https:\/\/pos.uel.br\/ppgel\/wp-content\/uploads\/2026\/05\/PPGELNewsabril26-211x300.jpg 211w\" sizes=\"auto, (max-width: 722px) 100vw, 722px\" \/><\/a><\/li>\n                <li style=\"display: none; width: 100%;\" class=\"slide-1061 ms-image \" aria-roledescription=\"slide\" aria-label=\"slide-1061\"><a href=\"https:\/\/ojs.uel.br\/revistas\/uel\/index.php\/signum\/index\" target=\"_self\" class=\"metaslider_image_link\"><img loading=\"lazy\" decoding=\"async\" width=\"1079\" height=\"735\" src=\"https:\/\/pos.uel.br\/ppgel\/wp-content\/uploads\/2025\/07\/signum.png\" class=\"slider-1027 slide-1061\" alt=\"\" rel=\"\" title=\"signum\" style=\"margin: 0 auto; width: 58.721088435374%\" srcset=\"https:\/\/pos.uel.br\/ppgel\/wp-content\/uploads\/2025\/07\/signum.png 1079w, https:\/\/pos.uel.br\/ppgel\/wp-content\/uploads\/2025\/07\/signum-300x204.png 300w, https:\/\/pos.uel.br\/ppgel\/wp-content\/uploads\/2025\/07\/signum-1024x698.png 1024w, https:\/\/pos.uel.br\/ppgel\/wp-content\/uploads\/2025\/07\/signum-768x523.png 768w\" sizes=\"auto, (max-width: 1079px) 100vw, 1079px\" \/><\/a><div class=\"caption-wrap\"><div class=\"caption\"><div>Para mais informa\u00e7\u00f5es, acessem o site da <a href=\"https:\/\/ojs.uel.br\/revistas\/uel\/index.php\/signum\/about\">Signum!<\/a><\/div><\/div><\/div><\/li>\n                <li style=\"display: none; width: 100%;\" class=\"slide-1062 ms-image \" aria-roledescription=\"slide\" aria-label=\"slide-1062\"><a href=\"https:\/\/ojs.uel.br\/revistas\/uel\/\/index.php\/entretextos\" target=\"_self\" class=\"metaslider_image_link\"><img loading=\"lazy\" decoding=\"async\" width=\"1079\" height=\"785\" src=\"https:\/\/pos.uel.br\/ppgel\/wp-content\/uploads\/2025\/07\/entretexto.png\" class=\"slider-1027 slide-1062\" alt=\"\" rel=\"\" title=\"entretexto\" style=\"margin: 0 auto; width: 54.980891719745%\" srcset=\"https:\/\/pos.uel.br\/ppgel\/wp-content\/uploads\/2025\/07\/entretexto.png 1079w, https:\/\/pos.uel.br\/ppgel\/wp-content\/uploads\/2025\/07\/entretexto-300x218.png 300w, https:\/\/pos.uel.br\/ppgel\/wp-content\/uploads\/2025\/07\/entretexto-1024x745.png 1024w, https:\/\/pos.uel.br\/ppgel\/wp-content\/uploads\/2025\/07\/entretexto-768x559.png 768w\" sizes=\"auto, (max-width: 1079px) 100vw, 1079px\" \/><\/a><div class=\"caption-wrap\"><div class=\"caption\"><div>Para mais informa\u00e7\u00f5es, acessem o site da <a href=\"https:\/\/ojs.uel.br\/revistas\/uel\/index.php\/entretextos\">Entretextos<\/a>!<\/div><\/div><\/div><\/li>\n                <li style=\"display: none; width: 100%;\" class=\"slide-1834 ms-image \" aria-roledescription=\"slide\" aria-label=\"slide-1834\"><a href=\"https:\/\/pos.uel.br\/ppgel\/doutorado\/\" target=\"_blank\" class=\"metaslider_image_link\"><img loading=\"lazy\" decoding=\"async\" width=\"1080\" height=\"1080\" src=\"https:\/\/pos.uel.br\/ppgel\/wp-content\/uploads\/2025\/09\/1.png\" class=\"slider-1027 slide-1834\" alt=\"\" rel=\"\" title=\"1\" style=\"margin: 0 auto; width: 40%\" srcset=\"https:\/\/pos.uel.br\/ppgel\/wp-content\/uploads\/2025\/09\/1.png 1080w, https:\/\/pos.uel.br\/ppgel\/wp-content\/uploads\/2025\/09\/1-300x300.png 300w, https:\/\/pos.uel.br\/ppgel\/wp-content\/uploads\/2025\/09\/1-1024x1024.png 1024w, https:\/\/pos.uel.br\/ppgel\/wp-content\/uploads\/2025\/09\/1-150x150.png 150w, https:\/\/pos.uel.br\/ppgel\/wp-content\/uploads\/2025\/09\/1-768x768.png 768w\" sizes=\"auto, (max-width: 1080px) 100vw, 1080px\" \/><\/a><div class=\"caption-wrap\"><div class=\"caption\"><div>Sele\u00e7\u00e3o Discente 2026: Edital 15\/2025<\/div>\n<div>\u00a0<\/div><\/div><\/div><\/li>\n                <li style=\"display: none; width: 100%;\" class=\"slide-2098 ms-image \" aria-roledescription=\"slide\" aria-label=\"slide-2098\"><a href=\"https:\/\/pos.uel.br\/ppgel\/wp-content\/uploads\/2026\/03\/Portugues-CARTILHA-PPGEL-1-1.pdf\" target=\"_blank\" aria-label=\"https:\/\/pos.uel.br\/ppgel\/wp-content\/uploads\/2026\/03\/Portugues-CARTILHA-PPGEL-1-1.pdf\" class=\"metaslider_image_link\"><img loading=\"lazy\" decoding=\"async\" width=\"734\" height=\"1032\" src=\"https:\/\/pos.uel.br\/ppgel\/wp-content\/uploads\/2026\/03\/Capa-Cartilha-Port.jpeg\" class=\"slider-1027 slide-2098\" alt=\"\" rel=\"\" title=\"Capa Cartilha Port\" style=\"margin: 0 auto; width: 28.449612403101%\" srcset=\"https:\/\/pos.uel.br\/ppgel\/wp-content\/uploads\/2026\/03\/Capa-Cartilha-Port.jpeg 734w, https:\/\/pos.uel.br\/ppgel\/wp-content\/uploads\/2026\/03\/Capa-Cartilha-Port-213x300.jpeg 213w, https:\/\/pos.uel.br\/ppgel\/wp-content\/uploads\/2026\/03\/Capa-Cartilha-Port-728x1024.jpeg 728w\" sizes=\"auto, (max-width: 734px) 100vw, 734px\" \/><\/a><\/li>\n            <\/ul>\n        <\/div>\n        \n    <\/div>\n<\/div><\/div>\n\n\n\n<div class=\"wp-block-columns is-layout-flex wp-container-core-columns-is-layout-9d6595d7 wp-block-columns-is-layout-flex\">\n<div class=\"wp-block-column is-layout-flow wp-block-column-is-layout-flow\" style=\"flex-basis:66.66%\">\n<div class=\"wp-block-uel-card\">\n<div class=\"wp-block-columns is-layout-flex wp-container-core-columns-is-layout-9d6595d7 wp-block-columns-is-layout-flex\">\n<div class=\"wp-block-column is-layout-flow wp-block-column-is-layout-flow\" style=\"flex-basis:100%\">\n<div class=\"wp-block-group alignwide is-content-justification-center is-nowrap is-layout-flex wp-container-core-group-is-layout-499140ed wp-block-group-is-layout-flex\">\n<figure class=\"wp-block-image size-full is-resized is-style-default wp-container-content-69bc4bdf\"><img loading=\"lazy\" decoding=\"async\" width=\"231\" height=\"218\" src=\"https:\/\/pos.uel.br\/ppgel\/wp-content\/uploads\/2024\/10\/Editais-1.png\" alt=\"\" class=\"wp-image-519\" style=\"width:147px;height:auto\" \/><\/figure>\n\n\n\n<div class=\"wp-block-group\"><div class=\"wp-block-group__inner-container is-layout-constrained wp-block-group-is-layout-constrained\">\n<p><strong>\u00daLTIMOS EDITAIS<\/strong><\/p>\n\n\n\n<p><a href=\"https:\/\/pos.uel.br\/ppgel\/wp-content\/uploads\/2025\/12\/Edital_35_2025-Resultado-Final.docx-2.pdf\">Edital 35\/2025 &#8211; Resultado Final Processo de Sele\u00e7\u00e3o Discente<\/a><\/p>\n\n\n\n<p><a href=\"https:\/\/pos.uel.br\/ppgel\/wp-content\/uploads\/2025\/12\/Edital-36_2025_convocacao-matricula_Doutorado.pdf\">Edital 36\/2025 &#8211; Convoca\u00e7\u00e3o de Matr\u00edcula- Doutorado<\/a><\/p>\n\n\n\n<p><a href=\"https:\/\/pos.uel.br\/ppgel\/wp-content\/uploads\/2025\/12\/Edital-37_2025_convocacao-matricula_Mestrado.pdf\">Edital 37\/2025 &#8211; Convoca\u00e7\u00e3o de Matr\u00edcula- Mestrado<\/a><\/p>\n\n\n\n<p><a href=\"https:\/\/pos.uel.br\/ppgel\/wp-content\/uploads\/2025\/12\/Edital-382025.pdf\">Edital 38\/2025 &#8211; Apoio Financeiro a Visitas T\u00e9cnicas de Docentes<\/a><\/p>\n\n\n\n<p><a href=\"https:\/\/pos.uel.br\/ppgel\/wp-content\/uploads\/2026\/01\/1-Edital_01_2026-Oferta-Estudante-Especial-PPGEL-2026-1.pdf\">Edital 01\/2026 &#8211; Processo Seletivo Alunos Especiais<\/a><\/p>\n\n\n\n<p><a href=\"https:\/\/pos.uel.br\/ppgel\/wp-content\/uploads\/2026\/03\/2-Edital_02_2026-Resultado-Estudante-Especial-PPGEL.pdf\">Edital 02\/2026 &#8211; Resultado e Convoca\u00e7\u00e3o de Matr\u00edcula- Alunos Especiais<\/a><\/p>\n\n\n\n<p><a href=\"https:\/\/pos.uel.br\/ppgel\/wp-content\/uploads\/2026\/03\/Resultado-visita-tecnica.pdf\">Edital 03\/2026 &#8211; Resultado do edital 38\/2025<\/a><\/p>\n\n\n\n<p><a href=\"https:\/\/pos.uel.br\/ppgel\/wp-content\/uploads\/2026\/03\/3-Edital_04_2026-POS-MATRICULAS-Resultado-Estudante-Especial-PPGEL.pdf\">Edital 04\/2026- Resultado Ap\u00f3s Matr\u00edcula Estudante Especial <\/a><\/p>\n\n\n\n<p><a href=\"https:\/\/pos.uel.br\/ppgel\/wp-content\/uploads\/2026\/03\/EDITAL-Bolsas-05_2026-1.pdf\">Edital 05\/2026 &#8211; Processo de Sele\u00e7\u00e3o de bolsistas <\/a><\/p>\n\n\n\n<p><a href=\"https:\/\/pos.uel.br\/ppgel\/wp-content\/uploads\/2026\/03\/Edital-Resultado-0326.pdf\">Edital 06\/2026 &#8211; Resultado do Processo de Sele\u00e7\u00e3o de Bolsistas<\/a><\/p>\n<\/div><\/div>\n<\/div>\n\n\n\n<p><\/p>\n<\/div>\n<\/div>\n<\/div>\n\n\n\n<div class=\"wp-block-uel-card\">\n<h3 class=\"wp-block-heading has-text-align-center is-style-highlighted-heading\"><a href=\"https:\/\/pos.uel.br\/ppgel\/revista-entretextos\/\" data-type=\"link\" data-id=\"https:\/\/pos.uel.br\/ppgel\/revista-entretextos\/\">Pr\u00f3ximos Eventos<\/a><\/h3>\n\n\n<div class=\"wp-block-image\">\n<figure class=\"aligncenter size-full\"><img loading=\"lazy\" decoding=\"async\" width=\"397\" height=\"449\" src=\"https:\/\/pos.uel.br\/ppgel\/wp-content\/uploads\/2026\/05\/Save-date.png\" alt=\"\" class=\"wp-image-2130\" srcset=\"https:\/\/pos.uel.br\/ppgel\/wp-content\/uploads\/2026\/05\/Save-date.png 397w, https:\/\/pos.uel.br\/ppgel\/wp-content\/uploads\/2026\/05\/Save-date-265x300.png 265w\" sizes=\"auto, (max-width: 397px) 100vw, 397px\" \/><\/figure>\n<\/div><\/div>\n<\/div>\n\n\n\n<div class=\"wp-block-column is-layout-flow wp-block-column-is-layout-flow\" style=\"flex-basis:33.33%\">\n<div class=\"wp-block-uel-card\">\n<h3 class=\"wp-block-heading has-text-align-center is-style-highlighted-heading\"><strong>Calend\u00e1rio 202<\/strong>6<\/h3>\n\n\n<div class=\"wp-block-image\">\n<figure class=\"aligncenter size-full is-resized\"><a href=\"https:\/\/pos.uel.br\/ppgel\/wp-content\/uploads\/2025\/12\/Calendario-Stricto-sensu-2026-2027-Delib-25-2025-assinado.pdf\"><img loading=\"lazy\" decoding=\"async\" width=\"204\" height=\"192\" src=\"https:\/\/pos.uel.br\/ppgel\/wp-content\/uploads\/2024\/10\/CalendarioAcad.png\" alt=\"\" class=\"wp-image-510\" style=\"width:134px;height:auto\" \/><\/a><\/figure>\n<\/div><\/div>\n\n\n\n<div class=\"wp-block-uel-card\">\n<h3 class=\"wp-block-heading is-style-highlighted-heading\">Contato<\/h3>\n\n\n\n<p><strong>Coordena\u00e7\u00e3o<\/strong><br>Profa. Dra. Andr\u00e9ia C. Malheiros Santana Email:&nbsp;<a href=\"mailto:pecem@uel.br\">ppgel@uel.br<\/a><\/p>\n\n\n\n<p><strong>Secretaria<\/strong><br>Telefone: +55 (43)3371 4624 Email:&nbsp;<a href=\"mailto:pecem@uel.br\"><\/a><a href=\"mailto:spgcce@uel.br\">secposcch@uel.br<\/a><\/p>\n\n\n\n<div class=\"wp-block-group is-vertical is-layout-flex wp-container-core-group-is-layout-8cf370e7 wp-block-group-is-layout-flex\">\n<div class=\"wp-block-group is-vertical is-layout-flex wp-container-core-group-is-layout-8cf370e7 wp-block-group-is-layout-flex\">\n<div class=\"wp-block-group is-vertical is-layout-flex wp-container-core-group-is-layout-8cf370e7 wp-block-group-is-layout-flex\">\n<p>Hor\u00e1rio de Funcionamento: das 8h30 \u00e0s 11h30 e das 14h \u00e0s 17h<\/p>\n<\/div>\n<\/div>\n<\/div>\n\n\n\n<p><\/p>\n\n\n\n<p><strong>Universidade Estadual de Londrina<\/strong><br>Centro de Letras e Ci\u00eancias Humanas<br>Rodovia Celso Garcia Cid | Pr 445 Km 380<br>Campus Universit\u00e1rio | CEP 86051-990<br>Londrina \u2013 PR<\/p>\n<\/div>\n\n\n\n<div class=\"wp-block-uel-card\">\n<h3 class=\"wp-block-heading has-text-align-center is-style-highlighted-heading\"><strong>Siga-nos nas redes sociais!<\/strong><\/h3>\n\n\n\n<figure class=\"wp-block-image size-full\"><img loading=\"lazy\" decoding=\"async\" width=\"860\" height=\"819\" src=\"https:\/\/pos.uel.br\/ppgel\/wp-content\/uploads\/2025\/12\/Logo-PPGEL-Colorido-Fundo-Transparente.png\" alt=\"\" class=\"wp-image-2012\" srcset=\"https:\/\/pos.uel.br\/ppgel\/wp-content\/uploads\/2025\/12\/Logo-PPGEL-Colorido-Fundo-Transparente.png 860w, https:\/\/pos.uel.br\/ppgel\/wp-content\/uploads\/2025\/12\/Logo-PPGEL-Colorido-Fundo-Transparente-300x286.png 300w, https:\/\/pos.uel.br\/ppgel\/wp-content\/uploads\/2025\/12\/Logo-PPGEL-Colorido-Fundo-Transparente-768x731.png 768w\" sizes=\"auto, (max-width: 860px) 100vw, 860px\" \/><\/figure>\n\n\n\n<ul class=\"wp-block-social-links aligncenter has-huge-icon-size is-layout-flex wp-block-social-links-is-layout-flex\"><li class=\"wp-social-link wp-social-link-instagram  wp-block-social-link\"><a rel=\"noopener nofollow\" target=\"_blank\" href=\"https:\/\/www.instagram.com\/uel_ppgel\/\" class=\"wp-block-social-link-anchor\"><svg width=\"24\" height=\"24\" viewBox=\"0 0 24 24\" version=\"1.1\" xmlns=\"http:\/\/www.w3.org\/2000\/svg\" aria-hidden=\"true\" focusable=\"false\"><path d=\"M12,4.622c2.403,0,2.688,0.009,3.637,0.052c0.877,0.04,1.354,0.187,1.671,0.31c0.42,0.163,0.72,0.358,1.035,0.673 c0.315,0.315,0.51,0.615,0.673,1.035c0.123,0.317,0.27,0.794,0.31,1.671c0.043,0.949,0.052,1.234,0.052,3.637 s-0.009,2.688-0.052,3.637c-0.04,0.877-0.187,1.354-0.31,1.671c-0.163,0.42-0.358,0.72-0.673,1.035 c-0.315,0.315-0.615,0.51-1.035,0.673c-0.317,0.123-0.794,0.27-1.671,0.31c-0.949,0.043-1.233,0.052-3.637,0.052 s-2.688-0.009-3.637-0.052c-0.877-0.04-1.354-0.187-1.671-0.31c-0.42-0.163-0.72-0.358-1.035-0.673 c-0.315-0.315-0.51-0.615-0.673-1.035c-0.123-0.317-0.27-0.794-0.31-1.671C4.631,14.688,4.622,14.403,4.622,12 s0.009-2.688,0.052-3.637c0.04-0.877,0.187-1.354,0.31-1.671c0.163-0.42,0.358-0.72,0.673-1.035 c0.315-0.315,0.615-0.51,1.035-0.673c0.317-0.123,0.794-0.27,1.671-0.31C9.312,4.631,9.597,4.622,12,4.622 M12,3 C9.556,3,9.249,3.01,8.289,3.054C7.331,3.098,6.677,3.25,6.105,3.472C5.513,3.702,5.011,4.01,4.511,4.511 c-0.5,0.5-0.808,1.002-1.038,1.594C3.25,6.677,3.098,7.331,3.054,8.289C3.01,9.249,3,9.556,3,12c0,2.444,0.01,2.751,0.054,3.711 c0.044,0.958,0.196,1.612,0.418,2.185c0.23,0.592,0.538,1.094,1.038,1.594c0.5,0.5,1.002,0.808,1.594,1.038 c0.572,0.222,1.227,0.375,2.185,0.418C9.249,20.99,9.556,21,12,21s2.751-0.01,3.711-0.054c0.958-0.044,1.612-0.196,2.185-0.418 c0.592-0.23,1.094-0.538,1.594-1.038c0.5-0.5,0.808-1.002,1.038-1.594c0.222-0.572,0.375-1.227,0.418-2.185 C20.99,14.751,21,14.444,21,12s-0.01-2.751-0.054-3.711c-0.044-0.958-0.196-1.612-0.418-2.185c-0.23-0.592-0.538-1.094-1.038-1.594 c-0.5-0.5-1.002-0.808-1.594-1.038c-0.572-0.222-1.227-0.375-2.185-0.418C14.751,3.01,14.444,3,12,3L12,3z M12,7.378 c-2.552,0-4.622,2.069-4.622,4.622S9.448,16.622,12,16.622s4.622-2.069,4.622-4.622S14.552,7.378,12,7.378z M12,15 c-1.657,0-3-1.343-3-3s1.343-3,3-3s3,1.343,3,3S13.657,15,12,15z M16.804,6.116c-0.596,0-1.08,0.484-1.08,1.08 s0.484,1.08,1.08,1.08c0.596,0,1.08-0.484,1.08-1.08S17.401,6.116,16.804,6.116z\"><\/path><\/svg><span class=\"wp-block-social-link-label screen-reader-text\">Instagram<\/span><\/a><\/li>\n\n<li class=\"wp-social-link wp-social-link-youtube  wp-block-social-link\"><a rel=\"noopener nofollow\" target=\"_blank\" href=\"https:\/\/www.youtube.com\/@programadepos-graduacaoeme6034\" class=\"wp-block-social-link-anchor\"><svg width=\"24\" height=\"24\" viewBox=\"0 0 24 24\" version=\"1.1\" xmlns=\"http:\/\/www.w3.org\/2000\/svg\" aria-hidden=\"true\" focusable=\"false\"><path d=\"M21.8,8.001c0,0-0.195-1.378-0.795-1.985c-0.76-0.797-1.613-0.801-2.004-0.847c-2.799-0.202-6.997-0.202-6.997-0.202 h-0.009c0,0-4.198,0-6.997,0.202C4.608,5.216,3.756,5.22,2.995,6.016C2.395,6.623,2.2,8.001,2.2,8.001S2,9.62,2,11.238v1.517 c0,1.618,0.2,3.237,0.2,3.237s0.195,1.378,0.795,1.985c0.761,0.797,1.76,0.771,2.205,0.855c1.6,0.153,6.8,0.201,6.8,0.201 s4.203-0.006,7.001-0.209c0.391-0.047,1.243-0.051,2.004-0.847c0.6-0.607,0.795-1.985,0.795-1.985s0.2-1.618,0.2-3.237v-1.517 C22,9.62,21.8,8.001,21.8,8.001z M9.935,14.594l-0.001-5.62l5.404,2.82L9.935,14.594z\"><\/path><\/svg><span class=\"wp-block-social-link-label screen-reader-text\">Youtube<\/span><\/a><\/li>\n\n<li class=\"wp-social-link wp-social-link-facebook  wp-block-social-link\"><a rel=\"noopener nofollow\" target=\"_blank\" href=\"https:\/\/www.facebook.com\/uel.ppgel\/?locale=pt_BR\" class=\"wp-block-social-link-anchor\"><svg width=\"24\" height=\"24\" viewBox=\"0 0 24 24\" version=\"1.1\" xmlns=\"http:\/\/www.w3.org\/2000\/svg\" aria-hidden=\"true\" focusable=\"false\"><path d=\"M12 2C6.5 2 2 6.5 2 12c0 5 3.7 9.1 8.4 9.9v-7H7.9V12h2.5V9.8c0-2.5 1.5-3.9 3.8-3.9 1.1 0 2.2.2 2.2.2v2.5h-1.3c-1.2 0-1.6.8-1.6 1.6V12h2.8l-.4 2.9h-2.3v7C18.3 21.1 22 17 22 12c0-5.5-4.5-10-10-10z\"><\/path><\/svg><span class=\"wp-block-social-link-label screen-reader-text\">Facebook<\/span><\/a><\/li><\/ul>\n<\/div>\n<\/div>\n\n\n\n<div class=\"wp-block-column is-layout-flow wp-block-column-is-layout-flow\"><\/div>\n<\/div>\n\n\n\n<p><\/p>\n","protected":false},"excerpt":{"rendered":"","protected":false},"author":10,"featured_media":0,"parent":0,"menu_order":0,"comment_status":"closed","ping_status":"closed","template":"page-templates\/template-without-title.php","meta":{"footnotes":""},"class_list":["post-84","page","type-page","status-publish","hentry"],"_links":{"self":[{"href":"https:\/\/pos.uel.br\/ppgel\/wp-json\/wp\/v2\/pages\/84","targetHints":{"allow":["GET"]}}],"collection":[{"href":"https:\/\/pos.uel.br\/ppgel\/wp-json\/wp\/v2\/pages"}],"about":[{"href":"https:\/\/pos.uel.br\/ppgel\/wp-json\/wp\/v2\/types\/page"}],"author":[{"embeddable":true,"href":"https:\/\/pos.uel.br\/ppgel\/wp-json\/wp\/v2\/users\/10"}],"replies":[{"embeddable":true,"href":"https:\/\/pos.uel.br\/ppgel\/wp-json\/wp\/v2\/comments?post=84"}],"version-history":[{"count":163,"href":"https:\/\/pos.uel.br\/ppgel\/wp-json\/wp\/v2\/pages\/84\/revisions"}],"predecessor-version":[{"id":2131,"href":"https:\/\/pos.uel.br\/ppgel\/wp-json\/wp\/v2\/pages\/84\/revisions\/2131"}],"wp:attachment":[{"href":"https:\/\/pos.uel.br\/ppgel\/wp-json\/wp\/v2\/media?parent=84"}],"curies":[{"name":"wp","href":"https:\/\/api.w.org\/{rel}","templated":true}]}}