{"id":813,"date":"2025-02-03T21:02:59","date_gmt":"2025-02-04T00:02:59","guid":{"rendered":"https:\/\/pos.uel.br\/ppgel\/?page_id=813"},"modified":"2026-01-21T14:48:35","modified_gmt":"2026-01-21T17:48:35","slug":"editais-2","status":"publish","type":"page","link":"https:\/\/pos.uel.br\/ppgel\/editais-2\/","title":{"rendered":"Editais"},"content":{"rendered":"\n<h2 class=\"wp-block-heading has-text-align-center\"><strong><strong>202<\/strong><\/strong>5<\/h2>\n\n\n\n<p><a href=\"https:\/\/pos.uel.br\/ppgel\/wp-content\/uploads\/2025\/02\/2-Edital_01_2025-Resultado-Estudante-Especial-PPGEL.pdf\"><br>Edital 01\/2025 \u2013 Resultado Estudantes Especiais<\/a><\/p>\n\n\n\n<p><a href=\"https:\/\/pos.uel.br\/ppgel\/wp-content\/uploads\/2025\/03\/Edital-02_2025-Chamada-Bolsa-1.pdf\">Edital 02\/2025 \u2013 Chamada Bolsas<\/a><\/p>\n\n\n\n<p><a href=\"https:\/\/pos.uel.br\/ppgel\/wp-content\/uploads\/2025\/03\/Edital-03_2025-Chamada-Bolsa.pdf\">Edital 03\/2025 \u2013 Chamada Bolsa<\/a><\/p>\n\n\n\n<p><a href=\"https:\/\/pos.uel.br\/ppgel\/wp-content\/uploads\/2025\/05\/Edital-04-2025.pdf\">Edital 04\/2025- Retifica\u00e7\u00e3o Edital 26\/2024<\/a><\/p>\n\n\n\n<p><a href=\"https:\/\/pos.uel.br\/ppgel\/wp-content\/uploads\/2025\/06\/EDITAL-PPGEL-n.-05_2025.pdf\">Edital 05\/2025- Sele\u00e7\u00e3o Interna para o Edital PROEXT-PG 07\/2025<\/a><\/p>\n\n\n\n<p><a href=\"https:\/\/pos.uel.br\/ppgel\/wp-content\/uploads\/2025\/06\/Edital-Credenciamento-06_2025.docx.pdf\">Edital 06\/2025- Edital de Credenciamento Docente<\/a><\/p>\n\n\n\n<p><a href=\"https:\/\/pos.uel.br\/ppgel\/wp-content\/uploads\/2025\/06\/EDITAL-Bolsas-07_2025.pdf\">Edital 07\/2025 \u2013 Edital de Sele\u00e7\u00e3o de Bolsistas<\/a><\/p>\n\n\n\n<p><a href=\"https:\/\/pos.uel.br\/ppgel\/wp-content\/uploads\/2025\/07\/1-Edital_08_2025-Oferta-Estudante-Especial-PPGEL-2025_2.docx-3.pdf\">Edital 08\/2025 \u2013 Edital para Estudante Especial<\/a><\/p>\n\n\n\n<p><a href=\"https:\/\/pos.uel.br\/ppgel\/wp-content\/uploads\/2025\/07\/Edital-Credenciamento-09_2025.docx-Prorrogacao.docx.pdf\">Edital 09\/2025 &#8211; Edital de Prorroga\u00e7\u00e3o- Credenciamento Docente<\/a><\/p>\n\n\n\n<p><a href=\"https:\/\/pos.uel.br\/ppgel\/wp-content\/uploads\/2025\/07\/Edital-10-2025.pdf\">Edital 10\/2025 &#8211; Edital Resultado Credenciamento Docente<\/a><\/p>\n\n\n\n<p><a href=\"https:\/\/pos.uel.br\/ppgel\/wp-content\/uploads\/2025\/06\/Edital-Credenciamento-06_2025.docx.pdf\">Edital 06\/2025- Edital de Credenciamento Docente<\/a><\/p>\n\n\n\n<p><a href=\"https:\/\/pos.uel.br\/ppgel\/wp-content\/uploads\/2025\/06\/EDITAL-Bolsas-07_2025.pdf\">Edital 07\/2025 &#8211; Edital de Sele\u00e7\u00e3o de Bolsistas<\/a><\/p>\n\n\n\n<p><a href=\"https:\/\/pos.uel.br\/ppgel\/wp-content\/uploads\/2025\/07\/1-Edital_08_2025-Oferta-Estudante-Especial-PPGEL-2025_2.docx-3.pdf\">Edital 08\/2025 &#8211; Edital para Estudante Especial<\/a><\/p>\n\n\n\n<p><a href=\"https:\/\/pos.uel.br\/ppgel\/wp-content\/uploads\/2025\/07\/Edital-Credenciamento-09_2025.docx-Prorrogacao.docx.pdf\">Edital 09\/2025 &#8211; Edital de Prorroga\u00e7\u00e3o- Credenciamento Docente<\/a><\/p>\n\n\n\n<p><a href=\"https:\/\/pos.uel.br\/ppgel\/wp-content\/uploads\/2025\/07\/Edital-10-2025.pdf\">Edital 10\/2025 &#8211; Edital Resultado Credenciamento Docente<\/a><\/p>\n\n\n\n<p><a href=\"https:\/\/pos.uel.br\/ppgel\/wp-content\/uploads\/2025\/07\/Edital-de-Resultado-11-2025-site.pdf\">Edital 11\/2025 &#8211; Edital Resultado Sele\u00e7\u00e3o de Bolsistas<\/a><\/p>\n\n\n\n<p><a href=\"https:\/\/pos.uel.br\/ppgel\/wp-content\/uploads\/2025\/08\/PPGEL-2025-2-Edital-12.pdf\">Edital 12\/2025- Edital de Matr\u00edcula Estudantes de Outras IES<\/a><\/p>\n\n\n\n<p><a href=\"https:\/\/pos.uel.br\/ppgel\/wp-content\/uploads\/2025\/08\/2-Edital_13_2025-Resultado-Estudante-Especial-PPGEL.pdf\">Edital 13\/2025 &#8211; Resultado Edital Estudante Especial<\/a><\/p>\n\n\n\n<p><a href=\"https:\/\/pos.uel.br\/ppgel\/wp-content\/uploads\/2025\/08\/Edital-14_2025-Participacao-Evento-Estudantes.pdf\">Edital 14\/2025 &#8211; Edital Apoio Financeiro a Participa\u00e7\u00e3o em Eventos- Discentes<\/a><\/p>\n\n\n\n<p><a href=\"https:\/\/pos.uel.br\/ppgel\/wp-content\/uploads\/2025\/09\/Edital_15_2025-normas-e-procedimentos-da-selecao_M_D.docx-1.pdf\">Edital 15\/2025- Edital de Sele\u00e7\u00e3o Discente 2026<\/a><\/p>\n\n\n\n<p><a href=\"https:\/\/pos.uel.br\/ppgel\/wp-content\/uploads\/2025\/09\/Edital-_UEL_PDSE-16_25.docx-1.pdf\">Edital 16\/2025 &#8211; Edital Sele\u00e7\u00e3o Interna de Candidatos ao Programa de Doutorado Sandu\u00edche no Exterior -PDSE<\/a><\/p>\n\n\n\n<p><a href=\"https:\/\/pos.uel.br\/ppgel\/wp-content\/uploads\/2025\/09\/Edital_17-2025-RETIFICACAO.pdf\">Edital 17\/2025 &#8211; Edital de Sele\u00e7\u00e3o Discente 2026 &#8211; Retifica\u00e7\u00e3o<\/a><\/p>\n\n\n\n<p><a href=\"https:\/\/pos.uel.br\/ppgel\/wp-content\/uploads\/2025\/09\/Edital-_UEL_PDSE-18_25.docx-1.pdf\">Edital 18\/2025 &#8211; Edital de Prorroga\u00e7\u00e3o do Edital 16\/2025<\/a><\/p>\n\n\n\n<p><a href=\"https:\/\/pos.uel.br\/ppgel\/wp-content\/uploads\/2025\/09\/Edital-19-Retificacao.docx.pdf\">Edital 19\/2025 &#8211;  Edital de Sele\u00e7\u00e3o Discente &#8211; Retifica\u00e7\u00e3o<\/a><\/p>\n\n\n\n<p><a href=\"https:\/\/pos.uel.br\/ppgel\/wp-content\/uploads\/2025\/10\/Edital-20-Retificacao.docx.pdf\">Edital 20\/2025 &#8211;  Edital de Sele\u00e7\u00e3o Discente &#8211; Retifica\u00e7\u00e3o<\/a><\/p>\n\n\n\n<p><a href=\"https:\/\/pos.uel.br\/ppgel\/wp-content\/uploads\/2025\/10\/Edital_21_2025-Homologacao-Inscricoes_MESTRADO.docx.pdf\">Edital 21\/2025- Edital de Homologa\u00e7\u00e3o das Inscri\u00e7\u00f5es &#8211; Mestrado<\/a><\/p>\n\n\n\n<p><a href=\"https:\/\/pos.uel.br\/ppgel\/wp-content\/uploads\/2025\/10\/Edital_22_2025-Homologacao-Inscricoes_DOUTORADO.pdf\">Edital 22\/2025 &#8211; Edital de Homologa\u00e7\u00e3o das Inscri\u00e7\u00f5es &#8211; Doutorado<\/a><\/p>\n\n\n\n<p><a href=\"https:\/\/pos.uel.br\/ppgel\/wp-content\/uploads\/2025\/11\/Edital-23-2025.docx.pdf\">Edital 23\/2025 &#8211; Edital Resultado da Prova de Conhecimentos- Mestrado<\/a><\/p>\n\n\n\n<p><a href=\"https:\/\/pos.uel.br\/ppgel\/wp-content\/uploads\/2025\/11\/Edital-24-2025.pdf\">Edital 24\/2025 &#8211; Edital Resultado do Recurso Prova de Conhecimentos<\/a><\/p>\n\n\n\n<p><a href=\"https:\/\/pos.uel.br\/ppgel\/wp-content\/uploads\/2025\/11\/Edital_25_2025-Resultado-Projeto.docx.pdf\">Edital 25\/2025 &#8211; Edital Resultado da Avalia\u00e7\u00e3o dos Projetos<\/a><\/p>\n\n\n\n<p><a href=\"https:\/\/pos.uel.br\/ppgel\/wp-content\/uploads\/2025\/11\/Edital_26_2025-Resultado-Projeto-Ret.docx-1.pdf\">Edital 26\/2025 &#8211; Edital Resultado da Avalia\u00e7\u00e3o dos Projetos- Retificado<\/a><\/p>\n\n\n\n<p><a href=\"https:\/\/pos.uel.br\/ppgel\/wp-content\/uploads\/2025\/11\/Edital_27_2025-Resultado-pedidos-recursos_Projeto.docx.pdf\">Edital 27\/2025 &#8211; Edital Resultado dos Recursos &#8211; Projetos<\/a><\/p>\n\n\n\n<p><a href=\"https:\/\/pos.uel.br\/ppgel\/wp-content\/uploads\/2025\/11\/Edital_28_2025-proficiencia-1.pdf\">Edital 28\/2025 &#8211; Edital Exame de Profici\u00eancia<\/a><\/p>\n\n\n\n<p><a href=\"https:\/\/pos.uel.br\/ppgel\/wp-content\/uploads\/2025\/11\/Edital_29_2025-acoes-afirmativas.pdf\">Edital 29\/2025- Resultado A\u00e7\u00f5es Afirmativas<\/a><\/p>\n\n\n\n<p><a href=\"https:\/\/pos.uel.br\/ppgel\/wp-content\/uploads\/2025\/11\/Edital_30_2025-Resultado-Proficiencia.docx.pdf\">Edital 30\/2025 &#8211; Edital Resultado do Exame de Profici\u00eancia<\/a><\/p>\n\n\n\n<p><a href=\"https:\/\/pos.uel.br\/ppgel\/wp-content\/uploads\/2025\/12\/Edital_31_2025-Resultado-Curriculo.docx.pdf\">Edital 31\/2025 &#8211;  Edital Resultado Avalia\u00e7\u00e3o dos Curr\u00edculos<\/a><\/p>\n\n\n\n<p><a href=\"https:\/\/pos.uel.br\/ppgel\/wp-content\/uploads\/2025\/12\/Edital-32-Cronograma-Arguicao-2025.docx.docx.pdf\">Edital 32\/2025 &#8211;  Edital Convoca\u00e7\u00e3o para a Argui\u00e7\u00e3o<\/a><\/p>\n\n\n\n<p><a href=\"https:\/\/pos.uel.br\/ppgel\/wp-content\/uploads\/2025\/12\/Edital-33-Retificacao-Cronograma-Arguicao-2025.docx.docx.pdf\">Edital 33\/2025 &#8211; Retifica\u00e7\u00e3o Edital Convoca\u00e7\u00e3o para a Argui\u00e7\u00e3o<\/a><\/p>\n\n\n\n<p><a href=\"https:\/\/pos.uel.br\/ppgel\/wp-content\/uploads\/2025\/12\/Edital-34-Resultado-Entrevistas.docx-3.pdf\">Edital 34\/2025 &#8211; Edital Resultado da Argui\u00e7\u00e3o<\/a><\/p>\n\n\n\n<h2 class=\"wp-block-heading has-text-align-center has-large-font-size\"><strong>2024<\/strong><\/h2>\n\n\n\n<p><\/p>\n\n\n\n<p><a href=\"https:\/\/pos.uel.br\/ppgel\/wp-content\/uploads\/2024\/10\/Edital142024-PDSE.pdf\">Edital 14\/2024- Programa Institucional de Doutorado Sandu\u00edche no Exterior<\/a><\/p>\n\n\n\n<p><a href=\"https:\/\/pos.uel.br\/ppgel\/wp-content\/uploads\/2024\/11\/Edital_15_2024-Homologacao-MESTRADO-Site.pdf\">Edital 15\/2024- Homologa\u00e7\u00e3o Inscri\u00e7\u00e3o Mestrado<\/a><\/p>\n\n\n\n<p><a href=\"https:\/\/pos.uel.br\/ppgel\/wp-content\/uploads\/2024\/11\/Site-Edital_16_2024-Homologacao-Inscricoes_DOUTORADO.docx.pdf\">Edital 16\/2024- Homologa\u00e7\u00e3o Inscri\u00e7\u00e3o Doutorado<\/a><\/p>\n\n\n\n<p><a href=\"https:\/\/pos.uel.br\/ppgel\/wp-content\/uploads\/2024\/11\/Resultado-Prova-Escrita-Edital-11_2024-1.pdf\">Edital 17\/2024- Resultado da Prova de Conhecimentos<\/a><\/p>\n\n\n\n<p><a href=\"https:\/\/pos.uel.br\/ppgel\/wp-content\/uploads\/2024\/11\/160-resultado-acoes-afirmativas.pdf\">Resultado A\u00e7\u00f5es Afirmativas \u2013 Mestrado<\/a><\/p>\n\n\n\n<p><a href=\"https:\/\/pos.uel.br\/ppgel\/wp-content\/uploads\/2024\/11\/187-resultado-acoes-afirmativas.pdf\">Resultado A\u00e7\u00f5es Afirmativas- Doutorado<\/a><\/p>\n\n\n\n<p><a href=\"https:\/\/pos.uel.br\/ppgel\/wp-content\/uploads\/2024\/11\/Edital-18-Chamada-Bolsa.pdf\">Edital 18\/2024- Chamada para Bolsa<\/a><\/p>\n\n\n\n<p><a href=\"https:\/\/pos.uel.br\/ppgel\/wp-content\/uploads\/2024\/11\/Edital_19_2024-Resultado-pedidos-recursos_Prova.docx.pdf\">Edital 19\/2024- Resultado dos Recursos- Prova de Conhecimentos<\/a><\/p>\n\n\n\n<p><a href=\"https:\/\/pos.uel.br\/ppgel\/wp-content\/uploads\/2024\/11\/Edital_20_2024-Resultado-Projeto.docx-2.pdf\">Edital 20\/2024 \u2013 Resultado da Avalia\u00e7\u00e3o dos Projetos<\/a><\/p>\n\n\n\n<p><a href=\"https:\/\/pos.uel.br\/ppgel\/wp-content\/uploads\/2024\/11\/Edital_21_2024-Resultado-pedidos-recursos_Projeto.docx.pdf\">Edital 21\/2024- Resultado dos Recursos- Projetos<\/a><\/p>\n\n\n\n<p><a href=\"https:\/\/pos.uel.br\/ppgel\/wp-content\/uploads\/2024\/11\/Edital_22_2024-Proficiencia-2.docx.pdf\">Edital 22\/2024 \u2013 Edital Exame de Profici\u00eancia<\/a><\/p>\n\n\n\n<p><a href=\"https:\/\/pos.uel.br\/ppgel\/wp-content\/uploads\/2024\/11\/Edital_23_2024-Resultado-Proficiencia.docx.pdf\" target=\"_blank\" rel=\"noreferrer noopener\">Edital 23\/2024- Resultado do Exame de Profici\u00eancia<\/a><\/p>\n\n\n\n<p><a href=\"https:\/\/pos.uel.br\/ppgel\/wp-content\/uploads\/2024\/11\/Edital-24-Cronograma-Arguicao-2024.docx.pdf\">Edital 24\/2024- Cronograma Argui\u00e7\u00e3o<\/a><\/p>\n\n\n\n<p><a href=\"https:\/\/pos.uel.br\/ppgel\/wp-content\/uploads\/2024\/12\/Edital_25_2024-Resultado-Arguicao.docx-1.pdf\">Edital 25\/2024- Resultado Argui\u00e7\u00e3o<\/a><\/p>\n\n\n\n<p><a href=\"https:\/\/pos.uel.br\/ppgel\/wp-content\/uploads\/2024\/12\/Edital26-Anexos.pdf\">Edital 26\/2024- Apoio para participa\u00e7\u00e3o em eventos<\/a><\/p>\n\n\n\n<p><a href=\"https:\/\/pos.uel.br\/ppgel\/wp-content\/uploads\/2024\/12\/Edital_27_2024-Resultado-Final.pdf\">Edital 27\/2024- Resultado Final<\/a><\/p>\n\n\n\n<p><a href=\"https:\/\/pos.uel.br\/ppgel\/wp-content\/uploads\/2024\/12\/Edital_28_2024-Retificacao-Resultado.pdf\">Edital 28\/2024- Retifica\u00e7\u00e3o Resultado Final<\/a><\/p>\n\n\n\n<p><a href=\"https:\/\/pos.uel.br\/ppgel\/wp-content\/uploads\/2024\/12\/Edital-29_2024_Resultado-final_convocacao-matricula_Doutorado.docx.pdf\">Edital 29\/2024 \u2013 Edital de Convoca\u00e7\u00e3o Matr\u00edcula- D<\/a><\/p>\n\n\n\n<p><a href=\"https:\/\/pos.uel.br\/ppgel\/wp-content\/uploads\/2024\/12\/Edital-30_2024_Resultado-final_convocacao-matricula_Mestrado.docx.pdf\">Edital 30\/2024 \u2013 Edital de Convoca\u00e7\u00e3o Matr\u00edcula- M<\/a><\/p>\n\n\n\n<p><a href=\"https:\/\/pos.uel.br\/ppgel\/wp-content\/uploads\/2025\/02\/PPGEL-2025-1-Artigo-27_orientacoes.docx-1.pdf\">Edital 31\/2024 \u2013 Edital de Matr\u00edculas- alunos de outra institui\u00e7\u00e3o<\/a><\/p>\n\n\n\n<p><a href=\"https:\/\/pos.uel.br\/ppgel\/wp-content\/uploads\/2024\/12\/1-Edital_32_2024-Oferta-Estudante-Especial-PPGEL-2025_1.pdf\">Edital 32\/2024 \u2013 Edital Oferta Estudante Especial<\/a><\/p>\n\n\n\n<p><a href=\"https:\/\/pos.uel.br\/ppgel\/wp-content\/uploads\/2025\/01\/Resultado-das-inscricoes-EDITAL-14_2024-PPGEL.docx.pdf\">Edital 33\/2024 \u2013 Resultado das Inscri\u00e7\u00f5es do Edital 14\/2024<\/a><\/p>\n\n\n\n<p><\/p>\n","protected":false},"excerpt":{"rendered":"<p>2025 Edital 01\/2025 \u2013 Resultado Estudantes Especiais Edital 02\/2025 \u2013 Chamada Bolsas Edital 03\/2025 \u2013 Chamada Bolsa Edital 04\/2025- Retifica\u00e7\u00e3o Edital 26\/2024 Edital 05\/2025- Sele\u00e7\u00e3o Interna para o Edital PROEXT-PG 07\/2025 Edital 06\/2025- Edital de Credenciamento Docente Edital 07\/2025 \u2013 Edital de Sele\u00e7\u00e3o de Bolsistas Edital 08\/2025 \u2013 Edital para Estudante Especial Edital 09\/2025 &#8211; [&hellip;]<\/p>\n","protected":false},"author":10,"featured_media":0,"parent":0,"menu_order":0,"comment_status":"closed","ping_status":"closed","template":"","meta":{"footnotes":""},"class_list":["post-813","page","type-page","status-publish","hentry"],"_links":{"self":[{"href":"https:\/\/pos.uel.br\/ppgel\/wp-json\/wp\/v2\/pages\/813","targetHints":{"allow":["GET"]}}],"collection":[{"href":"https:\/\/pos.uel.br\/ppgel\/wp-json\/wp\/v2\/pages"}],"about":[{"href":"https:\/\/pos.uel.br\/ppgel\/wp-json\/wp\/v2\/types\/page"}],"author":[{"embeddable":true,"href":"https:\/\/pos.uel.br\/ppgel\/wp-json\/wp\/v2\/users\/10"}],"replies":[{"embeddable":true,"href":"https:\/\/pos.uel.br\/ppgel\/wp-json\/wp\/v2\/comments?post=813"}],"version-history":[{"count":11,"href":"https:\/\/pos.uel.br\/ppgel\/wp-json\/wp\/v2\/pages\/813\/revisions"}],"predecessor-version":[{"id":2039,"href":"https:\/\/pos.uel.br\/ppgel\/wp-json\/wp\/v2\/pages\/813\/revisions\/2039"}],"wp:attachment":[{"href":"https:\/\/pos.uel.br\/ppgel\/wp-json\/wp\/v2\/media?parent=813"}],"curies":[{"name":"wp","href":"https:\/\/api.w.org\/{rel}","templated":true}]}}