{"id":8,"date":"2021-04-26T20:53:24","date_gmt":"2021-04-26T23:53:24","guid":{"rendered":"https:\/\/pos.uel.br\/ppgel\/?page_id=8"},"modified":"2025-09-04T13:37:03","modified_gmt":"2025-09-04T16:37:03","slug":"areas-de-concentracao","status":"publish","type":"page","link":"https:\/\/pos.uel.br\/ppgel\/areas-de-concentracao\/","title":{"rendered":"\u00c1reas de concentra\u00e7\u00e3o e Linhas de Pesquisa"},"content":{"rendered":"\n<p><\/p>\n\n\n\n<p><strong>\u00c1rea de Concentra\u00e7\u00e3o A- Linguagem e Significa\u00e7\u00e3o<\/strong>:<\/p>\n\n\n\n<p>Esta \u00e1rea volta-se para um conjunto de reflex\u00f5es e an\u00e1lises que contribuem para os estudos de l\u00edngua, em seus constituintes e suas estruturas, o texto e os recursos midi\u00e1ticos. A marca desta \u00e1rea de concentra\u00e7\u00e3o \u00e9 o seu lugar no campo te\u00f3rico dos estudos de fon\u00e9tica\/fonologia, morfossintaxe, sem\u00e2ntica, pragm\u00e1tica, an\u00e1lise do discurso, lingu\u00edstica textual, entre outros campos de estudos. Ela apresenta duas linhas de pesquisa:<\/p>\n\n\n\n<ul class=\"wp-block-list\">\n<li><strong>Linha de Pesquisa 1- Descri\u00e7\u00e3o E An\u00e1lise Lingu\u00edsticas:<\/strong> Conceitua\u00e7\u00e3o, descri\u00e7\u00e3o e an\u00e1lise de n\u00edveis lingu\u00edsticos. Varia\u00e7\u00e3o sincr\u00f4nica e diacr\u00f4nica.\n<ul class=\"wp-block-list\">\n<li><a href=\"http:\/\/lattes.cnpq.br\/4397872436640744\">Dircel Aparecida Kailer<\/a><\/li>\n\n\n\n<li><a href=\"http:\/\/lattes.cnpq.br\/5539075313815063\">Fabiane Cristina Altino<\/a><\/li>\n\n\n\n<li><a href=\"http:\/\/lattes.cnpq.br\/5156858264212980\">Marcelo Silveira<\/a><\/li>\n\n\n\n<li><a href=\"http:\/\/lattes.cnpq.br\/1943376494360290\">Ot\u00e1vio Goes de Andrade<\/a><a href=\"https:\/\/www.uel.br\/pos\/ppgel\/modules\/fckeditor\/fckeditor\/editor\/[wblink181]\"><\/a><\/li>\n\n\n\n<li><a href=\"http:\/\/lattes.cnpq.br\/8323910235303866\">Vanderci de Andrade Aguilera<\/a><\/li>\n<\/ul>\n<\/li>\n<\/ul>\n\n\n\n<p><\/p>\n\n\n\n<ul class=\"wp-block-list\">\n<li><strong>Linha de Pesquisa 2- Estudos Do Texto\/Discurso:<\/strong> Estudo de processos de constru\u00e7\u00e3o textual e aspectos interativo-discursivos da linguagem.\n<ul class=\"wp-block-list\">\n<li><a href=\"http:\/\/lattes.cnpq.br\/7382780768191096\">Antonio Lemes Guerra Junior<\/a><\/li>\n\n\n\n<li><a href=\"http:\/\/lattes.cnpq.br\/9364996438962646\">Edina Regina Pugas Panichi<\/a><\/li>\n\n\n\n<li><a href=\"http:\/\/lattes.cnpq.br\/9893461756658986\">Isabel Cristina Cordeiro<\/a><\/li>\n\n\n\n<li><a href=\"http:\/\/lattes.cnpq.br\/2309032857021770\">Lolyane Cristina Guerreiro de Oliveira<\/a><\/li>\n\n\n\n<li><a href=\"http:\/\/lattes.cnpq.br\/7120412982970882\">Maria Isabel Borges<\/a><\/li>\n\n\n\n<li><a href=\"http:\/\/lattes.cnpq.br\/4807654796089331\">Rosemeri Passos Baltazar Machado<\/a><\/li>\n<\/ul>\n<\/li>\n<\/ul>\n\n\n\n<p><\/p>\n\n\n\n<p><strong>\u00c1rea de Concentra\u00e7\u00e3o B: Linguagem e Educa\u00e7\u00e3o<\/strong>:<\/p>\n\n\n\n<p>Esta \u00e1rea busca a reflex\u00e3o entre os fatos te\u00f3ricos e a aplicabilidade no ensino\/aprendizagem de l\u00ednguas. Estabelece-se, nesta \u00e1rea de concentra\u00e7\u00e3o, a rela\u00e7\u00e3o entre linguagem, educa\u00e7\u00e3o e produ\u00e7\u00e3o de conhecimento. A marca desta \u00e1rea de concentra\u00e7\u00e3o \u00e9 o campo aplicado dos estudos e as possibilidades de acessibilidade aos preceitos te\u00f3ricos produzidos na academia, ou seja, a reflex\u00e3o sobre a produ\u00e7\u00e3o e transmiss\u00e3o de conhecimentos. Ela apresenta duas linhas de pesquisa:<\/p>\n\n\n\n<ul class=\"wp-block-list\">\n<li><strong>Linha de Pesquisa 3- Ensino\/aprendizagem e forma\u00e7\u00e3o do professor de l\u00edngua portuguesa e de outras linguagens:<\/strong> Estudos direcionados \u00e0s situa\u00e7\u00f5es de ensino\/aprendizagem de l\u00edngua portuguesa e de linguagens sincr\u00e9ticas, objetivando estabelecer rela\u00e7\u00f5es entre aspectos te\u00f3ricos e a pr\u00e1tica docente.\n<ul class=\"wp-block-list\">\n<li><a href=\"http:\/\/lattes.cnpq.br\/4835407468291098\">Andreia da Cunha Malheiros Santana<\/a><\/li>\n\n\n\n<li><a href=\"http:\/\/lattes.cnpq.br\/3603229478975999\">Eliana Maria Severino Donaio Ruiz<\/a><\/li>\n\n\n\n<li><a href=\"http:\/\/lattes.cnpq.br\/6092970593937003\">Joyce Elaine de Almeida<\/a><\/li>\n\n\n\n<li><a href=\"https:\/\/lattes.cnpq.br\/1815820136586725\">Paula Baracat De Grande<\/a><\/li>\n\n\n\n<li><a href=\"http:\/\/lattes.cnpq.br\/7552098448712248\">Sheila Oliveira Lima<\/a><\/li>\n\n\n\n<li><a href=\"http:\/\/lattes.cnpq.br\/7316306842386515\">Su\u00e9len Maria Rocha<\/a><\/li>\n<\/ul>\n<\/li>\n<\/ul>\n\n\n\n<p><\/p>\n\n\n\n<ul class=\"wp-block-list\">\n<li><strong>Linha de Pesquisa 4- Ensino\/aprendizagem e forma\u00e7\u00e3o do professor de l\u00edngua estrangeira:<\/strong> Estudos direcionados \u00e0s situa\u00e7\u00f5es de ensino\/ aprendizagem e de forma\u00e7\u00e3o do professor de l\u00edngua estrangeira, objetivando estabelecer rela\u00e7\u00f5es entre aspectos te\u00f3ricos e a pr\u00e1tica docente.\n<ul class=\"wp-block-list\">\n<li><a href=\"http:\/\/lattes.cnpq.br\/8437076931332585\">Cl\u00e1udia Cristina Ferreira<\/a><\/li>\n\n\n\n<li><a href=\"http:\/\/lattes.cnpq.br\/0567446304006032\">Juliana Reichert Assun\u00e7\u00e3o Tonelli<\/a><\/li>\n\n\n\n<li><a href=\"http:\/\/lattes.cnpq.br\/0616673725766329\">Michele Salles El Kadri<\/a><\/li>\n\n\n\n<li><a href=\"http:\/\/lattes.cnpq.br\/5389821486907152\">Samantha Gon\u00e7alves Ramos<\/a><\/li>\n\n\n\n<li><a href=\"http:\/\/lattes.cnpq.br\/3089947385390266\">Telma Nunes Gimenez<\/a><\/li>\n\n\n\n<li><a href=\"http:\/\/lattes.cnpq.br\/1931255173410776\">Vera L\u00facia Lopes Cristov\u00e3o<\/a><\/li>\n<\/ul>\n<\/li>\n<\/ul>\n\n\n\n<p><\/p>\n","protected":false},"excerpt":{"rendered":"<p>\u00c1rea de Concentra\u00e7\u00e3o A- Linguagem e Significa\u00e7\u00e3o: Esta \u00e1rea volta-se para um conjunto de reflex\u00f5es e an\u00e1lises que contribuem para os estudos de l\u00edngua, em seus constituintes e suas estruturas, o texto e os recursos midi\u00e1ticos. A marca desta \u00e1rea de concentra\u00e7\u00e3o \u00e9 o seu lugar no campo te\u00f3rico dos estudos de fon\u00e9tica\/fonologia, morfossintaxe, sem\u00e2ntica, [&hellip;]<\/p>\n","protected":false},"author":1,"featured_media":0,"parent":0,"menu_order":0,"comment_status":"closed","ping_status":"closed","template":"","meta":{"footnotes":""},"class_list":["post-8","page","type-page","status-publish","hentry"],"_links":{"self":[{"href":"https:\/\/pos.uel.br\/ppgel\/wp-json\/wp\/v2\/pages\/8","targetHints":{"allow":["GET"]}}],"collection":[{"href":"https:\/\/pos.uel.br\/ppgel\/wp-json\/wp\/v2\/pages"}],"about":[{"href":"https:\/\/pos.uel.br\/ppgel\/wp-json\/wp\/v2\/types\/page"}],"author":[{"embeddable":true,"href":"https:\/\/pos.uel.br\/ppgel\/wp-json\/wp\/v2\/users\/1"}],"replies":[{"embeddable":true,"href":"https:\/\/pos.uel.br\/ppgel\/wp-json\/wp\/v2\/comments?post=8"}],"version-history":[{"count":11,"href":"https:\/\/pos.uel.br\/ppgel\/wp-json\/wp\/v2\/pages\/8\/revisions"}],"predecessor-version":[{"id":1807,"href":"https:\/\/pos.uel.br\/ppgel\/wp-json\/wp\/v2\/pages\/8\/revisions\/1807"}],"wp:attachment":[{"href":"https:\/\/pos.uel.br\/ppgel\/wp-json\/wp\/v2\/media?parent=8"}],"curies":[{"name":"wp","href":"https:\/\/api.w.org\/{rel}","templated":true}]}}