{"id":7,"date":"2021-04-26T20:53:24","date_gmt":"2021-04-26T23:53:24","guid":{"rendered":"https:\/\/pos.uel.br\/ppgel\/?page_id=7"},"modified":"2025-09-03T15:07:36","modified_gmt":"2025-09-03T18:07:36","slug":"historico","status":"publish","type":"page","link":"https:\/\/pos.uel.br\/ppgel\/historico\/","title":{"rendered":"Hist\u00f3rico"},"content":{"rendered":"\n<p><\/p>\n\n\n\n<p>Com corpo docente altamente qualificado de dois departamentos da UEL (proponente:&nbsp;<a href=\"http:\/\/www.uel.br\/cch\/let\/\"><strong>Departamento de Letras Vern\u00e1culas e Cl\u00e1ssicas (LVC<\/strong>)<\/a>; participante:&nbsp;<strong><a href=\"http:\/\/www.uel.br\/cch\/lem\/\">Departamento de Letras Estrangeiras Modernas (LEM)<\/a><\/strong> e de outros programas de p\u00f3s-gradua\u00e7\u00e3o, na condi\u00e7\u00e3o de convidados, o&nbsp;<strong>Programa de P\u00f3s-Gradua\u00e7\u00e3o em Estudos da Linguagem (PPGEL)<\/strong>&nbsp;procura oferecer oportunidades de desenvolvimento de pesquisa de alto n\u00edvel no \u00e2mbito do mestrado, doutorado e est\u00e1gio p\u00f3s-doutoral (p\u00f3s-doutorado).&nbsp;<\/p>\n\n\n\n<p>O programa tem como <strong>miss\u00e3o<\/strong>&nbsp; contribuir para a forma\u00e7\u00e3o \u00e9tica e respons\u00e1vel de profissionais e pesquisadores qualificados na \u00e1rea de estudos da linguagem, com pleno dom\u00ednio dos conhecimentos necess\u00e1rios para a resolu\u00e7\u00e3o de quest\u00f5es educacionais e avan\u00e7os nesta \u00e1rea acad\u00eamica, al\u00e9m de comprometidos com o desenvolvimento social, cultural e cient\u00edfico da sociedade brasileira. Sua vis\u00e3o \u00e9: Ser um programa de excel\u00eancia na \u00e1rea de estudos da linguagem, atendendo as demandas de diferentes setores da sociedade, promovendo articula\u00e7\u00f5es entre conhecimentos locais e globais, mediante o desenvolvimento e dissemina\u00e7\u00e3o de pesquisas inovadoras e de alto impacto nos locais onde seus egressos atuem.&nbsp;<br><\/p>\n\n\n\n<p>Os seus principais objetivos s\u00e3o: <\/p>\n\n\n\n<p>i) fomentar a produ\u00e7\u00e3o de trabalhos cient\u00edficos nas linhas de pesquisa do programa, promovendo a reflex\u00e3o cr\u00edtica sobre a linguagem; <\/p>\n\n\n\n<p>ii) atuar de forma integrada com centros de pesquisas nacionais e internacionais, visando ao aprofundamento de discuss\u00f5es em torno das quest\u00f5es relacionadas aos estudos da linguagem; <\/p>\n\n\n\n<p>iii)&nbsp; disseminar o conhecimento produzido pelos docentes e discentes do programa, de modo a tornar acess\u00edveis os resultados das pesquisas desenvolvidas;&nbsp; <\/p>\n\n\n\n<p>iv) contribuir para a produ\u00e7\u00e3o de novos conhecimentos no \u00e2mbito das pesquisas lingu\u00edsticas e para a valoriza\u00e7\u00e3o da diversidade lingu\u00edstica e cultural do estado\/pa\u00eds, incentivando estudos sobre o portugu\u00eas falado no Paran\u00e1 (e em outros estados) e as l\u00ednguas ind\u00edgenas, migrantes e fronteiri\u00e7as, com destaque especial para o portugu\u00eas como l\u00edngua de acolhimento; <\/p>\n\n\n\n<p>v) qualificar profissionais para atuar no ensino, pesquisa e extens\u00e3o, contribuindo para o desenvolvimento educacional e cultural da sociedade, propondo melhorias metodol\u00f3gicas e did\u00e1ticas com impactos positivos na educa\u00e7\u00e3o b\u00e1sica.&nbsp;<br><\/p>\n\n\n\n<p>O&nbsp;<strong>PPGEL \u2013 Programa de P\u00f3s-Gradua\u00e7\u00e3o em Estudos da Linguagem<\/strong>&nbsp;iniciou suas atividades em junho de 2001, a partir do desmembramento do<strong>&nbsp;<a href=\"http:\/\/www.uel.br\/pos\/letras\/\">PPGL &#8211; Programa de P\u00f3s-Gradua\u00e7\u00e3o em Letras (\u00e1rea de concentra\u00e7\u00e3o Estudos Liter\u00e1rios<\/a><\/strong>, em n\u00edvel de Mestrado, que havia sido criado em 1993. Com um corpo docente qualificado nas \u00e1reas de L\u00edngua Portuguesa e L\u00ednguas Estrangeiras, o PPGEL se organizou em duas \u00e1reas de concentra\u00e7\u00e3o: Linguagem e Significa\u00e7\u00e3o e Linguagem e Educa\u00e7\u00e3o, com duas linhas de pesquisa cada. Logo em seguida, foi criado o doutorado, em 2003. Ao longo de mais de duas d\u00e9cadas, j\u00e1 foram formados muitos mestres e doutores, atuantes em diversos setores como ensino p\u00fablico e privado, empresas, organiza\u00e7\u00f5es n\u00e3o governamentais, e presta\u00e7\u00e3o de servi\u00e7os. Com forte inser\u00e7\u00e3o regional e nacional, o PPGEL mant\u00e9m duas revistas bem qualificadas, a <a href=\"https:\/\/ojs.uel.br\/revistas\/uel\/index.php\/signum\/index\"><strong>Signum<\/strong>: <strong>Estudos da Linguagem<\/strong><\/a> e a <strong><a href=\"https:\/\/ojs.uel.br\/revistas\/uel\/index.php\/entretextos\">Entretextos<\/a><\/strong>. Ambos os ve\u00edculos contribuem para a dissemina\u00e7\u00e3o dos conhecimentos produzidos na \u00e1rea de Estudos da Linguagem por pesquisadores nacionais e estrangeiros.<\/p>\n\n\n\n<p><\/p>\n\n\n\n<p><strong>UM POUCO DAQUELES QUE FIZERAM A HIST\u00d3RIA DO NOSSO PROGRAMA:<\/strong><\/p>\n\n\n\n<p><strong>ANTIGOS DOCENTES<\/strong><\/p>\n\n\n\n<p>(2001-2003)&nbsp;<a href=\"http:\/\/lattes.cnpq.br\/1734302217180665\">Ismael Pontes<\/a><\/p>\n\n\n\n<p>(2001-2007)&nbsp;<a href=\"http:\/\/lattes.cnpq.br\/9112304621970481\">Sonia Maria Lazzarini Cyrino<\/a><\/p>\n\n\n\n<p>(2001-2019)&nbsp;<a href=\"http:\/\/lattes.cnpq.br\/0469655172816004\">Loredana Limoli<\/a><\/p>\n\n\n\n<p>(2004-2008)&nbsp;<a href=\"http:\/\/lattes.cnpq.br\/6521903408539021\">Luiz Carlos Migliozzi Ferreira de Mello<\/a><\/p>\n\n\n\n<p>(2001-2010)&nbsp;<a href=\"http:\/\/lattes.cnpq.br\/7676268794147226\">Luiz Carlos Fernandes<\/a>&nbsp;<\/p>\n\n\n\n<p>(2001-2010)&nbsp;<a href=\"http:\/\/lattes.cnpq.br\/1034201947813041\">Regina Maria Greg\u00f3rio<\/a><\/p>\n\n\n\n<p>(2001-2012)&nbsp;<a href=\"http:\/\/lattes.cnpq.br\/9230136802984841\">Adja Balbino de Amorim Barbieri Dur\u00e3o<\/a><\/p>\n\n\n\n<p>(2001-2015)&nbsp;<a href=\"http:\/\/lattes.cnpq.br\/6757863866100108\">Alba Maria Perfeito<\/a><\/p>\n\n\n\n<p>(2001-2015)&nbsp;<a href=\"http:\/\/lattes.cnpq.br\/3202163560671596\">Ludoviko Carnasciali dos Santos<\/a><\/p>\n\n\n\n<p>(2001-2016)&nbsp;<a href=\"http:\/\/lattes.cnpq.br\/4056824042479771\">Paulo de Tarso Galembeck<\/a><\/p>\n\n\n\n<p>(2009-2018)&nbsp;<a href=\"http:\/\/buscatextual.cnpq.br\/buscatextual\/visualizacv.do?id=K4798034T0\">N\u00fabio Dellane Ferraz Mafra<\/a>&nbsp;<\/p>\n\n\n\n<p>(2015-2023)&nbsp;<a href=\"http:\/\/lattes.cnpq.br\/2579379962697917\">Ana L\u00facia de Campos Almeida<\/a><\/p>\n\n\n\n<p>(2001-2022) <a href=\"http:\/\/lattes.cnpq.br\/4116478895203062\">Elvira Lopes Nascimento<\/a><\/p>\n\n\n\n<p>(2013-2024) <a href=\"http:\/\/lattes.cnpq.br\/3445043936246326\">Viviane Aparecida Bagio Furtoso<\/a><\/p>\n\n\n\n<p>(2001-2025) <a href=\"https:\/\/buscatextual.cnpq.br\/buscatextual\/visualizacv.do;jsessionid=8FF077F124DBD02CBCE8CDC276F6459F.buscatextual_0\">Esther Gomes de Oliveira<\/a><\/p>\n\n\n\n<p> <strong>ANTIGAS COMISS\u00d5ES COORDENADORAS<\/strong>&nbsp; &nbsp;<\/p>\n\n\n\n<p><strong>COMISS\u00c3O COORDENADORA&nbsp;<strong>DE 01\/06\/2023 A 31\/05\/202<\/strong>4<br><\/strong>Coordenadora: Joyce Elaine de Almeida<br>Vice-Coordenadora: Andr\u00e9ia da Cunha Malheiros Santana  <br>3\u00ba Representante:&nbsp;Isabel Cristina Cordeiro<br>Representante do LEM: Juliana Reichert Assun\u00e7\u00e3o Tonelli<br>Representante discente:&nbsp;Gabriela Pepis &nbsp; &nbsp; &nbsp; &nbsp;<\/p>\n\n\n\n<p><strong>COMISS\u00c3O COORDENADORA&nbsp;DE 01\/06\/2016 A 31\/05\/2023<br><\/strong>Coordenadora: Fabiane Cristina Altino<br>Vice-Coordenadora: &nbsp;Joyce Elaine de Almeida Baronas<br>3\u00ba Representante: &nbsp;Esther Gomes de Oliveira&nbsp;<br>Representante do LEM: Vera L\u00facia Lopes Crist\u00f3v\u00e3o<br>Representante discente:&nbsp;Kauana Scabori&nbsp;\/ Evelyn Mayer &nbsp; &nbsp; &nbsp; &nbsp; &nbsp; &nbsp; &nbsp; &nbsp; &nbsp; &nbsp; &nbsp; &nbsp; &nbsp; &nbsp; &nbsp; &nbsp; &nbsp; &nbsp; &nbsp;<\/p>\n\n\n\n<p><strong>COMISS\u00c3O COORDENADORA DE 01\/06\/2013 A 31\/05\/2016<br><\/strong>Coordenador: N\u00fabio Delanne Ferraz Mafra<br>Vice-Coordenador: Paulo de Tarso Galembeck&nbsp;(at\u00e9 03\/03\/2015)<br>Esther Gomes de Oliveira&nbsp;(a partir de 24\/04\/2015)<br>3\u00ba Representante: Elvira Lopes Nascimento&nbsp;(at\u00e9&nbsp;11\/03\/2014 \u2013 a partir de 05\/02\/2015)&nbsp;<br>Elaine Fernandes Mateus&nbsp;(de 12\/03\/2014&nbsp;at\u00e9 08\/10\/2014)<br>Fabiane Cristina Altino&nbsp;(de 09\/10\/2014 at\u00e9 04\/02\/2015)<br>Representante do LEM: Vera L\u00facia Lopes Crist\u00f3v\u00e3o&nbsp;(at\u00e9 31\/07\/2015)<br>Simone Reis&nbsp;(a partir de 01\/08\/2015)<br>Representante discente: Let\u00edcia Jovelina Storto e Paula Kracker Francescon&nbsp;(de 01\/06\/2013 a 31\/12\/2013)<br>Ana Claudia Cury Calia de Souza&nbsp;(de 01\/01\/2014 a 31\/12\/2014)<br>Taciane Marcelle Marques&nbsp;(a partir de 01\/01\/2015)<\/p>\n\n\n\n<p><strong>COMISS\u00c3O COORDENADORA DE 01\/06\/2010 A 31\/05\/2013<br><\/strong>Coordenador: Vanderci de Andrade Aguilera<br>Vice-Coordenador: Telma Nunes Gimenez&nbsp;(at\u00e9 05\/05\/2011)<br>Paulo de Tarso Galembeck&nbsp;(a partir de 31\/05\/2011)<br>2\u00ba Representante: Loredana Limoli<br>3\u00ba Representante: Paulo de Tarso Galembeck&nbsp;(at\u00e9 30\/05\/2011)<br>Representante do LEM: Simone Reis&nbsp;(a partir de 06\/05\/2011)<br>Representante discente: Eliane Vitorino de Moura Oliveira&nbsp;(de 01\/09\/2010 a 31\/08\/2011)<br>Alcione Campos&nbsp;(de 01\/09\/2011 a 31\/12\/2012)<br>Let\u00edcia Jovelina Storto e Paula Kracker Francescon&nbsp;(a partir de 01\/01\/2013)<\/p>\n\n\n\n<p><strong>COMISS\u00c3O COORDENADORA DE 01\/06\/2007 A 31\/05\/2010<br><\/strong>Coordenador: Luiz Carlos Migliozzi Ferreira de Mello&nbsp;(at\u00e9 05\/09\/2008)<br>Esther Gomes de Oliveira&nbsp;(a partir de 15\/09\/2008)<br>Vice-Coordenador: Loredana Limoli<br>3\u00ba Representante:&nbsp; Vanderci de Andrade Aguilera&nbsp;(at\u00e9 31\/07\/2008)<br>Paulo de Tarso Galembeck&nbsp;(a partir de 25\/09\/2008)<br>Representante do LEM: Adja Balbino de Amorim Barbieri Dur\u00e3o<br>Representante discente: Melissa Carolina Herrero de Azevedo&nbsp;(at\u00e9 31\/12\/2009)<\/p>\n\n\n\n<p><strong>COMISS\u00c3O COORDENADORA DE 01\/03\/2005 A 31\/05\/2007<br><\/strong>Coordenador:&nbsp; Luiz Carlos Fernandes&nbsp;(at\u00e9 02\/04\/2006)<br>Telma Nunez Gimenez&nbsp;(a partir de 03\/04\/2006)<br>Vice-Coordenador: Alba Maria Perfeito&nbsp;(at\u00e9 24\/11\/2005)<br>Luiz Carlos Migliozzi Ferreira de Mello&nbsp;(a partir de 25\/11\/2005)<br>3\u00ba Representante:&nbsp; Vanderci de Andrade Aguilera<br>Representante do LEM: Telma Nunes Gimenez&nbsp;(at\u00e9 02\/04\/2006)<\/p>\n\n\n\n<p><strong>COMISS\u00c3O COORDENADORA DE 01\/03\/2003 A 28\/02\/2005<br><\/strong>Coordenador: Sonia Maria Lazzarini Cyrino<br>Vice-Coordenador:&nbsp; Luiz Carlos Fernandes<br>3\u00ba Representante: Vanderci de Andrade Aguilera<br>Representante do LEM: Adja Balbino de Amorim Barbieri Dur\u00e3o<\/p>\n\n\n\n<p><strong>COMISS\u00c3O COORDENADORA DE 12\/06\/2001 A 28\/02\/2003<\/strong><br>Coordenadora:&nbsp; Sonia Maria Lazzarini Cyrino<br>Vice-Coordenador:&nbsp; Vanderci de Andrade Aguilera<br>3\u00ba Representante: Ismael Pontes<br>Representante do LEM: Telma Nunes Gimenez<\/p>\n","protected":false},"excerpt":{"rendered":"<p>Com corpo docente altamente qualificado de dois departamentos da UEL (proponente:&nbsp;Departamento de Letras Vern\u00e1culas e Cl\u00e1ssicas (LVC); participante:&nbsp;Departamento de Letras Estrangeiras Modernas (LEM) e de outros programas de p\u00f3s-gradua\u00e7\u00e3o, na condi\u00e7\u00e3o de convidados, o&nbsp;Programa de P\u00f3s-Gradua\u00e7\u00e3o em Estudos da Linguagem (PPGEL)&nbsp;procura oferecer oportunidades de desenvolvimento de pesquisa de alto n\u00edvel no \u00e2mbito do mestrado, doutorado [&hellip;]<\/p>\n","protected":false},"author":1,"featured_media":0,"parent":0,"menu_order":0,"comment_status":"closed","ping_status":"closed","template":"","meta":{"footnotes":""},"class_list":["post-7","page","type-page","status-publish","hentry"],"_links":{"self":[{"href":"https:\/\/pos.uel.br\/ppgel\/wp-json\/wp\/v2\/pages\/7","targetHints":{"allow":["GET"]}}],"collection":[{"href":"https:\/\/pos.uel.br\/ppgel\/wp-json\/wp\/v2\/pages"}],"about":[{"href":"https:\/\/pos.uel.br\/ppgel\/wp-json\/wp\/v2\/types\/page"}],"author":[{"embeddable":true,"href":"https:\/\/pos.uel.br\/ppgel\/wp-json\/wp\/v2\/users\/1"}],"replies":[{"embeddable":true,"href":"https:\/\/pos.uel.br\/ppgel\/wp-json\/wp\/v2\/comments?post=7"}],"version-history":[{"count":12,"href":"https:\/\/pos.uel.br\/ppgel\/wp-json\/wp\/v2\/pages\/7\/revisions"}],"predecessor-version":[{"id":1771,"href":"https:\/\/pos.uel.br\/ppgel\/wp-json\/wp\/v2\/pages\/7\/revisions\/1771"}],"wp:attachment":[{"href":"https:\/\/pos.uel.br\/ppgel\/wp-json\/wp\/v2\/media?parent=7"}],"curies":[{"name":"wp","href":"https:\/\/api.w.org\/{rel}","templated":true}]}}