{"id":69,"date":"2021-05-16T11:46:59","date_gmt":"2021-05-16T14:46:59","guid":{"rendered":"https:\/\/pos.uel.br\/ppgel\/?page_id=69"},"modified":"2024-08-26T15:24:42","modified_gmt":"2024-08-26T18:24:42","slug":"pesquisa","status":"publish","type":"page","link":"https:\/\/pos.uel.br\/ppgel\/en\/pesquisa\/","title":{"rendered":"Pesquisa"},"content":{"rendered":"\n<p><strong>PROJETOS DE PESQUISA<\/strong><\/p>\n\n\n\n<p><strong>EM DESENVOLVIMENTO PELOS DOCENTES<\/strong>&nbsp;<\/p>\n\n\n\n<p>Desde 02\/04\/2000<br><strong><a href=\"https:\/\/www.sistemasweb.uel.br\/system\/prj\/pes\/pdf\/pes_pesquisa_02980.pdf\">Atlas lingu\u00edstico do Brasil<br><\/a><\/strong>Coordenadora:&nbsp;Vanderci de Andrade Aguilera<br>Vice-Coordenadora: Fabiane Cristina Altino<br><br>Desde 13\/08\/2012<br><strong><a href=\"https:\/\/www.sistemasweb.uel.br\/system\/prj\/pes\/pdf\/pes_pesquisa_08072.pdf\">Tesouro do l\u00e9xico patrimonial galego e portugu\u00eas: invent\u00e1rio paranaense<br><\/a><\/strong>Coordenadora:&nbsp;Vanderci de Andrade Aguilera<\/p>\n\n\n\n<p>Desde 02\/05\/2017<br><strong><a href=\"http:\/\/www.uel.br\/pos\/ppgel\/pages\/arquivos\/PROJETO%20VIVIANE.pdf\">A pr\u00e1tica de tele(tangem): um projeto telecolaborativo para a promo\u00e7\u00e3o da aprendizagem de l\u00ednguas estrangeiras e da forma\u00e7\u00e3o de professores de l\u00ednguas<br><\/a><\/strong>Coordenadora:&nbsp;Viviane Aparecida Bagio Furtoso<br><br>Desde 09\/05\/2018<br><strong><a href=\"http:\/\/www.uel.br\/pos\/ppgel\/pages\/arquivos\/PROJETO%20ELVIRA.pdf\">Atividade, instrumentos e desenvolvimento docente em sequ\u00eancias de forma\u00e7\u00e3o e seus efeitos nos gestos profissionais<br><\/a><\/strong>Coordenadora:&nbsp;Elvira Lopes Nascimento<\/p>\n\n\n\n<p>Desde 06\/03\/2018<br><strong><a href=\"http:\/\/www.uel.br\/pos\/ppgel\/pages\/arquivos\/PROJETO%20ROSEMERI.pdf\">PAD II \u2013 Pesquisas em An\u00e1lise do Discurso: diversidade e desigualdade social a exclus\u00e3o\/inclus\u00e3o do sujeito na\/pela hist\u00f3ria<br><\/a><\/strong>Coordenadora:&nbsp;Rosemeri Passos Baltazar Machado<\/p>\n\n\n\n<p>Desde 08\/12\/2016<br><strong><a href=\"http:\/\/www.uel.br\/pos\/ppgel\/pages\/arquivos\/PROJETO%20JOYCE.pdf\">VALEN \u2013 Varia\u00e7\u00e3o lingu\u00edstica na escola: normas<br><\/a><\/strong>Coordenadora:&nbsp;Joyce Elaine de Almeida Baronas<\/p>\n\n\n\n<p>Desde 10\/07\/2017<br><strong><a href=\"http:\/\/www.uel.br\/pos\/ppgel\/pages\/arquivos\/PROJETO%20OT%C3%81VIO.pdf\">Espanhol para que(m)?<br><\/a><\/strong>Coordenadora:&nbsp;Ot\u00e1vio Goes de Andrade<\/p>\n\n\n\n<p>Desde 06\/03\/2018<br><strong><a href=\"http:\/\/www.uel.br\/pos\/ppgel\/pages\/arquivos\/PROJETO%20MARIANGELA.pdf\">Tradu\u00e7\u00e3o, arquivo e mem\u00f3ria discursiva: uma dimens\u00e3o constitutiva da significa\u00e7\u00e3o para ci\u00eancias da linguagem \u2013 TAM\/SL<\/a><u><a href=\"http:\/\/www.uel.br\/pos\/ppgel\/pages\/arquivos\/PROJETO%20MARIANGELA.pdf\"><br><\/a><\/u><\/strong>Coordenadora:&nbsp;Mari\u00e2ngela Peccioli Galli Joanilho<\/p>\n\n\n\n<p>Desde 26\/03\/2018<br><strong><a href=\"http:\/\/www.uel.br\/pos\/ppgel\/pages\/arquivos\/PROJETO%20SIMONE.pdf\">An\u00e1lise paradgm\u00e1tica e sintagm\u00e1tica de linguagem humana<br><\/a><\/strong>Coordenadora:&nbsp;Simone Reis<\/p>\n\n\n\n<p>Desde 05\/05\/2016<br><strong><a href=\"http:\/\/www.uel.br\/pos\/ppgel\/pages\/arquivos\/PROJETO%20ANA%20LUCIA.pdf\">Investiga\u00e7\u00e3o sobre o processo de letramento na forma\u00e7\u00e3o inicial e na forma\u00e7\u00e3o continuada de professores de l\u00edngua portuguesa<br><\/a><\/strong>Coordenadora:&nbsp;Ana L\u00facia de Campos Almeida<\/p>\n\n\n\n<p>Desde 01\/04\/2004<br><strong><a href=\"http:\/\/www.uel.br\/pos\/ppgel\/pages\/arquivos\/supervisora%20viviane%20projeto.pdf\">NAP \u2013 N\u00facleo de assessoria pedag\u00f3gica para o ensino de l\u00edngua<\/a><\/strong><\/p>\n\n\n\n<p>Supervisora: Viviane Aparecida Bagio Furtoso<\/p>\n\n\n\n<p>Desde 10\/10\/2016<br><strong><a href=\"http:\/\/www.uel.br\/pos\/ppgel\/pages\/arquivos\/PROJETO%20ESTHER.pdf\">Linguagem e cogni\u00e7\u00e3o: a constru\u00e7\u00e3o de sentidos no discurso<br><\/a><\/strong>Coordenadora:&nbsp;Esther Gomes de Oliveira<\/p>\n\n\n\n<p>Desde 06\/02\/201<\/p>\n\n\n\n<p><strong><a href=\"http:\/\/www.uel.br\/pos\/ppgel\/pages\/arquivos\/PROJETO%20JULIANA.pdf\">Avalia\u00e7\u00e3o de aprendizagem de l\u00ednguas estrangeiras nas s\u00e9ries iniciais de escolariza\u00e7\u00e3o (AALESE)<\/a><\/strong><\/p>\n\n\n\n<p>Coordenadora:&nbsp;Juliana Reichert Assun\u00e7\u00e3o Tonelli<\/p>\n\n\n\n<p><\/p>\n","protected":false},"excerpt":{"rendered":"<p>PROJETOS DE PESQUISA EM DESENVOLVIMENTO PELOS DOCENTES&nbsp; Desde 02\/04\/2000Atlas lingu\u00edstico do BrasilCoordenadora:&nbsp;Vanderci de Andrade AguileraVice-Coordenadora: Fabiane Cristina Altino Desde 13\/08\/2012Tesouro do l\u00e9xico patrimonial galego e portugu\u00eas: invent\u00e1rio paranaenseCoordenadora:&nbsp;Vanderci de Andrade Aguilera Desde 02\/05\/2017A pr\u00e1tica de tele(tangem): um projeto telecolaborativo para a promo\u00e7\u00e3o da aprendizagem de l\u00ednguas estrangeiras e da forma\u00e7\u00e3o de professores de l\u00ednguasCoordenadora:&nbsp;Viviane Aparecida [&hellip;]<\/p>\n","protected":false},"author":1,"featured_media":0,"parent":0,"menu_order":0,"comment_status":"closed","ping_status":"closed","template":"","meta":{"footnotes":""},"class_list":["post-69","page","type-page","status-publish","hentry"],"_links":{"self":[{"href":"https:\/\/pos.uel.br\/ppgel\/wp-json\/wp\/v2\/pages\/69","targetHints":{"allow":["GET"]}}],"collection":[{"href":"https:\/\/pos.uel.br\/ppgel\/wp-json\/wp\/v2\/pages"}],"about":[{"href":"https:\/\/pos.uel.br\/ppgel\/wp-json\/wp\/v2\/types\/page"}],"author":[{"embeddable":true,"href":"https:\/\/pos.uel.br\/ppgel\/wp-json\/wp\/v2\/users\/1"}],"replies":[{"embeddable":true,"href":"https:\/\/pos.uel.br\/ppgel\/wp-json\/wp\/v2\/comments?post=69"}],"version-history":[{"count":3,"href":"https:\/\/pos.uel.br\/ppgel\/wp-json\/wp\/v2\/pages\/69\/revisions"}],"predecessor-version":[{"id":141,"href":"https:\/\/pos.uel.br\/ppgel\/wp-json\/wp\/v2\/pages\/69\/revisions\/141"}],"wp:attachment":[{"href":"https:\/\/pos.uel.br\/ppgel\/wp-json\/wp\/v2\/media?parent=69"}],"curies":[{"name":"wp","href":"https:\/\/api.w.org\/{rel}","templated":true}]}}