{"id":66,"date":"2021-05-16T11:46:59","date_gmt":"2021-05-16T14:46:59","guid":{"rendered":"https:\/\/pos.uel.br\/ppgel\/?page_id=66"},"modified":"2025-04-15T18:09:37","modified_gmt":"2025-04-15T21:09:37","slug":"projetos","status":"publish","type":"page","link":"https:\/\/pos.uel.br\/ppgel\/en\/projetos\/","title":{"rendered":"Projetos de Pesquisa, Ensino e Extens\u00e3o"},"content":{"rendered":"\n<p>Pedimos desculpas, mas estamos testando novos formatos para esta p\u00e1gina, por isso algumas informa\u00e7\u00f5es est\u00e3o incompletas.<\/p>\n\n\n\n<div style=\"height:58px\" aria-hidden=\"true\" class=\"wp-block-spacer\"><\/div>\n\n\n\n<p class=\"has-text-align-center has-medium-font-size\"><strong>Linha 1: An\u00e1lise e descri\u00e7\u00e3o lingu\u00edsticas<\/strong><\/p>\n\n\n\n<div style=\"height:58px\" aria-hidden=\"true\" class=\"wp-block-spacer\"><\/div>\n\n\n\n<div class=\"wp-block-group\"><div class=\"wp-block-group__inner-container is-layout-constrained wp-block-group-is-layout-constrained\">\n<div class=\"wp-block-group is-vertical is-layout-flex wp-container-core-group-is-layout-8cf370e7 wp-block-group-is-layout-flex\">\n<div class=\"wp-block-group is-vertical is-layout-flex wp-container-core-group-is-layout-8cf370e7 wp-block-group-is-layout-flex\">\n<p>Projeto de Pesquisa: <a href=\"https:\/\/www.sistemasweb.uel.br\/system\/prj\/pes\/pdf\/pes_pesquisa_11760.pdf\"><strong>L\u00e9xico Hist\u00f3rico do Portugu\u00eas Brasileiro &#8211; LHISPB<\/strong><\/a><\/p>\n\n\n\n<p>In\u00edcio: 05\/12\/2023<\/p>\n\n\n\n<p>Coordenador: Profa. Fabiane Cristina Altino<\/p>\n<\/div>\n<\/div>\n<\/div><\/div>\n\n\n\n<div style=\"height:58px\" aria-hidden=\"true\" class=\"wp-block-spacer\"><\/div>\n\n\n\n<div class=\"wp-block-group\"><div class=\"wp-block-group__inner-container is-layout-constrained wp-block-group-is-layout-constrained\">\n<div class=\"wp-block-group\"><div class=\"wp-block-group__inner-container is-layout-constrained wp-block-group-is-layout-constrained\">\n<div class=\"wp-block-group\"><div class=\"wp-block-group__inner-container is-layout-constrained wp-block-group-is-layout-constrained\">\n<div class=\"wp-block-group is-vertical is-layout-flex wp-container-core-group-is-layout-8cf370e7 wp-block-group-is-layout-flex\">\n<p>Projeto de Pesquisa: <a href=\"https:\/\/www.sistemasweb.uel.br\/system\/prj\/pes\/pdf\/pes_pesquisa_13810.pdf\"><strong>A Lingu\u00edstica Contrastiva E As L\u00ednguas Espaciais-Visuais<\/strong><\/a><\/p>\n\n\n\n<p>In\u00edcio: 06\/02\/2024<\/p>\n\n\n\n<p>Coordenador: Prof. Ot\u00e1vio Goes<\/p>\n<\/div>\n<\/div><\/div>\n<\/div><\/div>\n<\/div><\/div>\n\n\n\n<div style=\"height:58px\" aria-hidden=\"true\" class=\"wp-block-spacer\"><\/div>\n\n\n\n<div class=\"wp-block-group is-vertical is-layout-flex wp-container-core-group-is-layout-8cf370e7 wp-block-group-is-layout-flex\">\n<p>Projeto de Pesquisa: <a href=\"https:\/\/www.sistemasweb.uel.br\/system\/prj\/pes\/pdf\/pes_pesquisa_02980.pdf\"><strong>Atlas Lingu\u00edstico Do Brasil<\/strong><\/a><\/p>\n\n\n\n<p>In\u00edcio: 02\/04\/2000<\/p>\n\n\n\n<p>Coordenadora: Profa. Vanderci Aguillera<\/p>\n<\/div>\n\n\n\n<div style=\"height:58px\" aria-hidden=\"true\" class=\"wp-block-spacer\"><\/div>\n\n\n\n<div class=\"wp-block-group is-vertical is-layout-flex wp-container-core-group-is-layout-8cf370e7 wp-block-group-is-layout-flex\">\n<p>Projeto de Pesquisa: <a href=\"https:\/\/www.sistemasweb.uel.br\/system\/prj\/pes\/pdf\/pes_pesquisa_12534.pdf\"><strong>COVID-19: Experi\u00eancias e Relatos <\/strong><\/a><\/p>\n\n\n\n<p>In\u00edcio: 26\/06\/2020<\/p>\n\n\n\n<p>Coordenadora: Profa. Dircel Aparecida Kailer <\/p>\n<\/div>\n\n\n\n<div style=\"height:58px\" aria-hidden=\"true\" class=\"wp-block-spacer\"><\/div>\n\n\n\n<div class=\"wp-block-group is-vertical is-layout-flex wp-container-core-group-is-layout-8cf370e7 wp-block-group-is-layout-flex\">\n<p class=\"has-text-align-left\">Projeto de Extens\u00e3o: <strong><a href=\"https:\/\/www.sistemasweb.uel.br\/system\/prj\/pex\/pdf\/pex_projetoscadastrados_2025-02-16_08-31-49.pdf\">Educ-A\u00e7\u00e3o Ambiental E (Multi)Letramentos: Transversalidade Da Educa\u00e7\u00e3o Ambiental Na Escola B\u00e1sica<\/a><\/strong><\/p>\n\n\n\n<p class=\"has-text-align-left\">In\u00edcio: 01\/04\/2024<\/p>\n\n\n\n<p class=\"has-text-align-left\">Coordenador: Prof. Marcelo Silveira<\/p>\n<\/div>\n\n\n\n<div style=\"height:58px\" aria-hidden=\"true\" class=\"wp-block-spacer\"><\/div>\n\n\n\n<div class=\"wp-block-buttons is-content-justification-center is-layout-flex wp-container-core-buttons-is-layout-16018d1d wp-block-buttons-is-layout-flex\">\n<div class=\"wp-block-button\"><a class=\"wp-block-button__link has-primary-accent-background-color has-background has-text-align-center wp-element-button\" href=\"https:\/\/www.sistemasweb.uel.br\/?contents=system\/prj\/index.php\"><strong>Gostaria de consultar projetos j\u00e1 encerrados? <\/strong>     <strong>Consulta Projetos de Ensino, Pesquisa e Extens\u00e3o<\/strong><\/a><\/div>\n<\/div>\n\n\n\n<p><\/p>\n","protected":false},"excerpt":{"rendered":"<p>Pedimos desculpas, mas estamos testando novos formatos para esta p\u00e1gina, por isso algumas informa\u00e7\u00f5es est\u00e3o incompletas. Linha 1: An\u00e1lise e descri\u00e7\u00e3o lingu\u00edsticas Projeto de Pesquisa: L\u00e9xico Hist\u00f3rico do Portugu\u00eas Brasileiro &#8211; LHISPB In\u00edcio: 05\/12\/2023 Coordenador: Profa. Fabiane Cristina Altino Projeto de Pesquisa: A Lingu\u00edstica Contrastiva E As L\u00ednguas Espaciais-Visuais In\u00edcio: 06\/02\/2024 Coordenador: Prof. Ot\u00e1vio Goes [&hellip;]<\/p>\n","protected":false},"author":1,"featured_media":0,"parent":0,"menu_order":0,"comment_status":"closed","ping_status":"closed","template":"","meta":{"footnotes":""},"class_list":["post-66","page","type-page","status-publish","hentry"],"_links":{"self":[{"href":"https:\/\/pos.uel.br\/ppgel\/wp-json\/wp\/v2\/pages\/66","targetHints":{"allow":["GET"]}}],"collection":[{"href":"https:\/\/pos.uel.br\/ppgel\/wp-json\/wp\/v2\/pages"}],"about":[{"href":"https:\/\/pos.uel.br\/ppgel\/wp-json\/wp\/v2\/types\/page"}],"author":[{"embeddable":true,"href":"https:\/\/pos.uel.br\/ppgel\/wp-json\/wp\/v2\/users\/1"}],"replies":[{"embeddable":true,"href":"https:\/\/pos.uel.br\/ppgel\/wp-json\/wp\/v2\/comments?post=66"}],"version-history":[{"count":12,"href":"https:\/\/pos.uel.br\/ppgel\/wp-json\/wp\/v2\/pages\/66\/revisions"}],"predecessor-version":[{"id":1011,"href":"https:\/\/pos.uel.br\/ppgel\/wp-json\/wp\/v2\/pages\/66\/revisions\/1011"}],"wp:attachment":[{"href":"https:\/\/pos.uel.br\/ppgel\/wp-json\/wp\/v2\/media?parent=66"}],"curies":[{"name":"wp","href":"https:\/\/api.w.org\/{rel}","templated":true}]}}