{"id":429,"date":"2024-10-19T14:00:20","date_gmt":"2024-10-19T17:00:20","guid":{"rendered":"https:\/\/pos.uel.br\/ppgel\/?page_id=429"},"modified":"2025-07-09T11:44:45","modified_gmt":"2025-07-09T14:44:45","slug":"relatorio","status":"publish","type":"page","link":"https:\/\/pos.uel.br\/ppgel\/relatorio\/","title":{"rendered":"Relat\u00f3rio"},"content":{"rendered":"\n<div style=\"height:35px\" aria-hidden=\"true\" class=\"wp-block-spacer\"><\/div>\n\n\n\n<p class=\"has-medium-font-size\"><strong>2025-2028<\/strong><\/p>\n\n\n\n<p>Projeto de Autoavalia\u00e7\u00e3o <a href=\"https:\/\/pos.uel.br\/ppgel\/wp-content\/uploads\/2025\/07\/Projeto-de-autoavaliacao-site-2025.pdf\" data-type=\"link\" data-id=\"https:\/\/pos.uel.br\/ppgel\/wp-content\/uploads\/2025\/05\/Forum-PPGEL-2023-Final.pptx.pdf\" target=\"_blank\" rel=\"noreferrer noopener\"><img loading=\"lazy\" decoding=\"async\" width=\"210\" height=\"74\" class=\"wp-image-1080\" style=\"width: 80px\" src=\"https:\/\/pos.uel.br\/ppgel\/wp-content\/uploads\/2025\/05\/BOTAO-SITE.png\" alt=\"\"><\/a><\/p>\n\n\n\n<p>Planejamento Estrat\u00e9gico <a href=\"https:\/\/pos.uel.br\/ppgel\/wp-content\/uploads\/2025\/07\/Planejamento-Estrategico-Site.pdf\" data-type=\"link\" data-id=\"https:\/\/pos.uel.br\/ppgel\/wp-content\/uploads\/2025\/05\/Forum-PPGEL-2023-Final.pptx.pdf\" target=\"_blank\" rel=\"noreferrer noopener\"><img loading=\"lazy\" decoding=\"async\" width=\"210\" height=\"74\" class=\"wp-image-1080\" style=\"width: 80px\" src=\"https:\/\/pos.uel.br\/ppgel\/wp-content\/uploads\/2025\/05\/BOTAO-SITE.png\" alt=\"\"><\/a><\/p>\n\n\n\n<p><\/p>\n\n\n\n<p class=\"has-medium-font-size\"><strong>2021-2024<\/strong><\/p>\n\n\n\n<p>F\u00f3rum de Autoavalia\u00e7\u00e3o: <a href=\"https:\/\/pos.uel.br\/ppgel\/wp-content\/uploads\/2025\/05\/Forum-PPGEL-2023-Final.pptx.pdf\" data-type=\"link\" data-id=\"https:\/\/pos.uel.br\/ppgel\/wp-content\/uploads\/2025\/05\/Forum-PPGEL-2023-Final.pptx.pdf\" target=\"_blank\" rel=\"noreferrer noopener\"><img loading=\"lazy\" decoding=\"async\" width=\"210\" height=\"74\" class=\"wp-image-1080\" style=\"width: 80px\" src=\"https:\/\/pos.uel.br\/ppgel\/wp-content\/uploads\/2025\/05\/BOTAO-SITE.png\" alt=\"\"><\/a><\/p>\n\n\n\n<p>Formul\u00e1rio de Autoavalia\u00e7\u00e3o &#8211; Egressos <a href=\"https:\/\/forms.gle\/q57en7P1ZcjTBLjU7\" data-type=\"link\" data-id=\"https:\/\/pos.uel.br\/ppgel\/wp-content\/uploads\/2025\/05\/Forum-PPGEL-2023-Final.pptx.pdf\" target=\"_blank\" rel=\"noreferrer noopener\"><img loading=\"lazy\" decoding=\"async\" width=\"210\" height=\"74\" class=\"wp-image-1080\" style=\"width: 80px\" src=\"https:\/\/pos.uel.br\/ppgel\/wp-content\/uploads\/2025\/05\/BOTAO-SITE.png\" alt=\"\"><\/a><\/p>\n\n\n\n<p>Formul\u00e1rio de Autoavalia\u00e7\u00e3o &#8211; Discentes <a href=\"https:\/\/forms.gle\/ow6Lzo7nRuHiL2SP6\" data-type=\"link\" data-id=\"https:\/\/forms.gle\/ow6Lzo7nRuHiL2SP6\" target=\"_blank\" rel=\"noreferrer noopener\"><img loading=\"lazy\" decoding=\"async\" width=\"210\" height=\"74\" class=\"wp-image-1080\" style=\"width: 80px\" src=\"https:\/\/pos.uel.br\/ppgel\/wp-content\/uploads\/2025\/05\/BOTAO-SITE.png\" alt=\"\"><\/a><\/p>\n\n\n\n<p>Formul\u00e1rio de Autoavalia\u00e7\u00e3o &#8211; Docentes <a href=\"https:\/\/forms.gle\/nrKYZzpAo3Vt7Tny9\" data-type=\"link\" data-id=\"https:\/\/forms.gle\/nrKYZzpAo3Vt7Tny9\"><img loading=\"lazy\" decoding=\"async\" width=\"210\" height=\"74\" class=\"wp-image-1080\" style=\"width: 80px\" src=\"https:\/\/pos.uel.br\/ppgel\/wp-content\/uploads\/2025\/05\/BOTAO-SITE.png\" alt=\"\"><\/a><\/p>\n\n\n\n<p><\/p>\n","protected":false},"excerpt":{"rendered":"<p>2025-2028 Projeto de Autoavalia\u00e7\u00e3o Planejamento Estrat\u00e9gico 2021-2024 F\u00f3rum de Autoavalia\u00e7\u00e3o: Formul\u00e1rio de Autoavalia\u00e7\u00e3o &#8211; Egressos Formul\u00e1rio de Autoavalia\u00e7\u00e3o &#8211; Discentes Formul\u00e1rio de Autoavalia\u00e7\u00e3o &#8211; Docentes<\/p>\n","protected":false},"author":10,"featured_media":0,"parent":0,"menu_order":0,"comment_status":"closed","ping_status":"closed","template":"","meta":{"footnotes":""},"class_list":["post-429","page","type-page","status-publish","hentry"],"_links":{"self":[{"href":"https:\/\/pos.uel.br\/ppgel\/wp-json\/wp\/v2\/pages\/429","targetHints":{"allow":["GET"]}}],"collection":[{"href":"https:\/\/pos.uel.br\/ppgel\/wp-json\/wp\/v2\/pages"}],"about":[{"href":"https:\/\/pos.uel.br\/ppgel\/wp-json\/wp\/v2\/types\/page"}],"author":[{"embeddable":true,"href":"https:\/\/pos.uel.br\/ppgel\/wp-json\/wp\/v2\/users\/10"}],"replies":[{"embeddable":true,"href":"https:\/\/pos.uel.br\/ppgel\/wp-json\/wp\/v2\/comments?post=429"}],"version-history":[{"count":7,"href":"https:\/\/pos.uel.br\/ppgel\/wp-json\/wp\/v2\/pages\/429\/revisions"}],"predecessor-version":[{"id":1715,"href":"https:\/\/pos.uel.br\/ppgel\/wp-json\/wp\/v2\/pages\/429\/revisions\/1715"}],"wp:attachment":[{"href":"https:\/\/pos.uel.br\/ppgel\/wp-json\/wp\/v2\/media?parent=429"}],"curies":[{"name":"wp","href":"https:\/\/api.w.org\/{rel}","templated":true}]}}