{"id":427,"date":"2024-10-19T13:42:07","date_gmt":"2024-10-19T16:42:07","guid":{"rendered":"https:\/\/pos.uel.br\/ppgel\/?page_id=427"},"modified":"2025-07-01T23:28:15","modified_gmt":"2025-07-02T02:28:15","slug":"comissao-de-autoavaliacao","status":"publish","type":"page","link":"https:\/\/pos.uel.br\/ppgel\/comissao-de-autoavaliacao\/","title":{"rendered":"Comiss\u00e3o de Autoavalia\u00e7\u00e3o"},"content":{"rendered":"\n<div style=\"height:37px\" aria-hidden=\"true\" class=\"wp-block-spacer\"><\/div>\n\n\n\n<p class=\"has-medium-font-size\"><strong>2024- 2025<\/strong><\/p>\n\n\n\n<div class=\"wp-block-group is-vertical is-layout-flex wp-container-core-group-is-layout-8cf370e7 wp-block-group-is-layout-flex\">\n<div class=\"wp-block-group is-vertical is-layout-flex wp-container-core-group-is-layout-8cf370e7 wp-block-group-is-layout-flex\">\n<div class=\"wp-block-group is-vertical is-layout-flex wp-container-core-group-is-layout-8cf370e7 wp-block-group-is-layout-flex\">\n<p>Coordena\u00e7\u00e3o: Telma Nunes Gimenez<\/p>\n\n\n\n<p>Cl\u00e1udia Cristina Ferreira <br>Fabiane Cristina Altino <br>Maria Isabel Borges <br>Giovanna Lazaretti (discente PPGEL)<br>Juliano Neri (discente PPGEL)<br>Isadora Moraes (egressa PPGEL, atualmente UFMG)<br>Rosely Fernandes (administra\u00e7\u00e3o PPGEL)<br>Francisco Carlos Foga\u00e7a (UFPR)<\/p>\n<\/div>\n<\/div>\n<\/div>\n\n\n\n<div style=\"height:38px\" aria-hidden=\"true\" class=\"wp-block-spacer\"><\/div>\n\n\n\n<p class=\"has-medium-font-size\"><strong>2023- at\u00e9 setembro de 2024<\/strong><\/p>\n\n\n\n<p>Coordena\u00e7\u00e3o: Cl\u00e1udia Cristina Ferreira <br>Fabiane Cristina Altino <br>Maria Isabel Borges <br>Giovanna Lazaretti (discente PPGEL)<br>Vivian Saviolli (discente PPGEL)<br>Isadora Moraes (egressa PPGEL, atualmente UFMG)<br>Rosely Fernandes (administra\u00e7\u00e3o PPGEL)<br>Francisco Carlos Foga\u00e7a (UFPR)<\/p>\n\n\n\n<div style=\"height:35px\" aria-hidden=\"true\" class=\"wp-block-spacer\"><\/div>\n\n\n\n<p class=\"has-medium-font-size\"><strong>2022- at\u00e9 agosto de 2023<\/strong><\/p>\n\n\n\n<p>Coordena\u00e7\u00e3o: Andr\u00e9ia da Cunha Malheiros Santana<br>Dircel Aparecida Kailer<br>Fabiane Cristina Altino<br>Isabel Cristina Cordeiro<br>Juliana Reichert Assun\u00e7\u00e3o Tonelli<br>Michele Salles El Kadri<br>Rosemeri Passos Baltazar Machado<br>Viviane Aparecida Bagio Furtoso<br>Ana Paula Silva (discente PPGEL)<br>Isadora Moraes (discente PPGEL)<br>Givan Santos (UTFPR)<\/p>\n\n\n\n<div style=\"height:35px\" aria-hidden=\"true\" class=\"wp-block-spacer\"><\/div>\n\n\n\n<p class=\"has-medium-font-size\"><strong>2021- at\u00e9 fevereiro de 2022<\/strong><\/p>\n\n\n\n<p>Coordena\u00e7\u00e3o: Viviane Aparecida Bagio Furtoso<br>Dircel Aparecida Kailer<br>Fabiane Cristina Altino<br>Isabel Cristina Cordeiro<br>Juliana Reichert Assun\u00e7\u00e3o Tonelli<br>Michele Salles El Kadri<br>Rosemeri Passos Baltazar Machado<br>Andr\u00e9ia da Cunha Malheiros Santana<br>Ana Paula Silva (discente PPGEL)<br>Isadora Moraes (discente PPGEL)<br>Givan Santos (UTFPR)<\/p>\n\n\n\n<p><\/p>\n","protected":false},"excerpt":{"rendered":"<p>2024- 2025 Coordena\u00e7\u00e3o: Telma Nunes Gimenez Cl\u00e1udia Cristina Ferreira Fabiane Cristina Altino Maria Isabel Borges Giovanna Lazaretti (discente PPGEL)Juliano Neri (discente PPGEL)Isadora Moraes (egressa PPGEL, atualmente UFMG)Rosely Fernandes (administra\u00e7\u00e3o PPGEL)Francisco Carlos Foga\u00e7a (UFPR) 2023- at\u00e9 setembro de 2024 Coordena\u00e7\u00e3o: Cl\u00e1udia Cristina Ferreira Fabiane Cristina Altino Maria Isabel Borges Giovanna Lazaretti (discente PPGEL)Vivian Saviolli (discente PPGEL)Isadora [&hellip;]<\/p>\n","protected":false},"author":10,"featured_media":0,"parent":0,"menu_order":0,"comment_status":"closed","ping_status":"closed","template":"","meta":{"footnotes":""},"class_list":["post-427","page","type-page","status-publish","hentry"],"_links":{"self":[{"href":"https:\/\/pos.uel.br\/ppgel\/wp-json\/wp\/v2\/pages\/427","targetHints":{"allow":["GET"]}}],"collection":[{"href":"https:\/\/pos.uel.br\/ppgel\/wp-json\/wp\/v2\/pages"}],"about":[{"href":"https:\/\/pos.uel.br\/ppgel\/wp-json\/wp\/v2\/types\/page"}],"author":[{"embeddable":true,"href":"https:\/\/pos.uel.br\/ppgel\/wp-json\/wp\/v2\/users\/10"}],"replies":[{"embeddable":true,"href":"https:\/\/pos.uel.br\/ppgel\/wp-json\/wp\/v2\/comments?post=427"}],"version-history":[{"count":9,"href":"https:\/\/pos.uel.br\/ppgel\/wp-json\/wp\/v2\/pages\/427\/revisions"}],"predecessor-version":[{"id":1525,"href":"https:\/\/pos.uel.br\/ppgel\/wp-json\/wp\/v2\/pages\/427\/revisions\/1525"}],"wp:attachment":[{"href":"https:\/\/pos.uel.br\/ppgel\/wp-json\/wp\/v2\/media?parent=427"}],"curies":[{"name":"wp","href":"https:\/\/api.w.org\/{rel}","templated":true}]}}