{"id":367,"date":"2024-10-17T17:59:54","date_gmt":"2024-10-17T20:59:54","guid":{"rendered":"https:\/\/pos.uel.br\/ppgel\/?page_id=367"},"modified":"2025-07-01T22:55:16","modified_gmt":"2025-07-02T01:55:16","slug":"revista-signum","status":"publish","type":"page","link":"https:\/\/pos.uel.br\/ppgel\/revista-signum\/","title":{"rendered":"Peri\u00f3dicos"},"content":{"rendered":"\n<p><\/p>\n\n\n\n<p class=\"has-large-font-size\"><strong>Signum<\/strong><\/p>\n\n\n\n<div class=\"wp-block-media-text is-stacked-on-mobile\" style=\"grid-template-columns:33% auto\"><figure class=\"wp-block-media-text__media\"><img loading=\"lazy\" decoding=\"async\" width=\"819\" height=\"1024\" src=\"https:\/\/pos.uel.br\/ppgel\/wp-content\/uploads\/2024\/10\/16-819x1024.png\" alt=\"\" class=\"wp-image-531 size-full\" srcset=\"https:\/\/pos.uel.br\/ppgel\/wp-content\/uploads\/2024\/10\/16-819x1024.png 819w, https:\/\/pos.uel.br\/ppgel\/wp-content\/uploads\/2024\/10\/16-240x300.png 240w, https:\/\/pos.uel.br\/ppgel\/wp-content\/uploads\/2024\/10\/16-768x960.png 768w, https:\/\/pos.uel.br\/ppgel\/wp-content\/uploads\/2024\/10\/16.png 1080w\" sizes=\"auto, (max-width: 819px) 100vw, 819px\" \/><\/figure><div class=\"wp-block-media-text__content\">\n<p class=\"has-text-align-center\">A Revista Signum: Estudos da Linguagem (ISSN &nbsp;2237-4876 online) \u00e9 uma publica\u00e7\u00e3o quadrimestral do PPGEL- UEL. Ela tem por objetivo a divulga\u00e7\u00e3o de trabalhos in\u00e9ditos (artigos e resenhas) nas \u00e1reas de descri\u00e7\u00e3o e an\u00e1lise lingu\u00edsticas, estudos do texto\/discurso, ensino\/aprendizagem e forma\u00e7\u00e3o do professor de l\u00ednguas portuguesa, l\u00ednguas estrangeiras e de outras linguagens. A Signum est\u00e1 dispon\u00edvel para acesso livre, sob&nbsp;<a href=\"https:\/\/creativecommons.org\/licenses\/by\/4.0\/deed.pt_BR\" target=\"_blank\" rel=\"noreferrer noopener\">licen\u00e7a CC-BY<\/a><\/p>\n\n\n\n<p class=\"has-text-align-center\"><strong>Editora da Revista Signum:<\/strong> Profa. Dra. Sheila Oliveira Lima<\/p>\n\n\n\n<p><\/p>\n\n\n\n<p class=\"has-text-align-left\">Para mais informa\u00e7\u00f5es, cliquem na revista e acessem o site da  <a href=\"https:\/\/ojs.uel.br\/revistas\/uel\/index.php\/signum\/about\">Signum<\/a>.<\/p>\n<\/div><\/div>\n\n\n\n<p><\/p>\n\n\n\n<p><\/p>\n\n\n\n<p class=\"has-large-font-size\"><strong>Entretextos<\/strong><\/p>\n\n\n\n<p><\/p>\n\n\n\n<p><\/p>\n\n\n\n<div class=\"wp-block-media-text is-stacked-on-mobile\" style=\"grid-template-columns:33% auto\"><figure class=\"wp-block-media-text__media\"><img loading=\"lazy\" decoding=\"async\" width=\"819\" height=\"1024\" src=\"https:\/\/pos.uel.br\/ppgel\/wp-content\/uploads\/2024\/10\/17-819x1024.png\" alt=\"\" class=\"wp-image-532 size-full\" srcset=\"https:\/\/pos.uel.br\/ppgel\/wp-content\/uploads\/2024\/10\/17-819x1024.png 819w, https:\/\/pos.uel.br\/ppgel\/wp-content\/uploads\/2024\/10\/17-240x300.png 240w, https:\/\/pos.uel.br\/ppgel\/wp-content\/uploads\/2024\/10\/17-768x960.png 768w, https:\/\/pos.uel.br\/ppgel\/wp-content\/uploads\/2024\/10\/17.png 1080w\" sizes=\"auto, (max-width: 819px) 100vw, 819px\" \/><\/figure><div class=\"wp-block-media-text__content\">\n<p class=\"has-text-align-center\">A Revista&nbsp;<em>Entretextos<\/em>&nbsp;(ISSN 1519-5392) \u00e9 uma publica\u00e7\u00e3o semestral a cargo de discentes e docente do PPGEL- UEL. Dispon\u00edvel para Acesso Livre, sob&nbsp;<a href=\"https:\/\/creativecommons.org\/licenses\/by\/4.0\/deed.pt_BR\" target=\"_blank\" rel=\"noreferrer noopener\">licen\u00e7a CC-BY<\/a>, publica&nbsp;artigos, resenhas, entrevistas, tradu\u00e7\u00f5es e dossi\u00eas&nbsp;nas seguintes \u00e1reas: descri\u00e7\u00e3o e an\u00e1lise lingu\u00edsticas, estudos do texto\/discurso, ensino\/aprendizagem e forma\u00e7\u00e3o do professor de l\u00edngua portuguesa e outras linguagens, ensino\/aprendizagem de l\u00ednguas estrangeiras.&nbsp;<\/p>\n\n\n\n<p class=\"has-text-align-center\"><strong>Editora da Revista Entretextos:<\/strong> Profa. Dra. Eliana Donaio Ruiz<\/p>\n\n\n\n<p class=\"has-text-align-left\">Para mais informa\u00e7\u00f5es, cliquem na revista e acessem o site da  <a href=\"https:\/\/ojs.uel.br\/revistas\/uel\/index.php\/entretextos\">Entretextos<\/a>.<\/p>\n<\/div><\/div>\n\n\n\n<p><\/p>\n","protected":false},"excerpt":{"rendered":"<p>Signum A Revista Signum: Estudos da Linguagem (ISSN &nbsp;2237-4876 online) \u00e9 uma publica\u00e7\u00e3o quadrimestral do PPGEL- UEL. Ela tem por objetivo a divulga\u00e7\u00e3o de trabalhos in\u00e9ditos (artigos e resenhas) nas \u00e1reas de descri\u00e7\u00e3o e an\u00e1lise lingu\u00edsticas, estudos do texto\/discurso, ensino\/aprendizagem e forma\u00e7\u00e3o do professor de l\u00ednguas portuguesa, l\u00ednguas estrangeiras e de outras linguagens. A Signum [&hellip;]<\/p>\n","protected":false},"author":10,"featured_media":0,"parent":0,"menu_order":0,"comment_status":"closed","ping_status":"closed","template":"","meta":{"footnotes":""},"class_list":["post-367","page","type-page","status-publish","hentry"],"_links":{"self":[{"href":"https:\/\/pos.uel.br\/ppgel\/wp-json\/wp\/v2\/pages\/367","targetHints":{"allow":["GET"]}}],"collection":[{"href":"https:\/\/pos.uel.br\/ppgel\/wp-json\/wp\/v2\/pages"}],"about":[{"href":"https:\/\/pos.uel.br\/ppgel\/wp-json\/wp\/v2\/types\/page"}],"author":[{"embeddable":true,"href":"https:\/\/pos.uel.br\/ppgel\/wp-json\/wp\/v2\/users\/10"}],"replies":[{"embeddable":true,"href":"https:\/\/pos.uel.br\/ppgel\/wp-json\/wp\/v2\/comments?post=367"}],"version-history":[{"count":7,"href":"https:\/\/pos.uel.br\/ppgel\/wp-json\/wp\/v2\/pages\/367\/revisions"}],"predecessor-version":[{"id":1009,"href":"https:\/\/pos.uel.br\/ppgel\/wp-json\/wp\/v2\/pages\/367\/revisions\/1009"}],"wp:attachment":[{"href":"https:\/\/pos.uel.br\/ppgel\/wp-json\/wp\/v2\/media?parent=367"}],"curies":[{"name":"wp","href":"https:\/\/api.w.org\/{rel}","templated":true}]}}