{"id":286,"date":"2024-10-16T11:12:35","date_gmt":"2024-10-16T14:12:35","guid":{"rendered":"https:\/\/pos.uel.br\/ppgel\/?page_id=286"},"modified":"2025-07-02T00:36:21","modified_gmt":"2025-07-02T03:36:21","slug":"2024-2","status":"publish","type":"page","link":"https:\/\/pos.uel.br\/ppgel\/2024-2\/","title":{"rendered":"SEDATA"},"content":{"rendered":"\n<p><\/p>\n\n\n\n<p>O&nbsp;<strong>Semin\u00e1rio de Disserta\u00e7\u00f5es e Teses em Andamento&nbsp;(SEDATA)<\/strong>&nbsp;constitui uma das atividades curriculares do Programa de P\u00f3s-Gradua\u00e7\u00e3o em Estudos da Linguagem (PPGEL) da UEL.<\/p>\n\n\n\n<p>O SEDATA&nbsp;tem por objetivos:<\/p>\n\n\n\n<p>\u2022&nbsp;&nbsp;Contribuir para o desenvolvimento das pesquisas de mestrandos e doutorandos do PPGEL;&nbsp;<\/p>\n\n\n\n<p>\u2022&nbsp;&nbsp;Dar oportunidade para a divulga\u00e7\u00e3o dos projetos de pesquisas dos discentes do programa;<\/p>\n\n\n\n<p>\u2022&nbsp;&nbsp;Promover espa\u00e7os de discuss\u00e3o que possibilitem interc\u00e2mbio, coopera\u00e7\u00e3o cient\u00edfica e acad\u00eamica relativos aos temas&nbsp;trabalhados nas diferentes \u00e1reas e linhas de pesquisa do programa.<\/p>\n\n\n\n<p>Para saber mais, acessem o site do SEDATA <a href=\"https:\/\/www.uel.br\/eventos\/sedata\/\">https:\/\/www.uel.br\/eventos\/sedata\/<\/a><\/p>\n\n\n\n<div style=\"height:22px\" aria-hidden=\"true\" class=\"wp-block-spacer\"><\/div>\n\n\n\n<div class=\"wp-block-buttons has-custom-font-size is-content-justification-left is-layout-flex wp-container-core-buttons-is-layout-23b93fc6 wp-block-buttons-is-layout-flex\" style=\"font-size:18px\">\n<div class=\"wp-block-button is-style-fill\"><a class=\"wp-block-button__link has-secondary-accent-background-color has-background wp-element-button\" href=\"https:\/\/pos.uel.br\/ppgel\/wp-content\/uploads\/2025\/06\/SEDATA-2025-CADERNO-DE-RESUMOS-atual-1.pdf\">Caderno de Resumos 2025<\/a><\/div>\n<\/div>\n\n\n\n<p class=\"has-small-font-size\"><em>Clique para fazer o download do Caderno de Resumos.<\/em><\/p>\n\n\n\n<div style=\"height:20px\" aria-hidden=\"true\" class=\"wp-block-spacer\"><\/div>\n\n\n\n<div class=\"wp-block-group is-vertical is-layout-flex wp-container-core-group-is-layout-8cf370e7 wp-block-group-is-layout-flex\">\n<div class=\"wp-block-buttons is-layout-flex wp-block-buttons-is-layout-flex\">\n<div class=\"wp-block-button is-style-fill\"><a class=\"wp-block-button__link has-primary-accent-background-color has-background wp-element-button\" href=\"https:\/\/pos.uel.br\/ppgel\/wp-content\/uploads\/2024\/10\/CADERNO-DE-RESUMOS-SEDATA-2024.pdf\">Caderno de Resumos 2024<\/a><\/div>\n<\/div>\n\n\n\n<p class=\"has-small-font-size\"><em>Clique para fazer o download do Caderno de Resumos.<\/em><\/p>\n<\/div>\n\n\n\n<div style=\"height:27px\" aria-hidden=\"true\" class=\"wp-block-spacer\"><\/div>\n\n\n\n<div class=\"wp-block-group is-vertical is-layout-flex wp-container-core-group-is-layout-8cf370e7 wp-block-group-is-layout-flex\">\n<div class=\"wp-block-buttons is-layout-flex wp-block-buttons-is-layout-flex\">\n<div class=\"wp-block-button is-style-fill\"><a class=\"wp-block-button__link has-secondary-accent-background-color has-background wp-element-button\" href=\"https:\/\/pos.uel.br\/ppgel\/wp-content\/uploads\/2024\/10\/SEDATA-CADERNO-RESUMOS-ATUAL-2023.pdf\">Caderno de Resumos 2023<\/a><\/div>\n<\/div>\n\n\n\n<p class=\"has-small-font-size\"><em>Clique para fazer o download do Caderno de Resumos.<\/em><\/p>\n<\/div>\n\n\n\n<div style=\"height:27px\" aria-hidden=\"true\" class=\"wp-block-spacer\"><\/div>\n\n\n\n<div class=\"wp-block-group is-vertical is-layout-flex wp-container-core-group-is-layout-8cf370e7 wp-block-group-is-layout-flex\">\n<div class=\"wp-block-buttons is-layout-flex wp-block-buttons-is-layout-flex\">\n<div class=\"wp-block-button\"><a class=\"wp-block-button__link has-primary-accent-background-color has-background wp-element-button\" href=\"https:\/\/pos.uel.br\/ppgel\/wp-content\/uploads\/2024\/10\/Caderno-de-Resumos-Sedata-2022.pdf\">Caderno de Resumos 2022<\/a><\/div>\n<\/div>\n\n\n\n<p class=\"has-small-font-size\"><em>Clique para fazer o download do Caderno de Resumos.<\/em><\/p>\n<\/div>\n\n\n\n<div style=\"height:27px\" aria-hidden=\"true\" class=\"wp-block-spacer\"><\/div>\n\n\n\n<div class=\"wp-block-group is-vertical is-layout-flex wp-container-core-group-is-layout-8cf370e7 wp-block-group-is-layout-flex\">\n<div class=\"wp-block-buttons is-layout-flex wp-block-buttons-is-layout-flex\">\n<div class=\"wp-block-button\"><a class=\"wp-block-button__link has-secondary-accent-background-color has-background wp-element-button\" href=\"https:\/\/pos.uel.br\/ppgel\/wp-content\/uploads\/2024\/10\/Caderno-de-Resumos-Sedata-2021.pdf\">Caderno de Resumos 2021<\/a><\/div>\n<\/div>\n\n\n\n<p class=\"has-small-font-size\"><em>Clique para fazer o download do Caderno de Resumos.<\/em><\/p>\n<\/div>\n\n\n\n<div style=\"height:27px\" aria-hidden=\"true\" class=\"wp-block-spacer\"><\/div>\n\n\n\n<p><\/p>\n","protected":false},"excerpt":{"rendered":"<p>O&nbsp;Semin\u00e1rio de Disserta\u00e7\u00f5es e Teses em Andamento&nbsp;(SEDATA)&nbsp;constitui uma das atividades curriculares do Programa de P\u00f3s-Gradua\u00e7\u00e3o em Estudos da Linguagem (PPGEL) da UEL. O SEDATA&nbsp;tem por objetivos: \u2022&nbsp;&nbsp;Contribuir para o desenvolvimento das pesquisas de mestrandos e doutorandos do PPGEL;&nbsp; \u2022&nbsp;&nbsp;Dar oportunidade para a divulga\u00e7\u00e3o dos projetos de pesquisas dos discentes do programa; \u2022&nbsp;&nbsp;Promover espa\u00e7os de discuss\u00e3o [&hellip;]<\/p>\n","protected":false},"author":10,"featured_media":0,"parent":0,"menu_order":0,"comment_status":"closed","ping_status":"closed","template":"","meta":{"footnotes":""},"class_list":["post-286","page","type-page","status-publish","hentry"],"_links":{"self":[{"href":"https:\/\/pos.uel.br\/ppgel\/wp-json\/wp\/v2\/pages\/286","targetHints":{"allow":["GET"]}}],"collection":[{"href":"https:\/\/pos.uel.br\/ppgel\/wp-json\/wp\/v2\/pages"}],"about":[{"href":"https:\/\/pos.uel.br\/ppgel\/wp-json\/wp\/v2\/types\/page"}],"author":[{"embeddable":true,"href":"https:\/\/pos.uel.br\/ppgel\/wp-json\/wp\/v2\/users\/10"}],"replies":[{"embeddable":true,"href":"https:\/\/pos.uel.br\/ppgel\/wp-json\/wp\/v2\/comments?post=286"}],"version-history":[{"count":15,"href":"https:\/\/pos.uel.br\/ppgel\/wp-json\/wp\/v2\/pages\/286\/revisions"}],"predecessor-version":[{"id":1554,"href":"https:\/\/pos.uel.br\/ppgel\/wp-json\/wp\/v2\/pages\/286\/revisions\/1554"}],"wp:attachment":[{"href":"https:\/\/pos.uel.br\/ppgel\/wp-json\/wp\/v2\/media?parent=286"}],"curies":[{"name":"wp","href":"https:\/\/api.w.org\/{rel}","templated":true}]}}