{"id":284,"date":"2024-10-16T11:12:08","date_gmt":"2024-10-16T14:12:08","guid":{"rendered":"https:\/\/pos.uel.br\/ppgel\/?page_id=284"},"modified":"2025-07-02T16:23:21","modified_gmt":"2025-07-02T19:23:21","slug":"2023-2","status":"publish","type":"page","link":"https:\/\/pos.uel.br\/ppgel\/2023-2\/","title":{"rendered":"Recep\u00e7\u00e3o dos P\u00f3s-graduandos"},"content":{"rendered":"\n<p><\/p>\n\n\n\n<p>A recep\u00e7\u00e3o de novos alunos acontece, em geral, na primeira semana semana do calend\u00e1rio letivo. Na maioria das vezes, a recep\u00e7\u00e3o \u00e9 uma atividade integrada dos Programas de P\u00f3s-Gradua\u00e7\u00e3o em Letras e tem o objetivo de congregar os discentes destes programas, intensificar as a\u00e7\u00f5es conjuntas e criar futuras parcerias de estudos sobre temas comuns. <\/p>\n\n\n\n<div style=\"height:58px\" aria-hidden=\"true\" class=\"wp-block-spacer\"><\/div>\n\n\n\n<p class=\"has-text-align-center has-large-font-size\"><strong>Recep\u00e7\u00e3o de 2025<\/strong><\/p>\n\n\n\n<p class=\"has-text-align-center\"><strong><strong>RECEP\u00c7\u00c3O AOS P\u00d3S-GRADUANDOS DO PPGEL, PPGLETRAS, PROFLETRAS E MEPLEM &amp; AULA INAUGURAL<\/strong><\/strong><\/p>\n\n\n\n<p class=\"has-text-align-center\"><strong>PER\u00cdODO<\/strong>: 27 e 28\/03\/2025<\/p>\n\n\n\n<p class=\"has-text-align-center\"><strong>COORDENADOR:<\/strong> Andr\u00e9ia da Cunha Malheiros Santana<\/p>\n\n\n\n<figure class=\"wp-block-gallery has-nested-images columns-default is-cropped wp-block-gallery-1 is-layout-flex wp-block-gallery-is-layout-flex\">\n<figure class=\"wp-block-image size-large\"><img loading=\"lazy\" decoding=\"async\" width=\"651\" height=\"780\" data-id=\"1057\" src=\"https:\/\/pos.uel.br\/ppgel\/wp-content\/uploads\/2025\/04\/recepc2025.png\" alt=\"\" class=\"wp-image-1057\" srcset=\"https:\/\/pos.uel.br\/ppgel\/wp-content\/uploads\/2025\/04\/recepc2025.png 651w, https:\/\/pos.uel.br\/ppgel\/wp-content\/uploads\/2025\/04\/recepc2025-250x300.png 250w\" sizes=\"auto, (max-width: 651px) 100vw, 651px\" \/><\/figure>\n\n\n\n<figure class=\"wp-block-image size-large\"><img loading=\"lazy\" decoding=\"async\" width=\"1024\" height=\"1024\" data-id=\"1059\" src=\"https:\/\/pos.uel.br\/ppgel\/wp-content\/uploads\/2025\/04\/WhatsApp-Image-2025-04-15-at-19.01.10-1024x1024.jpeg\" alt=\"\" class=\"wp-image-1059\" srcset=\"https:\/\/pos.uel.br\/ppgel\/wp-content\/uploads\/2025\/04\/WhatsApp-Image-2025-04-15-at-19.01.10-1024x1024.jpeg 1024w, https:\/\/pos.uel.br\/ppgel\/wp-content\/uploads\/2025\/04\/WhatsApp-Image-2025-04-15-at-19.01.10-300x300.jpeg 300w, https:\/\/pos.uel.br\/ppgel\/wp-content\/uploads\/2025\/04\/WhatsApp-Image-2025-04-15-at-19.01.10-150x150.jpeg 150w, https:\/\/pos.uel.br\/ppgel\/wp-content\/uploads\/2025\/04\/WhatsApp-Image-2025-04-15-at-19.01.10-768x768.jpeg 768w, https:\/\/pos.uel.br\/ppgel\/wp-content\/uploads\/2025\/04\/WhatsApp-Image-2025-04-15-at-19.01.10.jpeg 1080w\" sizes=\"auto, (max-width: 1024px) 100vw, 1024px\" \/><\/figure>\n<\/figure>\n\n\n\n<p class=\"has-text-align-center has-large-font-size\"><strong>Recep\u00e7\u00e3o de 2024<\/strong><\/p>\n\n\n\n<p class=\"has-text-align-center\"><strong>Pesquisadoras do PPGEL em Cena: Encontro com os Egressos<\/strong><\/p>\n\n\n<div class=\"wp-block-image\">\n<figure class=\"aligncenter size-full is-resized\"><img loading=\"lazy\" decoding=\"async\" width=\"759\" height=\"673\" src=\"https:\/\/pos.uel.br\/ppgel\/wp-content\/uploads\/2024\/10\/Recepcao2024.jpg\" alt=\"\" class=\"wp-image-407\" style=\"width:647px;height:auto\" srcset=\"https:\/\/pos.uel.br\/ppgel\/wp-content\/uploads\/2024\/10\/Recepcao2024.jpg 759w, https:\/\/pos.uel.br\/ppgel\/wp-content\/uploads\/2024\/10\/Recepcao2024-300x266.jpg 300w\" sizes=\"auto, (max-width: 759px) 100vw, 759px\" \/><\/figure>\n<\/div>\n\n\n<div class=\"wp-block-group\"><div class=\"wp-block-group__inner-container is-layout-constrained wp-block-group-is-layout-constrained\">\n<p><strong>Comiss\u00e3o Organizadora: <\/strong><\/p>\n\n\n\n<div class=\"wp-block-group is-vertical is-content-justification-left is-layout-flex wp-container-core-group-is-layout-c0ca7d81 wp-block-group-is-layout-flex\">\n<div class=\"wp-block-group is-vertical is-layout-flex wp-container-core-group-is-layout-8cf370e7 wp-block-group-is-layout-flex\">\n<p>Andr\u00e9ia da C. M. Santana<\/p>\n\n\n\n<p>Joyce Almeida<\/p>\n\n\n\n<p>Isabel Cordeiro<\/p>\n\n\n\n<p>Giovanna Lazaretti<\/p>\n\n\n\n<p>Gabriela Pepis<\/p>\n<\/div>\n<\/div>\n<\/div><\/div>\n\n\n\n<p class=\"has-text-align-center has-large-font-size\"><strong>Recep\u00e7\u00e3o de 2021<\/strong><\/p>\n\n\n<div class=\"wp-block-image\">\n<figure class=\"aligncenter size-full\"><img loading=\"lazy\" decoding=\"async\" width=\"780\" height=\"538\" src=\"https:\/\/pos.uel.br\/ppgel\/wp-content\/uploads\/2024\/10\/Recepcao-2021-1.png\" alt=\"\" class=\"wp-image-402\" srcset=\"https:\/\/pos.uel.br\/ppgel\/wp-content\/uploads\/2024\/10\/Recepcao-2021-1.png 780w, https:\/\/pos.uel.br\/ppgel\/wp-content\/uploads\/2024\/10\/Recepcao-2021-1-300x207.png 300w, https:\/\/pos.uel.br\/ppgel\/wp-content\/uploads\/2024\/10\/Recepcao-2021-1-768x530.png 768w\" sizes=\"auto, (max-width: 780px) 100vw, 780px\" \/><\/figure>\n<\/div>\n\n\n<p><strong>Comiss\u00e3o Organizadora: <\/strong><\/p>\n\n\n\n<div class=\"wp-block-group is-vertical is-layout-flex wp-container-core-group-is-layout-8cf370e7 wp-block-group-is-layout-flex\">\n<p>Andr\u00e9ia da C. M. Santana<\/p>\n\n\n\n<p>Joyce Almeida<\/p>\n\n\n\n<p>Michele El Kadri<\/p>\n\n\n\n<p>Fabiane C. Altino<\/p>\n\n\n\n<p>Alana Concei\u00e7\u00e3o<\/p>\n\n\n\n<p>Kauana Scabori<\/p>\n<\/div>\n\n\n\n<p class=\"has-text-align-center has-large-font-size\"><strong>Recep\u00e7\u00e3o de 2020<\/strong><\/p>\n\n\n<div class=\"wp-block-image\">\n<figure class=\"aligncenter size-large\"><img loading=\"lazy\" decoding=\"async\" width=\"1024\" height=\"671\" src=\"https:\/\/pos.uel.br\/ppgel\/wp-content\/uploads\/2024\/10\/SemanaRecepcao2020-1024x671.jpg\" alt=\"\" class=\"wp-image-422\" srcset=\"https:\/\/pos.uel.br\/ppgel\/wp-content\/uploads\/2024\/10\/SemanaRecepcao2020-1024x671.jpg 1024w, https:\/\/pos.uel.br\/ppgel\/wp-content\/uploads\/2024\/10\/SemanaRecepcao2020-300x197.jpg 300w, https:\/\/pos.uel.br\/ppgel\/wp-content\/uploads\/2024\/10\/SemanaRecepcao2020-768x504.jpg 768w, https:\/\/pos.uel.br\/ppgel\/wp-content\/uploads\/2024\/10\/SemanaRecepcao2020.jpg 1327w\" sizes=\"auto, (max-width: 1024px) 100vw, 1024px\" \/><\/figure>\n<\/div>\n\n\n<p><strong>Comiss\u00e3o Organizadora: <\/strong><\/p>\n\n\n\n<div class=\"wp-block-group is-vertical is-layout-flex wp-container-core-group-is-layout-8cf370e7 wp-block-group-is-layout-flex\">\n<p>Andr\u00e9ia da C. M. Santana<\/p>\n\n\n\n<p>Claudia rio Doce<\/p>\n\n\n\n<p>Joyce Almeida<\/p>\n\n\n\n<p>Ester Oliveira<\/p>\n\n\n\n<p>Michele El Kadri<\/p>\n\n\n\n<p>Samanta Ramos<\/p>\n\n\n\n<p>Alex Egido<\/p>\n<\/div>\n","protected":false},"excerpt":{"rendered":"<p>A recep\u00e7\u00e3o de novos alunos acontece, em geral, na primeira semana semana do calend\u00e1rio letivo. Na maioria das vezes, a recep\u00e7\u00e3o \u00e9 uma atividade integrada dos Programas de P\u00f3s-Gradua\u00e7\u00e3o em Letras e tem o objetivo de congregar os discentes destes programas, intensificar as a\u00e7\u00f5es conjuntas e criar futuras parcerias de estudos sobre temas comuns. Recep\u00e7\u00e3o [&hellip;]<\/p>\n","protected":false},"author":10,"featured_media":0,"parent":0,"menu_order":0,"comment_status":"closed","ping_status":"closed","template":"","meta":{"footnotes":""},"class_list":["post-284","page","type-page","status-publish","hentry"],"_links":{"self":[{"href":"https:\/\/pos.uel.br\/ppgel\/wp-json\/wp\/v2\/pages\/284","targetHints":{"allow":["GET"]}}],"collection":[{"href":"https:\/\/pos.uel.br\/ppgel\/wp-json\/wp\/v2\/pages"}],"about":[{"href":"https:\/\/pos.uel.br\/ppgel\/wp-json\/wp\/v2\/types\/page"}],"author":[{"embeddable":true,"href":"https:\/\/pos.uel.br\/ppgel\/wp-json\/wp\/v2\/users\/10"}],"replies":[{"embeddable":true,"href":"https:\/\/pos.uel.br\/ppgel\/wp-json\/wp\/v2\/comments?post=284"}],"version-history":[{"count":9,"href":"https:\/\/pos.uel.br\/ppgel\/wp-json\/wp\/v2\/pages\/284\/revisions"}],"predecessor-version":[{"id":1060,"href":"https:\/\/pos.uel.br\/ppgel\/wp-json\/wp\/v2\/pages\/284\/revisions\/1060"}],"wp:attachment":[{"href":"https:\/\/pos.uel.br\/ppgel\/wp-json\/wp\/v2\/media?parent=284"}],"curies":[{"name":"wp","href":"https:\/\/api.w.org\/{rel}","templated":true}]}}