{"id":280,"date":"2024-10-16T11:11:14","date_gmt":"2024-10-16T14:11:14","guid":{"rendered":"https:\/\/pos.uel.br\/ppgel\/?page_id=280"},"modified":"2025-09-04T08:55:56","modified_gmt":"2025-09-04T11:55:56","slug":"2021-2","status":"publish","type":"page","link":"https:\/\/pos.uel.br\/ppgel\/2021-2\/","title":{"rendered":"Outros Eventos"},"content":{"rendered":"\n<div style=\"height:68px\" aria-hidden=\"true\" class=\"wp-block-spacer\"><\/div>\n\n\n\n<p class=\"has-text-align-center has-large-font-size\">Outros Eventos Organizados pelo\/em parceria com o Programa<\/p>\n\n\n<div class=\"wp-block-image\">\n<figure class=\"aligncenter size-large\"><a href=\"https:\/\/operobal.uel.br\/ultimas\/2025\/08\/28\/ppgel-traz-reconhecida-pesquisadora-de-sociolinguistica-de-universidade-peruana\/\"><img loading=\"lazy\" decoding=\"async\" width=\"1024\" height=\"416\" src=\"https:\/\/pos.uel.br\/ppgel\/wp-content\/uploads\/2025\/09\/image-1024x416.png\" alt=\"\" class=\"wp-image-1801\" srcset=\"https:\/\/pos.uel.br\/ppgel\/wp-content\/uploads\/2025\/09\/image-1024x416.png 1024w, https:\/\/pos.uel.br\/ppgel\/wp-content\/uploads\/2025\/09\/image-300x122.png 300w, https:\/\/pos.uel.br\/ppgel\/wp-content\/uploads\/2025\/09\/image-768x312.png 768w, https:\/\/pos.uel.br\/ppgel\/wp-content\/uploads\/2025\/09\/image.png 1399w\" sizes=\"auto, (max-width: 1024px) 100vw, 1024px\" \/><\/a><\/figure>\n<\/div>\n\n\n<p><strong>Palestra \u201cInsumos Sociolingu\u00edsticos Para Repensar la Literacidad como Pr\u00e1ctica Social<\/strong>&#8220;, com a Porfa. Dra. Virginia Zavala Cisneros, da Pontificia Universidad Cat\u00f3lica,  Lima- Peru. Para mais informa\u00e7\u00f5es, clique na imagem.<\/p>\n\n\n\n<div style=\"height:61px\" aria-hidden=\"true\" class=\"wp-block-spacer\"><\/div>\n\n\n\n<h2 class=\"wp-block-heading has-text-align-center\"><strong>Semin\u00e1rio de Letramentos acad\u00eamico-cient\u00edficos | Pr\u00e1ticas em colabora\u00e7\u00e3o<\/strong><\/h2>\n\n\n<div class=\"wp-block-image\">\n<figure class=\"aligncenter size-large is-resized\"><img loading=\"lazy\" decoding=\"async\" width=\"819\" height=\"1024\" src=\"https:\/\/pos.uel.br\/ppgel\/wp-content\/uploads\/2025\/05\/WhatsApp-Image-2025-05-02-at-16.27.25-1-819x1024.jpeg\" alt=\"\" class=\"wp-image-1115\" style=\"width:501px;height:auto\" srcset=\"https:\/\/pos.uel.br\/ppgel\/wp-content\/uploads\/2025\/05\/WhatsApp-Image-2025-05-02-at-16.27.25-1-819x1024.jpeg 819w, https:\/\/pos.uel.br\/ppgel\/wp-content\/uploads\/2025\/05\/WhatsApp-Image-2025-05-02-at-16.27.25-1-240x300.jpeg 240w, https:\/\/pos.uel.br\/ppgel\/wp-content\/uploads\/2025\/05\/WhatsApp-Image-2025-05-02-at-16.27.25-1-768x960.jpeg 768w, https:\/\/pos.uel.br\/ppgel\/wp-content\/uploads\/2025\/05\/WhatsApp-Image-2025-05-02-at-16.27.25-1.jpeg 1080w\" sizes=\"auto, (max-width: 819px) 100vw, 819px\" \/><\/figure>\n<\/div>\n\n\n<p class=\"has-text-align-center\"><em>Saiba mais sobre o evento clicando <strong><a href=\"https:\/\/sites.google.com\/view\/lilaparana\/eventos\/ii-selac\" data-type=\"link\" data-id=\"https:\/\/eventos.uel.br\/alpr30anos\/24-2\/\" target=\"_blank\" rel=\"noreferrer noopener\">AQUI<\/a><\/strong><\/em><\/p>\n\n\n\n<div style=\"height:58px\" aria-hidden=\"true\" class=\"wp-block-spacer\"><\/div>\n\n\n\n<p class=\"has-text-align-center has-large-font-size\"><strong>2024<\/strong><\/p>\n\n\n\n<div class=\"wp-block-group is-vertical is-content-justification-center is-layout-flex wp-container-core-group-is-layout-4b2eccd6 wp-block-group-is-layout-flex\">\n<div class=\"wp-block-columns is-layout-flex wp-container-core-columns-is-layout-9d6595d7 wp-block-columns-is-layout-flex\">\n<div class=\"wp-block-column is-layout-flow wp-block-column-is-layout-flow\" style=\"flex-basis:100%\"><div class=\"wp-block-image\">\n<figure class=\"aligncenter size-large is-resized\"><img loading=\"lazy\" decoding=\"async\" width=\"1024\" height=\"756\" src=\"https:\/\/pos.uel.br\/ppgel\/wp-content\/uploads\/2025\/04\/Cartaz-Divulgacao-ALPR-1024x756.jpg\" alt=\"\" class=\"wp-image-1033\" style=\"width:614px;height:auto\" srcset=\"https:\/\/pos.uel.br\/ppgel\/wp-content\/uploads\/2025\/04\/Cartaz-Divulgacao-ALPR-1024x756.jpg 1024w, https:\/\/pos.uel.br\/ppgel\/wp-content\/uploads\/2025\/04\/Cartaz-Divulgacao-ALPR-300x221.jpg 300w, https:\/\/pos.uel.br\/ppgel\/wp-content\/uploads\/2025\/04\/Cartaz-Divulgacao-ALPR-768x567.jpg 768w, https:\/\/pos.uel.br\/ppgel\/wp-content\/uploads\/2025\/04\/Cartaz-Divulgacao-ALPR.jpg 1154w\" sizes=\"auto, (max-width: 1024px) 100vw, 1024px\" \/><\/figure>\n<\/div><\/div>\n<\/div>\n\n\n\n<p class=\"has-text-align-center\"><em>Saiba mais sobre o evento clicando <strong><a href=\"https:\/\/eventos.uel.br\/alpr30anos\/24-2\/\" data-type=\"link\" data-id=\"https:\/\/eventos.uel.br\/alpr30anos\/24-2\/\" target=\"_blank\" rel=\"noreferrer noopener\">AQUI<\/a><\/strong><\/em><\/p>\n<\/div>\n\n\n\n<div style=\"height:100px\" aria-hidden=\"true\" class=\"wp-block-spacer\"><\/div>\n\n\n<div class=\"wp-block-image\">\n<figure class=\"aligncenter size-large is-resized\"><img loading=\"lazy\" decoding=\"async\" width=\"819\" height=\"1024\" src=\"https:\/\/pos.uel.br\/ppgel\/wp-content\/uploads\/2024\/10\/Slide-Apresentacao-do-Programa-819x1024.png\" alt=\"\" class=\"wp-image-411\" style=\"width:480px;height:auto\" srcset=\"https:\/\/pos.uel.br\/ppgel\/wp-content\/uploads\/2024\/10\/Slide-Apresentacao-do-Programa-819x1024.png 819w, https:\/\/pos.uel.br\/ppgel\/wp-content\/uploads\/2024\/10\/Slide-Apresentacao-do-Programa-240x300.png 240w, https:\/\/pos.uel.br\/ppgel\/wp-content\/uploads\/2024\/10\/Slide-Apresentacao-do-Programa-768x960.png 768w, https:\/\/pos.uel.br\/ppgel\/wp-content\/uploads\/2024\/10\/Slide-Apresentacao-do-Programa.png 1080w\" sizes=\"auto, (max-width: 819px) 100vw, 819px\" \/><\/figure>\n<\/div>\n\n\n<p class=\"has-text-align-center\"><em>Saiba mais sobre o evento clicando <strong><a href=\"https:\/\/operobal.uel.br\/eduel\/2024\/05\/21\/eduel-lanca-livros-com-a-presenca-do-linguista-carlos-alberto-faraco\/\" data-type=\"link\" data-id=\"https:\/\/eventos.uel.br\/alpr30anos\/24-2\/\" target=\"_blank\" rel=\"noreferrer noopener\">AQUI<\/a><\/strong><\/em><\/p>\n\n\n\n<p><\/p>\n\n\n<div class=\"wp-block-image\">\n<figure class=\"aligncenter size-large is-resized\"><img loading=\"lazy\" decoding=\"async\" width=\"819\" height=\"1024\" src=\"https:\/\/pos.uel.br\/ppgel\/wp-content\/uploads\/2024\/10\/Aula-Magna-230824-819x1024.png\" alt=\"\" class=\"wp-image-413\" style=\"width:486px;height:auto\" srcset=\"https:\/\/pos.uel.br\/ppgel\/wp-content\/uploads\/2024\/10\/Aula-Magna-230824-819x1024.png 819w, https:\/\/pos.uel.br\/ppgel\/wp-content\/uploads\/2024\/10\/Aula-Magna-230824-240x300.png 240w, https:\/\/pos.uel.br\/ppgel\/wp-content\/uploads\/2024\/10\/Aula-Magna-230824-768x960.png 768w, https:\/\/pos.uel.br\/ppgel\/wp-content\/uploads\/2024\/10\/Aula-Magna-230824.png 1080w\" sizes=\"auto, (max-width: 819px) 100vw, 819px\" \/><\/figure>\n<\/div>\n\n\n<p class=\"has-text-align-center\"><em>Saiba mais sobre o evento clicando <strong><a href=\"https:\/\/sites.uel.br\/clch\/clch\/2024\/10\/24\/a-aula-magna-limites-e-desafios-do-ensino-do-portugues-lingua-estrangeira-na-franca-o-caso-da-universite-lumiere-lyon-2\/\" data-type=\"link\" data-id=\"https:\/\/sites.uel.br\/clch\/clch\/2024\/10\/24\/a-aula-magna-limites-e-desafios-do-ensino-do-portugues-lingua-estrangeira-na-franca-o-caso-da-universite-lumiere-lyon-2\/\" target=\"_blank\" rel=\"noreferrer noopener\">AQUI<\/a><\/strong><\/em><\/p>\n\n\n<div class=\"wp-block-image\">\n<figure class=\"aligncenter size-large\"><img loading=\"lazy\" decoding=\"async\" width=\"1024\" height=\"592\" src=\"https:\/\/pos.uel.br\/ppgel\/wp-content\/uploads\/2024\/10\/PodCast-1024x592.png\" alt=\"\" class=\"wp-image-418\" srcset=\"https:\/\/pos.uel.br\/ppgel\/wp-content\/uploads\/2024\/10\/PodCast-1024x592.png 1024w, https:\/\/pos.uel.br\/ppgel\/wp-content\/uploads\/2024\/10\/PodCast-300x173.png 300w, https:\/\/pos.uel.br\/ppgel\/wp-content\/uploads\/2024\/10\/PodCast-768x444.png 768w, https:\/\/pos.uel.br\/ppgel\/wp-content\/uploads\/2024\/10\/PodCast.png 1176w\" sizes=\"auto, (max-width: 1024px) 100vw, 1024px\" \/><\/figure>\n<\/div>\n\n\n<p class=\"has-text-align-center\"><em>Saiba mais sobre o evento clicando <strong><a href=\"https:\/\/www.instagram.com\/uel_ppgel\/reel\/DAuKemUR2Vh\/\" target=\"_blank\" rel=\"noreferrer noopener\">AQUI<\/a><\/strong><\/em><\/p>\n","protected":false},"excerpt":{"rendered":"<p>Outros Eventos Organizados pelo\/em parceria com o Programa Palestra \u201cInsumos Sociolingu\u00edsticos Para Repensar la Literacidad como Pr\u00e1ctica Social&#8220;, com a Porfa. Dra. Virginia Zavala Cisneros, da Pontificia Universidad Cat\u00f3lica, Lima- Peru. Para mais informa\u00e7\u00f5es, clique na imagem. Semin\u00e1rio de Letramentos acad\u00eamico-cient\u00edficos | Pr\u00e1ticas em colabora\u00e7\u00e3o Saiba mais sobre o evento clicando AQUI 2024 Saiba mais [&hellip;]<\/p>\n","protected":false},"author":10,"featured_media":0,"parent":0,"menu_order":0,"comment_status":"closed","ping_status":"closed","template":"","meta":{"footnotes":""},"class_list":["post-280","page","type-page","status-publish","hentry"],"_links":{"self":[{"href":"https:\/\/pos.uel.br\/ppgel\/wp-json\/wp\/v2\/pages\/280","targetHints":{"allow":["GET"]}}],"collection":[{"href":"https:\/\/pos.uel.br\/ppgel\/wp-json\/wp\/v2\/pages"}],"about":[{"href":"https:\/\/pos.uel.br\/ppgel\/wp-json\/wp\/v2\/types\/page"}],"author":[{"embeddable":true,"href":"https:\/\/pos.uel.br\/ppgel\/wp-json\/wp\/v2\/users\/10"}],"replies":[{"embeddable":true,"href":"https:\/\/pos.uel.br\/ppgel\/wp-json\/wp\/v2\/comments?post=280"}],"version-history":[{"count":21,"href":"https:\/\/pos.uel.br\/ppgel\/wp-json\/wp\/v2\/pages\/280\/revisions"}],"predecessor-version":[{"id":1802,"href":"https:\/\/pos.uel.br\/ppgel\/wp-json\/wp\/v2\/pages\/280\/revisions\/1802"}],"wp:attachment":[{"href":"https:\/\/pos.uel.br\/ppgel\/wp-json\/wp\/v2\/media?parent=280"}],"curies":[{"name":"wp","href":"https:\/\/api.w.org\/{rel}","templated":true}]}}