{"id":275,"date":"2024-10-16T11:09:26","date_gmt":"2024-10-16T14:09:26","guid":{"rendered":"https:\/\/pos.uel.br\/ppgel\/?page_id=275"},"modified":"2025-07-01T23:50:46","modified_gmt":"2025-07-02T02:50:46","slug":"internacional","status":"publish","type":"page","link":"https:\/\/pos.uel.br\/ppgel\/internacional\/","title":{"rendered":"Internacionaliza\u00e7\u00e3o"},"content":{"rendered":"\n<div style=\"height:28px\" aria-hidden=\"true\" class=\"wp-block-spacer\"><\/div>\n\n\n\n<p>A presen\u00e7a do PPGEL no cen\u00e1rio internacional acontece em diferentes modalidades:<\/p>\n\n\n\n<p><strong>1. Participa\u00e7\u00e3o de docentes\/discentes em grupo de pesquisa internacional<\/strong><\/p>\n\n\n\n<figure class=\"wp-block-table\"><table class=\"has-fixed-layout\"><tbody><tr><td>\u201cDecolonial Mate\u201d, coordenado por Kyria Finardi (UFES).<br>Docente: Telma Nunes Gimenez <\/td><\/tr><tr><td>\u201cProtextos\u201d, coordenado por In\u00eas Cardoso (Instituto Polit\u00e9cnico de Sant\u00e1rem, Portugal)<br>Docente: Vera L\u00facia Lopes Cristov\u00e3o<\/td><\/tr><tr><td>GRAFE-PRISME &#8211; Universidade de Genebra&nbsp;<br>Docente: Juliana R. A. Tonelli | acesse a p\u00e1gina com as colaboradoras <strong><a href=\"https:\/\/www.unige.ch\/fapse\/grafe\/recherche\/grafe-prisme\/collaborations\" target=\"_blank\" rel=\"noreferrer noopener\">AQUI<\/a><\/strong>.<\/td><\/tr><tr><td>Projeto EMITI (Educa\u00e7\u00e3o Multilinguismo Internacionaliza\u00e7\u00e3o Tecnologia Ingl\u00eas)<br>Docentes envolvidos:  Telma Nunes Gimenez e Michele El Kadri<\/td><\/tr><tr><td>Projeto do Tesouro do L\u00e9xico Patrimonial do Galego e Portugu\u00eas- Universidade de Santiago de Compostela e Universidade de Lisboa <br>Docentes envolvidos: Fabiane Cristina Altino e Vanderci Aguillera<\/td><\/tr><\/tbody><\/table><\/figure>\n\n\n\n<p><strong>2. Conv\u00eanios estabelecidos pelo programa com institui\u00e7\u00f5es de ensino\/pesquisa internacionais<\/strong><\/p>\n\n\n\n<figure class=\"wp-block-table\"><table class=\"has-fixed-layout\"><tbody><tr><td>CAPES\/COFECUB: Brasil-Fran\u00e7a, Projeto Atlas Lingu\u00edstico do Brasil e Valextra<br>Docente respons\u00e1vel: Fabiane Cristina Altino<\/td><\/tr><tr><td>Protocolo de Inten\u00e7\u00f5es entre a Universidade da Virginia Commonwealth (EUA)<br>Docente respons\u00e1vel: Michele El Kadri<\/td><\/tr><tr><td>Em fase de tramita\u00e7\u00e3o\/formaliza\u00e7\u00e3o: Universidade de Torino (It\u00e1lia)- Atlas Lingu\u00edstico Sonoro<br>Docente respons\u00e1vel: Fabiane Cristina Altino<\/td><\/tr><tr><td>Em fase de tramita\u00e7\u00e3o\/formaliza\u00e7\u00e3o: Centre National de la Recherche Scientifique (CNRS)- Atlas Lingu\u00edstico Sonoro<br>Docente respons\u00e1vel: Fabiane Cristina Altino<\/td><\/tr><\/tbody><\/table><\/figure>\n\n\n\n<p><strong>3.<\/strong> <strong>Eventos organizados pelo programa com participa\u00e7\u00e3o de convidados de institui\u00e7\u00f5es internacionais<\/strong><\/p>\n\n\n\n<figure class=\"wp-block-table\"><table class=\"has-fixed-layout\"><tbody><tr><td>Palestra: Aula Magna \u201cLimites e desafios do ensino do portugu\u00eas l\u00edngua estrangeira (PLE) na Fran\u00e7a: o caso da Universit\u00e9 Lumi\u00e8re Lyon 2 (ULL2)\u201d<br>Docente: Profa. Dra. Maria da Concei\u00e7\u00e3o Correia Ferreira -Universit\u00e9 Lumi\u00e8re Lyon 2 \/ULL2- Fran\u00e7a<br>Data: 28\/08\/2024<\/td><\/tr><tr><td>Evento: Confer\u00eancia de abertura: 30 Anos do Atlas Lingu\u00edstico (a ser realizada) <br>Docente: Profa. Dra. Ros\u00e1rio \u00c1lvarez Blanco &#8211; Universidad de Santiago de Compostela \u2013 Espanha<br>Data: 05\/12\/2024<\/td><\/tr><\/tbody><\/table><\/figure>\n\n\n\n<p><strong>4. Disciplina&nbsp;&#8220;Estudos Avan\u00e7ados&#8221; ministrada por docentes de institui\u00e7\u00f5es internacionais<\/strong><\/p>\n\n\n\n<figure class=\"wp-block-table\"><table class=\"has-fixed-layout\"><tbody><tr><td>T\u00edtulo da Disciplina: Pensar o mundo globalizado e seus problemas atrav\u00e9s da leitura da literatura brasileira numa aula de PLE<br>Ano: 2024<br>Professor: Profa. Dra. Maria da Concei\u00e7\u00e3o Correia Ferreira &#8211; Universit\u00e9 Lumi\u00e8re Lyon 2 \/ULL- Fran\u00e7a<br>N\u00famero de alunos matriculados: 20<\/td><\/tr><tr><td>T\u00edtulo da Disciplina: Validity and Classroom Language Assessment<br>Ano: 2023<br>Professor: Prof. Dr. Frank Giraldo- Universidad de Caldas- Col\u00f4mbia<br>N\u00famero de alunos matriculados: 20<\/td><\/tr><tr><td>T\u00edtulo da Disciplina: Metodologia Sociolingu\u00edstica<strong>&nbsp;<\/strong><br>Ano: 2021<br>Professor: Profa. Dra. Ana Maria Cestero Mancera &#8211; Universidad de Alcal\u00e1- Espanha<br>N\u00famero de alunos matriculados: 20<\/td><\/tr><\/tbody><\/table><\/figure>\n\n\n\n<p><strong>5. Docentes que realizaram&nbsp; p\u00f3s-doutorado em universidades internacionais no quadri\u00eanio 2021-2024<\/strong><\/p>\n\n\n\n<figure class=\"wp-block-table\"><table class=\"has-fixed-layout\"><tbody><tr><td class=\"has-text-align-center\" data-align=\"center\"><strong>Docente<\/strong><\/td><td class=\"has-text-align-center\" data-align=\"center\"><strong>Data do P\u00f3s-Doc<\/strong><\/td><td class=\"has-text-align-center\" data-align=\"center\"><strong>Universidade<\/strong><\/td><\/tr><tr><td class=\"has-text-align-center\" data-align=\"center\">Andr\u00e9ia da Cunha Malheiros Santana<\/td><td class=\"has-text-align-center\" data-align=\"center\">10\/23 a 04\/24<\/td><td class=\"has-text-align-center\" data-align=\"center\">Universidade Lumi\u00e8re- Lyon 2<\/td><\/tr><tr><td class=\"has-text-align-center\" data-align=\"center\">Sheila Oliveira Lima<\/td><td class=\"has-text-align-center\" data-align=\"center\">03\/22 a 02\/23<\/td><td class=\"has-text-align-center\" data-align=\"center\">Universidade de Buenos Aires<\/td><\/tr><tr><td class=\"has-text-align-center\" data-align=\"center\">Vera L\u00facia Lopes Cristov\u00e3o<\/td><td class=\"has-text-align-center\" data-align=\"center\">01\/23 a 07\/23<\/td><td class=\"has-text-align-center\" data-align=\"center\">Universidade de Aveiro<\/td><\/tr><\/tbody><\/table><\/figure>\n\n\n\n<p><strong>6. Discentes que realizaram doutorado sandu\u00edche em institui\u00e7\u00e3o Internacional<\/strong><\/p>\n\n\n\n<figure class=\"wp-block-table\"><table class=\"has-fixed-layout\"><tbody><tr><td class=\"has-text-align-center\" data-align=\"center\"><strong>Data<\/strong><\/td><td class=\"has-text-align-center\" data-align=\"center\"><strong>Discente<\/strong><\/td><td class=\"has-text-align-center\" data-align=\"center\"><strong>Orientadora<\/strong><\/td><td class=\"has-text-align-center\" data-align=\"center\"><strong>Universidade<\/strong><\/td><td class=\"has-text-align-center\" data-align=\"center\"><strong>Coorientador<\/strong><\/td><\/tr><tr><td class=\"has-text-align-center\" data-align=\"center\">2025 (1o. semestre)<\/td><td class=\"has-text-align-center\" data-align=\"center\">Dener Martins de Oliveira<\/td><td class=\"has-text-align-center\" data-align=\"center\">Vera L\u00facia Lopes Crist\u00f3v\u00e3o<\/td><td class=\"has-text-align-center\" data-align=\"center\">Instituto Polit\u00e9cnico de Viana do Castelo<\/td><td class=\"has-text-align-center\" data-align=\"center\">Luciana Manuela de Almeida Gra\u00e7a<\/td><\/tr><tr><td class=\"has-text-align-center\" data-align=\"center\">2024 (2o. semestre)<\/td><td class=\"has-text-align-center\" data-align=\"center\">Rafaela Cristine&nbsp; Merli<\/td><td class=\"has-text-align-center\" data-align=\"center\">Andr\u00e9ia da Cunha M. Santana<\/td><td class=\"has-text-align-center\" data-align=\"center\">Universidade de \u00c9vora<\/td><td class=\"has-text-align-center\" data-align=\"center\">Angela Maria Franco M. C. P. Bal\u00e7a<\/td><\/tr><tr><td class=\"has-text-align-center\" data-align=\"center\" rowspan=\"3\">2024 (1o. semestre)<\/td><td class=\"has-text-align-center\" data-align=\"center\">Silvia Helena de Freitas Ruiz<\/td><td class=\"has-text-align-center\" data-align=\"center\">Joyce Almeida<\/td><td class=\"has-text-align-center\" data-align=\"center\">Instituto Polit\u00e9cnico do Porto<\/td><td class=\"has-text-align-center\" data-align=\"center\">Ana Sucena Santos<\/td><\/tr><tr><td class=\"has-text-align-center\" data-align=\"center\">Juliano Brambilla Neri<\/td><td class=\"has-text-align-center\" data-align=\"center\">Juliana Reichert A Tonelli&nbsp;<\/td><td class=\"has-text-align-center\" data-align=\"center\">Universidade de Georgetown<\/td><td class=\"has-text-align-center\" data-align=\"center\">Kevin Donley <\/td><\/tr><tr><td class=\"has-text-align-center\" data-align=\"center\">Jefferson Lhamas dos Santos<\/td><td class=\"has-text-align-center\" data-align=\"center\">Michele El Kadri<\/td><td class=\"has-text-align-center\" data-align=\"center\">Virginia Commonwealth University&nbsp;<\/td><td class=\"has-text-align-center\" data-align=\"center\">Luciana C. de Oliveira<\/td><\/tr><tr><td class=\"has-text-align-center\" data-align=\"center\">2023<\/td><td class=\"has-text-align-center\" data-align=\"center\">Patr\u00edcia Cardoso&nbsp; Batista <\/td><td class=\"has-text-align-center\" data-align=\"center\">Sheila O. Lima<\/td><td class=\"has-text-align-center\" data-align=\"center\">Universidade de \u00c9vora<\/td><td class=\"has-text-align-center\" data-align=\"center\">Angela Maria Franco M. C. P. Bal\u00e7a<\/td><\/tr><tr><td class=\"has-text-align-center\" data-align=\"center\">2021<\/td><td class=\"has-text-align-center\" data-align=\"center\">Alex Alves Egido<\/td><td class=\"has-text-align-center\" data-align=\"center\">Viviane Bagio Furtoso<\/td><td class=\"has-text-align-center\" data-align=\"center\">Michigan State University (MSU)<\/td><td class=\"has-text-align-center\" data-align=\"center\">Peter De Costa<\/td><\/tr><\/tbody><\/table><\/figure>\n\n\n\n<p><strong>7. Discentes estrangeiros matriculados no PPGEL<\/strong><\/p>\n\n\n\n<figure class=\"wp-block-table\"><table class=\"has-fixed-layout\"><tbody><tr><td>Data da Defesa<\/td><td>Discente<\/td><td>Orientador<\/td><td>Pa\u00eds de Origem<\/td><\/tr><tr><td>2020<\/td><td>Marjorie Ninoska Gomez Talavera<\/td><td>Telma Nunes Gimenez<\/td><td>Nicar\u00e1gua<\/td><\/tr><tr><td rowspan=\"3\">2022<\/td><td>Romina Leonor Toranzos <\/td><td>Dircel Aparecida Kailer<\/td><td>Argentina<\/td><\/tr><\/tbody><\/table><\/figure>\n\n\n\n<p><strong>8. Bancas no Exterior<\/strong><\/p>\n\n\n\n<figure class=\"wp-block-table\"><table class=\"has-fixed-layout\"><tbody><tr><td><strong>N\u00edvel:<\/strong> Doutorado Profissional<br><strong>Egresso:<\/strong> Deivis Poithin<br><strong>T\u00edtulo:<\/strong> Teachers&#8217; Perceptions and Practices of the Use of Technology to Promote Language Development in Bilingual Students<br><strong>IE:<\/strong> Kings\u2019 College, London, 2021<br><strong>Docente:<\/strong> Telma Nunes Gimenez<\/td><\/tr><tr><td><strong>N\u00edvel:<\/strong> Qualifica\u00e7\u00e3o de doutorado<br><strong>Egresso:<\/strong> Francisco Javier Ram\u00edrez<br><strong>T\u00edtulo:<\/strong> Trayectorias profesionales de docentes de ingl\u00e9s en contextos multiling\u00fces: el caso de la Universidad Veracruzana Intercultural y la Universidad Intercultural Maya de Quintana Roo<br><strong>IE:<\/strong> Universidade Veracruzana, University of Texas, Austin, 2021<br><strong>Docente:<\/strong> Telma Nunes Gimenez<\/td><\/tr><tr><td><strong>N\u00edvel:<\/strong> Mestrado<br><strong>Egresso:<\/strong> Anderson Pulgarin<br><strong>T\u00edtulo:<\/strong> English As A Lingua Franca And Pre-Service English Teachers: Challenging Beliefs In Language Teacher Education<br><strong>IE:<\/strong> Universidad de Antioquia, Col\u00f4mbia, 2023<br><strong>Docente:<\/strong> Telma Nunes Gimenez<\/td><\/tr><tr><td><strong>N\u00edvel:<\/strong> Doutorado<br><strong>Egresso:<\/strong> Marta Isabel Barrientos Moncada<br><strong>T\u00edtulo:<\/strong> Colombian English language teachers enacting an ELF-aware praxis to challenge dominant social and educational discourses about their professionalism: the process of a professional learning group involved in a Participatory Action Learning and Action Research (PALAR) Project.<em>&nbsp;<\/em><br><strong>IE:<\/strong> Universidad de Antioquia, Col\u00f4mbia, 2024.<br><strong>Docente:<\/strong> Telma Nunes Gimenez<\/td><\/tr><\/tbody><\/table><\/figure>\n\n\n\n<p><strong>9. Diversos&nbsp;<\/strong><\/p>\n\n\n\n<figure class=\"wp-block-table\"><table class=\"has-fixed-layout\"><tbody><tr><td><strong>Premia\u00e7\u00e3o internacional<\/strong> \u201cDuolingo Doctoral Dissertation Award\u201d:&nbsp;Egressa: Isadora Teixeira de Moraes- \u00fanica brasileira premiada <\/td><\/tr><tr><td><strong>Move La America<\/strong>: o PPGEL est\u00e1 inscrito no programa<\/td><\/tr><tr><td><strong>Participa\u00e7\u00e3o<\/strong> de docente do programa na ARI (Assessoria de Rela\u00e7\u00f5es Internacionais)\/UEL: Diretora: Profa. Dra. Viviane Furtoso<\/td><\/tr><tr><td><strong>Parecerista<\/strong> das revistas ELT Journal; \u00c1rboles y Rizomas; Profile. Telma Nunes Gimenez.<\/td><\/tr><tr><td><strong>Parecerista ad hoc<\/strong> das revistas System e Journal of Comparative &amp; International Higher Education, e do Projeto ENRICH &#8211; English as a Lingua Franca Practices for Inclusive Multilingual Classrooms. Telma Nunes Gimenez<\/td><\/tr><tr><td><strong>Consultoria para o Projeto Skills for Prosperity<\/strong> (Conselho Brit\u00e2nico) 2021-2023, Telma Nunes Gimenez.<\/td><\/tr><tr><td><strong>Participa\u00e7\u00e3o como membro avaliador<\/strong> do Bachillerato en la Ense\u00f1anza del Ingl\u00e9s, Universidad Nacional, SINAES, Costa Rica, 2023. Telma Nunes Gimenez.<\/td><\/tr><tr><td><strong>Parecer<\/strong> para proposta de Mestrado em <em>Teaching English as a Foreign Language (Latin American contexts), <\/em>da Universidad Alberto Hurtado, Chile, 2023. Telma Nunes Gimenez.<\/td><\/tr><\/tbody><\/table><\/figure>\n","protected":false},"excerpt":{"rendered":"<p>A presen\u00e7a do PPGEL no cen\u00e1rio internacional acontece em diferentes modalidades: 1. Participa\u00e7\u00e3o de docentes\/discentes em grupo de pesquisa internacional \u201cDecolonial Mate\u201d, coordenado por Kyria Finardi (UFES).Docente: Telma Nunes Gimenez \u201cProtextos\u201d, coordenado por In\u00eas Cardoso (Instituto Polit\u00e9cnico de Sant\u00e1rem, Portugal)Docente: Vera L\u00facia Lopes Cristov\u00e3o GRAFE-PRISME &#8211; Universidade de Genebra&nbsp;Docente: Juliana R. A. Tonelli | acesse [&hellip;]<\/p>\n","protected":false},"author":10,"featured_media":0,"parent":0,"menu_order":0,"comment_status":"closed","ping_status":"closed","template":"","meta":{"footnotes":""},"class_list":["post-275","page","type-page","status-publish","hentry"],"_links":{"self":[{"href":"https:\/\/pos.uel.br\/ppgel\/wp-json\/wp\/v2\/pages\/275","targetHints":{"allow":["GET"]}}],"collection":[{"href":"https:\/\/pos.uel.br\/ppgel\/wp-json\/wp\/v2\/pages"}],"about":[{"href":"https:\/\/pos.uel.br\/ppgel\/wp-json\/wp\/v2\/types\/page"}],"author":[{"embeddable":true,"href":"https:\/\/pos.uel.br\/ppgel\/wp-json\/wp\/v2\/users\/10"}],"replies":[{"embeddable":true,"href":"https:\/\/pos.uel.br\/ppgel\/wp-json\/wp\/v2\/comments?post=275"}],"version-history":[{"count":10,"href":"https:\/\/pos.uel.br\/ppgel\/wp-json\/wp\/v2\/pages\/275\/revisions"}],"predecessor-version":[{"id":1546,"href":"https:\/\/pos.uel.br\/ppgel\/wp-json\/wp\/v2\/pages\/275\/revisions\/1546"}],"wp:attachment":[{"href":"https:\/\/pos.uel.br\/ppgel\/wp-json\/wp\/v2\/media?parent=275"}],"curies":[{"name":"wp","href":"https:\/\/api.w.org\/{rel}","templated":true}]}}