{"id":250,"date":"2024-10-16T10:09:23","date_gmt":"2024-10-16T13:09:23","guid":{"rendered":"https:\/\/pos.uel.br\/ppgel\/?page_id=250"},"modified":"2025-07-02T17:22:36","modified_gmt":"2025-07-02T20:22:36","slug":"egressos","status":"publish","type":"page","link":"https:\/\/pos.uel.br\/ppgel\/egressos\/","title":{"rendered":"Egressos"},"content":{"rendered":"\n<div style=\"height:53px\" aria-hidden=\"true\" class=\"wp-block-spacer\"><\/div>\n\n\n\n<p class=\"has-text-align-center\"><strong>Egressos 2024<\/strong>&#8211; <a href=\"https:\/\/pos.uel.br\/ppgel\/mestrado-2024\/\" data-type=\"link\" data-id=\"https:\/\/pos.uel.br\/ppgel\/mestrado-2024\/\">Mestrado <\/a>&#8211; <a href=\"https:\/\/pos.uel.br\/ppgel\/doutorado-2024\/\" data-type=\"link\" data-id=\"https:\/\/pos.uel.br\/ppgel\/doutorado-2024\/\">Doutorado<\/a><\/p>\n\n\n\n<p class=\"has-text-align-center\"><strong>Egressos 2023<\/strong> &#8211; <a href=\"https:\/\/pos.uel.br\/ppgel\/mestrado-2023\/\" data-type=\"link\" data-id=\"https:\/\/pos.uel.br\/ppgel\/mestrado-2020\/\">Mestrado<\/a> &#8211; <a href=\"https:\/\/pos.uel.br\/ppgel\/doutorado-2023\/\" data-type=\"link\" data-id=\"https:\/\/pos.uel.br\/ppgel\/doutorado-2020\/\">Doutorado<\/a><\/p>\n\n\n\n<p class=\"has-text-align-center\"><strong>Egressos 2022<\/strong> &#8211; <a href=\"https:\/\/pos.uel.br\/ppgel\/mestrado-2022\/\" data-type=\"link\" data-id=\"https:\/\/pos.uel.br\/ppgel\/mestrado-2022\/\">Mestrado <\/a>&#8211; <a href=\"https:\/\/pos.uel.br\/ppgel\/doutorado-2022\/\" data-type=\"link\" data-id=\"https:\/\/pos.uel.br\/ppgel\/doutorado-2022\/\">Doutorado<\/a><\/p>\n\n\n\n<p class=\"has-text-align-center\"><strong>Egressos 2021<\/strong> &#8211; <a href=\"https:\/\/pos.uel.br\/ppgel\/mestrado-2021\/\" data-type=\"link\" data-id=\"https:\/\/pos.uel.br\/ppgel\/mestrado-2020\/\">Mestrado<\/a> &#8211; <a href=\"https:\/\/pos.uel.br\/ppgel\/doutorado-2021\/\" data-type=\"link\" data-id=\"https:\/\/pos.uel.br\/ppgel\/doutorado-2020\/\">Doutorado<\/a><\/p>\n\n\n\n<p class=\"has-text-align-center\"><strong>Egressos 2020<\/strong> &#8211; <a href=\"https:\/\/pos.uel.br\/ppgel\/mestrado-2020\/\" data-type=\"link\" data-id=\"https:\/\/pos.uel.br\/ppgel\/mestrado-2020\/\">Mestrado<\/a> &#8211; <a href=\"https:\/\/pos.uel.br\/ppgel\/doutorado-2020\/\" data-type=\"link\" data-id=\"https:\/\/pos.uel.br\/ppgel\/doutorado-2020\/\">Doutorado<\/a><\/p>\n\n\n\n<p class=\"has-text-align-center\"><strong>Egressos 2019<\/strong> &#8211; <a href=\"https:\/\/pos.uel.br\/ppgel\/mestrado-2019\/\" data-type=\"link\" data-id=\"https:\/\/pos.uel.br\/ppgel\/mestrado-2020\/\">Mestrado<\/a> &#8211; <a href=\"https:\/\/pos.uel.br\/ppgel\/doutorado-2019\/\" data-type=\"link\" data-id=\"https:\/\/pos.uel.br\/ppgel\/doutorado-2020\/\">Doutorado<\/a><\/p>\n\n\n\n<p class=\"has-text-align-center\"><strong>Egressos 2018<\/strong> &#8211;&nbsp;<a href=\"https:\/\/pos.uel.br\/ppgel\/mestrado-2018\/\">Mestrado<\/a>&nbsp;&#8211;&nbsp;<a href=\"https:\/\/pos.uel.br\/ppgel\/doutorado-2018\/\">Doutorado<\/a><\/p>\n\n\n\n<p class=\"has-text-align-center\"><strong>Egressos 2017<\/strong> &#8211;\u00a0<a href=\"https:\/\/pos.uel.br\/ppgel\/mestrado-2017\/\">Mestrado<\/a>\u00a0&#8211;\u00a0<a href=\"https:\/\/pos.uel.br\/ppgel\/en\/doutorado-2017\/\">Doutorado<\/a><\/p>\n\n\n\n<p class=\"has-text-align-center\"><strong>Egressos 2016<\/strong> &#8211;&nbsp;<a href=\"https:\/\/pos.uel.br\/ppgel\/mestrado-2016\/\">Mestrado<\/a>&nbsp;&#8211;&nbsp;<a href=\"https:\/\/pos.uel.br\/ppgel\/doutorado-2016\/\">Doutorado<\/a><\/p>\n\n\n\n<div style=\"height:43px\" aria-hidden=\"true\" class=\"wp-block-spacer\"><\/div>\n\n\n\n<div class=\"wp-block-group is-vertical is-layout-flex wp-container-core-group-is-layout-8cf370e7 wp-block-group-is-layout-flex\">\n<div class=\"wp-block-buttons is-layout-flex wp-block-buttons-is-layout-flex\">\n<div class=\"wp-block-button\"><a class=\"wp-block-button__link has-primary-accent-background-color has-background wp-element-button\" href=\"https:\/\/alumniuel.org.br\/\"><strong>Alumni UEL<\/strong><\/a><\/div>\n<\/div>\n\n\n\n<div style=\"height:18px\" aria-hidden=\"true\" class=\"wp-block-spacer wp-container-content-7a8a7e73\"><\/div>\n\n\n\n<p>Voc\u00ea conhece a Associa\u00e7\u00e3o de Ex-alunos da UEL- ALUMNI? Saiba um pouco sobre a associa\u00e7\u00e3o dos egressos da universidade: <a href=\"https:\/\/alumniuel.org.br\/\"><strong>ALUMNI UEL<\/strong><\/a><\/p>\n<\/div>\n\n\n\n<p><\/p>\n","protected":false},"excerpt":{"rendered":"<p>Egressos 2024&#8211; Mestrado &#8211; Doutorado Egressos 2023 &#8211; Mestrado &#8211; Doutorado Egressos 2022 &#8211; Mestrado &#8211; Doutorado Egressos 2021 &#8211; Mestrado &#8211; Doutorado Egressos 2020 &#8211; Mestrado &#8211; Doutorado Egressos 2019 &#8211; Mestrado &#8211; Doutorado Egressos 2018 &#8211;&nbsp;Mestrado&nbsp;&#8211;&nbsp;Doutorado Egressos 2017 &#8211;\u00a0Mestrado\u00a0&#8211;\u00a0Doutorado Egressos 2016 &#8211;&nbsp;Mestrado&nbsp;&#8211;&nbsp;Doutorado Voc\u00ea conhece a Associa\u00e7\u00e3o de Ex-alunos da UEL- ALUMNI? Saiba um [&hellip;]<\/p>\n","protected":false},"author":10,"featured_media":0,"parent":0,"menu_order":0,"comment_status":"closed","ping_status":"closed","template":"","meta":{"footnotes":""},"class_list":["post-250","page","type-page","status-publish","hentry"],"_links":{"self":[{"href":"https:\/\/pos.uel.br\/ppgel\/wp-json\/wp\/v2\/pages\/250","targetHints":{"allow":["GET"]}}],"collection":[{"href":"https:\/\/pos.uel.br\/ppgel\/wp-json\/wp\/v2\/pages"}],"about":[{"href":"https:\/\/pos.uel.br\/ppgel\/wp-json\/wp\/v2\/types\/page"}],"author":[{"embeddable":true,"href":"https:\/\/pos.uel.br\/ppgel\/wp-json\/wp\/v2\/users\/10"}],"replies":[{"embeddable":true,"href":"https:\/\/pos.uel.br\/ppgel\/wp-json\/wp\/v2\/comments?post=250"}],"version-history":[{"count":15,"href":"https:\/\/pos.uel.br\/ppgel\/wp-json\/wp\/v2\/pages\/250\/revisions"}],"predecessor-version":[{"id":1668,"href":"https:\/\/pos.uel.br\/ppgel\/wp-json\/wp\/v2\/pages\/250\/revisions\/1668"}],"wp:attachment":[{"href":"https:\/\/pos.uel.br\/ppgel\/wp-json\/wp\/v2\/media?parent=250"}],"curies":[{"name":"wp","href":"https:\/\/api.w.org\/{rel}","templated":true}]}}