{"id":248,"date":"2024-10-16T10:08:56","date_gmt":"2024-10-16T13:08:56","guid":{"rendered":"https:\/\/pos.uel.br\/ppgel\/?page_id=248"},"modified":"2025-07-01T22:09:37","modified_gmt":"2025-07-02T01:09:37","slug":"internacionalizacao","status":"publish","type":"page","link":"https:\/\/pos.uel.br\/ppgel\/internacionalizacao\/","title":{"rendered":"Formul\u00e1rios"},"content":{"rendered":"\n<div style=\"height:42px\" aria-hidden=\"true\" class=\"wp-block-spacer\"><\/div>\n\n\n\n<p>Nesta se\u00e7\u00e3o, est\u00e3o disponibilizados alguns formul\u00e1rios de utiliza\u00e7\u00e3o geral, h\u00e1 formul\u00e1rios espec\u00edficos que acompanham cada edital que integram.<\/p>\n\n\n\n<p><a href=\"http:\/\/www.uel.br\/pos\/ppgel\/pages\/arquivos\/Protocolo_atividades_especiais_FINAL.pdf\">Atividades Especiais<\/a><\/p>\n\n\n\n<p><a href=\"http:\/\/www.uel.br\/pos\/ppgel\/pages\/arquivos\/relatorioBOLSISTAPPGEL.pdf\">Relat\u00f3rio Bolsista<\/a><\/p>\n\n\n\n<p><a href=\"http:\/\/www.uel.br\/pos\/ppgel\/pages\/arquivos\/Termo_de_Autorizacao_Biblioteca_Digital.pdf\">Termo de Autoriza\u00e7\u00e3o \u2013 Biblioteca Digital<\/a><\/p>\n\n\n\n<p><a href=\"http:\/\/www.uel.br\/pos\/ppgel\/pages\/arquivos\/Termo_da_Entrega_DT_Biblioteca_1.pdf\">Termo de entrega do Exemplar da disserta\u00e7\u00e3o\/tese \u2013 Biblioteca Digital<\/a><\/p>\n\n\n\n<p><a href=\"https:\/\/sites.uel.br\/proppg\/wp-content\/uploads\/2023\/11\/053-2019-ANEXO-I.docx\">Anexo I \u2013 Formul\u00e1rio de Inscri\u00e7\u00e3o em Est\u00e1gio P\u00f3s-Doutoral<\/a><\/p>\n\n\n\n<p><a href=\"https:\/\/sites.uel.br\/proppg\/wp-content\/uploads\/2023\/11\/053-2019-ANEXO-II.docx\">Anexo II \u2013 Solicita\u00e7\u00e3o de Prorroga\u00e7\u00e3o de Est\u00e1gio P\u00f3s-Doutoral<\/a><\/p>\n\n\n\n<p><a href=\"https:\/\/sites.uel.br\/proppg\/wp-content\/uploads\/2023\/11\/053-2019-ANEXO-III.docx\">Anexo III \u2013 Formul\u00e1rio de Avalia\u00e7\u00e3o em Est\u00e1gio P\u00f3s-Doutoral<\/a><\/p>\n\n\n\n<p><\/p>\n","protected":false},"excerpt":{"rendered":"<p>Nesta se\u00e7\u00e3o, est\u00e3o disponibilizados alguns formul\u00e1rios de utiliza\u00e7\u00e3o geral, h\u00e1 formul\u00e1rios espec\u00edficos que acompanham cada edital que integram. Atividades Especiais Relat\u00f3rio Bolsista Termo de Autoriza\u00e7\u00e3o \u2013 Biblioteca Digital Termo de entrega do Exemplar da disserta\u00e7\u00e3o\/tese \u2013 Biblioteca Digital Anexo I \u2013 Formul\u00e1rio de Inscri\u00e7\u00e3o em Est\u00e1gio P\u00f3s-Doutoral Anexo II \u2013 Solicita\u00e7\u00e3o de Prorroga\u00e7\u00e3o de Est\u00e1gio [&hellip;]<\/p>\n","protected":false},"author":10,"featured_media":0,"parent":0,"menu_order":0,"comment_status":"closed","ping_status":"closed","template":"","meta":{"footnotes":""},"class_list":["post-248","page","type-page","status-publish","hentry"],"_links":{"self":[{"href":"https:\/\/pos.uel.br\/ppgel\/wp-json\/wp\/v2\/pages\/248","targetHints":{"allow":["GET"]}}],"collection":[{"href":"https:\/\/pos.uel.br\/ppgel\/wp-json\/wp\/v2\/pages"}],"about":[{"href":"https:\/\/pos.uel.br\/ppgel\/wp-json\/wp\/v2\/types\/page"}],"author":[{"embeddable":true,"href":"https:\/\/pos.uel.br\/ppgel\/wp-json\/wp\/v2\/users\/10"}],"replies":[{"embeddable":true,"href":"https:\/\/pos.uel.br\/ppgel\/wp-json\/wp\/v2\/comments?post=248"}],"version-history":[{"count":7,"href":"https:\/\/pos.uel.br\/ppgel\/wp-json\/wp\/v2\/pages\/248\/revisions"}],"predecessor-version":[{"id":1473,"href":"https:\/\/pos.uel.br\/ppgel\/wp-json\/wp\/v2\/pages\/248\/revisions\/1473"}],"wp:attachment":[{"href":"https:\/\/pos.uel.br\/ppgel\/wp-json\/wp\/v2\/media?parent=248"}],"curies":[{"name":"wp","href":"https:\/\/api.w.org\/{rel}","templated":true}]}}