{"id":222,"date":"2024-09-02T14:31:13","date_gmt":"2024-09-02T17:31:13","guid":{"rendered":"https:\/\/pos.uel.br\/ppgel\/?page_id=222"},"modified":"2025-07-01T23:20:56","modified_gmt":"2025-07-02T02:20:56","slug":"autoavaliacao","status":"publish","type":"page","link":"https:\/\/pos.uel.br\/ppgel\/autoavaliacao\/","title":{"rendered":"Autoavalia\u00e7\u00e3o"},"content":{"rendered":"\n<div style=\"height:52px\" aria-hidden=\"true\" class=\"wp-block-spacer\"><\/div>\n\n\n\n<p>A autoavalia\u00e7\u00e3o \u00e9 um dos indicadores presentes na Avalia\u00e7\u00e3o dos Programas de P\u00f3s-gradua\u00e7\u00e3o (<a href=\"https:\/\/pos.uel.br\/ppgel\/wp-content\/uploads\/2025\/01\/FICHA-AVALIACAO-20212024LL.pdf\">vide Ficha de Avalia\u00e7\u00e3o da nossa \u00e1rea<\/a>) e vem sendo encorajada como forma de garantir o alcance dos seus objetivos em termos de forma\u00e7\u00e3o de recursos humanos, desenvolvimento da pesquisa e de inova\u00e7\u00e3o. Aliada a inst\u00e2ncias avaliadoras externas, a autoavalia\u00e7\u00e3o visa \u00e0 promo\u00e7\u00e3o de espa\u00e7os de reflex\u00e3o cr\u00edtica sobre pr\u00e1ticas institucionais para seu aperfei\u00e7oamento.<\/p>\n\n\n\n<p>O trabalho da CAA orienta-se por diretrizes fornecidas pela CAPES, por meio do <a href=\"https:\/\/www.gov.br\/capes\/pt-br\/centrais-de-conteudo\/10062019-autoavaliacao-de-programas-de-pos-graduacao-pdf\">Relat\u00f3rio do GT de Autoavalia\u00e7\u00e3o dos Programas de P\u00f3s-Gradua\u00e7\u00e3o da CAPES<\/a> ) e pela <a href=\"https:\/\/sites.uel.br\/ciapg\/\">Comiss\u00e3o Institucional de Avalia\u00e7\u00e3o da P\u00f3s-Gradua\u00e7\u00e3o da UEL<\/a>.<\/p>\n\n\n\n<p><br>A CAA vem atuando em estreita liga\u00e7\u00e3o com a comiss\u00e3o coordenadora do PPGEL para cumprir as etapas de prepara\u00e7\u00e3o, implementa\u00e7\u00e3o, divulga\u00e7\u00e3o dos resultados, uso dos resultados e meta-avalia\u00e7\u00e3o, contribuindo desta forma para o planejamento estrat\u00e9gico do Programa a curto, m\u00e9dio e longo prazo, por meio de seu Plano de Metas e A\u00e7\u00f5es.<\/p>\n\n\n\n<p><\/p>\n","protected":false},"excerpt":{"rendered":"<p>A autoavalia\u00e7\u00e3o \u00e9 um dos indicadores presentes na Avalia\u00e7\u00e3o dos Programas de P\u00f3s-gradua\u00e7\u00e3o (vide Ficha de Avalia\u00e7\u00e3o da nossa \u00e1rea) e vem sendo encorajada como forma de garantir o alcance dos seus objetivos em termos de forma\u00e7\u00e3o de recursos humanos, desenvolvimento da pesquisa e de inova\u00e7\u00e3o. Aliada a inst\u00e2ncias avaliadoras externas, a autoavalia\u00e7\u00e3o visa \u00e0 [&hellip;]<\/p>\n","protected":false},"author":10,"featured_media":0,"parent":0,"menu_order":0,"comment_status":"closed","ping_status":"closed","template":"","meta":{"footnotes":""},"class_list":["post-222","page","type-page","status-publish","hentry"],"_links":{"self":[{"href":"https:\/\/pos.uel.br\/ppgel\/wp-json\/wp\/v2\/pages\/222","targetHints":{"allow":["GET"]}}],"collection":[{"href":"https:\/\/pos.uel.br\/ppgel\/wp-json\/wp\/v2\/pages"}],"about":[{"href":"https:\/\/pos.uel.br\/ppgel\/wp-json\/wp\/v2\/types\/page"}],"author":[{"embeddable":true,"href":"https:\/\/pos.uel.br\/ppgel\/wp-json\/wp\/v2\/users\/10"}],"replies":[{"embeddable":true,"href":"https:\/\/pos.uel.br\/ppgel\/wp-json\/wp\/v2\/comments?post=222"}],"version-history":[{"count":6,"href":"https:\/\/pos.uel.br\/ppgel\/wp-json\/wp\/v2\/pages\/222\/revisions"}],"predecessor-version":[{"id":1517,"href":"https:\/\/pos.uel.br\/ppgel\/wp-json\/wp\/v2\/pages\/222\/revisions\/1517"}],"wp:attachment":[{"href":"https:\/\/pos.uel.br\/ppgel\/wp-json\/wp\/v2\/media?parent=222"}],"curies":[{"name":"wp","href":"https:\/\/api.w.org\/{rel}","templated":true}]}}