{"id":2011,"date":"2025-12-10T14:37:01","date_gmt":"2025-12-10T17:37:01","guid":{"rendered":"https:\/\/pos.uel.br\/ppgel\/?page_id=2011"},"modified":"2025-12-19T12:05:04","modified_gmt":"2025-12-19T15:05:04","slug":"logo","status":"publish","type":"page","link":"https:\/\/pos.uel.br\/ppgel\/logo\/","title":{"rendered":"Logotipo"},"content":{"rendered":"\n<p>O nosso logotipo foi elaborado pela egressa do programa Am\u00e1bile Piacentine Drogui e escolhido pelos discentes, docentes e egressos do programa atrav\u00e9s de uma vota\u00e7\u00e3o virtual realizada no Instagram. O nosso logotipo n\u00e3o se limita a um elemento visual, mas se configura como s\u00edntese simb\u00f3lica da identidade do programa, articulando pertencimento institucional, \u00e1rea de atua\u00e7\u00e3o, continuidade do conhecimento e do di\u00e1logo. Conhecendo melhor o nosso logo:<\/p>\n\n\n\n<p><strong>Cores:<\/strong><\/p>\n\n\n\n<p>Verde Escuro: O emprego da cor verde escuro estabelece uma rela\u00e7\u00e3o direta com a identidade visual da UEL.<\/p>\n\n\n\n<p>Verde Claro: O emprego da cor verde clara simboliza que o PPGEL \u00e9 um programa integrante da UEL, mas com identidade pr\u00f3pria, din\u00e2mica e espec\u00edfica dentro de uma estrutura maior.<\/p>\n\n\n\n<p><strong>S\u00edmbolo Central:<\/strong><\/p>\n\n\n\n<p>O s\u00edmbolo central \u00e9 composto por dois bal\u00f5es de fala, elemento universalmente associado \u00e0 comunica\u00e7\u00e3o, ao di\u00e1logo e \u00e0 produ\u00e7\u00e3o de sentido. O emprego deste s\u00edmbolo se relaciona diretamente com os estudos da linguagem. Al\u00e9m disso, refor\u00e7a conceitos como intera\u00e7\u00e3o, discurso, troca de saberes e constru\u00e7\u00e3o coletiva.<\/p>\n\n\n\n<p><strong>Retic\u00eancias:<\/strong><\/p>\n\n\n\n<p>As retic\u00eancias presentes dentro dos bal\u00f5es possuem um significado conceitual fundamental: representam a continuidade da fala, do pensamento e da pesquisa. As retic\u00eancias sugerem que a linguagem \u00e9 um processo em constru\u00e7\u00e3o cont\u00ednua. Elas tamb\u00e9m evocam a abertura ao di\u00e1logo, abrangem m\u00faltiplos campos e refletem a pluralidade te\u00f3rica que caracteriza os estudos da linguagem.<\/p>\n\n\n\n<p><strong>Tipografia:<\/strong><\/p>\n\n\n\n<p>A tipografia transmite clareza, legibilidade e seriedade. Esses s\u00e3o valores fundamentais para um programa de p\u00f3s-gradua\u00e7\u00e3o <em>stricto sensu<\/em>.<\/p>\n\n\n\n<p>Eis o nosso logo em tr\u00eas vers\u00f5es:<\/p>\n\n\n\n<div class=\"wp-block-file\"><a id=\"wp-block-file--media-d3efe582-3a35-4f93-a4f6-fa0d3364790b\" href=\"https:\/\/pos.uel.br\/ppgel\/wp-content\/uploads\/2025\/12\/Logo-PPGEL-Colorido-Fundo-Transparente.png\">Logo PPGEL Colorido Fundo Transparente<\/a><a href=\"https:\/\/pos.uel.br\/ppgel\/wp-content\/uploads\/2025\/12\/Logo-PPGEL-Colorido-Fundo-Transparente.png\" class=\"wp-block-file__button wp-element-button\" download aria-describedby=\"wp-block-file--media-d3efe582-3a35-4f93-a4f6-fa0d3364790b\">Baixar<\/a><\/div>\n\n\n\n<figure class=\"wp-block-image size-medium\"><img loading=\"lazy\" decoding=\"async\" width=\"300\" height=\"286\" src=\"https:\/\/pos.uel.br\/ppgel\/wp-content\/uploads\/2025\/12\/Logo-PPGEL-Colorido-Fundo-Transparente-300x286.png\" alt=\"\" class=\"wp-image-2012\" srcset=\"https:\/\/pos.uel.br\/ppgel\/wp-content\/uploads\/2025\/12\/Logo-PPGEL-Colorido-Fundo-Transparente-300x286.png 300w, https:\/\/pos.uel.br\/ppgel\/wp-content\/uploads\/2025\/12\/Logo-PPGEL-Colorido-Fundo-Transparente-768x731.png 768w, https:\/\/pos.uel.br\/ppgel\/wp-content\/uploads\/2025\/12\/Logo-PPGEL-Colorido-Fundo-Transparente.png 860w\" sizes=\"auto, (max-width: 300px) 100vw, 300px\" \/><\/figure>\n\n\n\n<div class=\"wp-block-file\"><a id=\"wp-block-file--media-f9b1e0c1-5db7-4c88-b351-cea1693afa85\" href=\"https:\/\/pos.uel.br\/ppgel\/wp-content\/uploads\/2025\/12\/Logo-PPGEL-Preto-Fundo-Transparente.png\">Logo PPGEL Preto Fundo Transparente<\/a><a href=\"https:\/\/pos.uel.br\/ppgel\/wp-content\/uploads\/2025\/12\/Logo-PPGEL-Preto-Fundo-Transparente.png\" class=\"wp-block-file__button wp-element-button\" download aria-describedby=\"wp-block-file--media-f9b1e0c1-5db7-4c88-b351-cea1693afa85\">Baixar<\/a><\/div>\n\n\n\n<figure class=\"wp-block-image size-medium\"><img loading=\"lazy\" decoding=\"async\" width=\"300\" height=\"286\" src=\"https:\/\/pos.uel.br\/ppgel\/wp-content\/uploads\/2025\/12\/Logo-PPGEL-Preto-Fundo-Transparente-300x286.png\" alt=\"\" class=\"wp-image-2013\" srcset=\"https:\/\/pos.uel.br\/ppgel\/wp-content\/uploads\/2025\/12\/Logo-PPGEL-Preto-Fundo-Transparente-300x286.png 300w, https:\/\/pos.uel.br\/ppgel\/wp-content\/uploads\/2025\/12\/Logo-PPGEL-Preto-Fundo-Transparente-768x731.png 768w, https:\/\/pos.uel.br\/ppgel\/wp-content\/uploads\/2025\/12\/Logo-PPGEL-Preto-Fundo-Transparente.png 860w\" sizes=\"auto, (max-width: 300px) 100vw, 300px\" \/><\/figure>\n\n\n\n<div class=\"wp-block-file\"><a id=\"wp-block-file--media-b01181c5-0f00-405e-8d7b-69ebf32c8f98\" href=\"https:\/\/pos.uel.br\/ppgel\/wp-content\/uploads\/2025\/12\/Logo-PPGEL-Branco-Fundo-Transparente-1.png\">Logo PPGEL Branco Fundo Transparente<\/a><a href=\"https:\/\/pos.uel.br\/ppgel\/wp-content\/uploads\/2025\/12\/Logo-PPGEL-Branco-Fundo-Transparente-1.png\" class=\"wp-block-file__button wp-element-button\" download aria-describedby=\"wp-block-file--media-b01181c5-0f00-405e-8d7b-69ebf32c8f98\">Baixar<\/a><\/div>\n\n\n\n<figure class=\"wp-block-image size-medium\"><img loading=\"lazy\" decoding=\"async\" width=\"300\" height=\"284\" src=\"https:\/\/pos.uel.br\/ppgel\/wp-content\/uploads\/2025\/12\/Logo-PPGEL-Branco-300x284.jpg\" alt=\"\" class=\"wp-image-2020\" srcset=\"https:\/\/pos.uel.br\/ppgel\/wp-content\/uploads\/2025\/12\/Logo-PPGEL-Branco-300x284.jpg 300w, https:\/\/pos.uel.br\/ppgel\/wp-content\/uploads\/2025\/12\/Logo-PPGEL-Branco-768x726.jpg 768w, https:\/\/pos.uel.br\/ppgel\/wp-content\/uploads\/2025\/12\/Logo-PPGEL-Branco.jpg 901w\" sizes=\"auto, (max-width: 300px) 100vw, 300px\" \/><\/figure>\n\n\n\n<p>Para encontrar o logo e demais artes da Universidade Estadual de Londrina, acesse: <a href=\"https:\/\/portal.uel.br\/conheca-a-uel\/marca-e-logotipo\/\">https:\/\/portal.uel.br\/conheca-a-uel\/marca-e-logotipo\/<\/a> <\/p>\n\n\n\n<p><\/p>\n","protected":false},"excerpt":{"rendered":"<p>O nosso logotipo foi elaborado pela egressa do programa Am\u00e1bile Piacentine Drogui e escolhido pelos discentes, docentes e egressos do programa atrav\u00e9s de uma vota\u00e7\u00e3o virtual realizada no Instagram. O nosso logotipo n\u00e3o se limita a um elemento visual, mas se configura como s\u00edntese simb\u00f3lica da identidade do programa, articulando pertencimento institucional, \u00e1rea de atua\u00e7\u00e3o, [&hellip;]<\/p>\n","protected":false},"author":10,"featured_media":0,"parent":0,"menu_order":0,"comment_status":"closed","ping_status":"closed","template":"","meta":{"footnotes":""},"class_list":["post-2011","page","type-page","status-publish","hentry"],"_links":{"self":[{"href":"https:\/\/pos.uel.br\/ppgel\/wp-json\/wp\/v2\/pages\/2011","targetHints":{"allow":["GET"]}}],"collection":[{"href":"https:\/\/pos.uel.br\/ppgel\/wp-json\/wp\/v2\/pages"}],"about":[{"href":"https:\/\/pos.uel.br\/ppgel\/wp-json\/wp\/v2\/types\/page"}],"author":[{"embeddable":true,"href":"https:\/\/pos.uel.br\/ppgel\/wp-json\/wp\/v2\/users\/10"}],"replies":[{"embeddable":true,"href":"https:\/\/pos.uel.br\/ppgel\/wp-json\/wp\/v2\/comments?post=2011"}],"version-history":[{"count":8,"href":"https:\/\/pos.uel.br\/ppgel\/wp-json\/wp\/v2\/pages\/2011\/revisions"}],"predecessor-version":[{"id":2033,"href":"https:\/\/pos.uel.br\/ppgel\/wp-json\/wp\/v2\/pages\/2011\/revisions\/2033"}],"wp:attachment":[{"href":"https:\/\/pos.uel.br\/ppgel\/wp-json\/wp\/v2\/media?parent=2011"}],"curies":[{"name":"wp","href":"https:\/\/api.w.org\/{rel}","templated":true}]}}