{"id":20,"date":"2021-04-26T20:53:24","date_gmt":"2021-04-26T23:53:24","guid":{"rendered":"https:\/\/pos.uel.br\/ppgel\/?page_id=20"},"modified":"2025-07-01T22:29:30","modified_gmt":"2025-07-02T01:29:30","slug":"formularios-2","status":"publish","type":"page","link":"https:\/\/pos.uel.br\/ppgel\/formularios-2\/","title":{"rendered":"Estudante Regular"},"content":{"rendered":"\n<div style=\"height:43px\" aria-hidden=\"true\" class=\"wp-block-spacer\"><\/div>\n\n\n\n<p>O processo seletivo  para ingresso como estudante regular no Programa de P\u00f3s-gradua\u00e7\u00e3o em Estudos da Linguagem  ocorre por meio de edital espec\u00edfico, publicado anualmente. <\/p>\n\n\n\n<p>O programa  tem 45 vagas anuais, sendo 25 para mestrado e 20 para doutorado, as vagas s\u00e3o distribu\u00eddas igualitariamente entre as \u00e1reas de concentra\u00e7\u00e3o e suas respectivas linhas de pesquisa.<\/p>\n\n\n\n<p>Para mais informa\u00e7\u00f5es, verifiquem os editais dispon\u00edveis na <a href=\"https:\/\/pos.uel.br\/ppgel\/editais-2\/\">p\u00e1gina Editais<\/a>.<\/p>\n\n\n\n<p><\/p>\n","protected":false},"excerpt":{"rendered":"<p>O processo seletivo para ingresso como estudante regular no Programa de P\u00f3s-gradua\u00e7\u00e3o em Estudos da Linguagem ocorre por meio de edital espec\u00edfico, publicado anualmente. O programa tem 45 vagas anuais, sendo 25 para mestrado e 20 para doutorado, as vagas s\u00e3o distribu\u00eddas igualitariamente entre as \u00e1reas de concentra\u00e7\u00e3o e suas respectivas linhas de pesquisa. Para [&hellip;]<\/p>\n","protected":false},"author":1,"featured_media":0,"parent":0,"menu_order":0,"comment_status":"closed","ping_status":"closed","template":"","meta":{"footnotes":""},"class_list":["post-20","page","type-page","status-publish","hentry"],"_links":{"self":[{"href":"https:\/\/pos.uel.br\/ppgel\/wp-json\/wp\/v2\/pages\/20","targetHints":{"allow":["GET"]}}],"collection":[{"href":"https:\/\/pos.uel.br\/ppgel\/wp-json\/wp\/v2\/pages"}],"about":[{"href":"https:\/\/pos.uel.br\/ppgel\/wp-json\/wp\/v2\/types\/page"}],"author":[{"embeddable":true,"href":"https:\/\/pos.uel.br\/ppgel\/wp-json\/wp\/v2\/users\/1"}],"replies":[{"embeddable":true,"href":"https:\/\/pos.uel.br\/ppgel\/wp-json\/wp\/v2\/comments?post=20"}],"version-history":[{"count":7,"href":"https:\/\/pos.uel.br\/ppgel\/wp-json\/wp\/v2\/pages\/20\/revisions"}],"predecessor-version":[{"id":1492,"href":"https:\/\/pos.uel.br\/ppgel\/wp-json\/wp\/v2\/pages\/20\/revisions\/1492"}],"wp:attachment":[{"href":"https:\/\/pos.uel.br\/ppgel\/wp-json\/wp\/v2\/media?parent=20"}],"curies":[{"name":"wp","href":"https:\/\/api.w.org\/{rel}","templated":true}]}}