{"id":1993,"date":"2025-12-08T15:17:07","date_gmt":"2025-12-08T18:17:07","guid":{"rendered":"https:\/\/pos.uel.br\/ppgel\/?page_id=1993"},"modified":"2026-05-05T10:18:53","modified_gmt":"2026-05-05T13:18:53","slug":"ppgel-news","status":"publish","type":"page","link":"https:\/\/pos.uel.br\/ppgel\/ppgel-news\/","title":{"rendered":"PPGEL News"},"content":{"rendered":"\n<p>O boletim PPGEL News \u00e9 um canal de comunica\u00e7\u00e3o desenvolvido para fortalecer o di\u00e1logo entre docentes, discentes, egressos e comunidade, compartilhando pesquisas, eventos e produ\u00e7\u00f5es do programa.<\/p>\n\n\n\n<p>A partir de 2026, o nosso PPGEL News ser\u00e1 bimestral! <\/p>\n\n\n\n<figure class=\"wp-block-image size-full is-resized\"><a href=\"https:\/\/pos.uel.br\/ppgel\/wp-content\/uploads\/2026\/05\/Ppgel-News_Abril26.pdf\"><img loading=\"lazy\" decoding=\"async\" width=\"722\" height=\"1025\" src=\"https:\/\/pos.uel.br\/ppgel\/wp-content\/uploads\/2026\/05\/PPGELNewsabril26.jpg\" alt=\"\" class=\"wp-image-2123\" style=\"aspect-ratio:0.7043956790542836;width:497px;height:auto\" srcset=\"https:\/\/pos.uel.br\/ppgel\/wp-content\/uploads\/2026\/05\/PPGELNewsabril26.jpg 722w, https:\/\/pos.uel.br\/ppgel\/wp-content\/uploads\/2026\/05\/PPGELNewsabril26-211x300.jpg 211w\" sizes=\"auto, (max-width: 722px) 100vw, 722px\" \/><\/a><\/figure>\n\n\n\n<div class=\"wp-block-columns is-layout-flex wp-container-core-columns-is-layout-9d6595d7 wp-block-columns-is-layout-flex\">\n<div class=\"wp-block-column is-layout-flow wp-block-column-is-layout-flow\" style=\"flex-basis:100%\">\n<figure class=\"wp-block-image size-large is-resized\"><a href=\"https:\/\/pos.uel.br\/ppgel\/wp-content\/uploads\/2026\/02\/Ppgel-News_Fevereiro26.pdf\"><img loading=\"lazy\" decoding=\"async\" width=\"717\" height=\"1024\" src=\"https:\/\/pos.uel.br\/ppgel\/wp-content\/uploads\/2026\/02\/PPGEL-News-Fevereiro-2026-717x1024.jpg\" alt=\"\" class=\"wp-image-2074\" style=\"aspect-ratio:0.700218818380744;width:495px;height:auto\" srcset=\"https:\/\/pos.uel.br\/ppgel\/wp-content\/uploads\/2026\/02\/PPGEL-News-Fevereiro-2026-717x1024.jpg 717w, https:\/\/pos.uel.br\/ppgel\/wp-content\/uploads\/2026\/02\/PPGEL-News-Fevereiro-2026-210x300.jpg 210w, https:\/\/pos.uel.br\/ppgel\/wp-content\/uploads\/2026\/02\/PPGEL-News-Fevereiro-2026.jpg 725w\" sizes=\"auto, (max-width: 717px) 100vw, 717px\" \/><\/a><\/figure>\n<\/div>\n<\/div>\n\n\n\n<div class=\"wp-block-columns is-layout-flex wp-container-core-columns-is-layout-9d6595d7 wp-block-columns-is-layout-flex\">\n<div class=\"wp-block-column is-layout-flow wp-block-column-is-layout-flow\" style=\"flex-basis:100%\">\n<figure class=\"wp-block-image size-full is-resized\"><a href=\"https:\/\/pos.uel.br\/ppgel\/wp-content\/uploads\/2026\/03\/Ppgel-News_Dezembro25.pdf\"><img loading=\"lazy\" decoding=\"async\" width=\"732\" height=\"1038\" src=\"https:\/\/pos.uel.br\/ppgel\/wp-content\/uploads\/2026\/03\/Imagem-PPGEL-News-Dezembro25.jpeg\" alt=\"\" class=\"wp-image-2087\" style=\"aspect-ratio:0.7052114567428855;width:490px;height:auto\" srcset=\"https:\/\/pos.uel.br\/ppgel\/wp-content\/uploads\/2026\/03\/Imagem-PPGEL-News-Dezembro25.jpeg 732w, https:\/\/pos.uel.br\/ppgel\/wp-content\/uploads\/2026\/03\/Imagem-PPGEL-News-Dezembro25-212x300.jpeg 212w, https:\/\/pos.uel.br\/ppgel\/wp-content\/uploads\/2026\/03\/Imagem-PPGEL-News-Dezembro25-722x1024.jpeg 722w\" sizes=\"auto, (max-width: 732px) 100vw, 732px\" \/><\/a><\/figure>\n\n\n\n<figure class=\"wp-block-image size-large is-resized\"><a href=\"https:\/\/pos.uel.br\/ppgel\/wp-content\/uploads\/2025\/12\/Ppgel-News_Novembro25.pdf\"><img loading=\"lazy\" decoding=\"async\" width=\"722\" height=\"1024\" src=\"https:\/\/pos.uel.br\/ppgel\/wp-content\/uploads\/2026\/03\/PPGEL-news-novembro-722x1024.jpeg\" alt=\"\" class=\"wp-image-2093\" style=\"aspect-ratio:0.8125200710783789;width:494px;height:auto\" srcset=\"https:\/\/pos.uel.br\/ppgel\/wp-content\/uploads\/2026\/03\/PPGEL-news-novembro-722x1024.jpeg 722w, https:\/\/pos.uel.br\/ppgel\/wp-content\/uploads\/2026\/03\/PPGEL-news-novembro-212x300.jpeg 212w, https:\/\/pos.uel.br\/ppgel\/wp-content\/uploads\/2026\/03\/PPGEL-news-novembro.jpeg 728w\" sizes=\"auto, (max-width: 722px) 100vw, 722px\" \/><\/a><\/figure>\n<\/div>\n<\/div>\n\n\n\n<figure class=\"wp-block-image size-full is-resized\"><a href=\"https:\/\/pos.uel.br\/ppgel\/wp-content\/uploads\/2025\/12\/Ppgel-News_Outubro25.pdf\"><img loading=\"lazy\" decoding=\"async\" width=\"723\" height=\"1031\" src=\"https:\/\/pos.uel.br\/ppgel\/wp-content\/uploads\/2025\/12\/PPGEL-News-Outubro.png\" alt=\"\" class=\"wp-image-1998\" style=\"width:494px;height:auto\" srcset=\"https:\/\/pos.uel.br\/ppgel\/wp-content\/uploads\/2025\/12\/PPGEL-News-Outubro.png 723w, https:\/\/pos.uel.br\/ppgel\/wp-content\/uploads\/2025\/12\/PPGEL-News-Outubro-210x300.png 210w, https:\/\/pos.uel.br\/ppgel\/wp-content\/uploads\/2025\/12\/PPGEL-News-Outubro-718x1024.png 718w\" sizes=\"auto, (max-width: 723px) 100vw, 723px\" \/><\/a><\/figure>\n\n\n\n<div class=\"wp-block-columns is-layout-flex wp-container-core-columns-is-layout-9d6595d7 wp-block-columns-is-layout-flex\">\n<div class=\"wp-block-column is-layout-flow wp-block-column-is-layout-flow\">\n<figure class=\"wp-block-gallery has-nested-images columns-default is-cropped wp-block-gallery-1 is-layout-flex wp-block-gallery-is-layout-flex\"><\/figure>\n<\/div>\n\n\n\n<div class=\"wp-block-column is-layout-flow wp-block-column-is-layout-flow\"><\/div>\n<\/div>\n","protected":false},"excerpt":{"rendered":"<p>O boletim PPGEL News \u00e9 um canal de comunica\u00e7\u00e3o desenvolvido para fortalecer o di\u00e1logo entre docentes, discentes, egressos e comunidade, compartilhando pesquisas, eventos e produ\u00e7\u00f5es do programa. A partir de 2026, o nosso PPGEL News ser\u00e1 bimestral!<\/p>\n","protected":false},"author":10,"featured_media":0,"parent":0,"menu_order":0,"comment_status":"closed","ping_status":"closed","template":"","meta":{"footnotes":""},"class_list":["post-1993","page","type-page","status-publish","hentry"],"_links":{"self":[{"href":"https:\/\/pos.uel.br\/ppgel\/wp-json\/wp\/v2\/pages\/1993","targetHints":{"allow":["GET"]}}],"collection":[{"href":"https:\/\/pos.uel.br\/ppgel\/wp-json\/wp\/v2\/pages"}],"about":[{"href":"https:\/\/pos.uel.br\/ppgel\/wp-json\/wp\/v2\/types\/page"}],"author":[{"embeddable":true,"href":"https:\/\/pos.uel.br\/ppgel\/wp-json\/wp\/v2\/users\/10"}],"replies":[{"embeddable":true,"href":"https:\/\/pos.uel.br\/ppgel\/wp-json\/wp\/v2\/comments?post=1993"}],"version-history":[{"count":14,"href":"https:\/\/pos.uel.br\/ppgel\/wp-json\/wp\/v2\/pages\/1993\/revisions"}],"predecessor-version":[{"id":2124,"href":"https:\/\/pos.uel.br\/ppgel\/wp-json\/wp\/v2\/pages\/1993\/revisions\/2124"}],"wp:attachment":[{"href":"https:\/\/pos.uel.br\/ppgel\/wp-json\/wp\/v2\/media?parent=1993"}],"curies":[{"name":"wp","href":"https:\/\/api.w.org\/{rel}","templated":true}]}}