{"id":184,"date":"2024-08-26T17:01:03","date_gmt":"2024-08-26T20:01:03","guid":{"rendered":"https:\/\/pos.uel.br\/ppgel\/?page_id=184"},"modified":"2026-02-19T16:01:54","modified_gmt":"2026-02-19T19:01:54","slug":"estudantes-regulares-de-outras-ies","status":"publish","type":"page","link":"https:\/\/pos.uel.br\/ppgel\/estudantes-regulares-de-outras-ies\/","title":{"rendered":"Estudante Regular de outra IE"},"content":{"rendered":"\n<p><strong>MATR\u00cdCULA EM DISCIPLINA\/S &#8211; ALUNO DE MESTRADO\/DOUTORADO DE&nbsp;OUTRA INSTITUI\u00c7\u00c3O DE ENSINO<\/strong><\/p>\n\n\n\n<p><\/p>\n\n\n\n<p>O Regulamento Geral dos cursos Stricto Sensu da UEL \u2013 Universidade Estadual&nbsp;de Londrina disp\u00f5e, em seu art. 27, que estudantes regularmente matriculados em&nbsp;Cursos\/Programas de outras IES, devidamente reconhecidos pela CAPES,&nbsp;poder\u00e3o cursar disciplinas como estudante especial, ofertadas a qualquer&nbsp;momento no per\u00edodo letivo pelos Programas da UEL, desde que sejam autorizados&nbsp;pelo docente respons\u00e1vel da disciplina e pelo Coordenador do Programa.<\/p>\n\n\n\n<p><\/p>\n\n\n\n<p>Para fins de requerimento de disciplina\/s, faz-se obrigat\u00f3rio o que segue:<\/p>\n\n\n\n<ol style=\"list-style-type:upper-roman\" class=\"wp-block-list\">\n<li><strong>Preencher o Requerimento de Matr\u00edcula &#8211; Estudante de Outra Institui\u00e7\u00e3o (Formul\u00e1rio Online), dispon\u00edvel <a href=\"https:\/\/docs.google.com\/forms\/d\/e\/1FAIpQLSexhiV9-9t867zG8vCWDyCWDDtUAyIyN62l7wo9KTYNCU1o_A\/viewform\">AQUI Clicar<\/a>. Para preenchimento, tenha em m\u00e3os seus documentos pessoais, dados acad\u00eamicos da Gradua\u00e7\u00e3o, p\u00f3s-gradua\u00e7\u00e3o, endere\u00e7o.<\/strong><\/li>\n\n\n\n<li>anexar ao Requerimento o comprovante de matr\u00edcula da Institui\u00e7\u00e3o de origem, digitalizado em formato PDF;<\/li>\n\n\n\n<li>anexar ao Requerimento uma carta do\/a orientador\/a recomendando a realiza\u00e7\u00e3o da\/s disciplina\/s (descrever o c\u00f3digo e nome da disciplina a ser requerida), digitalizada em formato PDF.<\/li>\n<\/ol>\n\n\n\n<p>Recebido o pedido, \u00e0 Coordena\u00e7\u00e3o do Curso\/Programa caber\u00e1 a an\u00e1lise. O&nbsp;resultado do pedido ser\u00e1 informado, por e-mail, ao requerente, no prazo de 5 dias&nbsp;da data de in\u00edcio do per\u00edodo letivo.<\/p>\n\n\n\n<p>Para acessar os editais clique na nossa <a href=\"https:\/\/pos.uel.br\/ppgel\/\">p\u00e1gina inicial<\/a> (editais atuais) ou na <a href=\"https:\/\/pos.uel.br\/ppgel\/editais-2\/\">aba editais<\/a> (para acessar os mais antigos).<\/p>\n","protected":false},"excerpt":{"rendered":"<p>MATR\u00cdCULA EM DISCIPLINA\/S &#8211; ALUNO DE MESTRADO\/DOUTORADO DE&nbsp;OUTRA INSTITUI\u00c7\u00c3O DE ENSINO O Regulamento Geral dos cursos Stricto Sensu da UEL \u2013 Universidade Estadual&nbsp;de Londrina disp\u00f5e, em seu art. 27, que estudantes regularmente matriculados em&nbsp;Cursos\/Programas de outras IES, devidamente reconhecidos pela CAPES,&nbsp;poder\u00e3o cursar disciplinas como estudante especial, ofertadas a qualquer&nbsp;momento no per\u00edodo letivo pelos Programas da [&hellip;]<\/p>\n","protected":false},"author":10,"featured_media":0,"parent":0,"menu_order":0,"comment_status":"closed","ping_status":"closed","template":"","meta":{"footnotes":""},"class_list":["post-184","page","type-page","status-publish","hentry"],"_links":{"self":[{"href":"https:\/\/pos.uel.br\/ppgel\/wp-json\/wp\/v2\/pages\/184","targetHints":{"allow":["GET"]}}],"collection":[{"href":"https:\/\/pos.uel.br\/ppgel\/wp-json\/wp\/v2\/pages"}],"about":[{"href":"https:\/\/pos.uel.br\/ppgel\/wp-json\/wp\/v2\/types\/page"}],"author":[{"embeddable":true,"href":"https:\/\/pos.uel.br\/ppgel\/wp-json\/wp\/v2\/users\/10"}],"replies":[{"embeddable":true,"href":"https:\/\/pos.uel.br\/ppgel\/wp-json\/wp\/v2\/comments?post=184"}],"version-history":[{"count":10,"href":"https:\/\/pos.uel.br\/ppgel\/wp-json\/wp\/v2\/pages\/184\/revisions"}],"predecessor-version":[{"id":2070,"href":"https:\/\/pos.uel.br\/ppgel\/wp-json\/wp\/v2\/pages\/184\/revisions\/2070"}],"wp:attachment":[{"href":"https:\/\/pos.uel.br\/ppgel\/wp-json\/wp\/v2\/media?parent=184"}],"curies":[{"name":"wp","href":"https:\/\/api.w.org\/{rel}","templated":true}]}}