{"id":17,"date":"2021-04-26T20:53:24","date_gmt":"2021-04-26T23:53:24","guid":{"rendered":"https:\/\/pos.uel.br\/ppgel\/?page_id=17"},"modified":"2025-07-01T15:08:24","modified_gmt":"2025-07-01T18:08:24","slug":"doutorado","status":"publish","type":"page","link":"https:\/\/pos.uel.br\/ppgel\/doutorado\/","title":{"rendered":"P\u00f3s-doutorado"},"content":{"rendered":"\n<div style=\"height:18px\" aria-hidden=\"true\" class=\"wp-block-spacer\"><\/div>\n\n\n\n<p>Os principais objetivos do est\u00e1gio p\u00f3s-doutoral s\u00e3o promover a realiza\u00e7\u00e3o de pesquisa de alto n\u00edvel, fortalecendo os grupos de pesquisa da Institui\u00e7\u00e3o, assim como, contribuir para a renova\u00e7\u00e3o dos quadros dos Programas de P\u00f3s-Gradua\u00e7\u00e3o atrav\u00e9s do treinamento de recursos humanos de qualidade. Simultaneamente, espera-se consolidar, atualizar, aprofundar e ampliar os conhecimentos cient\u00edficos e tecnol\u00f3gicos do p\u00f3s-doutorando.<\/p>\n\n\n\n<p>H\u00e1 duas formas de inscri\u00e7\u00e3o em est\u00e1gio p\u00f3s-doutoral do PPGEL:<\/p>\n\n\n\n<ul class=\"wp-block-list\">\n<li>Uma delas \u00e9 inscrever-se&nbsp;<strong>concorrendo a bolsa de estudos PNPD\/CAPES<\/strong>.<br>Neste caso, deve-se acompanhar os&nbsp;Editais para Sele\u00e7\u00e3o de Bolsista&nbsp;que costumam ser divulgados no meio do ano, para bolsa de 12 meses, com est\u00e1gio a ser iniciado no inicio do ano seguinte.<\/li>\n\n\n\n<li>A outra forma \u00e9 inscrever-se&nbsp;<strong>sem concorrer a bolsa de estudos<\/strong>.<br>Neste caso, as inscri\u00e7\u00f5es s\u00e3o de fluxo cont\u00ednuo, devendo ser observadas as normas contidas na&nbsp;&nbsp;<a href=\"https:\/\/sites.uel.br\/proppg\/wp-content\/uploads\/2023\/11\/Resolucao-CEPE-no-053-2019-Pos-doutoral.pdf\">Resolu\u00e7\u00e3o CEPE 53\/2019<\/a><\/li>\n<\/ul>\n\n\n\n<p><\/p>\n\n\n\n<p>\u00c9 importante destacar que, em ambas as formas, no PPGEL&nbsp;<strong>somente podem supervisionar est\u00e1gio p\u00f3s-doutoral docentes do programa com pelo menos um orientando que j\u00e1 tenha defendido&nbsp;doutorado<\/strong>.<\/p>\n\n\n\n<p>\u2666&nbsp;<a href=\"https:\/\/sites.uel.br\/proppg\/wp-content\/uploads\/2023\/11\/053-2019-ANEXO-I.docx\">Anexo I \u2013 Formul\u00e1rio de Inscri\u00e7\u00e3o em Est\u00e1gio P\u00f3s-Doutoral<\/a><\/p>\n\n\n\n<p>\u2666&nbsp;<a href=\"https:\/\/sites.uel.br\/proppg\/wp-content\/uploads\/2023\/11\/053-2019-ANEXO-II.docx\">Anexo II \u2013 Solicita\u00e7\u00e3o de Prorroga\u00e7\u00e3o de Est\u00e1gio P\u00f3s-Doutoral<\/a><\/p>\n\n\n\n<p>\u2666&nbsp;<a href=\"https:\/\/sites.uel.br\/proppg\/wp-content\/uploads\/2023\/11\/053-2019-ANEXO-III.docx\">Anexo III \u2013 Formul\u00e1rio de Avalia\u00e7\u00e3o em Est\u00e1gio P\u00f3s-Doutoral<\/a><\/p>\n\n\n\n<div style=\"height:80px\" aria-hidden=\"true\" class=\"wp-block-spacer\"><\/div>\n\n\n\n<p><\/p>\n","protected":false},"excerpt":{"rendered":"<p>Os principais objetivos do est\u00e1gio p\u00f3s-doutoral s\u00e3o promover a realiza\u00e7\u00e3o de pesquisa de alto n\u00edvel, fortalecendo os grupos de pesquisa da Institui\u00e7\u00e3o, assim como, contribuir para a renova\u00e7\u00e3o dos quadros dos Programas de P\u00f3s-Gradua\u00e7\u00e3o atrav\u00e9s do treinamento de recursos humanos de qualidade. Simultaneamente, espera-se consolidar, atualizar, aprofundar e ampliar os conhecimentos cient\u00edficos e tecnol\u00f3gicos do [&hellip;]<\/p>\n","protected":false},"author":1,"featured_media":0,"parent":0,"menu_order":0,"comment_status":"closed","ping_status":"closed","template":"","meta":{"footnotes":""},"class_list":["post-17","page","type-page","status-publish","hentry"],"_links":{"self":[{"href":"https:\/\/pos.uel.br\/ppgel\/wp-json\/wp\/v2\/pages\/17","targetHints":{"allow":["GET"]}}],"collection":[{"href":"https:\/\/pos.uel.br\/ppgel\/wp-json\/wp\/v2\/pages"}],"about":[{"href":"https:\/\/pos.uel.br\/ppgel\/wp-json\/wp\/v2\/types\/page"}],"author":[{"embeddable":true,"href":"https:\/\/pos.uel.br\/ppgel\/wp-json\/wp\/v2\/users\/1"}],"replies":[{"embeddable":true,"href":"https:\/\/pos.uel.br\/ppgel\/wp-json\/wp\/v2\/comments?post=17"}],"version-history":[{"count":5,"href":"https:\/\/pos.uel.br\/ppgel\/wp-json\/wp\/v2\/pages\/17\/revisions"}],"predecessor-version":[{"id":969,"href":"https:\/\/pos.uel.br\/ppgel\/wp-json\/wp\/v2\/pages\/17\/revisions\/969"}],"wp:attachment":[{"href":"https:\/\/pos.uel.br\/ppgel\/wp-json\/wp\/v2\/media?parent=17"}],"curies":[{"name":"wp","href":"https:\/\/api.w.org\/{rel}","templated":true}]}}