{"id":169,"date":"2024-08-26T16:30:57","date_gmt":"2024-08-26T19:30:57","guid":{"rendered":"https:\/\/pos.uel.br\/ppgel\/?page_id=169"},"modified":"2025-07-02T16:13:11","modified_gmt":"2025-07-02T19:13:11","slug":"estudantes-especiais","status":"publish","type":"page","link":"https:\/\/pos.uel.br\/ppgel\/estudantes-especiais\/","title":{"rendered":"Estudante Especial"},"content":{"rendered":"\n<h3 class=\"wp-block-heading\"><strong>O que \u00e9 um &#8220;estudante especial&#8221;?<\/strong><\/h3>\n\n\n\n<p>\u00c9 o aluno que se matriculou como estudante especial, seguindo as orienta\u00e7\u00f5es espec\u00edficas de um edital.  \u00c9 necess\u00e1rio que o candidato possua curso de gradua\u00e7\u00e3o conclu\u00eddo e reconhecido pelo \u00f3rg\u00e3o competente, de forma a atender a Resolu\u00e7\u00e3o 007\/2017 da CES\/CNE e que n\u00e3o possua v\u00ednculo como estudante regular em Programa de P\u00f3s-Gradua\u00e7\u00e3o. <\/p>\n\n\n\n<p>De acordo com o Regimento do Programa, na qualidade de \u201cEstudante Especial\u201d, o aluno poder\u00e1 cursar o m\u00e1ximo de at\u00e9 03 (tr\u00eas) disciplinas no Mestrado e at\u00e9 02 (duas) disciplinas no Doutorado, sendo cada uma em semestre distinto. Caso o candidato j\u00e1 tenha cursado o n\u00famero m\u00e1ximo de disciplinas permitido, n\u00e3o poder\u00e1 se inscrever como \u201cEstudante Especial&#8221;. <\/p>\n\n\n\n<p>A sele\u00e7\u00e3o dos candidatos \u00e9 feita pelo docente respons\u00e1vel pela disciplina, com base na avalia\u00e7\u00e3o do Curr\u00edculo Lattes documentado do candidato,<br>apresentado na inscri\u00e7\u00e3o e o n\u00famero de vagas depender\u00e1 do n\u00famero de estudantes regulares matriculados na disciplina. <\/p>\n\n\n\n<p>O estudante matriculado como &#8220;estudante especial&#8221; e que pretenda futuramente passar a estudante regular, ter\u00e1 de submeter-se ao processo de sele\u00e7\u00e3o para estudante regular e cumprir todas as exig\u00eancias a que est\u00e3o sujeitos os estudantes regulares, n\u00e3o sendo contado seu tempo como estudante especial (para fins de contagem de prazo m\u00ednimo e m\u00e1ximo para obten\u00e7\u00e3o do t\u00edtulo de mestre). Uma vez passando \u00e0 categoria de estudante regular, dever\u00e1 solicitar \u00e0 PROPPG-Pr\u00f3-Reitoria de Pesquisa e P\u00f3s-Gradua\u00e7\u00e3o a equival\u00eancia das disciplinas j\u00e1 cursadas como estudante especial<\/p>\n\n\n\n<p>Em todo semestre, o programa divulga um edital para estudante especial, por isso \u00e9 preciso estar atento e atender \u00e0s orienta\u00e7\u00f5es e prazos de cada edital.<\/p>\n\n\n\n<p>Para acessar os editais,<strong><a href=\"https:\/\/pos.uel.br\/ppgel\/editais-2\/\" data-type=\"link\" data-id=\"https:\/\/pos.uel.br\/ppgel\/editais-2\/\"> CLIQUE AQUI<\/a><\/strong>.<\/p>\n\n\n\n<p><\/p>\n","protected":false},"excerpt":{"rendered":"<p>O que \u00e9 um &#8220;estudante especial&#8221;? \u00c9 o aluno que se matriculou como estudante especial, seguindo as orienta\u00e7\u00f5es espec\u00edficas de um edital. \u00c9 necess\u00e1rio que o candidato possua curso de gradua\u00e7\u00e3o conclu\u00eddo e reconhecido pelo \u00f3rg\u00e3o competente, de forma a atender a Resolu\u00e7\u00e3o 007\/2017 da CES\/CNE e que n\u00e3o possua v\u00ednculo como estudante regular em [&hellip;]<\/p>\n","protected":false},"author":10,"featured_media":0,"parent":0,"menu_order":0,"comment_status":"closed","ping_status":"closed","template":"","meta":{"footnotes":""},"class_list":["post-169","page","type-page","status-publish","hentry"],"_links":{"self":[{"href":"https:\/\/pos.uel.br\/ppgel\/wp-json\/wp\/v2\/pages\/169","targetHints":{"allow":["GET"]}}],"collection":[{"href":"https:\/\/pos.uel.br\/ppgel\/wp-json\/wp\/v2\/pages"}],"about":[{"href":"https:\/\/pos.uel.br\/ppgel\/wp-json\/wp\/v2\/types\/page"}],"author":[{"embeddable":true,"href":"https:\/\/pos.uel.br\/ppgel\/wp-json\/wp\/v2\/users\/10"}],"replies":[{"embeddable":true,"href":"https:\/\/pos.uel.br\/ppgel\/wp-json\/wp\/v2\/comments?post=169"}],"version-history":[{"count":5,"href":"https:\/\/pos.uel.br\/ppgel\/wp-json\/wp\/v2\/pages\/169\/revisions"}],"predecessor-version":[{"id":1250,"href":"https:\/\/pos.uel.br\/ppgel\/wp-json\/wp\/v2\/pages\/169\/revisions\/1250"}],"wp:attachment":[{"href":"https:\/\/pos.uel.br\/ppgel\/wp-json\/wp\/v2\/media?parent=169"}],"curies":[{"name":"wp","href":"https:\/\/api.w.org\/{rel}","templated":true}]}}