{"id":1559,"date":"2025-07-02T00:42:34","date_gmt":"2025-07-02T03:42:34","guid":{"rendered":"https:\/\/pos.uel.br\/ppgel\/?page_id=1559"},"modified":"2025-07-02T00:42:35","modified_gmt":"2025-07-02T03:42:35","slug":"sedata-4","status":"publish","type":"page","link":"https:\/\/pos.uel.br\/ppgel\/fr\/sedata-4\/","title":{"rendered":"SEDATA"},"content":{"rendered":"\n<p><\/p>\n\n\n\n<p><strong>Le S\u00e9minaire des Th\u00e8ses et M\u00e9moires en Cours<\/strong> (SEDATA) constitue l\u2019une des activit\u00e9s curriculaires du Programme de Postgraduate en \u00c9tudes du Langage (PPGEL) de l\u2019UEL.<\/p>\n\n\n\n<p>Les objectifs de SEDATA sont :<\/p>\n\n\n\n<p>\u2022 Contribuer au d\u00e9veloppement des recherches des \u00e9tudiants de master et de doctorat du PPGEL ;<\/p>\n\n\n\n<p>\u2022 Offrir des opportunit\u00e9s pour la diffusion des projets de recherche des \u00e9tudiants du programme ;<\/p>\n\n\n\n<p>\u2022 Promouvoir des espaces de discussion permettant l\u2019\u00e9change, la coop\u00e9ration scientifique et acad\u00e9mique autour des th\u00e8mes travaill\u00e9s dans les diff\u00e9rentes zones et lignes de recherche du programme.<\/p>\n\n\n\n<p>Pour en savoir plus, visitez le site web de SEDATA : <a href=\"https:\/\/www.uel.br\/eventos\/sedata\/\">https:\/\/www.uel.br\/eventos\/sedata\/<\/a><\/p>\n\n\n\n<div style=\"height:22px\" aria-hidden=\"true\" class=\"wp-block-spacer\"><\/div>\n\n\n\n<div class=\"wp-block-group is-vertical is-layout-flex wp-container-core-group-is-layout-8cf370e7 wp-block-group-is-layout-flex\">\n<div class=\"wp-block-buttons has-custom-font-size is-content-justification-left is-layout-flex wp-container-core-buttons-is-layout-23b93fc6 wp-block-buttons-is-layout-flex\" style=\"font-size:18px\">\n<div class=\"wp-block-button is-style-fill\"><a class=\"wp-block-button__link has-secondary-accent-background-color has-background wp-element-button\" href=\"https:\/\/pos.uel.br\/ppgel\/wp-content\/uploads\/2025\/06\/SEDATA-2025-CADERNO-DE-RESUMOS-atual-1.pdf\">Cahier des R\u00e9sum\u00e9s 2025<\/a><\/div>\n<\/div>\n\n\n\n<p class=\"has-small-font-size\"><em>Cliquez pour t\u00e9l\u00e9charger le Cahier des R\u00e9sum\u00e9s.<\/em><\/p>\n<\/div>\n\n\n\n<div style=\"height:20px\" aria-hidden=\"true\" class=\"wp-block-spacer\"><\/div>\n\n\n\n<div class=\"wp-block-group is-vertical is-layout-flex wp-container-core-group-is-layout-8cf370e7 wp-block-group-is-layout-flex\">\n<div class=\"wp-block-buttons is-layout-flex wp-block-buttons-is-layout-flex\">\n<div class=\"wp-block-button is-style-fill\"><a class=\"wp-block-button__link has-primary-accent-background-color has-background wp-element-button\" href=\"https:\/\/pos.uel.br\/ppgel\/wp-content\/uploads\/2024\/10\/CADERNO-DE-RESUMOS-SEDATA-2024.pdf\">Cahier des R\u00e9sum\u00e9s 2024<\/a><\/div>\n<\/div>\n\n\n\n<p class=\"has-small-font-size\"><em>Cliquez pour t\u00e9l\u00e9charger le Cahier des R\u00e9sum\u00e9s.<\/em><\/p>\n<\/div>\n\n\n\n<div style=\"height:27px\" aria-hidden=\"true\" class=\"wp-block-spacer\"><\/div>\n\n\n\n<div class=\"wp-block-group is-vertical is-layout-flex wp-container-core-group-is-layout-8cf370e7 wp-block-group-is-layout-flex\">\n<div class=\"wp-block-buttons is-layout-flex wp-block-buttons-is-layout-flex\">\n<div class=\"wp-block-button is-style-fill\"><a class=\"wp-block-button__link has-secondary-accent-background-color has-background wp-element-button\" href=\"https:\/\/pos.uel.br\/ppgel\/wp-content\/uploads\/2024\/10\/SEDATA-CADERNO-RESUMOS-ATUAL-2023.pdf\">Cahier des R\u00e9sum\u00e9s 2023<\/a><\/div>\n<\/div>\n\n\n\n<p class=\"has-small-font-size\"><em>Cliquez pour t\u00e9l\u00e9charger le Cahier des R\u00e9sum\u00e9s.<\/em><\/p>\n<\/div>\n\n\n\n<div style=\"height:27px\" aria-hidden=\"true\" class=\"wp-block-spacer\"><\/div>\n\n\n\n<div class=\"wp-block-group is-vertical is-layout-flex wp-container-core-group-is-layout-8cf370e7 wp-block-group-is-layout-flex\">\n<div class=\"wp-block-buttons is-layout-flex wp-block-buttons-is-layout-flex\">\n<div class=\"wp-block-button\"><a class=\"wp-block-button__link has-primary-accent-background-color has-background wp-element-button\" href=\"https:\/\/pos.uel.br\/ppgel\/wp-content\/uploads\/2024\/10\/Caderno-de-Resumos-Sedata-2022.pdf\">Cahier des R\u00e9sum\u00e9s 2022<\/a><\/div>\n<\/div>\n\n\n\n<p class=\"has-small-font-size\"><em>Cliquez pour t\u00e9l\u00e9charger le Cahier des R\u00e9sum\u00e9s.<\/em><\/p>\n<\/div>\n\n\n\n<div style=\"height:27px\" aria-hidden=\"true\" class=\"wp-block-spacer\"><\/div>\n\n\n\n<div class=\"wp-block-group is-vertical is-layout-flex wp-container-core-group-is-layout-8cf370e7 wp-block-group-is-layout-flex\">\n<div class=\"wp-block-buttons is-layout-flex wp-block-buttons-is-layout-flex\">\n<div class=\"wp-block-button\"><a class=\"wp-block-button__link has-secondary-accent-background-color has-background wp-element-button\" href=\"https:\/\/pos.uel.br\/ppgel\/wp-content\/uploads\/2024\/10\/Caderno-de-Resumos-Sedata-2021.pdf\">Cahier des R\u00e9sum\u00e9s 2021<\/a><\/div>\n<\/div>\n\n\n\n<p class=\"has-small-font-size\"><em>Cliquez pour t\u00e9l\u00e9charger le Cahier des R\u00e9sum\u00e9s.<\/em><\/p>\n<\/div>\n\n\n\n<div style=\"height:27px\" aria-hidden=\"true\" class=\"wp-block-spacer\"><\/div>\n\n\n\n<p><\/p>\n","protected":false},"excerpt":{"rendered":"<p>Le S\u00e9minaire des Th\u00e8ses et M\u00e9moires en Cours (SEDATA) constitue l\u2019une des activit\u00e9s curriculaires du Programme de Postgraduate en \u00c9tudes du Langage (PPGEL) de l\u2019UEL. Les objectifs de SEDATA sont : \u2022 Contribuer au d\u00e9veloppement des recherches des \u00e9tudiants de master et de doctorat du PPGEL ; \u2022 Offrir des opportunit\u00e9s pour la diffusion des [&hellip;]<\/p>\n","protected":false},"author":10,"featured_media":0,"parent":0,"menu_order":0,"comment_status":"closed","ping_status":"closed","template":"","meta":{"footnotes":""},"class_list":["post-1559","page","type-page","status-publish","hentry"],"_links":{"self":[{"href":"https:\/\/pos.uel.br\/ppgel\/wp-json\/wp\/v2\/pages\/1559","targetHints":{"allow":["GET"]}}],"collection":[{"href":"https:\/\/pos.uel.br\/ppgel\/wp-json\/wp\/v2\/pages"}],"about":[{"href":"https:\/\/pos.uel.br\/ppgel\/wp-json\/wp\/v2\/types\/page"}],"author":[{"embeddable":true,"href":"https:\/\/pos.uel.br\/ppgel\/wp-json\/wp\/v2\/users\/10"}],"replies":[{"embeddable":true,"href":"https:\/\/pos.uel.br\/ppgel\/wp-json\/wp\/v2\/comments?post=1559"}],"version-history":[{"count":1,"href":"https:\/\/pos.uel.br\/ppgel\/wp-json\/wp\/v2\/pages\/1559\/revisions"}],"predecessor-version":[{"id":1560,"href":"https:\/\/pos.uel.br\/ppgel\/wp-json\/wp\/v2\/pages\/1559\/revisions\/1560"}],"wp:attachment":[{"href":"https:\/\/pos.uel.br\/ppgel\/wp-json\/wp\/v2\/media?parent=1559"}],"curies":[{"name":"wp","href":"https:\/\/api.w.org\/{rel}","templated":true}]}}