{"id":1557,"date":"2025-07-02T00:41:20","date_gmt":"2025-07-02T03:41:20","guid":{"rendered":"https:\/\/pos.uel.br\/ppgel\/?page_id=1557"},"modified":"2025-07-02T00:41:20","modified_gmt":"2025-07-02T03:41:20","slug":"sedata-3","status":"publish","type":"page","link":"https:\/\/pos.uel.br\/ppgel\/es\/sedata-3\/","title":{"rendered":"SEDATA"},"content":{"rendered":"\n<p><\/p>\n\n\n\n<p><strong>El Seminario de Tesis y Disertaciones en Curso<\/strong> (SEDATA) constituye una de las actividades curriculares del Programa de Posgrado en Estudios del Lenguaje (PPGEL) de la UEL.<\/p>\n\n\n\n<p>Los objetivos del SEDATA son:<\/p>\n\n\n\n<p>\u2022 Contribuir al desarrollo de las investigaciones de los estudiantes de maestr\u00eda y doctorado del PPGEL;<\/p>\n\n\n\n<p>\u2022 Brindar oportunidades para la difusi\u00f3n de los proyectos de investigaci\u00f3n de los estudiantes del programa;<\/p>\n\n\n\n<p>\u2022 Promover espacios de discusi\u00f3n que posibiliten el intercambio, la cooperaci\u00f3n cient\u00edfica y acad\u00e9mica relativos a los temas trabajados en las diferentes \u00e1reas y l\u00edneas de investigaci\u00f3n del programa.<\/p>\n\n\n\n<p>Para saber m\u00e1s, visiten el sitio web de SEDATA: <a href=\"https:\/\/www.uel.br\/eventos\/sedata\/\">https:\/\/www.uel.br\/eventos\/sedata\/<\/a><\/p>\n\n\n\n<div style=\"height:22px\" aria-hidden=\"true\" class=\"wp-block-spacer\"><\/div>\n\n\n\n<div class=\"wp-block-group is-vertical is-layout-flex wp-container-core-group-is-layout-8cf370e7 wp-block-group-is-layout-flex\">\n<div class=\"wp-block-buttons has-custom-font-size is-content-justification-left is-layout-flex wp-container-core-buttons-is-layout-23b93fc6 wp-block-buttons-is-layout-flex\" style=\"font-size:18px\">\n<div class=\"wp-block-button is-style-fill\"><a class=\"wp-block-button__link has-secondary-accent-background-color has-background wp-element-button\" href=\"https:\/\/pos.uel.br\/ppgel\/wp-content\/uploads\/2025\/06\/SEDATA-2025-CADERNO-DE-RESUMOS-atual-1.pdf\">Cuaderno de Res\u00famenes 2025<\/a><\/div>\n<\/div>\n\n\n\n<p class=\"has-small-font-size\"><em>Haga clic para descargar el Cuaderno de Res\u00famenes.<\/em><\/p>\n<\/div>\n\n\n\n<div style=\"height:20px\" aria-hidden=\"true\" class=\"wp-block-spacer\"><\/div>\n\n\n\n<div class=\"wp-block-group is-vertical is-layout-flex wp-container-core-group-is-layout-8cf370e7 wp-block-group-is-layout-flex\">\n<div class=\"wp-block-buttons is-layout-flex wp-block-buttons-is-layout-flex\">\n<div class=\"wp-block-button is-style-fill\"><a class=\"wp-block-button__link has-primary-accent-background-color has-background wp-element-button\" href=\"https:\/\/pos.uel.br\/ppgel\/wp-content\/uploads\/2024\/10\/CADERNO-DE-RESUMOS-SEDATA-2024.pdf\">Cuaderno de Res\u00famenes 2024<\/a><\/div>\n<\/div>\n\n\n\n<p class=\"has-small-font-size\"><em>Haga clic para descargar el Cuaderno de Res\u00famenes.<\/em><\/p>\n<\/div>\n\n\n\n<div style=\"height:27px\" aria-hidden=\"true\" class=\"wp-block-spacer\"><\/div>\n\n\n\n<div class=\"wp-block-group is-vertical is-layout-flex wp-container-core-group-is-layout-8cf370e7 wp-block-group-is-layout-flex\">\n<div class=\"wp-block-buttons is-layout-flex wp-block-buttons-is-layout-flex\">\n<div class=\"wp-block-button is-style-fill\"><a class=\"wp-block-button__link has-secondary-accent-background-color has-background wp-element-button\" href=\"https:\/\/pos.uel.br\/ppgel\/wp-content\/uploads\/2024\/10\/SEDATA-CADERNO-RESUMOS-ATUAL-2023.pdf\">Cuaderno de Res\u00famenes 2023<\/a><\/div>\n<\/div>\n\n\n\n<p class=\"has-small-font-size\"><em>Haga clic para descargar el Cuaderno de Res\u00famenes.<\/em><\/p>\n<\/div>\n\n\n\n<div style=\"height:27px\" aria-hidden=\"true\" class=\"wp-block-spacer\"><\/div>\n\n\n\n<div class=\"wp-block-group is-vertical is-layout-flex wp-container-core-group-is-layout-8cf370e7 wp-block-group-is-layout-flex\">\n<div class=\"wp-block-buttons is-layout-flex wp-block-buttons-is-layout-flex\">\n<div class=\"wp-block-button\"><a class=\"wp-block-button__link has-primary-accent-background-color has-background wp-element-button\" href=\"https:\/\/pos.uel.br\/ppgel\/wp-content\/uploads\/2024\/10\/Caderno-de-Resumos-Sedata-2022.pdf\">Cuaderno de Res\u00famenes 2022<\/a><\/div>\n<\/div>\n\n\n\n<p class=\"has-small-font-size\"><em>Haga clic para descargar el Cuaderno de Res\u00famenes.<\/em><\/p>\n<\/div>\n\n\n\n<div style=\"height:27px\" aria-hidden=\"true\" class=\"wp-block-spacer\"><\/div>\n\n\n\n<div class=\"wp-block-group is-vertical is-layout-flex wp-container-core-group-is-layout-8cf370e7 wp-block-group-is-layout-flex\">\n<div class=\"wp-block-buttons is-layout-flex wp-block-buttons-is-layout-flex\">\n<div class=\"wp-block-button\"><a class=\"wp-block-button__link has-secondary-accent-background-color has-background wp-element-button\" href=\"https:\/\/pos.uel.br\/ppgel\/wp-content\/uploads\/2024\/10\/Caderno-de-Resumos-Sedata-2021.pdf\">Cuaderno de Res\u00famenes 2021<\/a><\/div>\n<\/div>\n\n\n\n<p class=\"has-small-font-size\"><em>Haga clic para descargar el Cuaderno de Res\u00famenes.<\/em><\/p>\n<\/div>\n\n\n\n<div style=\"height:27px\" aria-hidden=\"true\" class=\"wp-block-spacer\"><\/div>\n\n\n\n<p><\/p>\n","protected":false},"excerpt":{"rendered":"<p>El Seminario de Tesis y Disertaciones en Curso (SEDATA) constituye una de las actividades curriculares del Programa de Posgrado en Estudios del Lenguaje (PPGEL) de la UEL. Los objetivos del SEDATA son: \u2022 Contribuir al desarrollo de las investigaciones de los estudiantes de maestr\u00eda y doctorado del PPGEL; \u2022 Brindar oportunidades para la difusi\u00f3n de [&hellip;]<\/p>\n","protected":false},"author":10,"featured_media":0,"parent":0,"menu_order":0,"comment_status":"closed","ping_status":"closed","template":"","meta":{"footnotes":""},"class_list":["post-1557","page","type-page","status-publish","hentry"],"_links":{"self":[{"href":"https:\/\/pos.uel.br\/ppgel\/wp-json\/wp\/v2\/pages\/1557","targetHints":{"allow":["GET"]}}],"collection":[{"href":"https:\/\/pos.uel.br\/ppgel\/wp-json\/wp\/v2\/pages"}],"about":[{"href":"https:\/\/pos.uel.br\/ppgel\/wp-json\/wp\/v2\/types\/page"}],"author":[{"embeddable":true,"href":"https:\/\/pos.uel.br\/ppgel\/wp-json\/wp\/v2\/users\/10"}],"replies":[{"embeddable":true,"href":"https:\/\/pos.uel.br\/ppgel\/wp-json\/wp\/v2\/comments?post=1557"}],"version-history":[{"count":1,"href":"https:\/\/pos.uel.br\/ppgel\/wp-json\/wp\/v2\/pages\/1557\/revisions"}],"predecessor-version":[{"id":1558,"href":"https:\/\/pos.uel.br\/ppgel\/wp-json\/wp\/v2\/pages\/1557\/revisions\/1558"}],"wp:attachment":[{"href":"https:\/\/pos.uel.br\/ppgel\/wp-json\/wp\/v2\/media?parent=1557"}],"curies":[{"name":"wp","href":"https:\/\/api.w.org\/{rel}","templated":true}]}}