{"id":1551,"date":"2025-07-02T00:34:25","date_gmt":"2025-07-02T03:34:25","guid":{"rendered":"https:\/\/pos.uel.br\/ppgel\/?page_id=1551"},"modified":"2025-07-02T00:34:26","modified_gmt":"2025-07-02T03:34:26","slug":"internationalisation","status":"publish","type":"page","link":"https:\/\/pos.uel.br\/ppgel\/fr\/internationalisation\/","title":{"rendered":"Internationalisation"},"content":{"rendered":"\n<div style=\"height:28px\" aria-hidden=\"true\" class=\"wp-block-spacer\"><\/div>\n\n\n\n<p>La pr\u00e9sence du PPGEL sur la sc\u00e8ne internationale se manifeste sous diff\u00e9rentes modalit\u00e9s :<\/p>\n\n\n\n<p><strong>1. Participation d\u2019enseignants\/\u00e9tudiants \u00e0 des groupes de recherche internationaux<\/strong><\/p>\n\n\n\n<figure class=\"wp-block-table\"><table class=\"has-fixed-layout\"><tbody><tr><td>\u201cDecolonial Mate\u201d, coordonn\u00e9 par Kyria Finardi (UFES).<br>Enseignante: Telma Nunes Gimenez<\/td><\/tr><tr><td>\u201cProtextos\u201d, coordonn\u00e9 par In\u00eas Cardoso (Institut Polytechnique de Santar\u00e9m, Portugal)<br>Enseignante: Vera L\u00facia Lopes Cristov\u00e3o<\/td><\/tr><tr><td>GRAFE-PRISME \u2013 Universit\u00e9 de Gen\u00e8ve<br>Enseignante: Juliana R. A. Tonelli | acc\u00e9der \u00e0 la page des collaboratrices <strong><a href=\"https:\/\/www.unige.ch\/fapse\/grafe\/recherche\/grafe-prisme\/collaborations\" target=\"_blank\" rel=\"noreferrer noopener\">ICI<\/a><\/strong>.<\/td><\/tr><tr><td>Projet EMITI (\u00c9ducation Multilinguisme Internationalisation Technologie Anglais)<br>Enseignantes impliqu\u00e9es: Telma Nunes Gimenez and Michele El Kadri<\/td><\/tr><tr><td>Projet Tr\u00e9sor du Lexique Patrimonial du Galicien et du Portugais \u2013 Universit\u00e9 de Saint-Jacques-de-Compostelle et Universit\u00e9 de Lisbonne <br>Enseignantes impliqu\u00e9es: Fabiane Cristina Altino et Vanderci Aguillera<\/td><\/tr><\/tbody><\/table><\/figure>\n\n\n\n<p><strong>2. Conventions \u00e9tablies par le programme avec des institutions internationales d\u2019enseignement\/recherche<\/strong><\/p>\n\n\n\n<figure class=\"wp-block-table\"><table class=\"has-fixed-layout\"><tbody><tr><td>CAPES\/COFECUB : Br\u00e9sil-France, Projet Atlas Linguistique du Br\u00e9sil et Valextra<br>Enseignantes impliqu\u00e9es: Fabiane Cristina Altino<\/td><\/tr><tr><td>Protocole d\u2019intentions avec Virginia Commonwealth University (USA)<br>Enseignantes impliqu\u00e9es: Michele El Kadri<\/td><\/tr><tr><td>En cours de traitement\/formalisation : Universit\u00e9 de Turin (Italie) \u2013 Atlas Linguistique Sonore<br>Enseignantes impliqu\u00e9es: Fabiane Cristina Altino<\/td><\/tr><tr><td>En cours de traitement\/formalisation : Centre National de la Recherche Scientifique (CNRS) \u2013 Atlas Linguistique Sonore<br>Enseignantes impliqu\u00e9es: Fabiane Cristina Altino<\/td><\/tr><\/tbody><\/table><\/figure>\n\n\n\n<p><strong>3.<\/strong> <strong>\u00c9v\u00e9nements organis\u00e9s par le programme avec la participation d\u2019invit\u00e9s d\u2019institutions internationales<\/strong><\/p>\n\n\n\n<figure class=\"wp-block-table\"><table class=\"has-fixed-layout\"><tbody><tr><td>Conf\u00e9rence inaugurale : \u201cLimites et d\u00e9fis de l\u2019enseignement du portugais langue \u00e9trang\u00e8re (PLE) en France : le cas de l\u2019Universit\u00e9 Lumi\u00e8re Lyon 2 (ULL2)\u201d<br>Enseignante : Prof. Dr. Maria da Concei\u00e7\u00e3o Correia Ferreira \u2013 Universit\u00e9 Lumi\u00e8re Lyon 2 \/ ULL2 \u2013 France<br>Date : 28\/08\/2024<\/td><\/tr><tr><td>Conf\u00e9rence d\u2019ouverture : 30 ans de l\u2019Atlas Linguistique (\u00e0 venir)<br>Enseignante : Prof. Dr. Ros\u00e1rio \u00c1lvarez Blanco \u2013 Universit\u00e9 de Saint-Jacques-de-Compostelle \u2013 Espagne<br>Date : 05\/12\/2024<\/td><\/tr><\/tbody><\/table><\/figure>\n\n\n\n<p><strong>4. Cours \u201c\u00c9tudes Avanc\u00e9es\u201d dispens\u00e9s par des enseignants d\u2019institutions internationales<\/strong><\/p>\n\n\n\n<figure class=\"wp-block-table\"><table class=\"has-fixed-layout\"><tbody><tr><td><strong>Intitul\u00e9 du cours<\/strong> : Penser le monde globalis\u00e9 et ses probl\u00e8mes \u00e0 travers la lecture de la litt\u00e9rature br\u00e9silienne dans un cours de PLE<br><strong>Ann\u00e9e<\/strong> : 2024<br><strong>Professeur<\/strong> : Prof. Dr. Maria da Concei\u00e7\u00e3o Correia Ferreira \u2013 Universit\u00e9 Lumi\u00e8re Lyon 2 \/ ULL \u2013 France<br><strong>Nombre d\u2019\u00e9tudiants inscrits<\/strong> : 20<\/td><\/tr><tr><td><strong>Intitul\u00e9 du cours<\/strong> : Validity and Classroom Language Assessment<br><strong>Ann\u00e9e<\/strong> : 2023<br><strong>Professeur <\/strong>: Prof. Dr. Frank Giraldo \u2013 Universit\u00e9 de Caldas \u2013 Colombie<br><strong>Nombre d\u2019\u00e9tudiants inscrits<\/strong> : 20<\/td><\/tr><tr><td><strong>Intitul\u00e9 du cours <\/strong>: M\u00e9thodologie Sociolinguistique<br><strong>Ann\u00e9e<\/strong> : 2021<br><strong>Professeur <\/strong>: Prof. Dr. Ana Maria Cestero Mancera \u2013 Universit\u00e9 d\u2019Alcal\u00e1 \u2013 Espagne<br><strong>Nombre d\u2019\u00e9tudiants inscrits<\/strong> : 20<\/td><\/tr><\/tbody><\/table><\/figure>\n\n\n\n<p><strong>5. Enseignants ayant effectu\u00e9 un postdoctorat dans des universit\u00e9s internationales entre 2021 et 2024<\/strong><\/p>\n\n\n\n<figure class=\"wp-block-table\"><table class=\"has-fixed-layout\"><tbody><tr><td class=\"has-text-align-center\" data-align=\"center\"><strong>Enseignant<\/strong><\/td><td class=\"has-text-align-center\" data-align=\"center\"><strong>Date du Postdoc<\/strong><\/td><td class=\"has-text-align-center\" data-align=\"center\"><strong>Universit\u00e9<\/strong><\/td><\/tr><tr><td class=\"has-text-align-center\" data-align=\"center\">Andr\u00e9ia da Cunha Malheiros Santana<\/td><td class=\"has-text-align-center\" data-align=\"center\">10\/23 \u00e0 04\/24<\/td><td class=\"has-text-align-center\" data-align=\"center\">Universit\u00e9 Lumi\u00e8re- Lyon 2<\/td><\/tr><tr><td class=\"has-text-align-center\" data-align=\"center\">Sheila Oliveira Lima<\/td><td class=\"has-text-align-center\" data-align=\"center\">03\/22 \u00e0 02\/23<\/td><td class=\"has-text-align-center\" data-align=\"center\">Universit\u00e9 de Buenos Aires<\/td><\/tr><tr><td class=\"has-text-align-center\" data-align=\"center\">Vera L\u00facia Lopes Cristov\u00e3o<\/td><td class=\"has-text-align-center\" data-align=\"center\">01\/23 \u00e0 07\/23<\/td><td class=\"has-text-align-center\" data-align=\"center\">Universit\u00e9 d&#8217;Aveiro<\/td><\/tr><\/tbody><\/table><\/figure>\n\n\n\n<p><strong>6. \u00c9tudiants ayant r\u00e9alis\u00e9 un doctorat sandwich dans une institution internationale<\/strong><\/p>\n\n\n\n<figure class=\"wp-block-table\"><table class=\"has-fixed-layout\"><tbody><tr><td class=\"has-text-align-center\" data-align=\"center\"><strong>Date<\/strong><\/td><td class=\"has-text-align-center\" data-align=\"center\"><strong>\u00c9tudiant<\/strong><\/td><td class=\"has-text-align-center\" data-align=\"center\"><strong>Directrice de th\u00e8se<\/strong><\/td><td class=\"has-text-align-center\" data-align=\"center\"><strong>Universit\u00e9<\/strong><\/td><td class=\"has-text-align-center\" data-align=\"center\"><strong>Codirecteur<\/strong><\/td><\/tr><tr><td class=\"has-text-align-center\" data-align=\"center\">2025 (1er sem)<\/td><td class=\"has-text-align-center\" data-align=\"center\">Dener Martins de Oliveira<\/td><td class=\"has-text-align-center\" data-align=\"center\">Vera L\u00facia Lopes Crist\u00f3v\u00e3o<\/td><td class=\"has-text-align-center\" data-align=\"center\">Instituto Polit\u00e9cnico de Viana do Castelo<\/td><td class=\"has-text-align-center\" data-align=\"center\">Luciana Manuela de Almeida Gra\u00e7a<\/td><\/tr><tr><td class=\"has-text-align-center\" data-align=\"center\">2024 (2e sem)<\/td><td class=\"has-text-align-center\" data-align=\"center\">Rafaela Cristine&nbsp; Merli<\/td><td class=\"has-text-align-center\" data-align=\"center\">Andr\u00e9ia da Cunha M. Santana<\/td><td class=\"has-text-align-center\" data-align=\"center\">Universit\u00e9 d\u2019\u00c9vora<\/td><td class=\"has-text-align-center\" data-align=\"center\">Angela Maria Franco M. C. P. Bal\u00e7a<\/td><\/tr><tr><td class=\"has-text-align-center\" data-align=\"center\" rowspan=\"3\">2024 (1er sem)<\/td><td class=\"has-text-align-center\" data-align=\"center\">Silvia Helena de Freitas Ruiz<\/td><td class=\"has-text-align-center\" data-align=\"center\">Joyce Almeida<\/td><td class=\"has-text-align-center\" data-align=\"center\">Instituto Polit\u00e9cnico do Porto<\/td><td class=\"has-text-align-center\" data-align=\"center\">Ana Sucena Santos<\/td><\/tr><tr><td class=\"has-text-align-center\" data-align=\"center\">Juliano Brambilla Neri<\/td><td class=\"has-text-align-center\" data-align=\"center\">Juliana Reichert A Tonelli&nbsp;<\/td><td class=\"has-text-align-center\" data-align=\"center\">Universidade de Georgetown<\/td><td class=\"has-text-align-center\" data-align=\"center\">Kevin Donley <\/td><\/tr><tr><td class=\"has-text-align-center\" data-align=\"center\">Jefferson Lhamas dos Santos<\/td><td class=\"has-text-align-center\" data-align=\"center\">Michele El Kadri<\/td><td class=\"has-text-align-center\" data-align=\"center\">Virginia Commonwealth University&nbsp;<\/td><td class=\"has-text-align-center\" data-align=\"center\">Luciana C. de Oliveira<\/td><\/tr><tr><td class=\"has-text-align-center\" data-align=\"center\">2023<\/td><td class=\"has-text-align-center\" data-align=\"center\">Patr\u00edcia Cardoso&nbsp; Batista <\/td><td class=\"has-text-align-center\" data-align=\"center\">Sheila O. Lima<\/td><td class=\"has-text-align-center\" data-align=\"center\">Universit\u00e9 d\u2019\u00c9vora<\/td><td class=\"has-text-align-center\" data-align=\"center\">Angela Maria Franco M. C. P. Bal\u00e7a<\/td><\/tr><tr><td class=\"has-text-align-center\" data-align=\"center\">2021<\/td><td class=\"has-text-align-center\" data-align=\"center\">Alex Alves Egido<\/td><td class=\"has-text-align-center\" data-align=\"center\">Viviane Bagio Furtoso<\/td><td class=\"has-text-align-center\" data-align=\"center\">Michigan State University (MSU)<\/td><td class=\"has-text-align-center\" data-align=\"center\">Peter De Costa<\/td><\/tr><\/tbody><\/table><\/figure>\n\n\n\n<p><strong>7. \u00c9tudiants \u00e9trangers inscrits au PPGEL<\/strong><\/p>\n\n\n\n<figure class=\"wp-block-table\"><table class=\"has-fixed-layout\"><tbody><tr><td>Date de soutenance<\/td><td>\u00c9tudiant<\/td><td>Directeur de th\u00e8se<\/td><td>Pays d\u2019origine<\/td><\/tr><tr><td>2020<\/td><td>Marjorie Ninoska Gomez Talavera<\/td><td>Telma Nunes Gimenez<\/td><td>Nicar\u00e1gua<\/td><\/tr><tr><td rowspan=\"3\">2022<\/td><td>Romina Leonor Toranzos <\/td><td>Dircel Aparecida Kailer<\/td><td>Argentina<\/td><\/tr><\/tbody><\/table><\/figure>\n\n\n\n<p><strong>8. Comit\u00e9s \u00e0 l\u2019\u00e9tranger<\/strong><\/p>\n\n\n\n<figure class=\"wp-block-table\"><table class=\"has-fixed-layout\"><tbody><tr><td><strong>Niveau <\/strong>: Doctorat Professionnel<br><strong>Dipl\u00f4m\u00e9 <\/strong>: Deivis Poithin<br><strong>Titre <\/strong>: Perceptions et pratiques des enseignants sur l\u2019utilisation des technologies pour promouvoir le d\u00e9veloppement linguistique chez les \u00e9l\u00e8ves bilingues<br><strong>IE <\/strong>: King\u2019s College, Londres, 2021<br><strong>Enseignante <\/strong>: Telma Nunes Gimenez<\/td><\/tr><tr><td><strong>Niveau <\/strong>: Qualification de doctorat<br><strong>Dipl\u00f4m\u00e9<\/strong> : Francisco Javier Ram\u00edrez<br><strong>Titre <\/strong>: Parcours professionnels des enseignants d\u2019anglais dans des contextes multilingues : le cas de l\u2019Universit\u00e9 Veracruzana Intercultural et de l\u2019Universit\u00e9 Intercultural Maya de Quintana Roo<br><strong>IE <\/strong>: Universidad Veracruzana, University of Texas, Austin, 2021<br><strong>Enseignante <\/strong>: Telma Nunes Gimenez<\/td><\/tr><tr><td><strong>Niveau <\/strong>: Master<br><strong>Dipl\u00f4m\u00e9 <\/strong>: Anderson Pulgarin<br><strong>Titre <\/strong>: English As A Lingua Franca And Pre-Service English Teachers: Challenging Beliefs In Language Teacher Education<br><strong>IE <\/strong>: Universidad de Antioquia, Colombie, 2023<br><strong>Enseignante<\/strong> : Telma Nunes Gimenez<\/td><\/tr><tr><td><strong>Niveau <\/strong>: Doctorat<br><strong>Dipl\u00f4m\u00e9 <\/strong>: Marta Isabel Barrientos Moncada<br><strong>Titre <\/strong>: Enseignants de langue anglaise colombiens mettant en \u0153uvre une praxis consciente de l\u2019ELF pour d\u00e9fier les discours sociaux et \u00e9ducatifs dominants sur leur professionnalisme : le processus d\u2019un groupe d\u2019apprentissage professionnel impliqu\u00e9 dans un projet d\u2019Apprentissage et Recherche-Action Participative (PALAR).<br><strong>IE <\/strong>: Universidad de Antioquia, Colombie, 2024<br><strong>Enseignante <\/strong>: Telma Nunes Gimenez<\/td><\/tr><\/tbody><\/table><\/figure>\n\n\n\n<p><strong>9. Divers<\/strong><\/p>\n\n\n\n<figure class=\"wp-block-table\"><table class=\"has-fixed-layout\"><tbody><tr><td><strong>Prix international<\/strong> \u201cDuolingo Doctoral Dissertation Award\u201d : dipl\u00f4m\u00e9e Isadora Teixeira de Moraes \u2013 seule br\u00e9silienne r\u00e9compens\u00e9e<\/td><\/tr><tr><td><strong>Move La America<\/strong>: le PPGEL est inscrit au programme<\/td><\/tr><tr><td>Participation d\u2019enseignants du programme \u00e0 l\u2019ARI (Assistance aux Relations Internationales) \/ UEL : Directrice : Prof. Dr. Viviane Furtoso<\/td><\/tr><tr><td>\u00c9valuatrice des revues ELT Journal ; \u00c1rboles y Rizomas ; Profile. Telma Nunes Gimenez.<\/td><\/tr><tr><td>\u00c9valuatrice ad hoc des revues System et Journal of Comparative &amp; International Higher Education, et du projet ENRICH \u2013 English as a Lingua Franca Practices for Inclusive Multilingual Classrooms. Telma Nunes Gimenez<\/td><\/tr><tr><td>Consultante pour le projet Skills for Prosperity (British Council) 2021-2023, Telma Nunes Gimenez.<\/td><\/tr><tr><td>Participation comme membre \u00e9valuateur du Bachillerato en la Ense\u00f1anza del Ingl\u00e9s, Universidad Nacional, SINAES, Costa Rica, 2023. Telma Nunes Gimenez.<\/td><\/tr><tr><td>\u00c9valuation de la proposition de Master en Teaching English as a Foreign Language (contextes latino-am\u00e9ricains), Universidad Alberto Hurtado, Chili, 2023. Telma Nunes Gimenez.<\/td><\/tr><\/tbody><\/table><\/figure>\n\n\n\n<p><\/p>\n","protected":false},"excerpt":{"rendered":"<p>La pr\u00e9sence du PPGEL sur la sc\u00e8ne internationale se manifeste sous diff\u00e9rentes modalit\u00e9s : 1. Participation d\u2019enseignants\/\u00e9tudiants \u00e0 des groupes de recherche internationaux \u201cDecolonial Mate\u201d, coordonn\u00e9 par Kyria Finardi (UFES).Enseignante: Telma Nunes Gimenez \u201cProtextos\u201d, coordonn\u00e9 par In\u00eas Cardoso (Institut Polytechnique de Santar\u00e9m, Portugal)Enseignante: Vera L\u00facia Lopes Cristov\u00e3o GRAFE-PRISME \u2013 Universit\u00e9 de Gen\u00e8veEnseignante: Juliana R. A. [&hellip;]<\/p>\n","protected":false},"author":10,"featured_media":0,"parent":0,"menu_order":0,"comment_status":"closed","ping_status":"closed","template":"","meta":{"footnotes":""},"class_list":["post-1551","page","type-page","status-publish","hentry"],"_links":{"self":[{"href":"https:\/\/pos.uel.br\/ppgel\/wp-json\/wp\/v2\/pages\/1551","targetHints":{"allow":["GET"]}}],"collection":[{"href":"https:\/\/pos.uel.br\/ppgel\/wp-json\/wp\/v2\/pages"}],"about":[{"href":"https:\/\/pos.uel.br\/ppgel\/wp-json\/wp\/v2\/types\/page"}],"author":[{"embeddable":true,"href":"https:\/\/pos.uel.br\/ppgel\/wp-json\/wp\/v2\/users\/10"}],"replies":[{"embeddable":true,"href":"https:\/\/pos.uel.br\/ppgel\/wp-json\/wp\/v2\/comments?post=1551"}],"version-history":[{"count":1,"href":"https:\/\/pos.uel.br\/ppgel\/wp-json\/wp\/v2\/pages\/1551\/revisions"}],"predecessor-version":[{"id":1552,"href":"https:\/\/pos.uel.br\/ppgel\/wp-json\/wp\/v2\/pages\/1551\/revisions\/1552"}],"wp:attachment":[{"href":"https:\/\/pos.uel.br\/ppgel\/wp-json\/wp\/v2\/media?parent=1551"}],"curies":[{"name":"wp","href":"https:\/\/api.w.org\/{rel}","templated":true}]}}