{"id":1547,"date":"2025-07-02T00:11:01","date_gmt":"2025-07-02T03:11:01","guid":{"rendered":"https:\/\/pos.uel.br\/ppgel\/?page_id=1547"},"modified":"2025-07-02T00:11:02","modified_gmt":"2025-07-02T03:11:02","slug":"internationalization","status":"publish","type":"page","link":"https:\/\/pos.uel.br\/ppgel\/en\/internationalization\/","title":{"rendered":"Internationalization"},"content":{"rendered":"\n<div style=\"height:28px\" aria-hidden=\"true\" class=\"wp-block-spacer\"><\/div>\n\n\n\n<p>The presence of PPGEL in the international arena occurs in different forms:<\/p>\n\n\n\n<p><strong>1. Participation of faculty\/students in international research groups<\/strong><\/p>\n\n\n\n<figure class=\"wp-block-table\"><table class=\"has-fixed-layout\"><tbody><tr><td>\u201cDecolonial Mate,\u201d coordinated by Kyria Finardi (UFES).<br>Faculty: Telma Nunes Gimenez<\/td><\/tr><tr><td>\u201cProtextos,\u201d coordinated by In\u00eas Cardoso (Polytechnic Institute of Santar\u00e9m, Portugal)<br>Faculty: Vera L\u00facia Lopes Cristov\u00e3o<\/td><\/tr><tr><td>GRAFE-PRISME \u2013 University of Geneva<br>Faculty: Juliana R. A. Tonelli | access the collaborators\u2019 page <strong><a href=\"https:\/\/www.unige.ch\/fapse\/grafe\/recherche\/grafe-prisme\/collaborations\" target=\"_blank\" rel=\"noreferrer noopener\">HERE<\/a><\/strong>.<\/td><\/tr><tr><td>EMITI Project (Education Multilingualism Internationalization Technology English)<br>Faculty involved: Telma Nunes Gimenez and Michele El Kadri<\/td><\/tr><tr><td>Heritage Lexicon Treasure Project of Galician and Portuguese \u2013 University of Santiago de Compostela and University of Lisbon <br>Faculty involved: Fabiane Cristina Altino and Vanderci Aguillera<\/td><\/tr><\/tbody><\/table><\/figure>\n\n\n\n<p><strong>2. Agreements established by the program with international teaching\/research institutions<\/strong><\/p>\n\n\n\n<figure class=\"wp-block-table\"><table class=\"has-fixed-layout\"><tbody><tr><td>CAPES\/COFECUB: Brazil-France, Brazilian Linguistic Atlas and Valextra Project<br>Faculty involved: Fabiane Cristina Altino<\/td><\/tr><tr><td>Letter of Intent with Virginia Commonwealth University (USA)<br>Faculty involved: Michele El Kadri<\/td><\/tr><tr><td>In processing\/formalization: University of Turin (Italy) \u2013 Sound Linguistic Atlas<br>Faculty involved: Fabiane Cristina Altino<\/td><\/tr><tr><td>In processing\/formalization: Centre National de la Recherche Scientifique (CNRS) \u2013 Sound Linguistic Atlas<br>Faculty involved: Fabiane Cristina Altino<\/td><\/tr><\/tbody><\/table><\/figure>\n\n\n\n<p><strong>3.<\/strong> <strong>Events organized by the program with guests from international institutions<\/strong><\/p>\n\n\n\n<figure class=\"wp-block-table\"><table class=\"has-fixed-layout\"><tbody><tr><td>Lecture: Opening Lecture \u201cLimits and Challenges of Teaching Portuguese as a Foreign Language (PLE) in France: The Case of Universit\u00e9 Lumi\u00e8re Lyon 2 (ULL2)\u201d<br>Faculty: Profa. Dra. Maria da Concei\u00e7\u00e3o Correia Ferreira -Universit\u00e9 Lumi\u00e8re Lyon 2 \/ULL2- France<br>Date: 28\/08\/2024<\/td><\/tr><tr><td>Event: Opening Conference: 30 Years of the Linguistic Atlas (to be held) <br>Faculty: Profa. Dra. Ros\u00e1rio \u00c1lvarez Blanco &#8211; Universidad de Santiago de Compostela \u2013 Spain<br>Date: 05\/12\/2024<\/td><\/tr><\/tbody><\/table><\/figure>\n\n\n\n<p><strong>4.\u201cAdvanced Studies\u201d courses taught by faculty from international institutions<\/strong><\/p>\n\n\n\n<figure class=\"wp-block-table\"><table class=\"has-fixed-layout\"><tbody><tr><td>Course Title: Thinking about the Globalized World and Its Problems through Reading Brazilian Literature in a PLE Class<br>Year: 2024<br>Professor: Prof. Dr. Maria da Concei\u00e7\u00e3o Correia Ferreira \u2013 Universit\u00e9 Lumi\u00e8re Lyon 2 \/ ULL &#8211; France<br>Enrolled students: 20<\/td><\/tr><tr><td>Course Title: Validity and Classroom Language Assessment<br>Year: 2023<br>Professor: Prof. Dr. Frank Giraldo \u2013 University of Caldas &#8211; Colombia<br>Enrolled students: 20<\/td><\/tr><tr><td>Course Title: Sociolinguistic Methodology<br>Year: 2021<br>Professor: Prof. Dr. Ana Maria Cestero Mancera \u2013 University of Alcal\u00e1 &#8211; Spain<br>Enrolled students: 20<\/td><\/tr><\/tbody><\/table><\/figure>\n\n\n\n<p><strong>5. Faculty who completed postdoctoral fellowships at international universities in 2021-2024<\/strong><\/p>\n\n\n\n<figure class=\"wp-block-table\"><table class=\"has-fixed-layout\"><tbody><tr><td class=\"has-text-align-center\" data-align=\"center\"><strong>Faculty<\/strong><\/td><td class=\"has-text-align-center\" data-align=\"center\"><strong>Postdoc Period<\/strong><\/td><td class=\"has-text-align-center\" data-align=\"center\"><strong>University<\/strong><\/td><\/tr><tr><td class=\"has-text-align-center\" data-align=\"center\">Andr\u00e9ia da Cunha Malheiros Santana<\/td><td class=\"has-text-align-center\" data-align=\"center\">10\/23 to 04\/24<\/td><td class=\"has-text-align-center\" data-align=\"center\">Universidade Lumi\u00e8re- Lyon 2<\/td><\/tr><tr><td class=\"has-text-align-center\" data-align=\"center\">Sheila Oliveira Lima<\/td><td class=\"has-text-align-center\" data-align=\"center\">03\/22 to 02\/23<\/td><td class=\"has-text-align-center\" data-align=\"center\">University of Buenos Aires<\/td><\/tr><tr><td class=\"has-text-align-center\" data-align=\"center\">Vera L\u00facia Lopes Cristov\u00e3o<\/td><td class=\"has-text-align-center\" data-align=\"center\">01\/23 to 07\/23<\/td><td class=\"has-text-align-center\" data-align=\"center\">University of Aveiro<\/td><\/tr><\/tbody><\/table><\/figure>\n\n\n\n<p><strong>6. Students who undertook sandwich doctorates abroad<\/strong><\/p>\n\n\n\n<figure class=\"wp-block-table\"><table class=\"has-fixed-layout\"><tbody><tr><td class=\"has-text-align-center\" data-align=\"center\"><strong>Date<\/strong><\/td><td class=\"has-text-align-center\" data-align=\"center\"><strong>Student<\/strong><\/td><td class=\"has-text-align-center\" data-align=\"center\"><strong>Advisor<\/strong><\/td><td class=\"has-text-align-center\" data-align=\"center\"><strong>University<\/strong><\/td><td class=\"has-text-align-center\" data-align=\"center\"><strong>Co-advisor<\/strong><\/td><\/tr><tr><td class=\"has-text-align-center\" data-align=\"center\">2025 (1st sem)<\/td><td class=\"has-text-align-center\" data-align=\"center\">Dener Martins de Oliveira<\/td><td class=\"has-text-align-center\" data-align=\"center\">Vera L\u00facia Lopes Crist\u00f3v\u00e3o<\/td><td class=\"has-text-align-center\" data-align=\"center\">Polytechnic Institute of Viana do Castelo<\/td><td class=\"has-text-align-center\" data-align=\"center\">Luciana Manuela de Almeida Gra\u00e7a<\/td><\/tr><tr><td class=\"has-text-align-center\" data-align=\"center\">2024 (2nd sem)<\/td><td class=\"has-text-align-center\" data-align=\"center\">Rafaela Cristine&nbsp; Merli<\/td><td class=\"has-text-align-center\" data-align=\"center\">Andr\u00e9ia da Cunha M. Santana<\/td><td class=\"has-text-align-center\" data-align=\"center\">University of \u00c9vora<\/td><td class=\"has-text-align-center\" data-align=\"center\">Angela Maria Franco M. C. P. Bal\u00e7a<\/td><\/tr><tr><td class=\"has-text-align-center\" data-align=\"center\" rowspan=\"3\">2024 (1st sem)<\/td><td class=\"has-text-align-center\" data-align=\"center\">Silvia Helena de Freitas Ruiz<\/td><td class=\"has-text-align-center\" data-align=\"center\">Joyce Almeida<\/td><td class=\"has-text-align-center\" data-align=\"center\">Polytechnic Institute of Porto<\/td><td class=\"has-text-align-center\" data-align=\"center\">Ana Sucena Santos<\/td><\/tr><tr><td class=\"has-text-align-center\" data-align=\"center\">Juliano Brambilla Neri<\/td><td class=\"has-text-align-center\" data-align=\"center\">Juliana Reichert A Tonelli&nbsp;<\/td><td class=\"has-text-align-center\" data-align=\"center\">Universidade de Georgetown<\/td><td class=\"has-text-align-center\" data-align=\"center\">Kevin Donley <\/td><\/tr><tr><td class=\"has-text-align-center\" data-align=\"center\">Jefferson Lhamas dos Santos<\/td><td class=\"has-text-align-center\" data-align=\"center\">Michele El Kadri<\/td><td class=\"has-text-align-center\" data-align=\"center\">Virginia Commonwealth University&nbsp;<\/td><td class=\"has-text-align-center\" data-align=\"center\">Luciana C. de Oliveira<\/td><\/tr><tr><td class=\"has-text-align-center\" data-align=\"center\">2023<\/td><td class=\"has-text-align-center\" data-align=\"center\">Patr\u00edcia Cardoso&nbsp; Batista <\/td><td class=\"has-text-align-center\" data-align=\"center\">Sheila O. Lima<\/td><td class=\"has-text-align-center\" data-align=\"center\">University of \u00c9vora<\/td><td class=\"has-text-align-center\" data-align=\"center\">Angela Maria Franco M. C. P. Bal\u00e7a<\/td><\/tr><tr><td class=\"has-text-align-center\" data-align=\"center\">2021<\/td><td class=\"has-text-align-center\" data-align=\"center\">Alex Alves Egido<\/td><td class=\"has-text-align-center\" data-align=\"center\">Viviane Bagio Furtoso<\/td><td class=\"has-text-align-center\" data-align=\"center\">Michigan State University (MSU)<\/td><td class=\"has-text-align-center\" data-align=\"center\">Peter De Costa<\/td><\/tr><\/tbody><\/table><\/figure>\n\n\n\n<p><strong>7.  Foreign students enrolled at PPGEL<\/strong><\/p>\n\n\n\n<figure class=\"wp-block-table\"><table class=\"has-fixed-layout\"><tbody><tr><td>Defense Date<\/td><td>Student<\/td><td>Advisor<\/td><td>Country of Origin<\/td><\/tr><tr><td>2020<\/td><td>Marjorie Ninoska Gomez Talavera<\/td><td>Telma Nunes Gimenez<\/td><td>Nicar\u00e1gua<\/td><\/tr><tr><td rowspan=\"3\">2022<\/td><td>Romina Leonor Toranzos <\/td><td>Dircel Aparecida Kailer<\/td><td>Argentina<\/td><\/tr><\/tbody><\/table><\/figure>\n\n\n\n<p><strong>8. Committees abroad<\/strong><\/p>\n\n\n\n<figure class=\"wp-block-table\"><table class=\"has-fixed-layout\"><tbody><tr><td><strong>Level<\/strong>: Professional Doctorate<br><strong>Graduate<\/strong>: Deivis Poithin<br><strong>Title<\/strong>: Teachers\u2019 Perceptions and Practices of the Use of Technology to Promote Language Development in Bilingual Students<br><strong>Institution<\/strong>: King\u2019s College, London, 2021<br><strong>Faculty<\/strong>: Telma Nunes Gimenez<\/td><\/tr><tr><td><strong>Level<\/strong>: Doctorate Qualification<br><strong>Graduate<\/strong>: Francisco Javier Ram\u00edrez<br><strong>Title<\/strong>: Professional trajectories of English teachers in multilingual contexts: the case of Universidad Veracruzana Intercultural and Universidad Intercultural Maya de Quintana Roo<br><strong>Institution<\/strong>: Universidad Veracruzana, University of Texas, Austin, 2021<br><strong>Faculty<\/strong>: Telma Nunes Gimenez<\/td><\/tr><tr><td><strong>Level<\/strong>: Master\u2019s<br><strong>Graduate<\/strong>: Anderson Pulgarin<br><strong>Title<\/strong>: English As A Lingua Franca And Pre-Service English Teachers: Challenging Beliefs In Language Teacher Education<br>Institution: Universidad de Antioquia, Colombia, 2023<br><strong>Faculty<\/strong>: Telma Nunes Gimenez<\/td><\/tr><tr><td><strong>Level<\/strong>: Doctorate<br><strong>Graduate<\/strong>: Marta Isabel Barrientos Moncada<br><strong>Title<\/strong>: Colombian English language teachers enacting an ELF-aware praxis to challenge dominant social and educational discourses about their professionalism: the process of a professional learning group involved in a Participatory Action Learning and Action Research (PALAR) Project.<br><strong>Institution<\/strong>: Universidad de Antioquia, Colombia, 2024<br><strong>Faculty<\/strong>: Telma Nunes Gimenez<\/td><\/tr><\/tbody><\/table><\/figure>\n\n\n\n<p><strong>9. Others<\/strong><\/p>\n\n\n\n<figure class=\"wp-block-table\"><table class=\"has-fixed-layout\"><tbody><tr><td><strong>International award<\/strong> \u201cDuolingo Doctoral Dissertation Award\u201d: Alumna Isadora Teixeira de Moraes \u2013 only Brazilian awarded<\/td><\/tr><tr><td><strong>Move La America<\/strong>: PPGEL is enrolled in the program<\/td><\/tr><tr><td><strong>Program faculty participation at ARI<\/strong> (International Relations Advisory)\/UEL: Director: Prof. Dr. Viviane Furtoso<\/td><\/tr><tr><td><strong>Reviewer for journals<\/strong> ELT Journal; \u00c1rboles y Rizomas; Profile. Telma Nunes Gimenez.<\/td><\/tr><tr><td>Ad hoc <strong>reviewer for journals<\/strong> System and Journal of Comparative &amp; International Higher Education, and the ENRICH Project \u2013 English as a Lingua Franca Practices for Inclusive Multilingual Classrooms. Telma Nunes Gimenez<\/td><\/tr><tr><td><strong>Consultant for the Skills<\/strong> for Prosperity Project (British Council) 2021-2023, Telma Nunes Gimenez.<\/td><\/tr><tr><td><strong>Member evaluator<\/strong> of Bachillerato en la Ense\u00f1anza del Ingl\u00e9s, Universidad Nacional, SINAES, Costa Rica, 2023. Telma Nunes Gimenez.<\/td><\/tr><tr><td><strong>Reviewer for a Master\u2019s <\/strong>proposal in Teaching English as a Foreign Language (Latin American contexts), Universidad Alberto Hurtado, Chile, 2023. Telma Nunes Gimenez.<\/td><\/tr><\/tbody><\/table><\/figure>\n\n\n\n<p><\/p>\n","protected":false},"excerpt":{"rendered":"<p>The presence of PPGEL in the international arena occurs in different forms: 1. Participation of faculty\/students in international research groups \u201cDecolonial Mate,\u201d coordinated by Kyria Finardi (UFES).Faculty: Telma Nunes Gimenez \u201cProtextos,\u201d coordinated by In\u00eas Cardoso (Polytechnic Institute of Santar\u00e9m, Portugal)Faculty: Vera L\u00facia Lopes Cristov\u00e3o GRAFE-PRISME \u2013 University of GenevaFaculty: Juliana R. A. Tonelli | access [&hellip;]<\/p>\n","protected":false},"author":10,"featured_media":0,"parent":0,"menu_order":0,"comment_status":"closed","ping_status":"closed","template":"","meta":{"footnotes":""},"class_list":["post-1547","page","type-page","status-publish","hentry"],"_links":{"self":[{"href":"https:\/\/pos.uel.br\/ppgel\/wp-json\/wp\/v2\/pages\/1547","targetHints":{"allow":["GET"]}}],"collection":[{"href":"https:\/\/pos.uel.br\/ppgel\/wp-json\/wp\/v2\/pages"}],"about":[{"href":"https:\/\/pos.uel.br\/ppgel\/wp-json\/wp\/v2\/types\/page"}],"author":[{"embeddable":true,"href":"https:\/\/pos.uel.br\/ppgel\/wp-json\/wp\/v2\/users\/10"}],"replies":[{"embeddable":true,"href":"https:\/\/pos.uel.br\/ppgel\/wp-json\/wp\/v2\/comments?post=1547"}],"version-history":[{"count":1,"href":"https:\/\/pos.uel.br\/ppgel\/wp-json\/wp\/v2\/pages\/1547\/revisions"}],"predecessor-version":[{"id":1548,"href":"https:\/\/pos.uel.br\/ppgel\/wp-json\/wp\/v2\/pages\/1547\/revisions\/1548"}],"wp:attachment":[{"href":"https:\/\/pos.uel.br\/ppgel\/wp-json\/wp\/v2\/media?parent=1547"}],"curies":[{"name":"wp","href":"https:\/\/api.w.org\/{rel}","templated":true}]}}