{"id":1542,"date":"2025-07-01T23:46:20","date_gmt":"2025-07-02T02:46:20","guid":{"rendered":"https:\/\/pos.uel.br\/ppgel\/?page_id=1542"},"modified":"2025-07-01T23:46:21","modified_gmt":"2025-07-02T02:46:21","slug":"convocatorias","status":"publish","type":"page","link":"https:\/\/pos.uel.br\/ppgel\/es\/convocatorias\/","title":{"rendered":"Convocatorias"},"content":{"rendered":"\n<div style=\"height:30px\" aria-hidden=\"true\" class=\"wp-block-spacer\"><\/div>\n\n\n\n<h2 class=\"wp-block-heading has-text-align-center has-large-font-size\"><strong>2024<\/strong><\/h2>\n\n\n\n<p><\/p>\n\n\n\n<p><a href=\"https:\/\/pos.uel.br\/ppgel\/wp-content\/uploads\/2024\/10\/Edital142024-PDSE.pdf\">Convocatoria 14\/2024 \u2013 Programa Institucional de Doctorado Sandwich en el Exterior<\/a><\/p>\n\n\n\n<p><a href=\"https:\/\/pos.uel.br\/ppgel\/wp-content\/uploads\/2024\/11\/Edital_15_2024-Homologacao-MESTRADO-Site.pdf\">Convocatoria 15\/2024 \u2013 Homologaci\u00f3n de Inscripci\u00f3n para Maestr\u00eda<\/a><\/p>\n\n\n\n<p><a href=\"https:\/\/pos.uel.br\/ppgel\/wp-content\/uploads\/2024\/11\/Site-Edital_16_2024-Homologacao-Inscricoes_DOUTORADO.docx.pdf\">Convocatoria 16\/2024 \u2013 Homologaci\u00f3n de Inscripci\u00f3n para Doctorado<\/a><\/p>\n\n\n\n<p><a href=\"https:\/\/pos.uel.br\/ppgel\/wp-content\/uploads\/2024\/11\/Resultado-Prova-Escrita-Edital-11_2024-1.pdf\">Convocatoria 17\/2024 \u2013 Resultado del Examen de Conocimientos<\/a><\/p>\n\n\n\n<p><a href=\"https:\/\/pos.uel.br\/ppgel\/wp-content\/uploads\/2024\/11\/160-resultado-acoes-afirmativas.pdf\">Resultados de Acciones Afirmativas \u2013 Maestr\u00eda<\/a><\/p>\n\n\n\n<p><a href=\"https:\/\/pos.uel.br\/ppgel\/wp-content\/uploads\/2024\/11\/187-resultado-acoes-afirmativas.pdf\">Resultados de Acciones Afirmativas \u2013 Doctorado<\/a><\/p>\n\n\n\n<p><a href=\"https:\/\/pos.uel.br\/ppgel\/wp-content\/uploads\/2024\/11\/Edital-18-Chamada-Bolsa.pdf\">Convocatoria 18\/2024 \u2013 Llamado para Becas<\/a><\/p>\n\n\n\n<p><a href=\"https:\/\/pos.uel.br\/ppgel\/wp-content\/uploads\/2024\/11\/Edital_19_2024-Resultado-pedidos-recursos_Prova.docx.pdf\">Convocatoria 19\/2024 \u2013 Resultados de Recursos \u2013 Examen de Conocimientos<\/a><\/p>\n\n\n\n<p><a href=\"https:\/\/pos.uel.br\/ppgel\/wp-content\/uploads\/2024\/11\/Edital_20_2024-Resultado-Projeto.docx-2.pdf\">Convocatoria 20\/2024 \u2013 Resultado de Evaluaci\u00f3n de Proyectos<\/a><\/p>\n\n\n\n<p><a href=\"https:\/\/pos.uel.br\/ppgel\/wp-content\/uploads\/2024\/11\/Edital_21_2024-Resultado-pedidos-recursos_Projeto.docx.pdf\">Convocatoria 21\/2024 \u2013 Resultados de Recursos \u2013 Proyectos<\/a><\/p>\n\n\n\n<p><a href=\"https:\/\/pos.uel.br\/ppgel\/wp-content\/uploads\/2024\/11\/Edital_22_2024-Proficiencia-2.docx.pdf\">Convocatoria 22\/2024 \u2013 Convocatoria para Examen de Competencia<\/a><\/p>\n\n\n\n<p><a href=\"https:\/\/pos.uel.br\/ppgel\/wp-content\/uploads\/2024\/11\/Edital_23_2024-Resultado-Proficiencia.docx.pdf\" target=\"_blank\" rel=\"noreferrer noopener\">Convocatoria 23\/2024 \u2013 Resultados del Examen de Competencia<\/a><\/p>\n\n\n\n<p><a href=\"https:\/\/pos.uel.br\/ppgel\/wp-content\/uploads\/2024\/11\/Edital-24-Cronograma-Arguicao-2024.docx.pdf\">Convocatoria 24\/2024 \u2013 Cronograma de Defensa<\/a><\/p>\n\n\n\n<p><a href=\"https:\/\/pos.uel.br\/ppgel\/wp-content\/uploads\/2024\/12\/Edital_25_2024-Resultado-Arguicao.docx-1.pdf\">Convocatoria 25\/2024 \u2013 Resultados de Defensa<\/a><\/p>\n\n\n\n<p><a href=\"https:\/\/pos.uel.br\/ppgel\/wp-content\/uploads\/2024\/12\/Edital26-Anexos.pdf\">Convocatoria 26\/2024 \u2013 Apoyo para Participaci\u00f3n en Eventos<\/a><\/p>\n\n\n\n<p><a href=\"https:\/\/pos.uel.br\/ppgel\/wp-content\/uploads\/2024\/12\/Edital_27_2024-Resultado-Final.pdf\">Convocatoria 27\/2024 \u2013 Resultados Finales<\/a><\/p>\n\n\n\n<p><a href=\"https:\/\/pos.uel.br\/ppgel\/wp-content\/uploads\/2024\/12\/Edital_28_2024-Retificacao-Resultado.pdf\">Convocatoria 28\/2024 \u2013 Rectificaci\u00f3n de Resultados Finales<\/a><\/p>\n\n\n\n<p><a href=\"https:\/\/pos.uel.br\/ppgel\/wp-content\/uploads\/2024\/12\/Edital-29_2024_Resultado-final_convocacao-matricula_Doutorado.docx.pdf\">Convocatoria 29\/2024 \u2013 Convocatoria de Matr\u00edcula \u2013 Doctorado<\/a><\/p>\n\n\n\n<p><a href=\"https:\/\/pos.uel.br\/ppgel\/wp-content\/uploads\/2024\/12\/Edital-30_2024_Resultado-final_convocacao-matricula_Mestrado.docx.pdf\">Convocatoria 30\/2024 \u2013 Convocatoria de Matr\u00edcula \u2013 Maestr\u00eda<\/a><\/p>\n\n\n\n<p><a href=\"https:\/\/pos.uel.br\/ppgel\/wp-content\/uploads\/2025\/02\/PPGEL-2025-1-Artigo-27_orientacoes.docx-1.pdf\">Convocatoria 31\/2024 \u2013 Convocatoria de Matr\u00edcula \u2013 Estudiantes de otras instituciones<\/a><\/p>\n\n\n\n<p><a href=\"https:\/\/pos.uel.br\/ppgel\/wp-content\/uploads\/2024\/12\/1-Edital_32_2024-Oferta-Estudante-Especial-PPGEL-2025_1.pdf\">Convocatoria 32\/2024 \u2013 Convocatoria para Oferta de Estudiante Especial<\/a><\/p>\n\n\n\n<p><a href=\"https:\/\/pos.uel.br\/ppgel\/wp-content\/uploads\/2025\/01\/Resultado-das-inscricoes-EDITAL-14_2024-PPGEL.docx.pdf\">Convocatoria 33\/2024 \u2013 Resultados de Inscripciones para la Convocatoria 14\/2024<\/a><\/p>\n\n\n\n<p><\/p>\n","protected":false},"excerpt":{"rendered":"<p>2024 Convocatoria 14\/2024 \u2013 Programa Institucional de Doctorado Sandwich en el Exterior Convocatoria 15\/2024 \u2013 Homologaci\u00f3n de Inscripci\u00f3n para Maestr\u00eda Convocatoria 16\/2024 \u2013 Homologaci\u00f3n de Inscripci\u00f3n para Doctorado Convocatoria 17\/2024 \u2013 Resultado del Examen de Conocimientos Resultados de Acciones Afirmativas \u2013 Maestr\u00eda Resultados de Acciones Afirmativas \u2013 Doctorado Convocatoria 18\/2024 \u2013 Llamado para Becas Convocatoria [&hellip;]<\/p>\n","protected":false},"author":10,"featured_media":0,"parent":0,"menu_order":0,"comment_status":"closed","ping_status":"closed","template":"","meta":{"footnotes":""},"class_list":["post-1542","page","type-page","status-publish","hentry"],"_links":{"self":[{"href":"https:\/\/pos.uel.br\/ppgel\/wp-json\/wp\/v2\/pages\/1542","targetHints":{"allow":["GET"]}}],"collection":[{"href":"https:\/\/pos.uel.br\/ppgel\/wp-json\/wp\/v2\/pages"}],"about":[{"href":"https:\/\/pos.uel.br\/ppgel\/wp-json\/wp\/v2\/types\/page"}],"author":[{"embeddable":true,"href":"https:\/\/pos.uel.br\/ppgel\/wp-json\/wp\/v2\/users\/10"}],"replies":[{"embeddable":true,"href":"https:\/\/pos.uel.br\/ppgel\/wp-json\/wp\/v2\/comments?post=1542"}],"version-history":[{"count":1,"href":"https:\/\/pos.uel.br\/ppgel\/wp-json\/wp\/v2\/pages\/1542\/revisions"}],"predecessor-version":[{"id":1543,"href":"https:\/\/pos.uel.br\/ppgel\/wp-json\/wp\/v2\/pages\/1542\/revisions\/1543"}],"wp:attachment":[{"href":"https:\/\/pos.uel.br\/ppgel\/wp-json\/wp\/v2\/media?parent=1542"}],"curies":[{"name":"wp","href":"https:\/\/api.w.org\/{rel}","templated":true}]}}