{"id":1535,"date":"2025-07-01T23:37:34","date_gmt":"2025-07-02T02:37:34","guid":{"rendered":"https:\/\/pos.uel.br\/ppgel\/?page_id=1535"},"modified":"2025-07-09T11:45:17","modified_gmt":"2025-07-09T14:45:17","slug":"informe","status":"publish","type":"page","link":"https:\/\/pos.uel.br\/ppgel\/es\/informe\/","title":{"rendered":"Informe"},"content":{"rendered":"\n<div style=\"height:35px\" aria-hidden=\"true\" class=\"wp-block-spacer\"><\/div>\n\n\n\n<p><\/p>\n\n\n\n<p class=\"has-medium-font-size\"><strong>2025-2028<\/strong><\/p>\n\n\n\n<p>Proyecto de Autoevaluaci\u00f3n <a href=\"https:\/\/pos.uel.br\/ppgel\/wp-content\/uploads\/2025\/07\/Projeto-de-autoavaliacao-site-2025.pdf\" data-type=\"link\" data-id=\"https:\/\/pos.uel.br\/ppgel\/wp-content\/uploads\/2025\/05\/Forum-PPGEL-2023-Final.pptx.pdf\" target=\"_blank\" rel=\"noreferrer noopener\"><img loading=\"lazy\" decoding=\"async\" width=\"210\" height=\"74\" class=\"wp-image-1080\" style=\"width: 80px\" src=\"https:\/\/pos.uel.br\/ppgel\/wp-content\/uploads\/2025\/05\/BOTAO-SITE.png\" alt=\"\"><\/a><\/p>\n\n\n\n<p>Planificaci\u00f3n Estrat\u00e9gica <a href=\"https:\/\/pos.uel.br\/ppgel\/wp-content\/uploads\/2025\/07\/Planejamento-Estrategico-Site.pdf\" data-type=\"link\" data-id=\"https:\/\/pos.uel.br\/ppgel\/wp-content\/uploads\/2025\/05\/Forum-PPGEL-2023-Final.pptx.pdf\" target=\"_blank\" rel=\"noreferrer noopener\"><img loading=\"lazy\" decoding=\"async\" width=\"210\" height=\"74\" class=\"wp-image-1080\" style=\"width: 80px\" src=\"https:\/\/pos.uel.br\/ppgel\/wp-content\/uploads\/2025\/05\/BOTAO-SITE.png\" alt=\"\"><\/a><\/p>\n\n\n\n<p><\/p>\n\n\n\n<p class=\"has-medium-font-size\"><strong>2021-2024<\/strong><\/p>\n\n\n\n<p>Foro de Autoevaluaci\u00f3n: <a href=\"https:\/\/pos.uel.br\/ppgel\/wp-content\/uploads\/2025\/05\/Forum-PPGEL-2023-Final.pptx.pdf\" data-type=\"link\" data-id=\"https:\/\/pos.uel.br\/ppgel\/wp-content\/uploads\/2025\/05\/Forum-PPGEL-2023-Final.pptx.pdf\" target=\"_blank\" rel=\"noreferrer noopener\"><img loading=\"lazy\" decoding=\"async\" width=\"210\" height=\"74\" class=\"wp-image-1080\" style=\"width: 80px\" src=\"https:\/\/pos.uel.br\/ppgel\/wp-content\/uploads\/2025\/05\/BOTAO-SITE.png\" alt=\"\"><\/a><\/p>\n\n\n\n<p>Formulario de Autoevaluaci\u00f3n \u2013 Egresados <a href=\"https:\/\/forms.gle\/q57en7P1ZcjTBLjU7\" data-type=\"link\" data-id=\"https:\/\/pos.uel.br\/ppgel\/wp-content\/uploads\/2025\/05\/Forum-PPGEL-2023-Final.pptx.pdf\" target=\"_blank\" rel=\"noreferrer noopener\"><img loading=\"lazy\" decoding=\"async\" width=\"210\" height=\"74\" class=\"wp-image-1080\" style=\"width: 80px\" src=\"https:\/\/pos.uel.br\/ppgel\/wp-content\/uploads\/2025\/05\/BOTAO-SITE.png\" alt=\"\"><\/a><\/p>\n\n\n\n<p>Formulario de Autoevaluaci\u00f3n \u2013 Estudiantes <a href=\"https:\/\/forms.gle\/ow6Lzo7nRuHiL2SP6\" data-type=\"link\" data-id=\"https:\/\/forms.gle\/ow6Lzo7nRuHiL2SP6\" target=\"_blank\" rel=\"noreferrer noopener\"><img loading=\"lazy\" decoding=\"async\" width=\"210\" height=\"74\" class=\"wp-image-1080\" style=\"width: 80px\" src=\"https:\/\/pos.uel.br\/ppgel\/wp-content\/uploads\/2025\/05\/BOTAO-SITE.png\" alt=\"\"><\/a><\/p>\n\n\n\n<p>Formulario de Autoevaluaci\u00f3n \u2013 Docentes <a href=\"https:\/\/forms.gle\/nrKYZzpAo3Vt7Tny9\" data-type=\"link\" data-id=\"https:\/\/forms.gle\/nrKYZzpAo3Vt7Tny9\"><img loading=\"lazy\" decoding=\"async\" width=\"210\" height=\"74\" class=\"wp-image-1080\" style=\"width: 80px\" src=\"https:\/\/pos.uel.br\/ppgel\/wp-content\/uploads\/2025\/05\/BOTAO-SITE.png\" alt=\"\"><\/a><\/p>\n\n\n\n<p><\/p>\n","protected":false},"excerpt":{"rendered":"<p>2025-2028 Proyecto de Autoevaluaci\u00f3n Planificaci\u00f3n Estrat\u00e9gica 2021-2024 Foro de Autoevaluaci\u00f3n: Formulario de Autoevaluaci\u00f3n \u2013 Egresados Formulario de Autoevaluaci\u00f3n \u2013 Estudiantes Formulario de Autoevaluaci\u00f3n \u2013 Docentes<\/p>\n","protected":false},"author":10,"featured_media":0,"parent":0,"menu_order":0,"comment_status":"closed","ping_status":"closed","template":"","meta":{"footnotes":""},"class_list":["post-1535","page","type-page","status-publish","hentry"],"_links":{"self":[{"href":"https:\/\/pos.uel.br\/ppgel\/wp-json\/wp\/v2\/pages\/1535","targetHints":{"allow":["GET"]}}],"collection":[{"href":"https:\/\/pos.uel.br\/ppgel\/wp-json\/wp\/v2\/pages"}],"about":[{"href":"https:\/\/pos.uel.br\/ppgel\/wp-json\/wp\/v2\/types\/page"}],"author":[{"embeddable":true,"href":"https:\/\/pos.uel.br\/ppgel\/wp-json\/wp\/v2\/users\/10"}],"replies":[{"embeddable":true,"href":"https:\/\/pos.uel.br\/ppgel\/wp-json\/wp\/v2\/comments?post=1535"}],"version-history":[{"count":2,"href":"https:\/\/pos.uel.br\/ppgel\/wp-json\/wp\/v2\/pages\/1535\/revisions"}],"predecessor-version":[{"id":1716,"href":"https:\/\/pos.uel.br\/ppgel\/wp-json\/wp\/v2\/pages\/1535\/revisions\/1716"}],"wp:attachment":[{"href":"https:\/\/pos.uel.br\/ppgel\/wp-json\/wp\/v2\/media?parent=1535"}],"curies":[{"name":"wp","href":"https:\/\/api.w.org\/{rel}","templated":true}]}}