{"id":1530,"date":"2025-07-01T23:34:22","date_gmt":"2025-07-02T02:34:22","guid":{"rendered":"https:\/\/pos.uel.br\/ppgel\/?page_id=1530"},"modified":"2025-07-01T23:34:22","modified_gmt":"2025-07-02T02:34:22","slug":"commission-dautoevaluation","status":"publish","type":"page","link":"https:\/\/pos.uel.br\/ppgel\/fr\/commission-dautoevaluation\/","title":{"rendered":"Commission d\u2019Auto\u00e9valuation"},"content":{"rendered":"\n<div style=\"height:37px\" aria-hidden=\"true\" class=\"wp-block-spacer\"><\/div>\n\n\n\n<p class=\"has-medium-font-size\"><strong>2024 &#8211; 2025<\/strong><\/p>\n\n\n\n<div class=\"wp-block-group is-vertical is-layout-flex wp-container-core-group-is-layout-8cf370e7 wp-block-group-is-layout-flex\">\n<div class=\"wp-block-group is-vertical is-layout-flex wp-container-core-group-is-layout-8cf370e7 wp-block-group-is-layout-flex\">\n<div class=\"wp-block-group is-vertical is-layout-flex wp-container-core-group-is-layout-8cf370e7 wp-block-group-is-layout-flex\">\n<div class=\"wp-block-group is-vertical is-layout-flex wp-container-core-group-is-layout-8cf370e7 wp-block-group-is-layout-flex\">\n<p>Coordination : Telma Nunes Gimenez<\/p>\n\n\n\n<p>Cl\u00e1udia Cristina Ferreira<\/p>\n\n\n\n<p>Fabiane Cristina Altino<\/p>\n\n\n\n<p>Maria Isabel Borges<\/p>\n\n\n\n<p>Giovanna Lazaretti (\u00e9tudiante au PPGEL)<\/p>\n\n\n\n<p>Juliano Neri (\u00e9tudiant au PPGEL)<\/p>\n\n\n\n<p>Isadora Moraes (ancienne \u00e9tudiante du PPGEL, actuellement \u00e0 l\u2019UFMG)<\/p>\n\n\n\n<p>Rosely Fernandes (administration du PPGEL)<\/p>\n\n\n\n<p>Francisco Carlos Foga\u00e7a (UFPR)<\/p>\n<\/div>\n<\/div>\n<\/div>\n<\/div>\n\n\n\n<div style=\"height:38px\" aria-hidden=\"true\" class=\"wp-block-spacer\"><\/div>\n\n\n\n<p class=\"has-medium-font-size\"><strong>2023 &#8211; jusqu\u2019\u00e0 septembre 2024<\/strong><\/p>\n\n\n\n<div class=\"wp-block-group is-vertical is-layout-flex wp-container-core-group-is-layout-8cf370e7 wp-block-group-is-layout-flex\">\n<p>Coordination : Cl\u00e1udia Cristina Ferreira<\/p>\n\n\n\n<p>Fabiane Cristina Altino<\/p>\n\n\n\n<p>Maria Isabel Borges<\/p>\n\n\n\n<p>Giovanna Lazaretti (\u00e9tudiante au PPGEL)<\/p>\n\n\n\n<p>Vivian Saviolli (\u00e9tudiante au PPGEL)<\/p>\n\n\n\n<p>Isadora Moraes (ancienne \u00e9tudiante du PPGEL, actuellement \u00e0 l\u2019UFMG)<\/p>\n\n\n\n<p>Rosely Fernandes (administration du PPGEL)<\/p>\n\n\n\n<p>Francisco Carlos Foga\u00e7a (UFPR)<\/p>\n<\/div>\n\n\n\n<div style=\"height:35px\" aria-hidden=\"true\" class=\"wp-block-spacer\"><\/div>\n\n\n\n<p class=\"has-medium-font-size\"><strong>2022- jusqu\u2019\u00e0 ao\u00fbt<\/strong> <strong>2023<\/strong><\/p>\n\n\n\n<div class=\"wp-block-group is-vertical is-layout-flex wp-container-core-group-is-layout-8cf370e7 wp-block-group-is-layout-flex\">\n<p>Coordination : Andr\u00e9ia da Cunha Malheiros Santana<\/p>\n\n\n\n<p>Dircel Aparecida Kailer<\/p>\n\n\n\n<p>Fabiane Cristina Altino<\/p>\n\n\n\n<p>Isabel Cristina Cordeiro<\/p>\n\n\n\n<p>Juliana Reichert Assun\u00e7\u00e3o Tonelli<\/p>\n\n\n\n<p>Michele Salles El Kadri<\/p>\n\n\n\n<p>Rosemeri Passos Baltazar Machado<\/p>\n\n\n\n<p>Viviane Aparecida Bagio Furtoso<\/p>\n\n\n\n<p>Ana Paula Silva (\u00e9tudiante au PPGEL)<\/p>\n\n\n\n<p>Isadora Moraes (\u00e9tudiante au PPGEL)<\/p>\n\n\n\n<p>Givan Santos (UTFPR)<\/p>\n<\/div>\n\n\n\n<div style=\"height:35px\" aria-hidden=\"true\" class=\"wp-block-spacer\"><\/div>\n\n\n\n<p class=\"has-medium-font-size\"><strong>2021 &#8211; jusqu\u2019\u00e0 f\u00e9vrier 2022<\/strong><\/p>\n\n\n\n<div class=\"wp-block-group is-vertical is-layout-flex wp-container-core-group-is-layout-8cf370e7 wp-block-group-is-layout-flex\">\n<p>Coordination : Viviane Aparecida Bagio Furtoso<\/p>\n\n\n\n<p>Dircel Aparecida Kailer<\/p>\n\n\n\n<p>Fabiane Cristina Altino<\/p>\n\n\n\n<p>Isabel Cristina Cordeiro<\/p>\n\n\n\n<p>Juliana Reichert Assun\u00e7\u00e3o Tonelli<\/p>\n\n\n\n<p>Michele Salles El Kadri<\/p>\n\n\n\n<p>Rosemeri Passos Baltazar Machado<\/p>\n\n\n\n<p>Andr\u00e9ia da Cunha Malheiros Santana<\/p>\n\n\n\n<p>Ana Paula Silva (\u00e9tudiante au PPGEL)<\/p>\n\n\n\n<p>Isadora Moraes (\u00e9tudiante au PPGEL)<\/p>\n\n\n\n<p>Givan Santos (UTFPR)<\/p>\n<\/div>\n\n\n\n<p><\/p>\n","protected":false},"excerpt":{"rendered":"<p>2024 &#8211; 2025 Coordination : Telma Nunes Gimenez Cl\u00e1udia Cristina Ferreira Fabiane Cristina Altino Maria Isabel Borges Giovanna Lazaretti (\u00e9tudiante au PPGEL) Juliano Neri (\u00e9tudiant au PPGEL) Isadora Moraes (ancienne \u00e9tudiante du PPGEL, actuellement \u00e0 l\u2019UFMG) Rosely Fernandes (administration du PPGEL) Francisco Carlos Foga\u00e7a (UFPR) 2023 &#8211; jusqu\u2019\u00e0 septembre 2024 Coordination : Cl\u00e1udia Cristina Ferreira [&hellip;]<\/p>\n","protected":false},"author":10,"featured_media":0,"parent":0,"menu_order":0,"comment_status":"closed","ping_status":"closed","template":"","meta":{"footnotes":""},"class_list":["post-1530","page","type-page","status-publish","hentry"],"_links":{"self":[{"href":"https:\/\/pos.uel.br\/ppgel\/wp-json\/wp\/v2\/pages\/1530","targetHints":{"allow":["GET"]}}],"collection":[{"href":"https:\/\/pos.uel.br\/ppgel\/wp-json\/wp\/v2\/pages"}],"about":[{"href":"https:\/\/pos.uel.br\/ppgel\/wp-json\/wp\/v2\/types\/page"}],"author":[{"embeddable":true,"href":"https:\/\/pos.uel.br\/ppgel\/wp-json\/wp\/v2\/users\/10"}],"replies":[{"embeddable":true,"href":"https:\/\/pos.uel.br\/ppgel\/wp-json\/wp\/v2\/comments?post=1530"}],"version-history":[{"count":1,"href":"https:\/\/pos.uel.br\/ppgel\/wp-json\/wp\/v2\/pages\/1530\/revisions"}],"predecessor-version":[{"id":1531,"href":"https:\/\/pos.uel.br\/ppgel\/wp-json\/wp\/v2\/pages\/1530\/revisions\/1531"}],"wp:attachment":[{"href":"https:\/\/pos.uel.br\/ppgel\/wp-json\/wp\/v2\/media?parent=1530"}],"curies":[{"name":"wp","href":"https:\/\/api.w.org\/{rel}","templated":true}]}}